{"id":22538,"date":"2024-05-12T08:24:30","date_gmt":"2024-05-12T06:24:30","guid":{"rendered":"https:\/\/lazarointernacional.com\/manutencao\/"},"modified":"2024-05-12T08:24:30","modified_gmt":"2024-05-12T06:24:30","slug":"manutencao","status":"publish","type":"page","link":"https:\/\/lazarointernacional.com\/pt-pt\/manutencao\/","title":{"rendered":"Manuten\u00e7\u00e3o"},"content":{"rendered":"\t\t<div data-elementor-type=\"wp-page\" data-elementor-id=\"22538\" class=\"elementor elementor-22538 elementor-22515\" data-elementor-post-type=\"page\">\n\t\t\t\t\t\t<section class=\"elementor-section elementor-top-section elementor-element elementor-element-3f3ca8c elementor-section-full_width elementor-section-height-default elementor-section-height-default\" data-id=\"3f3ca8c\" data-element_type=\"section\" data-e-type=\"section\">\n\t\t\t\t\t\t<div class=\"elementor-container elementor-column-gap-default\">\n\t\t\t\t\t<div class=\"elementor-column elementor-col-100 elementor-top-column elementor-element elementor-element-b0f4045\" data-id=\"b0f4045\" data-element_type=\"column\" data-e-type=\"column\">\n\t\t\t<div class=\"elementor-widget-wrap elementor-element-populated\">\n\t\t\t\t\t\t<div class=\"elementor-element elementor-element-178afd8 elementor-widget elementor-widget-heading\" data-id=\"178afd8\" data-element_type=\"widget\" data-e-type=\"widget\" data-widget_type=\"heading.default\">\n\t\t\t\t<div class=\"elementor-widget-container\">\n\t\t\t\t\t<h2 class=\"elementor-heading-title elementor-size-default elementor-heading-title elementor-align-after-center\">Esta se\u00e7\u00e3o est\u00e1 em modo de manuten\u00e7\u00e3o.<br> Desculpe pela inconveni\u00eancia<\/h2>\t\t\t\t<\/div>\n\t\t\t\t<\/div>\n\t\t\t\t\t<\/div>\n\t\t<\/div>\n\t\t\t\t\t<\/div>\n\t\t<\/section>\n\t\t\t\t<section class=\"elementor-section elementor-top-section elementor-element elementor-element-e9e5349 elementor-section-full_width elementor-section-height-default elementor-section-height-default\" data-id=\"e9e5349\" data-element_type=\"section\" data-e-type=\"section\">\n\t\t\t\t\t\t<div class=\"elementor-container elementor-column-gap-default\">\n\t\t\t\t\t<div class=\"elementor-column elementor-col-100 elementor-top-column elementor-element elementor-element-a46a70b\" data-id=\"a46a70b\" data-element_type=\"column\" data-e-type=\"column\">\n\t\t\t<div class=\"elementor-widget-wrap elementor-element-populated\">\n\t\t\t\t\t\t<div class=\"elementor-element elementor-element-81d6b36 elementor-widget elementor-widget-image\" data-id=\"81d6b36\" data-element_type=\"widget\" data-e-type=\"widget\" data-widget_type=\"image.default\">\n\t\t\t\t<div class=\"elementor-widget-container\">\n\t\t\t\t\t\t\t\t\t\t\t\t\t\t\t<img fetchpriority=\"high\" decoding=\"async\" width=\"940\" height=\"627\" src=\"https:\/\/lazarointernacional.com\/wp-content\/uploads\/2024\/05\/site_support-1024x683.jpg\" class=\"attachment-large size-large wp-image-22526\" alt=\"\" srcset=\"https:\/\/lazarointernacional.com\/wp-content\/uploads\/2024\/05\/site_support-1024x683.jpg 1024w, https:\/\/lazarointernacional.com\/wp-content\/uploads\/2024\/05\/site_support-300x200.jpg 300w, https:\/\/lazarointernacional.com\/wp-content\/uploads\/2024\/05\/site_support-768x512.jpg 768w, https:\/\/lazarointernacional.com\/wp-content\/uploads\/2024\/05\/site_support-1536x1024.jpg 1536w, https:\/\/lazarointernacional.com\/wp-content\/uploads\/2024\/05\/site_support-2048x1365.jpg 2048w, https:\/\/lazarointernacional.com\/wp-content\/uploads\/2024\/05\/site_support-285x190.jpg 285w, https:\/\/lazarointernacional.com\/wp-content\/uploads\/2024\/05\/site_support-1600x1067.jpg 1600w, https:\/\/lazarointernacional.com\/wp-content\/uploads\/2024\/05\/site_support-660x440.jpg 660w, https:\/\/lazarointernacional.com\/wp-content\/uploads\/2024\/05\/site_support-150x100.jpg 150w\" sizes=\"(max-width: 940px) 100vw, 940px\" \/>\t\t\t\t\t\t\t\t\t\t\t\t\t\t\t<\/div>\n\t\t\t\t<\/div>\n\t\t\t\t\t<\/div>\n\t\t<\/div>\n\t\t\t\t\t<\/div>\n\t\t<\/section>\n\t\t\t\t<\/div>\n\t\t","protected":false},"excerpt":{"rendered":"<p>Esta se\u00e7\u00e3o est\u00e1 em modo de manuten\u00e7\u00e3o. Desculpe pela inconveni\u00eancia<\/p>\n","protected":false},"author":1,"featured_media":0,"parent":0,"menu_order":0,"comment_status":"closed","ping_status":"closed","template":"elementor_header_footer","meta":{"_acf_changed":false,"footnotes":""},"class_list":["post-22538","page","type-page","status-publish","hentry"],"acf":[],"_links":{"self":[{"href":"https:\/\/lazarointernacional.com\/pt-pt\/wp-json\/wp\/v2\/pages\/22538","targetHints":{"allow":["GET"]}}],"collection":[{"href":"https:\/\/lazarointernacional.com\/pt-pt\/wp-json\/wp\/v2\/pages"}],"about":[{"href":"https:\/\/lazarointernacional.com\/pt-pt\/wp-json\/wp\/v2\/types\/page"}],"author":[{"embeddable":true,"href":"https:\/\/lazarointernacional.com\/pt-pt\/wp-json\/wp\/v2\/users\/1"}],"replies":[{"embeddable":true,"href":"https:\/\/lazarointernacional.com\/pt-pt\/wp-json\/wp\/v2\/comments?post=22538"}],"version-history":[{"count":1,"href":"https:\/\/lazarointernacional.com\/pt-pt\/wp-json\/wp\/v2\/pages\/22538\/revisions"}],"predecessor-version":[{"id":22539,"href":"https:\/\/lazarointernacional.com\/pt-pt\/wp-json\/wp\/v2\/pages\/22538\/revisions\/22539"}],"wp:attachment":[{"href":"https:\/\/lazarointernacional.com\/pt-pt\/wp-json\/wp\/v2\/media?parent=22538"}],"curies":[{"name":"wp","href":"https:\/\/api.w.org\/{rel}","templated":true}]}}