{"id":18470,"date":"2022-12-17T10:03:06","date_gmt":"2022-12-17T09:03:06","guid":{"rendered":"https:\/\/lazarointernacional.com\/sistemas-de-revestimento-para-tecido-mageba\/"},"modified":"2022-12-17T10:03:06","modified_gmt":"2022-12-17T09:03:06","slug":"sistemas-de-revestimento-para-tecido-mageba","status":"publish","type":"page","link":"https:\/\/lazarointernacional.com\/pt-pt\/sistemas-de-revestimento-para-tecido-mageba\/","title":{"rendered":"Sistemas de revestimento para tecido Mageba"},"content":{"rendered":"\t\t<div data-elementor-type=\"wp-page\" data-elementor-id=\"18470\" class=\"elementor elementor-18470 elementor-15902\" data-elementor-post-type=\"page\">\n\t\t\t\t\t\t<section class=\"elementor-section elementor-top-section elementor-element elementor-element-a5d6c69 elementor-section-boxed elementor-section-height-default elementor-section-height-default\" data-id=\"a5d6c69\" data-element_type=\"section\" data-e-type=\"section\">\n\t\t\t\t\t\t<div class=\"elementor-container elementor-column-gap-default\">\n\t\t\t\t\t<div class=\"elementor-column elementor-col-100 elementor-top-column elementor-element elementor-element-7bab21d\" data-id=\"7bab21d\" data-element_type=\"column\" data-e-type=\"column\">\n\t\t\t<div class=\"elementor-widget-wrap elementor-element-populated\">\n\t\t\t\t\t\t<div class=\"elementor-element elementor-element-9b7e1a8 elementor-widget elementor-widget-text-editor\" data-id=\"9b7e1a8\" data-element_type=\"widget\" data-e-type=\"widget\" data-widget_type=\"text-editor.default\">\n\t\t\t\t<div class=\"elementor-widget-container\">\n\t\t\t\t\t\t\t\t\t<h4><strong><u>Sistemas de revestimento para tecido Mageba.<br \/>\nAcabamento cont\u00ednuo de tecidos estreitos<\/u><\/strong><\/h4>\n<p>Os Sistemas de Revestimento de Tecido da S\u00e9rie Mageba Silicone s\u00e3o excelentes para revestir tecidos estreitos, como bandagens m\u00e9dicas, entre outros.<\/p>\n<p>Tecidos de at\u00e9 100 mm de largura podem ser revestidos e secos continuamente para maior qualidade do tecido.<\/p>\n<p>Podem ser usados \u200b\u200bsilicones sem estanho.<\/p>\n\t\t\t\t\t\t\t\t<\/div>\n\t\t\t\t<\/div>\n\t\t\t\t\t<\/div>\n\t\t<\/div>\n\t\t\t\t\t<\/div>\n\t\t<\/section>\n\t\t\t\t<section class=\"elementor-section elementor-top-section elementor-element elementor-element-691b74a elementor-section-boxed elementor-section-height-default elementor-section-height-default\" data-id=\"691b74a\" data-element_type=\"section\" data-e-type=\"section\">\n\t\t\t\t\t\t<div class=\"elementor-container elementor-column-gap-default\">\n\t\t\t\t\t<div class=\"elementor-column elementor-col-66 elementor-top-column elementor-element elementor-element-00535fe\" data-id=\"00535fe\" data-element_type=\"column\" data-e-type=\"column\">\n\t\t\t<div class=\"elementor-widget-wrap elementor-element-populated\">\n\t\t\t\t\t\t<div class=\"elementor-element elementor-element-54060a6 elementor-widget elementor-widget-image\" data-id=\"54060a6\" data-element_type=\"widget\" data-e-type=\"widget\" data-widget_type=\"image.default\">\n\t\t\t\t<div class=\"elementor-widget-container\">\n\t\t\t\t\t\t\t\t\t\t\t\t\t\t\t<img fetchpriority=\"high\" decoding=\"async\" width=\"1200\" height=\"675\" src=\"https:\/\/lazarointernacional.com\/wp-content\/uploads\/2022\/11\/medical-bandages-mageba.jpg\" class=\"attachment-full size-full wp-image-15864\" alt=\"\" srcset=\"https:\/\/lazarointernacional.com\/wp-content\/uploads\/2022\/11\/medical-bandages-mageba.jpg 1200w, https:\/\/lazarointernacional.com\/wp-content\/uploads\/2022\/11\/medical-bandages-mageba-300x169.jpg 300w, https:\/\/lazarointernacional.com\/wp-content\/uploads\/2022\/11\/medical-bandages-mageba-1024x576.jpg 1024w, https:\/\/lazarointernacional.com\/wp-content\/uploads\/2022\/11\/medical-bandages-mageba-768x432.jpg 768w, https:\/\/lazarointernacional.com\/wp-content\/uploads\/2022\/11\/medical-bandages-mageba-285x160.jpg 285w, https:\/\/lazarointernacional.com\/wp-content\/uploads\/2022\/11\/medical-bandages-mageba-660x371.jpg 660w, https:\/\/lazarointernacional.com\/wp-content\/uploads\/2022\/11\/medical-bandages-mageba-150x84.jpg 150w\" sizes=\"(max-width: 1200px) 100vw, 1200px\" \/>\t\t\t\t\t\t\t\t\t\t\t\t\t\t\t<\/div>\n\t\t\t\t<\/div>\n\t\t\t\t\t<\/div>\n\t\t<\/div>\n\t\t\t\t<div class=\"elementor-column elementor-col-33 elementor-top-column elementor-element elementor-element-c6ade5c\" data-id=\"c6ade5c\" data-element_type=\"column\" data-e-type=\"column\">\n\t\t\t<div class=\"elementor-widget-wrap\">\n\t\t\t\t\t\t\t<\/div>\n\t\t<\/div>\n\t\t\t\t\t<\/div>\n\t\t<\/section>\n\t\t\t\t<\/div>\n\t\t","protected":false},"excerpt":{"rendered":"<p>Sistemas de revestimento para tecido Mageba. Acabamento cont\u00ednuo de tecidos estreitos Os Sistemas de Revestimento de Tecido da&#8230;<\/p>\n","protected":false},"author":1,"featured_media":0,"parent":0,"menu_order":0,"comment_status":"closed","ping_status":"closed","template":"elementor_header_footer","meta":{"_acf_changed":false,"footnotes":""},"class_list":["post-18470","page","type-page","status-publish","hentry"],"acf":[],"_links":{"self":[{"href":"https:\/\/lazarointernacional.com\/pt-pt\/wp-json\/wp\/v2\/pages\/18470","targetHints":{"allow":["GET"]}}],"collection":[{"href":"https:\/\/lazarointernacional.com\/pt-pt\/wp-json\/wp\/v2\/pages"}],"about":[{"href":"https:\/\/lazarointernacional.com\/pt-pt\/wp-json\/wp\/v2\/types\/page"}],"author":[{"embeddable":true,"href":"https:\/\/lazarointernacional.com\/pt-pt\/wp-json\/wp\/v2\/users\/1"}],"replies":[{"embeddable":true,"href":"https:\/\/lazarointernacional.com\/pt-pt\/wp-json\/wp\/v2\/comments?post=18470"}],"version-history":[{"count":1,"href":"https:\/\/lazarointernacional.com\/pt-pt\/wp-json\/wp\/v2\/pages\/18470\/revisions"}],"predecessor-version":[{"id":18471,"href":"https:\/\/lazarointernacional.com\/pt-pt\/wp-json\/wp\/v2\/pages\/18470\/revisions\/18471"}],"wp:attachment":[{"href":"https:\/\/lazarointernacional.com\/pt-pt\/wp-json\/wp\/v2\/media?parent=18470"}],"curies":[{"name":"wp","href":"https:\/\/api.w.org\/{rel}","templated":true}]}}