{"id":18441,"date":"2022-12-17T09:39:53","date_gmt":"2022-12-17T08:39:53","guid":{"rendered":"https:\/\/lazarointernacional.com\/maquina-para-meias-de-compressao\/"},"modified":"2023-01-05T10:45:25","modified_gmt":"2023-01-05T09:45:25","slug":"maquina-para-meias-de-compressao-lonati","status":"publish","type":"page","link":"https:\/\/lazarointernacional.com\/pt-pt\/maquina-para-meias-de-compressao-lonati\/","title":{"rendered":"M\u00e1quina para meias de compress\u00e3o"},"content":{"rendered":"\t\t<div data-elementor-type=\"wp-page\" data-elementor-id=\"18441\" class=\"elementor elementor-18441 elementor-15885\" data-elementor-post-type=\"page\">\n\t\t\t\t\t\t<section class=\"elementor-section elementor-top-section elementor-element elementor-element-0c7c89f elementor-section-boxed elementor-section-height-default elementor-section-height-default\" data-id=\"0c7c89f\" data-element_type=\"section\" data-e-type=\"section\">\n\t\t\t\t\t\t<div class=\"elementor-container elementor-column-gap-default\">\n\t\t\t\t\t<div class=\"elementor-column elementor-col-100 elementor-top-column elementor-element elementor-element-f92e12b\" data-id=\"f92e12b\" data-element_type=\"column\" data-e-type=\"column\">\n\t\t\t<div class=\"elementor-widget-wrap elementor-element-populated\">\n\t\t\t\t\t\t<div class=\"elementor-element elementor-element-01184b5 elementor-widget elementor-widget-text-editor\" data-id=\"01184b5\" data-element_type=\"widget\" data-e-type=\"widget\" data-widget_type=\"text-editor.default\">\n\t\t\t\t<div class=\"elementor-widget-container\">\n\t\t\t\t\t\t\t\t\t<h4><strong><u>M\u00c1QUINA PARA MEIAS DE COMPRESS\u00c3O \u2013 MONOCILINDRO \u2013<br \/>\nLONATI LB40ME \u2013 LB45ME \u2013 LB50ME \u2013 LB55ME \u2013 LB60ME<br \/>\n<\/u><\/strong><\/h4>\n<p>M\u00e1quina para produ\u00e7\u00e3o de meias de compress\u00e3o e artigos de compress\u00e3o classe 1, 2 e 3.<\/p>\n<ul>\n<li>M\u00e1quina monocil\u00edndrica de 4 alimenta\u00e7\u00f5es<\/li>\n<li>Dois grupos de sele\u00e7\u00e3o eletr\u00f4nica para cada alimenta\u00e7\u00e3o<\/li>\n<li>Movimento dos 5 cames de forma\u00e7\u00e3o de malha com motor de passo<\/li>\n<li>Tampa de placa motorizada com 2 motores<\/li>\n<li>N\u00famero total de guias-fios 26<\/li>\n<li>Programa\u00e7\u00e3o eletr\u00f4nica total do ciclo de produ\u00e7\u00e3o. Itens diferentes com 8 tamanhos cada podem ser armazenados na mem\u00f3ria da m\u00e1quina.<\/li>\n<li>Dispositivo eletr\u00f4nico para manter o entalhe em qualquer temperatura da m\u00e1quina.<\/li>\n<\/ul>\n<p>&nbsp;<\/p>\n<p><strong><u>DISPOSITIVOS PADR\u00c3O<\/u><\/strong><\/p>\n<ul>\n<li>Cesto m\u00e9dico ou cesto de fios de 40 ou 26 bobinas;<\/li>\n<li>Capa de eje\u00e7\u00e3o de meia;<\/li>\n<li>Filtro de res\u00edduos de fios;<\/li>\n<li>V\u00e1lvula de suc\u00e7\u00e3o controlada por motor de passo;<\/li>\n<li>Dispositivo antitor\u00e7\u00e3o rotativo ou fixo;<\/li>\n<li>5 unidades de pontos motorizados;<\/li>\n<li>Prepara\u00e7\u00e3o de 4 ra\u00e7\u00f5es m\u00e9dicas;<\/li>\n<li>Pr\u00e9-arranjo de YOYO;<\/li>\n<li>Mostrador ascendente motorizado;<\/li>\n<li>Cortador de fios motorizado;<\/li>\n<li>Unidade de suc\u00e7\u00e3o de 9 alicates (chapas, ganchos e cut-pick);<\/li>\n<li>8 sensores de deslizamento de fios;<\/li>\n<\/ul>\n<p>&nbsp;<\/p>\n<p><strong><u>SISTEMAS OPCIONAIS<br \/>\n<\/u><\/strong><a href=\"https:\/\/lonati.com\/uploads\/2022-7-22\/LON-LB40ME%20-%20LB45ME%20-%20LB50ME%20-%20LB55ME%20-%20LB60ME-ESP.pdf\" target=\"_blank\" rel=\"noopener\">(consultar cat\u00e1logo)<\/a><\/p>\n\t\t\t\t\t\t\t\t<\/div>\n\t\t\t\t<\/div>\n\t\t\t\t<div class=\"elementor-element elementor-element-b3b9c2c elementor-button-info elementor-widget elementor-widget-button\" data-id=\"b3b9c2c\" data-element_type=\"widget\" data-e-type=\"widget\" data-widget_type=\"button.default\">\n\t\t\t\t<div class=\"elementor-widget-container\">\n\t\t\t\t\t\t\t\t\t<div class=\"elementor-button-wrapper\">\n\t\t\t\t\t<a class=\"elementor-button elementor-button-link elementor-size-md\" href=\"https:\/\/lonati.com\/uploads\/2022-7-22\/LON-LB40ME%20-%20LB45ME%20-%20LB50ME%20-%20LB55ME%20-%20LB60ME-ESP.pdf\" target=\"_blank\">\n\t\t\t\t\t\t<span class=\"elementor-button-content-wrapper\">\n\t\t\t\t\t\t<span class=\"elementor-button-icon\">\n\t\t\t\t<i aria-hidden=\"true\" class=\"fas fa-arrow-right\"><\/i>\t\t\t<\/span>\n\t\t\t\t\t\t\t\t\t<span class=\"elementor-button-text\">Baixar cat\u00e1logo<\/span>\n\t\t\t\t\t<\/span>\n\t\t\t\t\t<\/a>\n\t\t\t\t<\/div>\n\t\t\t\t\t\t\t\t<\/div>\n\t\t\t\t<\/div>\n\t\t\t\t\t<\/div>\n\t\t<\/div>\n\t\t\t\t\t<\/div>\n\t\t<\/section>\n\t\t\t\t<section class=\"elementor-section elementor-top-section elementor-element elementor-element-b0021b3 elementor-section-boxed elementor-section-height-default elementor-section-height-default\" data-id=\"b0021b3\" data-element_type=\"section\" data-e-type=\"section\">\n\t\t\t\t\t\t<div class=\"elementor-container elementor-column-gap-default\">\n\t\t\t\t\t<div class=\"elementor-column elementor-col-66 elementor-top-column elementor-element elementor-element-5b8e1af\" data-id=\"5b8e1af\" data-element_type=\"column\" data-e-type=\"column\">\n\t\t\t<div class=\"elementor-widget-wrap elementor-element-populated\">\n\t\t\t\t\t\t<div class=\"elementor-element elementor-element-1ec6c78 elementor-widget elementor-widget-image\" data-id=\"1ec6c78\" data-element_type=\"widget\" data-e-type=\"widget\" data-widget_type=\"image.default\">\n\t\t\t\t<div class=\"elementor-widget-container\">\n\t\t\t\t\t\t\t\t\t\t\t\t\t\t\t<img fetchpriority=\"high\" decoding=\"async\" width=\"940\" height=\"629\" src=\"https:\/\/lazarointernacional.com\/wp-content\/uploads\/2022\/11\/LON-LB40ME-LB45ME-LB50ME-LB55ME-LB60ME-ESP-1024x685.jpg\" class=\"attachment-large size-large wp-image-15860\" alt=\"\" srcset=\"https:\/\/lazarointernacional.com\/wp-content\/uploads\/2022\/11\/LON-LB40ME-LB45ME-LB50ME-LB55ME-LB60ME-ESP-1024x685.jpg 1024w, https:\/\/lazarointernacional.com\/wp-content\/uploads\/2022\/11\/LON-LB40ME-LB45ME-LB50ME-LB55ME-LB60ME-ESP-300x201.jpg 300w, https:\/\/lazarointernacional.com\/wp-content\/uploads\/2022\/11\/LON-LB40ME-LB45ME-LB50ME-LB55ME-LB60ME-ESP-768x513.jpg 768w, https:\/\/lazarointernacional.com\/wp-content\/uploads\/2022\/11\/LON-LB40ME-LB45ME-LB50ME-LB55ME-LB60ME-ESP-1536x1027.jpg 1536w, https:\/\/lazarointernacional.com\/wp-content\/uploads\/2022\/11\/LON-LB40ME-LB45ME-LB50ME-LB55ME-LB60ME-ESP-285x191.jpg 285w, https:\/\/lazarointernacional.com\/wp-content\/uploads\/2022\/11\/LON-LB40ME-LB45ME-LB50ME-LB55ME-LB60ME-ESP-1600x1070.jpg 1600w, https:\/\/lazarointernacional.com\/wp-content\/uploads\/2022\/11\/LON-LB40ME-LB45ME-LB50ME-LB55ME-LB60ME-ESP-660x441.jpg 660w, https:\/\/lazarointernacional.com\/wp-content\/uploads\/2022\/11\/LON-LB40ME-LB45ME-LB50ME-LB55ME-LB60ME-ESP-150x100.jpg 150w, https:\/\/lazarointernacional.com\/wp-content\/uploads\/2022\/11\/LON-LB40ME-LB45ME-LB50ME-LB55ME-LB60ME-ESP.jpg 1750w\" sizes=\"(max-width: 940px) 100vw, 940px\" \/>\t\t\t\t\t\t\t\t\t\t\t\t\t\t\t<\/div>\n\t\t\t\t<\/div>\n\t\t\t\t\t<\/div>\n\t\t<\/div>\n\t\t\t\t<div class=\"elementor-column elementor-col-33 elementor-top-column elementor-element elementor-element-bdb271d\" data-id=\"bdb271d\" data-element_type=\"column\" data-e-type=\"column\">\n\t\t\t<div class=\"elementor-widget-wrap\">\n\t\t\t\t\t\t\t<\/div>\n\t\t<\/div>\n\t\t\t\t\t<\/div>\n\t\t<\/section>\n\t\t\t\t<\/div>\n\t\t","protected":false},"excerpt":{"rendered":"<p>M\u00c1QUINA PARA MEIAS DE COMPRESS\u00c3O \u2013 MONOCILINDRO \u2013 LONATI LB40ME \u2013 LB45ME \u2013 LB50ME \u2013 LB55ME \u2013 LB60ME&#8230;<\/p>\n","protected":false},"author":1,"featured_media":18725,"parent":0,"menu_order":0,"comment_status":"closed","ping_status":"closed","template":"elementor_header_footer","meta":{"_acf_changed":false,"footnotes":""},"class_list":["post-18441","page","type-page","status-publish","has-post-thumbnail","hentry"],"acf":[],"_links":{"self":[{"href":"https:\/\/lazarointernacional.com\/pt-pt\/wp-json\/wp\/v2\/pages\/18441","targetHints":{"allow":["GET"]}}],"collection":[{"href":"https:\/\/lazarointernacional.com\/pt-pt\/wp-json\/wp\/v2\/pages"}],"about":[{"href":"https:\/\/lazarointernacional.com\/pt-pt\/wp-json\/wp\/v2\/types\/page"}],"author":[{"embeddable":true,"href":"https:\/\/lazarointernacional.com\/pt-pt\/wp-json\/wp\/v2\/users\/1"}],"replies":[{"embeddable":true,"href":"https:\/\/lazarointernacional.com\/pt-pt\/wp-json\/wp\/v2\/comments?post=18441"}],"version-history":[{"count":5,"href":"https:\/\/lazarointernacional.com\/pt-pt\/wp-json\/wp\/v2\/pages\/18441\/revisions"}],"predecessor-version":[{"id":18731,"href":"https:\/\/lazarointernacional.com\/pt-pt\/wp-json\/wp\/v2\/pages\/18441\/revisions\/18731"}],"wp:featuredmedia":[{"embeddable":true,"href":"https:\/\/lazarointernacional.com\/pt-pt\/wp-json\/wp\/v2\/media\/18725"}],"wp:attachment":[{"href":"https:\/\/lazarointernacional.com\/pt-pt\/wp-json\/wp\/v2\/media?parent=18441"}],"curies":[{"name":"wp","href":"https:\/\/api.w.org\/{rel}","templated":true}]}}