{"id":18274,"date":"2022-12-16T17:48:30","date_gmt":"2022-12-16T16:48:30","guid":{"rendered":"https:\/\/lazarointernacional.com\/tek-ind-linhas-para-estampagen-serigrafia\/"},"modified":"2023-01-05T09:48:53","modified_gmt":"2023-01-05T08:48:53","slug":"tek-ind-impressao-tecido-nao-tecido","status":"publish","type":"page","link":"https:\/\/lazarointernacional.com\/pt-pt\/tek-ind-impressao-tecido-nao-tecido\/","title":{"rendered":"TEK-IND Linhas para estampagen serigrafia"},"content":{"rendered":"\t\t<div data-elementor-type=\"wp-page\" data-elementor-id=\"18274\" class=\"elementor elementor-18274 elementor-15468\" data-elementor-post-type=\"page\">\n\t\t\t\t\t\t<section class=\"elementor-section elementor-top-section elementor-element elementor-element-d5a7ad2 elementor-section-boxed elementor-section-height-default elementor-section-height-default\" data-id=\"d5a7ad2\" data-element_type=\"section\" data-e-type=\"section\">\n\t\t\t\t\t\t<div class=\"elementor-container elementor-column-gap-default\">\n\t\t\t\t\t<div class=\"elementor-column elementor-col-100 elementor-top-column elementor-element elementor-element-dfaa056\" data-id=\"dfaa056\" data-element_type=\"column\" data-e-type=\"column\">\n\t\t\t<div class=\"elementor-widget-wrap elementor-element-populated\">\n\t\t\t\t\t\t<div class=\"elementor-element elementor-element-4cd933c elementor-widget elementor-widget-text-editor\" data-id=\"4cd933c\" data-element_type=\"widget\" data-e-type=\"widget\" data-widget_type=\"text-editor.default\">\n\t\t\t\t<div class=\"elementor-widget-container\">\n\t\t\t\t\t\t\t\t\t<h4><strong><u>TEK-IND Linhas para estampagen serigrafia en tecido n\u00e3o tecido (non woven) e sacolas publicit\u00e1rias en cont\u00ednuo.<\/u><\/strong><\/h4>\n<p>M\u00e1quinas de serigrafia en cont\u00ednuo, com as seguintes caracter\u00edsticas de destaque:<\/p>\n<ul>\n<li>Da bobina \u00e0 folha cortada.<\/li>\n<li>Bobina a bobina<\/li>\n<li>1 a 3 cores<\/li>\n<li>Possibilidade de v\u00e1rias bobinas ao mesmo tempo<\/li>\n<li>Diferentes formatos de estampagem<\/li>\n<li>Ciclos de estampagem de 10 segundos<\/li>\n<li>Possibilidade de personalizar m\u00e1quinas<\/li>\n<\/ul>\n\t\t\t\t\t\t\t\t<\/div>\n\t\t\t\t<\/div>\n\t\t\t\t<div class=\"elementor-element elementor-element-a47a696 elementor-button-info elementor-widget elementor-widget-button\" data-id=\"a47a696\" data-element_type=\"widget\" data-e-type=\"widget\" data-widget_type=\"button.default\">\n\t\t\t\t<div class=\"elementor-widget-container\">\n\t\t\t\t\t\t\t\t\t<div class=\"elementor-button-wrapper\">\n\t\t\t\t\t<a class=\"elementor-button elementor-button-link elementor-size-md\" href=\"https:\/\/www.tek-ind.it\/wp-content\/uploads\/2022\/06\/tnt.pdf\" target=\"_blank\">\n\t\t\t\t\t\t<span class=\"elementor-button-content-wrapper\">\n\t\t\t\t\t\t<span class=\"elementor-button-icon\">\n\t\t\t\t<i aria-hidden=\"true\" class=\"fas fa-arrow-right\"><\/i>\t\t\t<\/span>\n\t\t\t\t\t\t\t\t\t<span class=\"elementor-button-text\">Baixar cat\u00e1logo<\/span>\n\t\t\t\t\t<\/span>\n\t\t\t\t\t<\/a>\n\t\t\t\t<\/div>\n\t\t\t\t\t\t\t\t<\/div>\n\t\t\t\t<\/div>\n\t\t\t\t\t<\/div>\n\t\t<\/div>\n\t\t\t\t\t<\/div>\n\t\t<\/section>\n\t\t\t\t<section class=\"elementor-section elementor-top-section elementor-element elementor-element-5960d5e elementor-section-boxed elementor-section-height-default elementor-section-height-default\" data-id=\"5960d5e\" data-element_type=\"section\" data-e-type=\"section\">\n\t\t\t\t\t\t<div class=\"elementor-container elementor-column-gap-default\">\n\t\t\t\t\t<div class=\"elementor-column elementor-col-66 elementor-top-column elementor-element elementor-element-8e8c9e3\" data-id=\"8e8c9e3\" data-element_type=\"column\" data-e-type=\"column\">\n\t\t\t<div class=\"elementor-widget-wrap elementor-element-populated\">\n\t\t\t\t\t\t<div data-over-color=\"\" data-over=\"overlay\" class=\"elementor-element elementor-element-e29e4e9 elementor-widget elementor-widget-video\" data-id=\"e29e4e9\" data-element_type=\"widget\" data-e-type=\"widget\" data-settings=\"{&quot;youtube_url&quot;:&quot;https:\\\/\\\/youtu.be\\\/JDcCKwA78Kc&quot;,&quot;video_type&quot;:&quot;youtube&quot;,&quot;controls&quot;:&quot;yes&quot;}\" data-widget_type=\"video.default\">\n\t\t\t\t<div class=\"elementor-widget-container\">\n\t\t\t\t\t\t\t<div class=\"elementor-wrapper elementor-open-inline\">\n\t\t\t<div class=\"elementor-video\"><\/div>\t\t<\/div>\n\t\t\t\t\t\t<\/div>\n\t\t\t\t<\/div>\n\t\t\t\t\t<\/div>\n\t\t<\/div>\n\t\t\t\t<div class=\"elementor-column elementor-col-33 elementor-top-column elementor-element elementor-element-2a812f0\" data-id=\"2a812f0\" data-element_type=\"column\" data-e-type=\"column\">\n\t\t\t<div class=\"elementor-widget-wrap\">\n\t\t\t\t\t\t\t<\/div>\n\t\t<\/div>\n\t\t\t\t\t<\/div>\n\t\t<\/section>\n\t\t\t\t<section class=\"elementor-section elementor-top-section elementor-element elementor-element-3d5fa39 elementor-section-boxed elementor-section-height-default elementor-section-height-default\" data-id=\"3d5fa39\" data-element_type=\"section\" data-e-type=\"section\" data-settings=\"{&quot;background_background&quot;:&quot;classic&quot;}\">\n\t\t\t\t\t\t<div class=\"elementor-container elementor-column-gap-default\">\n\t\t\t\t\t<div class=\"elementor-column elementor-col-33 elementor-top-column elementor-element elementor-element-8f75005\" data-id=\"8f75005\" data-element_type=\"column\" data-e-type=\"column\">\n\t\t\t<div class=\"elementor-widget-wrap elementor-element-populated\">\n\t\t\t\t\t\t<div class=\"elementor-element elementor-element-7a104de elementor-widget elementor-widget-image\" data-id=\"7a104de\" data-element_type=\"widget\" data-e-type=\"widget\" data-widget_type=\"image.default\">\n\t\t\t\t<div class=\"elementor-widget-container\">\n\t\t\t\t\t\t\t\t\t\t\t\t<figure class=\"wp-caption\">\n\t\t\t\t\t\t\t\t\t\t\t<a href=\"https:\/\/lazarointernacional.com\/wp-content\/uploads\/2022\/12\/tek-ind-introduccion-de-bobina.jpg\" data-elementor-open-lightbox=\"yes\" data-elementor-lightbox-title=\"tek-ind-introduccion-de-bobina\" data-e-action-hash=\"#elementor-action%3Aaction%3Dlightbox%26settings%3DeyJpZCI6MTgzMTMsInVybCI6Imh0dHBzOlwvXC9sYXphcm9pbnRlcm5hY2lvbmFsLmNvbVwvd3AtY29udGVudFwvdXBsb2Fkc1wvMjAyMlwvMTJcL3Rlay1pbmQtaW50cm9kdWNjaW9uLWRlLWJvYmluYS5qcGcifQ%3D%3D\">\n\t\t\t\t\t\t\t<img fetchpriority=\"high\" decoding=\"async\" width=\"1167\" height=\"865\" src=\"https:\/\/lazarointernacional.com\/wp-content\/uploads\/2022\/12\/tek-ind-introduccion-de-bobina.jpg\" class=\"attachment-full size-full wp-image-18313\" alt=\"TEK-IND  Introducci\u00f3n de Bobina\" srcset=\"https:\/\/lazarointernacional.com\/wp-content\/uploads\/2022\/12\/tek-ind-introduccion-de-bobina.jpg 1167w, https:\/\/lazarointernacional.com\/wp-content\/uploads\/2022\/12\/tek-ind-introduccion-de-bobina-300x222.jpg 300w, https:\/\/lazarointernacional.com\/wp-content\/uploads\/2022\/12\/tek-ind-introduccion-de-bobina-1024x759.jpg 1024w, https:\/\/lazarointernacional.com\/wp-content\/uploads\/2022\/12\/tek-ind-introduccion-de-bobina-768x569.jpg 768w, https:\/\/lazarointernacional.com\/wp-content\/uploads\/2022\/12\/tek-ind-introduccion-de-bobina-285x211.jpg 285w, https:\/\/lazarointernacional.com\/wp-content\/uploads\/2022\/12\/tek-ind-introduccion-de-bobina-660x489.jpg 660w, https:\/\/lazarointernacional.com\/wp-content\/uploads\/2022\/12\/tek-ind-introduccion-de-bobina-150x111.jpg 150w\" sizes=\"(max-width: 1167px) 100vw, 1167px\" \/>\t\t\t\t\t\t\t\t<\/a>\n\t\t\t\t\t\t\t\t\t\t\t<figcaption class=\"widget-image-caption wp-caption-text\">TEK-IND Introdu\u00e7\u00e3o da bobina<\/figcaption>\n\t\t\t\t\t\t\t\t\t\t<\/figure>\n\t\t\t\t\t\t\t\t\t<\/div>\n\t\t\t\t<\/div>\n\t\t\t\t<div class=\"elementor-element elementor-element-9dd552e elementor-widget elementor-widget-image\" data-id=\"9dd552e\" data-element_type=\"widget\" data-e-type=\"widget\" data-widget_type=\"image.default\">\n\t\t\t\t<div class=\"elementor-widget-container\">\n\t\t\t\t\t\t\t\t\t\t\t\t<figure class=\"wp-caption\">\n\t\t\t\t\t\t\t\t\t\t\t<a href=\"https:\/\/lazarointernacional.com\/wp-content\/uploads\/2022\/12\/tek-ind-secado-flash.jpg\" data-elementor-open-lightbox=\"yes\" data-elementor-lightbox-title=\"tek-ind-secado-flash\" data-e-action-hash=\"#elementor-action%3Aaction%3Dlightbox%26settings%3DeyJpZCI6MTgzNDgsInVybCI6Imh0dHBzOlwvXC9sYXphcm9pbnRlcm5hY2lvbmFsLmNvbVwvd3AtY29udGVudFwvdXBsb2Fkc1wvMjAyMlwvMTJcL3Rlay1pbmQtc2VjYWRvLWZsYXNoLmpwZyJ9\">\n\t\t\t\t\t\t\t<img decoding=\"async\" width=\"1167\" height=\"865\" src=\"https:\/\/lazarointernacional.com\/wp-content\/uploads\/2022\/12\/tek-ind-secado-flash.jpg\" class=\"attachment-full size-full wp-image-18348\" alt=\"TEK-IND Secado Flash\" srcset=\"https:\/\/lazarointernacional.com\/wp-content\/uploads\/2022\/12\/tek-ind-secado-flash.jpg 1167w, https:\/\/lazarointernacional.com\/wp-content\/uploads\/2022\/12\/tek-ind-secado-flash-300x222.jpg 300w, https:\/\/lazarointernacional.com\/wp-content\/uploads\/2022\/12\/tek-ind-secado-flash-1024x759.jpg 1024w, https:\/\/lazarointernacional.com\/wp-content\/uploads\/2022\/12\/tek-ind-secado-flash-768x569.jpg 768w, https:\/\/lazarointernacional.com\/wp-content\/uploads\/2022\/12\/tek-ind-secado-flash-285x211.jpg 285w, https:\/\/lazarointernacional.com\/wp-content\/uploads\/2022\/12\/tek-ind-secado-flash-660x489.jpg 660w, https:\/\/lazarointernacional.com\/wp-content\/uploads\/2022\/12\/tek-ind-secado-flash-150x111.jpg 150w\" sizes=\"(max-width: 1167px) 100vw, 1167px\" \/>\t\t\t\t\t\t\t\t<\/a>\n\t\t\t\t\t\t\t\t\t\t\t<figcaption class=\"widget-image-caption wp-caption-text\">TEK-IND Secagem Flash<\/figcaption>\n\t\t\t\t\t\t\t\t\t\t<\/figure>\n\t\t\t\t\t\t\t\t\t<\/div>\n\t\t\t\t<\/div>\n\t\t\t\t<div class=\"elementor-element elementor-element-4f66f25 elementor-widget elementor-widget-image\" data-id=\"4f66f25\" data-element_type=\"widget\" data-e-type=\"widget\" data-widget_type=\"image.default\">\n\t\t\t\t<div class=\"elementor-widget-container\">\n\t\t\t\t\t\t\t\t\t\t\t\t<figure class=\"wp-caption\">\n\t\t\t\t\t\t\t\t\t\t\t<a href=\"https:\/\/lazarointernacional.com\/wp-content\/uploads\/2022\/12\/tek-ind-apilador.jpg\" data-elementor-open-lightbox=\"yes\" data-elementor-lightbox-title=\"tek-ind-apilador\" data-e-action-hash=\"#elementor-action%3Aaction%3Dlightbox%26settings%3DeyJpZCI6MTgzMzYsInVybCI6Imh0dHBzOlwvXC9sYXphcm9pbnRlcm5hY2lvbmFsLmNvbVwvd3AtY29udGVudFwvdXBsb2Fkc1wvMjAyMlwvMTJcL3Rlay1pbmQtYXBpbGFkb3IuanBnIn0%3D\">\n\t\t\t\t\t\t\t<img decoding=\"async\" width=\"1167\" height=\"865\" src=\"https:\/\/lazarointernacional.com\/wp-content\/uploads\/2022\/12\/tek-ind-apilador.jpg\" class=\"attachment-full size-full wp-image-18336\" alt=\"TEK-IND Apilador\" srcset=\"https:\/\/lazarointernacional.com\/wp-content\/uploads\/2022\/12\/tek-ind-apilador.jpg 1167w, https:\/\/lazarointernacional.com\/wp-content\/uploads\/2022\/12\/tek-ind-apilador-300x222.jpg 300w, https:\/\/lazarointernacional.com\/wp-content\/uploads\/2022\/12\/tek-ind-apilador-1024x759.jpg 1024w, https:\/\/lazarointernacional.com\/wp-content\/uploads\/2022\/12\/tek-ind-apilador-768x569.jpg 768w, https:\/\/lazarointernacional.com\/wp-content\/uploads\/2022\/12\/tek-ind-apilador-285x211.jpg 285w, https:\/\/lazarointernacional.com\/wp-content\/uploads\/2022\/12\/tek-ind-apilador-660x489.jpg 660w, https:\/\/lazarointernacional.com\/wp-content\/uploads\/2022\/12\/tek-ind-apilador-150x111.jpg 150w\" sizes=\"(max-width: 1167px) 100vw, 1167px\" \/>\t\t\t\t\t\t\t\t<\/a>\n\t\t\t\t\t\t\t\t\t\t\t<figcaption class=\"widget-image-caption wp-caption-text\">TEK-IND Empilhador<\/figcaption>\n\t\t\t\t\t\t\t\t\t\t<\/figure>\n\t\t\t\t\t\t\t\t\t<\/div>\n\t\t\t\t<\/div>\n\t\t\t\t\t<\/div>\n\t\t<\/div>\n\t\t\t\t<div class=\"elementor-column elementor-col-33 elementor-top-column elementor-element elementor-element-290981d\" data-id=\"290981d\" data-element_type=\"column\" data-e-type=\"column\">\n\t\t\t<div class=\"elementor-widget-wrap elementor-element-populated\">\n\t\t\t\t\t\t<div class=\"elementor-element elementor-element-75dc6bd elementor-widget elementor-widget-image\" data-id=\"75dc6bd\" data-element_type=\"widget\" data-e-type=\"widget\" data-widget_type=\"image.default\">\n\t\t\t\t<div class=\"elementor-widget-container\">\n\t\t\t\t\t\t\t\t\t\t\t\t<figure class=\"wp-caption\">\n\t\t\t\t\t\t\t\t\t\t\t<a href=\"https:\/\/lazarointernacional.com\/wp-content\/uploads\/2022\/12\/tek-ind-introduccion-de-bobina-con-fotocelula.jpg\" data-elementor-open-lightbox=\"yes\" data-elementor-lightbox-title=\"tek-ind-introduccion-de-bobina-con-fotocelula\" data-e-action-hash=\"#elementor-action%3Aaction%3Dlightbox%26settings%3DeyJpZCI6MTgzMTcsInVybCI6Imh0dHBzOlwvXC9sYXphcm9pbnRlcm5hY2lvbmFsLmNvbVwvd3AtY29udGVudFwvdXBsb2Fkc1wvMjAyMlwvMTJcL3Rlay1pbmQtaW50cm9kdWNjaW9uLWRlLWJvYmluYS1jb24tZm90b2NlbHVsYS5qcGcifQ%3D%3D\">\n\t\t\t\t\t\t\t<img loading=\"lazy\" decoding=\"async\" width=\"1167\" height=\"865\" src=\"https:\/\/lazarointernacional.com\/wp-content\/uploads\/2022\/12\/tek-ind-introduccion-de-bobina-con-fotocelula.jpg\" class=\"attachment-full size-full wp-image-18317\" alt=\"TEK-IND  Introducci\u00f3n de Bobina con Fotoc\u00e9lula\" srcset=\"https:\/\/lazarointernacional.com\/wp-content\/uploads\/2022\/12\/tek-ind-introduccion-de-bobina-con-fotocelula.jpg 1167w, https:\/\/lazarointernacional.com\/wp-content\/uploads\/2022\/12\/tek-ind-introduccion-de-bobina-con-fotocelula-300x222.jpg 300w, https:\/\/lazarointernacional.com\/wp-content\/uploads\/2022\/12\/tek-ind-introduccion-de-bobina-con-fotocelula-1024x759.jpg 1024w, https:\/\/lazarointernacional.com\/wp-content\/uploads\/2022\/12\/tek-ind-introduccion-de-bobina-con-fotocelula-768x569.jpg 768w, https:\/\/lazarointernacional.com\/wp-content\/uploads\/2022\/12\/tek-ind-introduccion-de-bobina-con-fotocelula-285x211.jpg 285w, https:\/\/lazarointernacional.com\/wp-content\/uploads\/2022\/12\/tek-ind-introduccion-de-bobina-con-fotocelula-660x489.jpg 660w, https:\/\/lazarointernacional.com\/wp-content\/uploads\/2022\/12\/tek-ind-introduccion-de-bobina-con-fotocelula-150x111.jpg 150w\" sizes=\"(max-width: 1167px) 100vw, 1167px\" \/>\t\t\t\t\t\t\t\t<\/a>\n\t\t\t\t\t\t\t\t\t\t\t<figcaption class=\"widget-image-caption wp-caption-text\">TEK-IND Introdu\u00e7\u00e3o de Bobina com Fotoc\u00e9lula<\/figcaption>\n\t\t\t\t\t\t\t\t\t\t<\/figure>\n\t\t\t\t\t\t\t\t\t<\/div>\n\t\t\t\t<\/div>\n\t\t\t\t<div class=\"elementor-element elementor-element-33c7061 elementor-widget elementor-widget-image\" data-id=\"33c7061\" data-element_type=\"widget\" data-e-type=\"widget\" data-widget_type=\"image.default\">\n\t\t\t\t<div class=\"elementor-widget-container\">\n\t\t\t\t\t\t\t\t\t\t\t\t<figure class=\"wp-caption\">\n\t\t\t\t\t\t\t\t\t\t\t<a href=\"https:\/\/lazarointernacional.com\/wp-content\/uploads\/2022\/12\/tek-ind-tapete-adhesivo.jpg\" data-elementor-open-lightbox=\"yes\" data-elementor-lightbox-title=\"tek-ind-tapete-adhesivo\" data-e-action-hash=\"#elementor-action%3Aaction%3Dlightbox%26settings%3DeyJpZCI6MTgzNTIsInVybCI6Imh0dHBzOlwvXC9sYXphcm9pbnRlcm5hY2lvbmFsLmNvbVwvd3AtY29udGVudFwvdXBsb2Fkc1wvMjAyMlwvMTJcL3Rlay1pbmQtdGFwZXRlLWFkaGVzaXZvLmpwZyJ9\">\n\t\t\t\t\t\t\t<img loading=\"lazy\" decoding=\"async\" width=\"1167\" height=\"865\" src=\"https:\/\/lazarointernacional.com\/wp-content\/uploads\/2022\/12\/tek-ind-tapete-adhesivo.jpg\" class=\"attachment-full size-full wp-image-18352\" alt=\"TEK-IND Tapete Adhesivo\" srcset=\"https:\/\/lazarointernacional.com\/wp-content\/uploads\/2022\/12\/tek-ind-tapete-adhesivo.jpg 1167w, https:\/\/lazarointernacional.com\/wp-content\/uploads\/2022\/12\/tek-ind-tapete-adhesivo-300x222.jpg 300w, https:\/\/lazarointernacional.com\/wp-content\/uploads\/2022\/12\/tek-ind-tapete-adhesivo-1024x759.jpg 1024w, https:\/\/lazarointernacional.com\/wp-content\/uploads\/2022\/12\/tek-ind-tapete-adhesivo-768x569.jpg 768w, https:\/\/lazarointernacional.com\/wp-content\/uploads\/2022\/12\/tek-ind-tapete-adhesivo-285x211.jpg 285w, https:\/\/lazarointernacional.com\/wp-content\/uploads\/2022\/12\/tek-ind-tapete-adhesivo-660x489.jpg 660w, https:\/\/lazarointernacional.com\/wp-content\/uploads\/2022\/12\/tek-ind-tapete-adhesivo-150x111.jpg 150w\" sizes=\"(max-width: 1167px) 100vw, 1167px\" \/>\t\t\t\t\t\t\t\t<\/a>\n\t\t\t\t\t\t\t\t\t\t\t<figcaption class=\"widget-image-caption wp-caption-text\">TEK-IND Tapete adesivo<\/figcaption>\n\t\t\t\t\t\t\t\t\t\t<\/figure>\n\t\t\t\t\t\t\t\t\t<\/div>\n\t\t\t\t<\/div>\n\t\t\t\t<div class=\"elementor-element elementor-element-ae89da0 elementor-widget elementor-widget-image\" data-id=\"ae89da0\" data-element_type=\"widget\" data-e-type=\"widget\" data-widget_type=\"image.default\">\n\t\t\t\t<div class=\"elementor-widget-container\">\n\t\t\t\t\t\t\t\t\t\t\t\t<figure class=\"wp-caption\">\n\t\t\t\t\t\t\t\t\t\t\t<a href=\"https:\/\/lazarointernacional.com\/wp-content\/uploads\/2022\/12\/tek-ind-rebobinador.jpg\" data-elementor-open-lightbox=\"yes\" data-elementor-lightbox-title=\"tek-ind-rebobinador\" data-e-action-hash=\"#elementor-action%3Aaction%3Dlightbox%26settings%3DeyJpZCI6MTgzNDQsInVybCI6Imh0dHBzOlwvXC9sYXphcm9pbnRlcm5hY2lvbmFsLmNvbVwvd3AtY29udGVudFwvdXBsb2Fkc1wvMjAyMlwvMTJcL3Rlay1pbmQtcmVib2JpbmFkb3IuanBnIn0%3D\">\n\t\t\t\t\t\t\t<img loading=\"lazy\" decoding=\"async\" width=\"1167\" height=\"865\" src=\"https:\/\/lazarointernacional.com\/wp-content\/uploads\/2022\/12\/tek-ind-rebobinador.jpg\" class=\"attachment-full size-full wp-image-18344\" alt=\"TEK-IND Rebobinador\" srcset=\"https:\/\/lazarointernacional.com\/wp-content\/uploads\/2022\/12\/tek-ind-rebobinador.jpg 1167w, https:\/\/lazarointernacional.com\/wp-content\/uploads\/2022\/12\/tek-ind-rebobinador-300x222.jpg 300w, https:\/\/lazarointernacional.com\/wp-content\/uploads\/2022\/12\/tek-ind-rebobinador-1024x759.jpg 1024w, https:\/\/lazarointernacional.com\/wp-content\/uploads\/2022\/12\/tek-ind-rebobinador-768x569.jpg 768w, https:\/\/lazarointernacional.com\/wp-content\/uploads\/2022\/12\/tek-ind-rebobinador-285x211.jpg 285w, https:\/\/lazarointernacional.com\/wp-content\/uploads\/2022\/12\/tek-ind-rebobinador-660x489.jpg 660w, https:\/\/lazarointernacional.com\/wp-content\/uploads\/2022\/12\/tek-ind-rebobinador-150x111.jpg 150w\" sizes=\"(max-width: 1167px) 100vw, 1167px\" \/>\t\t\t\t\t\t\t\t<\/a>\n\t\t\t\t\t\t\t\t\t\t\t<figcaption class=\"widget-image-caption wp-caption-text\">TEK-IND Rebobinador<\/figcaption>\n\t\t\t\t\t\t\t\t\t\t<\/figure>\n\t\t\t\t\t\t\t\t\t<\/div>\n\t\t\t\t<\/div>\n\t\t\t\t\t<\/div>\n\t\t<\/div>\n\t\t\t\t<div class=\"elementor-column elementor-col-33 elementor-top-column elementor-element elementor-element-c26bc4c\" data-id=\"c26bc4c\" data-element_type=\"column\" data-e-type=\"column\">\n\t\t\t<div class=\"elementor-widget-wrap elementor-element-populated\">\n\t\t\t\t\t\t<div class=\"elementor-element elementor-element-ccfe38f elementor-widget elementor-widget-image\" data-id=\"ccfe38f\" data-element_type=\"widget\" data-e-type=\"widget\" data-widget_type=\"image.default\">\n\t\t\t\t<div class=\"elementor-widget-container\">\n\t\t\t\t\t\t\t\t\t\t\t\t<figure class=\"wp-caption\">\n\t\t\t\t\t\t\t\t\t\t\t<a href=\"https:\/\/lazarointernacional.com\/wp-content\/uploads\/2022\/12\/tek-ind-unidad-de-estampacion.jpg\" data-elementor-open-lightbox=\"yes\" data-elementor-lightbox-title=\"tek-ind-unidad-de-estampacion\" data-e-action-hash=\"#elementor-action%3Aaction%3Dlightbox%26settings%3DeyJpZCI6MTgzNTYsInVybCI6Imh0dHBzOlwvXC9sYXphcm9pbnRlcm5hY2lvbmFsLmNvbVwvd3AtY29udGVudFwvdXBsb2Fkc1wvMjAyMlwvMTJcL3Rlay1pbmQtdW5pZGFkLWRlLWVzdGFtcGFjaW9uLmpwZyJ9\">\n\t\t\t\t\t\t\t<img loading=\"lazy\" decoding=\"async\" width=\"1167\" height=\"865\" src=\"https:\/\/lazarointernacional.com\/wp-content\/uploads\/2022\/12\/tek-ind-unidad-de-estampacion.jpg\" class=\"attachment-full size-full wp-image-18356\" alt=\"TEK-IND Unidad de Estampacion\" srcset=\"https:\/\/lazarointernacional.com\/wp-content\/uploads\/2022\/12\/tek-ind-unidad-de-estampacion.jpg 1167w, https:\/\/lazarointernacional.com\/wp-content\/uploads\/2022\/12\/tek-ind-unidad-de-estampacion-300x222.jpg 300w, https:\/\/lazarointernacional.com\/wp-content\/uploads\/2022\/12\/tek-ind-unidad-de-estampacion-1024x759.jpg 1024w, https:\/\/lazarointernacional.com\/wp-content\/uploads\/2022\/12\/tek-ind-unidad-de-estampacion-768x569.jpg 768w, https:\/\/lazarointernacional.com\/wp-content\/uploads\/2022\/12\/tek-ind-unidad-de-estampacion-285x211.jpg 285w, https:\/\/lazarointernacional.com\/wp-content\/uploads\/2022\/12\/tek-ind-unidad-de-estampacion-660x489.jpg 660w, https:\/\/lazarointernacional.com\/wp-content\/uploads\/2022\/12\/tek-ind-unidad-de-estampacion-150x111.jpg 150w\" sizes=\"(max-width: 1167px) 100vw, 1167px\" \/>\t\t\t\t\t\t\t\t<\/a>\n\t\t\t\t\t\t\t\t\t\t\t<figcaption class=\"widget-image-caption wp-caption-text\">TEK-IND Unidade de estampagem<\/figcaption>\n\t\t\t\t\t\t\t\t\t\t<\/figure>\n\t\t\t\t\t\t\t\t\t<\/div>\n\t\t\t\t<\/div>\n\t\t\t\t<div class=\"elementor-element elementor-element-2360ea0 elementor-widget elementor-widget-image\" data-id=\"2360ea0\" data-element_type=\"widget\" data-e-type=\"widget\" data-widget_type=\"image.default\">\n\t\t\t\t<div class=\"elementor-widget-container\">\n\t\t\t\t\t\t\t\t\t\t\t\t<figure class=\"wp-caption\">\n\t\t\t\t\t\t\t\t\t\t\t<a href=\"https:\/\/lazarointernacional.com\/wp-content\/uploads\/2022\/12\/tek-ind-cortador-transversal.jpg\" data-elementor-open-lightbox=\"yes\" data-elementor-lightbox-title=\"tek-ind-cortador-transversal\" data-e-action-hash=\"#elementor-action%3Aaction%3Dlightbox%26settings%3DeyJpZCI6MTgzNDAsInVybCI6Imh0dHBzOlwvXC9sYXphcm9pbnRlcm5hY2lvbmFsLmNvbVwvd3AtY29udGVudFwvdXBsb2Fkc1wvMjAyMlwvMTJcL3Rlay1pbmQtY29ydGFkb3ItdHJhbnN2ZXJzYWwuanBnIn0%3D\">\n\t\t\t\t\t\t\t<img loading=\"lazy\" decoding=\"async\" width=\"1167\" height=\"865\" src=\"https:\/\/lazarointernacional.com\/wp-content\/uploads\/2022\/12\/tek-ind-cortador-transversal.jpg\" class=\"attachment-full size-full wp-image-18340\" alt=\"TEK-IND Cortador Transversal\" srcset=\"https:\/\/lazarointernacional.com\/wp-content\/uploads\/2022\/12\/tek-ind-cortador-transversal.jpg 1167w, https:\/\/lazarointernacional.com\/wp-content\/uploads\/2022\/12\/tek-ind-cortador-transversal-300x222.jpg 300w, https:\/\/lazarointernacional.com\/wp-content\/uploads\/2022\/12\/tek-ind-cortador-transversal-1024x759.jpg 1024w, https:\/\/lazarointernacional.com\/wp-content\/uploads\/2022\/12\/tek-ind-cortador-transversal-768x569.jpg 768w, https:\/\/lazarointernacional.com\/wp-content\/uploads\/2022\/12\/tek-ind-cortador-transversal-285x211.jpg 285w, https:\/\/lazarointernacional.com\/wp-content\/uploads\/2022\/12\/tek-ind-cortador-transversal-660x489.jpg 660w, https:\/\/lazarointernacional.com\/wp-content\/uploads\/2022\/12\/tek-ind-cortador-transversal-150x111.jpg 150w\" sizes=\"(max-width: 1167px) 100vw, 1167px\" \/>\t\t\t\t\t\t\t\t<\/a>\n\t\t\t\t\t\t\t\t\t\t\t<figcaption class=\"widget-image-caption wp-caption-text\">TEK-IND Cortador transversal<\/figcaption>\n\t\t\t\t\t\t\t\t\t\t<\/figure>\n\t\t\t\t\t\t\t\t\t<\/div>\n\t\t\t\t<\/div>\n\t\t\t\t<div class=\"elementor-element elementor-element-bd535eb elementor-widget elementor-widget-image\" data-id=\"bd535eb\" data-element_type=\"widget\" data-e-type=\"widget\" data-widget_type=\"image.default\">\n\t\t\t\t<div class=\"elementor-widget-container\">\n\t\t\t\t\t\t\t\t\t\t\t\t<figure class=\"wp-caption\">\n\t\t\t\t\t\t\t\t\t\t\t<a href=\"https:\/\/lazarointernacional.com\/wp-content\/uploads\/2022\/12\/tek-ind-horno-scaled.jpg\" data-elementor-open-lightbox=\"yes\" data-elementor-lightbox-title=\"tek-ind-horno\" data-e-action-hash=\"#elementor-action%3Aaction%3Dlightbox%26settings%3DeyJpZCI6MTgzNjAsInVybCI6Imh0dHBzOlwvXC9sYXphcm9pbnRlcm5hY2lvbmFsLmNvbVwvd3AtY29udGVudFwvdXBsb2Fkc1wvMjAyMlwvMTJcL3Rlay1pbmQtaG9ybm8tc2NhbGVkLmpwZyJ9\">\n\t\t\t\t\t\t\t<img loading=\"lazy\" decoding=\"async\" width=\"2560\" height=\"1615\" src=\"https:\/\/lazarointernacional.com\/wp-content\/uploads\/2022\/12\/tek-ind-horno-scaled.jpg\" class=\"attachment-full size-full wp-image-18360\" alt=\"TEK-IND Horno\" srcset=\"https:\/\/lazarointernacional.com\/wp-content\/uploads\/2022\/12\/tek-ind-horno-scaled.jpg 2560w, https:\/\/lazarointernacional.com\/wp-content\/uploads\/2022\/12\/tek-ind-horno-300x189.jpg 300w, https:\/\/lazarointernacional.com\/wp-content\/uploads\/2022\/12\/tek-ind-horno-1024x646.jpg 1024w, https:\/\/lazarointernacional.com\/wp-content\/uploads\/2022\/12\/tek-ind-horno-768x484.jpg 768w, https:\/\/lazarointernacional.com\/wp-content\/uploads\/2022\/12\/tek-ind-horno-1536x969.jpg 1536w, https:\/\/lazarointernacional.com\/wp-content\/uploads\/2022\/12\/tek-ind-horno-2048x1292.jpg 2048w, https:\/\/lazarointernacional.com\/wp-content\/uploads\/2022\/12\/tek-ind-horno-285x180.jpg 285w, https:\/\/lazarointernacional.com\/wp-content\/uploads\/2022\/12\/tek-ind-horno-1600x1009.jpg 1600w, https:\/\/lazarointernacional.com\/wp-content\/uploads\/2022\/12\/tek-ind-horno-660x416.jpg 660w, https:\/\/lazarointernacional.com\/wp-content\/uploads\/2022\/12\/tek-ind-horno-150x95.jpg 150w\" sizes=\"(max-width: 2560px) 100vw, 2560px\" \/>\t\t\t\t\t\t\t\t<\/a>\n\t\t\t\t\t\t\t\t\t\t\t<figcaption class=\"widget-image-caption wp-caption-text\">TEK-IND Forno<\/figcaption>\n\t\t\t\t\t\t\t\t\t\t<\/figure>\n\t\t\t\t\t\t\t\t\t<\/div>\n\t\t\t\t<\/div>\n\t\t\t\t\t<\/div>\n\t\t<\/div>\n\t\t\t\t\t<\/div>\n\t\t<\/section>\n\t\t\t\t<\/div>\n\t\t","protected":false},"excerpt":{"rendered":"<p>TEK-IND Linhas para estampagen serigrafia en tecido n\u00e3o tecido (non woven) e sacolas publicit\u00e1rias en cont\u00ednuo. M\u00e1quinas de&#8230;<\/p>\n","protected":false},"author":1,"featured_media":15472,"parent":0,"menu_order":0,"comment_status":"closed","ping_status":"closed","template":"elementor_header_footer","meta":{"_acf_changed":false,"footnotes":""},"class_list":["post-18274","page","type-page","status-publish","has-post-thumbnail","hentry"],"acf":[],"_links":{"self":[{"href":"https:\/\/lazarointernacional.com\/pt-pt\/wp-json\/wp\/v2\/pages\/18274","targetHints":{"allow":["GET"]}}],"collection":[{"href":"https:\/\/lazarointernacional.com\/pt-pt\/wp-json\/wp\/v2\/pages"}],"about":[{"href":"https:\/\/lazarointernacional.com\/pt-pt\/wp-json\/wp\/v2\/types\/page"}],"author":[{"embeddable":true,"href":"https:\/\/lazarointernacional.com\/pt-pt\/wp-json\/wp\/v2\/users\/1"}],"replies":[{"embeddable":true,"href":"https:\/\/lazarointernacional.com\/pt-pt\/wp-json\/wp\/v2\/comments?post=18274"}],"version-history":[{"count":4,"href":"https:\/\/lazarointernacional.com\/pt-pt\/wp-json\/wp\/v2\/pages\/18274\/revisions"}],"predecessor-version":[{"id":18650,"href":"https:\/\/lazarointernacional.com\/pt-pt\/wp-json\/wp\/v2\/pages\/18274\/revisions\/18650"}],"wp:featuredmedia":[{"embeddable":true,"href":"https:\/\/lazarointernacional.com\/pt-pt\/wp-json\/wp\/v2\/media\/15472"}],"wp:attachment":[{"href":"https:\/\/lazarointernacional.com\/pt-pt\/wp-json\/wp\/v2\/media?parent=18274"}],"curies":[{"name":"wp","href":"https:\/\/api.w.org\/{rel}","templated":true}]}}