{"id":18255,"date":"2022-12-16T17:12:50","date_gmt":"2022-12-16T16:12:50","guid":{"rendered":"https:\/\/lazarointernacional.com\/maquinas-de-enformar-para-seamless\/"},"modified":"2023-01-05T09:57:07","modified_gmt":"2023-01-05T08:57:07","slug":"maquinas-de-enformar-para-seamless-tecnopea","status":"publish","type":"page","link":"https:\/\/lazarointernacional.com\/pt-pt\/maquinas-de-enformar-para-seamless-tecnopea\/","title":{"rendered":"MAQUINAS DE ENFORMAR PARA SEAMLESS."},"content":{"rendered":"\t\t<div data-elementor-type=\"wp-page\" data-elementor-id=\"18255\" class=\"elementor elementor-18255 elementor-15637\" data-elementor-post-type=\"page\">\n\t\t\t\t\t\t<section class=\"elementor-section elementor-top-section elementor-element elementor-element-cfbbff1 elementor-section-boxed elementor-section-height-default elementor-section-height-default\" data-id=\"cfbbff1\" data-element_type=\"section\" data-e-type=\"section\">\n\t\t\t\t\t\t<div class=\"elementor-container elementor-column-gap-default\">\n\t\t\t\t\t<div class=\"elementor-column elementor-col-100 elementor-top-column elementor-element elementor-element-e98c7f3\" data-id=\"e98c7f3\" data-element_type=\"column\" data-e-type=\"column\">\n\t\t\t<div class=\"elementor-widget-wrap elementor-element-populated\">\n\t\t\t\t\t\t<div class=\"elementor-element elementor-element-af82bff elementor-widget elementor-widget-text-editor\" data-id=\"af82bff\" data-element_type=\"widget\" data-e-type=\"widget\" data-widget_type=\"text-editor.default\">\n\t\t\t\t<div class=\"elementor-widget-container\">\n\t\t\t\t\t\t\t\t\t<h4><strong><u>MAQUINAS DE ENFORMAR PARA SEAMLESS.<\/u><\/strong><\/h4>\n<p><strong>Alta efici\u00eancia energ\u00e9tica e produ\u00e7\u00e3o.<\/strong><\/p>\n\t\t\t\t\t\t\t\t<\/div>\n\t\t\t\t<\/div>\n\t\t\t\t\t<\/div>\n\t\t<\/div>\n\t\t\t\t\t<\/div>\n\t\t<\/section>\n\t\t\t\t<section class=\"elementor-section elementor-top-section elementor-element elementor-element-3c1e9a5 elementor-section-boxed elementor-section-height-default elementor-section-height-default\" data-id=\"3c1e9a5\" data-element_type=\"section\" data-e-type=\"section\">\n\t\t\t\t\t\t<div class=\"elementor-container elementor-column-gap-default\">\n\t\t\t\t\t<div class=\"elementor-column elementor-col-50 elementor-top-column elementor-element elementor-element-2fdc8d7\" data-id=\"2fdc8d7\" data-element_type=\"column\" data-e-type=\"column\">\n\t\t\t<div class=\"elementor-widget-wrap elementor-element-populated\">\n\t\t\t\t\t\t<div class=\"elementor-element elementor-element-46fb2af elementor-widget elementor-widget-heading\" data-id=\"46fb2af\" data-element_type=\"widget\" data-e-type=\"widget\" data-widget_type=\"heading.default\">\n\t\t\t\t<div class=\"elementor-widget-container\">\n\t\t\t\t\t<h2 class=\"elementor-heading-title elementor-size-default elementor-heading-title elementor-align-after-center\">REVOLUTION<\/h2>\t\t\t\t<\/div>\n\t\t\t\t<\/div>\n\t\t\t\t<div class=\"elementor-element elementor-element-39a92ca elementor-widget elementor-widget-image\" data-id=\"39a92ca\" data-element_type=\"widget\" data-e-type=\"widget\" data-widget_type=\"image.default\">\n\t\t\t\t<div class=\"elementor-widget-container\">\n\t\t\t\t\t\t\t\t\t\t\t\t\t\t\t<img fetchpriority=\"high\" decoding=\"async\" width=\"550\" height=\"389\" src=\"https:\/\/lazarointernacional.com\/wp-content\/uploads\/2022\/11\/Planchas-para-Seamless-01.jpg\" class=\"attachment-full size-full wp-image-15823\" alt=\"\" srcset=\"https:\/\/lazarointernacional.com\/wp-content\/uploads\/2022\/11\/Planchas-para-Seamless-01.jpg 550w, https:\/\/lazarointernacional.com\/wp-content\/uploads\/2022\/11\/Planchas-para-Seamless-01-300x212.jpg 300w, https:\/\/lazarointernacional.com\/wp-content\/uploads\/2022\/11\/Planchas-para-Seamless-01-285x202.jpg 285w, https:\/\/lazarointernacional.com\/wp-content\/uploads\/2022\/11\/Planchas-para-Seamless-01-150x106.jpg 150w\" sizes=\"(max-width: 550px) 100vw, 550px\" \/>\t\t\t\t\t\t\t\t\t\t\t\t\t\t\t<\/div>\n\t\t\t\t<\/div>\n\t\t\t\t<div class=\"elementor-element elementor-element-7d1c7b9 elementor-widget elementor-widget-text-editor\" data-id=\"7d1c7b9\" data-element_type=\"widget\" data-e-type=\"widget\" data-widget_type=\"text-editor.default\">\n\t\t\t\t<div class=\"elementor-widget-container\">\n\t\t\t\t\t\t\t\t\t<p><strong><u>M\u00e1quina de enformar para prefixar com ar quente para seamless.<\/u><\/strong><\/p>\n<p>A grande difus\u00e3o de productos sem costura em poli\u00e9ster exigiu o desenvolvimento de uma m\u00e1quina dedicada a este tipo de fio mas tamb\u00e9m capaz de se adaptar ao enformado de pe\u00e7as tradicionais.<\/p>\n<p>O controle cuidadoso das altas temperaturas de proceso exigidas por este tipo de material na c\u00e2mara de enformar permite uma regula\u00e7\u00e3o adequada do fio.<\/p>\n<p><strong>REVOLUTION<\/strong>, confere \u00e0 roupa um grande suavidade, estabilidade e excelente apresenta\u00e7\u00e3o resolvendo os problemas de vincas laterais, sombreamento e bordas curvas.<\/p>\n<ul>\n<li>Ecr\u00e3 tactil para configura\u00e7\u00f5es de opera\u00e7\u00e3o.<\/li>\n<li>Autodiagn\u00f3stico eletr\u00f4nico com erros visuais ou mensagens de mau funcionamento<\/li>\n<li>Formas con ajuste deslizante<\/li>\n<li>Controle de temperatura com 3 posi\u00e7\u00f5es de monitoramento.<\/li>\n<li>Rota\u00e7\u00e3o controlada eletronicamente de pe\u00e7as de acordo com o tama\u00f1o processado e o tempo de ciclo.<\/li>\n<li>Esta\u00e7\u00e3o de resfriamento para melhorar os ajustes do fio utilizado e reduzir as marcas.<\/li>\n<li>A m\u00e1quina funciona sem ar comprimido.<\/li>\n<\/ul>\n<p><strong><br \/>\nOp\u00e7\u00f5es:<\/strong><\/p>\n<ul>\n<li>Formas ajust\u00e1veis em largura;<\/li>\n<li>Elimina\u00e7\u00e3o do custo de vapor e ar comprimido.<\/li>\n<\/ul>\n\t\t\t\t\t\t\t\t<\/div>\n\t\t\t\t<\/div>\n\t\t\t\t\t<\/div>\n\t\t<\/div>\n\t\t\t\t<div class=\"elementor-column elementor-col-50 elementor-top-column elementor-element elementor-element-8546943\" data-id=\"8546943\" data-element_type=\"column\" data-e-type=\"column\">\n\t\t\t<div class=\"elementor-widget-wrap elementor-element-populated\">\n\t\t\t\t\t\t<div class=\"elementor-element elementor-element-d8a8239 elementor-widget elementor-widget-heading\" data-id=\"d8a8239\" data-element_type=\"widget\" data-e-type=\"widget\" data-widget_type=\"heading.default\">\n\t\t\t\t<div class=\"elementor-widget-container\">\n\t\t\t\t\t<h2 class=\"elementor-heading-title elementor-size-default elementor-heading-title elementor-align-after-center\">GHIBLI XSL<\/h2>\t\t\t\t<\/div>\n\t\t\t\t<\/div>\n\t\t\t\t<div class=\"elementor-element elementor-element-b9b1dcb elementor-widget elementor-widget-image\" data-id=\"b9b1dcb\" data-element_type=\"widget\" data-e-type=\"widget\" data-widget_type=\"image.default\">\n\t\t\t\t<div class=\"elementor-widget-container\">\n\t\t\t\t\t\t\t\t\t\t\t\t\t\t\t<img decoding=\"async\" width=\"550\" height=\"389\" src=\"https:\/\/lazarointernacional.com\/wp-content\/uploads\/2022\/11\/Planchas-para-Seamless-02.jpg\" class=\"attachment-full size-full wp-image-15827\" alt=\"\" srcset=\"https:\/\/lazarointernacional.com\/wp-content\/uploads\/2022\/11\/Planchas-para-Seamless-02.jpg 550w, https:\/\/lazarointernacional.com\/wp-content\/uploads\/2022\/11\/Planchas-para-Seamless-02-300x212.jpg 300w, https:\/\/lazarointernacional.com\/wp-content\/uploads\/2022\/11\/Planchas-para-Seamless-02-285x202.jpg 285w, https:\/\/lazarointernacional.com\/wp-content\/uploads\/2022\/11\/Planchas-para-Seamless-02-150x106.jpg 150w\" sizes=\"(max-width: 550px) 100vw, 550px\" \/>\t\t\t\t\t\t\t\t\t\t\t\t\t\t\t<\/div>\n\t\t\t\t<\/div>\n\t\t\t\t<div class=\"elementor-element elementor-element-98f850c elementor-widget elementor-widget-text-editor\" data-id=\"98f850c\" data-element_type=\"widget\" data-e-type=\"widget\" data-widget_type=\"text-editor.default\">\n\t\t\t\t<div class=\"elementor-widget-container\">\n\t\t\t\t\t\t\t\t\t<p><strong><u>M\u00e1quina para vaporiza\u00e7\u00e3o de roupas seamless.<\/u><\/strong><\/p>\n<p>M\u00e1quina para fixa\u00e7\u00e3o a vapor de pe\u00e7as tubulares sem costura de tamanho grande.<br \/>\nA m\u00e1quina est\u00e1 dispon\u00edvel em duas vers\u00f5es: vers\u00e3o standard e vers\u00e3o com prensa el\u00e9trica.<\/p>\n<ul>\n<li>Estrutura de a\u00e7o tratado<\/li>\n<li>Um \u00fanico operador<\/li>\n<li>14 formas especiais de aluminio (130 cm de altura)<\/li>\n<li>Mudan\u00e7a r\u00e1pida de forma pneum\u00e1tica.<\/li>\n<li>C\u00e2mara de vapor de 3 bar com fecho pneum\u00e1tico<\/li>\n<li>Nebulizador de agua<\/li>\n<li>Prensa el\u00e9trica ajust\u00e1vel e temperatura m\u00e1xima. 250\u00ba<\/li>\n<li>T\u00fanel com movimento de ar quente m\u00e1x. 200\u00baC.<\/li>\n<li>Possibilidade de seleccionar roupas n\u00e3o conforme<\/li>\n<li>Extrator e empilhador autom\u00e1tico de roupas<\/li>\n<li>Baixo consumo e alta produ\u00e7\u00e3o<\/li>\n<li>PLC para o controle das fun\u00e7\u00f5es de enformar e autodiagn\u00f3stico.<\/li>\n<\/ul>\n<p>&nbsp;<\/p>\n<p><strong>Op\u00e7\u00f5es:<\/strong><\/p>\n<ul>\n<li>Software preparado para memorizar os diversos itens<\/li>\n<li>Formas confeccionadas de acordo com projetos especiais exigidos pelo cliente;<\/li>\n<li>1 extrator com sistema de correia e movimento mec\u00e2nico. A pe\u00e7a \u00e9 depositada na esteira transportadora especial, permitindo a obten\u00e7\u00e3o de alta produ\u00e7\u00e3o com um \u00fanico operador.<\/li>\n<\/ul>\n\t\t\t\t\t\t\t\t<\/div>\n\t\t\t\t<\/div>\n\t\t\t\t\t<\/div>\n\t\t<\/div>\n\t\t\t\t\t<\/div>\n\t\t<\/section>\n\t\t\t\t<section class=\"elementor-section elementor-top-section elementor-element elementor-element-5b0bf7f elementor-section-boxed elementor-section-height-default elementor-section-height-default\" data-id=\"5b0bf7f\" data-element_type=\"section\" data-e-type=\"section\">\n\t\t\t\t\t\t<div class=\"elementor-container elementor-column-gap-default\">\n\t\t\t\t\t<div class=\"elementor-column elementor-col-50 elementor-top-column elementor-element elementor-element-09e8e8e\" data-id=\"09e8e8e\" data-element_type=\"column\" data-e-type=\"column\">\n\t\t\t<div class=\"elementor-widget-wrap elementor-element-populated\">\n\t\t\t\t\t\t<div class=\"elementor-element elementor-element-64148d2 elementor-button-info elementor-align-center elementor-widget elementor-widget-button\" data-id=\"64148d2\" data-element_type=\"widget\" data-e-type=\"widget\" data-widget_type=\"button.default\">\n\t\t\t\t<div class=\"elementor-widget-container\">\n\t\t\t\t\t\t\t\t\t<div class=\"elementor-button-wrapper\">\n\t\t\t\t\t<a class=\"elementor-button elementor-button-link elementor-size-md\" href=\"https:\/\/www.tecnopea.com\/uploads\/prodotti\/47-21-Revolution.pdf\" target=\"_blank\">\n\t\t\t\t\t\t<span class=\"elementor-button-content-wrapper\">\n\t\t\t\t\t\t<span class=\"elementor-button-icon\">\n\t\t\t\t<i aria-hidden=\"true\" class=\"fas fa-arrow-right\"><\/i>\t\t\t<\/span>\n\t\t\t\t\t\t\t\t\t<span class=\"elementor-button-text\">Baixar cat\u00e1logo<\/span>\n\t\t\t\t\t<\/span>\n\t\t\t\t\t<\/a>\n\t\t\t\t<\/div>\n\t\t\t\t\t\t\t\t<\/div>\n\t\t\t\t<\/div>\n\t\t\t\t<div data-over-color=\"\" data-over=\"overlay\" class=\"elementor-element elementor-element-2edc50f elementor-widget elementor-widget-video\" data-id=\"2edc50f\" data-element_type=\"widget\" data-e-type=\"widget\" data-settings=\"{&quot;youtube_url&quot;:&quot;https:\\\/\\\/www.youtube.com\\\/watch?v=bEuWgQUm9P0&quot;,&quot;video_type&quot;:&quot;youtube&quot;,&quot;controls&quot;:&quot;yes&quot;}\" data-widget_type=\"video.default\">\n\t\t\t\t<div class=\"elementor-widget-container\">\n\t\t\t\t\t\t\t<div class=\"elementor-wrapper elementor-open-inline\">\n\t\t\t<div class=\"elementor-video\"><\/div>\t\t<\/div>\n\t\t\t\t\t\t<\/div>\n\t\t\t\t<\/div>\n\t\t\t\t\t<\/div>\n\t\t<\/div>\n\t\t\t\t<div class=\"elementor-column elementor-col-50 elementor-top-column elementor-element elementor-element-45cbada\" data-id=\"45cbada\" data-element_type=\"column\" data-e-type=\"column\">\n\t\t\t<div class=\"elementor-widget-wrap elementor-element-populated\">\n\t\t\t\t\t\t<div class=\"elementor-element elementor-element-4ea7772 elementor-button-info elementor-align-center elementor-widget elementor-widget-button\" data-id=\"4ea7772\" data-element_type=\"widget\" data-e-type=\"widget\" data-widget_type=\"button.default\">\n\t\t\t\t<div class=\"elementor-widget-container\">\n\t\t\t\t\t\t\t\t\t<div class=\"elementor-button-wrapper\">\n\t\t\t\t\t<a class=\"elementor-button elementor-button-link elementor-size-md\" href=\"https:\/\/www.tecnopea.com\/uploads\/prodotti\/50-10-GHIBLI%20XSL%20-%20GHIBLI%20SL.pdf\" target=\"_blank\">\n\t\t\t\t\t\t<span class=\"elementor-button-content-wrapper\">\n\t\t\t\t\t\t<span class=\"elementor-button-icon\">\n\t\t\t\t<i aria-hidden=\"true\" class=\"fas fa-arrow-right\"><\/i>\t\t\t<\/span>\n\t\t\t\t\t\t\t\t\t<span class=\"elementor-button-text\">Baixar cat\u00e1logo<\/span>\n\t\t\t\t\t<\/span>\n\t\t\t\t\t<\/a>\n\t\t\t\t<\/div>\n\t\t\t\t\t\t\t\t<\/div>\n\t\t\t\t<\/div>\n\t\t\t\t<div data-over-color=\"\" data-over=\"overlay\" class=\"elementor-element elementor-element-e80f4d1 elementor-widget elementor-widget-video\" data-id=\"e80f4d1\" data-element_type=\"widget\" data-e-type=\"widget\" data-settings=\"{&quot;youtube_url&quot;:&quot;https:\\\/\\\/www.youtube.com\\\/watch?v=YLEyxShq7E8&quot;,&quot;video_type&quot;:&quot;youtube&quot;,&quot;controls&quot;:&quot;yes&quot;}\" data-widget_type=\"video.default\">\n\t\t\t\t<div class=\"elementor-widget-container\">\n\t\t\t\t\t\t\t<div class=\"elementor-wrapper elementor-open-inline\">\n\t\t\t<div class=\"elementor-video\"><\/div>\t\t<\/div>\n\t\t\t\t\t\t<\/div>\n\t\t\t\t<\/div>\n\t\t\t\t\t<\/div>\n\t\t<\/div>\n\t\t\t\t\t<\/div>\n\t\t<\/section>\n\t\t\t\t<\/div>\n\t\t","protected":false},"excerpt":{"rendered":"<p>MAQUINAS DE ENFORMAR PARA SEAMLESS. Alta efici\u00eancia energ\u00e9tica e produ\u00e7\u00e3o. REVOLUTION M\u00e1quina de enformar para prefixar com ar&#8230;<\/p>\n","protected":false},"author":1,"featured_media":0,"parent":0,"menu_order":0,"comment_status":"closed","ping_status":"closed","template":"elementor_header_footer","meta":{"_acf_changed":false,"footnotes":""},"class_list":["post-18255","page","type-page","status-publish","hentry"],"acf":[],"_links":{"self":[{"href":"https:\/\/lazarointernacional.com\/pt-pt\/wp-json\/wp\/v2\/pages\/18255","targetHints":{"allow":["GET"]}}],"collection":[{"href":"https:\/\/lazarointernacional.com\/pt-pt\/wp-json\/wp\/v2\/pages"}],"about":[{"href":"https:\/\/lazarointernacional.com\/pt-pt\/wp-json\/wp\/v2\/types\/page"}],"author":[{"embeddable":true,"href":"https:\/\/lazarointernacional.com\/pt-pt\/wp-json\/wp\/v2\/users\/1"}],"replies":[{"embeddable":true,"href":"https:\/\/lazarointernacional.com\/pt-pt\/wp-json\/wp\/v2\/comments?post=18255"}],"version-history":[{"count":8,"href":"https:\/\/lazarointernacional.com\/pt-pt\/wp-json\/wp\/v2\/pages\/18255\/revisions"}],"predecessor-version":[{"id":18671,"href":"https:\/\/lazarointernacional.com\/pt-pt\/wp-json\/wp\/v2\/pages\/18255\/revisions\/18671"}],"wp:attachment":[{"href":"https:\/\/lazarointernacional.com\/pt-pt\/wp-json\/wp\/v2\/media?parent=18255"}],"curies":[{"name":"wp","href":"https:\/\/api.w.org\/{rel}","templated":true}]}}