{"id":18164,"date":"2022-12-16T15:26:31","date_gmt":"2022-12-16T14:26:31","guid":{"rendered":"https:\/\/lazarointernacional.com\/tek-ind-alfa-digital\/"},"modified":"2022-12-16T15:26:31","modified_gmt":"2022-12-16T14:26:31","slug":"tek-ind-alfa-digital","status":"publish","type":"page","link":"https:\/\/lazarointernacional.com\/pt-pt\/tek-ind-alfa-digital\/","title":{"rendered":"TEK-IND: ALFA DIGITAL"},"content":{"rendered":"\t\t<div data-elementor-type=\"wp-page\" data-elementor-id=\"18164\" class=\"elementor elementor-18164 elementor-15528\" data-elementor-post-type=\"page\">\n\t\t\t\t\t\t<section class=\"elementor-section elementor-top-section elementor-element elementor-element-c6c3bd1 elementor-section-boxed elementor-section-height-default elementor-section-height-default\" data-id=\"c6c3bd1\" data-element_type=\"section\" data-e-type=\"section\">\n\t\t\t\t\t\t<div class=\"elementor-container elementor-column-gap-default\">\n\t\t\t\t\t<div class=\"elementor-column elementor-col-100 elementor-top-column elementor-element elementor-element-444c791\" data-id=\"444c791\" data-element_type=\"column\" data-e-type=\"column\">\n\t\t\t<div class=\"elementor-widget-wrap elementor-element-populated\">\n\t\t\t\t\t\t<div class=\"elementor-element elementor-element-aecab3d elementor-widget elementor-widget-text-editor\" data-id=\"aecab3d\" data-element_type=\"widget\" data-e-type=\"widget\" data-widget_type=\"text-editor.default\">\n\t\t\t\t<div class=\"elementor-widget-container\">\n\t\t\t\t\t\t\t\t\t<h4><strong><u>TEK-IND: ALFA DIGITAL<\/u><\/strong><\/h4>\n<p>Alfa digital \u00e9 uma unidade de impress\u00e3o adicional que permite a impress\u00e3o digital direta em tecido com cores \u00e0 base de pigmentos. A sua fun\u00e7\u00e3o \u00e9 poder combinar as t\u00e9cnicas de serigrafia com as do Digital, permitindo a cria\u00e7\u00e3o de um produto completo, gra\u00e7as \u00e0s v\u00e1rias possibilidades de serigrafia, e com uma elevada qualidade de impress\u00e3o garantida pelo digital.<\/p>\n<p>Pode ser integrado com a maioria das m\u00e1quinas de impress\u00e3o circulares e ovais existentes, sob todos os pontos de vista (programa, software, automa\u00e7\u00e3o, design), o Alfa Digital funciona automaticamente e n\u00e3o requer um operador para o seu funcionamento, apenas um arranque de \u00a0marcha inicial.<\/p>\n\t\t\t\t\t\t\t\t<\/div>\n\t\t\t\t<\/div>\n\t\t\t\t<div class=\"elementor-element elementor-element-04bfc27 elementor-button-info elementor-widget elementor-widget-button\" data-id=\"04bfc27\" data-element_type=\"widget\" data-e-type=\"widget\" data-widget_type=\"button.default\">\n\t\t\t\t<div class=\"elementor-widget-container\">\n\t\t\t\t\t\t\t\t\t<div class=\"elementor-button-wrapper\">\n\t\t\t\t\t<a class=\"elementor-button elementor-button-link elementor-size-md\" href=\"https:\/\/www.tek-ind.it\/wp-content\/uploads\/2021\/12\/Textile_10-11.pdf\" target=\"_blank\">\n\t\t\t\t\t\t<span class=\"elementor-button-content-wrapper\">\n\t\t\t\t\t\t<span class=\"elementor-button-icon\">\n\t\t\t\t<i aria-hidden=\"true\" class=\"fas fa-arrow-right\"><\/i>\t\t\t<\/span>\n\t\t\t\t\t\t\t\t\t<span class=\"elementor-button-text\">Baixar cat\u00e1logo<\/span>\n\t\t\t\t\t<\/span>\n\t\t\t\t\t<\/a>\n\t\t\t\t<\/div>\n\t\t\t\t\t\t\t\t<\/div>\n\t\t\t\t<\/div>\n\t\t\t\t\t<\/div>\n\t\t<\/div>\n\t\t\t\t\t<\/div>\n\t\t<\/section>\n\t\t\t\t<section class=\"elementor-section elementor-top-section elementor-element elementor-element-56be9e1 elementor-section-boxed elementor-section-height-default elementor-section-height-default\" data-id=\"56be9e1\" data-element_type=\"section\" data-e-type=\"section\">\n\t\t\t\t\t\t<div class=\"elementor-container elementor-column-gap-default\">\n\t\t\t\t\t<div class=\"elementor-column elementor-col-66 elementor-top-column elementor-element elementor-element-680beb4\" data-id=\"680beb4\" data-element_type=\"column\" data-e-type=\"column\">\n\t\t\t<div class=\"elementor-widget-wrap elementor-element-populated\">\n\t\t\t\t\t\t<div data-over-color=\"\" data-over=\"overlay\" class=\"elementor-element elementor-element-e1fd767 elementor-widget elementor-widget-video\" data-id=\"e1fd767\" data-element_type=\"widget\" data-e-type=\"widget\" data-settings=\"{&quot;youtube_url&quot;:&quot;https:\\\/\\\/youtu.be\\\/Jq8mngjTxho&quot;,&quot;video_type&quot;:&quot;youtube&quot;,&quot;controls&quot;:&quot;yes&quot;}\" data-widget_type=\"video.default\">\n\t\t\t\t<div class=\"elementor-widget-container\">\n\t\t\t\t\t\t\t<div class=\"elementor-wrapper elementor-open-inline\">\n\t\t\t<div class=\"elementor-video\"><\/div>\t\t<\/div>\n\t\t\t\t\t\t<\/div>\n\t\t\t\t<\/div>\n\t\t\t\t\t<\/div>\n\t\t<\/div>\n\t\t\t\t<div class=\"elementor-column elementor-col-33 elementor-top-column elementor-element elementor-element-3a07635\" data-id=\"3a07635\" data-element_type=\"column\" data-e-type=\"column\">\n\t\t\t<div class=\"elementor-widget-wrap\">\n\t\t\t\t\t\t\t<\/div>\n\t\t<\/div>\n\t\t\t\t\t<\/div>\n\t\t<\/section>\n\t\t\t\t<\/div>\n\t\t","protected":false},"excerpt":{"rendered":"<p>TEK-IND: ALFA DIGITAL Alfa digital \u00e9 uma unidade de impress\u00e3o adicional que permite a impress\u00e3o digital direta em&#8230;<\/p>\n","protected":false},"author":1,"featured_media":0,"parent":0,"menu_order":0,"comment_status":"closed","ping_status":"closed","template":"elementor_header_footer","meta":{"_acf_changed":false,"footnotes":""},"class_list":["post-18164","page","type-page","status-publish","hentry"],"acf":[],"_links":{"self":[{"href":"https:\/\/lazarointernacional.com\/pt-pt\/wp-json\/wp\/v2\/pages\/18164","targetHints":{"allow":["GET"]}}],"collection":[{"href":"https:\/\/lazarointernacional.com\/pt-pt\/wp-json\/wp\/v2\/pages"}],"about":[{"href":"https:\/\/lazarointernacional.com\/pt-pt\/wp-json\/wp\/v2\/types\/page"}],"author":[{"embeddable":true,"href":"https:\/\/lazarointernacional.com\/pt-pt\/wp-json\/wp\/v2\/users\/1"}],"replies":[{"embeddable":true,"href":"https:\/\/lazarointernacional.com\/pt-pt\/wp-json\/wp\/v2\/comments?post=18164"}],"version-history":[{"count":1,"href":"https:\/\/lazarointernacional.com\/pt-pt\/wp-json\/wp\/v2\/pages\/18164\/revisions"}],"predecessor-version":[{"id":18165,"href":"https:\/\/lazarointernacional.com\/pt-pt\/wp-json\/wp\/v2\/pages\/18164\/revisions\/18165"}],"wp:attachment":[{"href":"https:\/\/lazarointernacional.com\/pt-pt\/wp-json\/wp\/v2\/media?parent=18164"}],"curies":[{"name":"wp","href":"https:\/\/api.w.org\/{rel}","templated":true}]}}