{"id":18109,"date":"2022-12-16T13:09:13","date_gmt":"2022-12-16T12:09:13","guid":{"rendered":"https:\/\/lazarointernacional.com\/santoni-zenit-innotas\/"},"modified":"2022-12-16T13:09:14","modified_gmt":"2022-12-16T12:09:14","slug":"santoni-zenit-innotas","status":"publish","type":"page","link":"https:\/\/lazarointernacional.com\/pt-pt\/santoni-zenit-innotas\/","title":{"rendered":"SANTONI ZENIT INNOTAS"},"content":{"rendered":"\t\t<div data-elementor-type=\"wp-page\" data-elementor-id=\"18109\" class=\"elementor elementor-18109 elementor-15677\" data-elementor-post-type=\"page\">\n\t\t\t\t\t\t<section class=\"elementor-section elementor-top-section elementor-element elementor-element-ef29929 elementor-section-boxed elementor-section-height-default elementor-section-height-default\" data-id=\"ef29929\" data-element_type=\"section\" data-e-type=\"section\" data-settings=\"{&quot;background_background&quot;:&quot;classic&quot;}\">\n\t\t\t\t\t\t<div class=\"elementor-container elementor-column-gap-default\">\n\t\t\t\t\t<div class=\"elementor-column elementor-col-33 elementor-top-column elementor-element elementor-element-4549f79\" data-id=\"4549f79\" data-element_type=\"column\" data-e-type=\"column\">\n\t\t\t<div class=\"elementor-widget-wrap elementor-element-populated\">\n\t\t\t\t\t\t<div class=\"elementor-element elementor-element-bbc10d8 elementor-widget elementor-widget-image\" data-id=\"bbc10d8\" data-element_type=\"widget\" data-e-type=\"widget\" data-widget_type=\"image.default\">\n\t\t\t\t<div class=\"elementor-widget-container\">\n\t\t\t\t\t\t\t\t\t\t\t\t\t\t\t\t<a href=\"https:\/\/www.santoni.com\/\" target=\"_blank\">\n\t\t\t\t\t\t\t<img fetchpriority=\"high\" decoding=\"async\" width=\"240\" height=\"216\" src=\"https:\/\/lazarointernacional.com\/wp-content\/uploads\/2022\/11\/logo-santoni-2.png\" class=\"attachment-full size-full wp-image-15703\" alt=\"\" srcset=\"https:\/\/lazarointernacional.com\/wp-content\/uploads\/2022\/11\/logo-santoni-2.png 240w, https:\/\/lazarointernacional.com\/wp-content\/uploads\/2022\/11\/logo-santoni-2-150x135.png 150w\" sizes=\"(max-width: 240px) 100vw, 240px\" \/>\t\t\t\t\t\t\t\t<\/a>\n\t\t\t\t\t\t\t\t\t\t\t\t\t\t\t<\/div>\n\t\t\t\t<\/div>\n\t\t\t\t\t<\/div>\n\t\t<\/div>\n\t\t\t\t<div class=\"elementor-column elementor-col-33 elementor-top-column elementor-element elementor-element-8c65e8e\" data-id=\"8c65e8e\" data-element_type=\"column\" data-e-type=\"column\">\n\t\t\t<div class=\"elementor-widget-wrap elementor-element-populated\">\n\t\t\t\t\t\t<div class=\"elementor-element elementor-element-9252a83 elementor-widget elementor-widget-text-editor\" data-id=\"9252a83\" data-element_type=\"widget\" data-e-type=\"widget\" data-widget_type=\"text-editor.default\">\n\t\t\t\t<div class=\"elementor-widget-container\">\n\t\t\t\t\t\t\t\t\t<h2>NOVIDADE!<\/h2>\n<h2>ZENIT INNOTAS<\/h2>\n\t\t\t\t\t\t\t\t<\/div>\n\t\t\t\t<\/div>\n\t\t\t\t\t<\/div>\n\t\t<\/div>\n\t\t\t\t<div class=\"elementor-column elementor-col-33 elementor-top-column elementor-element elementor-element-4d5c62b\" data-id=\"4d5c62b\" data-element_type=\"column\" data-e-type=\"column\">\n\t\t\t<div class=\"elementor-widget-wrap\">\n\t\t\t\t\t\t\t<\/div>\n\t\t<\/div>\n\t\t\t\t\t<\/div>\n\t\t<\/section>\n\t\t\t\t<section class=\"elementor-section elementor-top-section elementor-element elementor-element-c0ec283 elementor-section-boxed elementor-section-height-default elementor-section-height-default\" data-id=\"c0ec283\" data-element_type=\"section\" data-e-type=\"section\" data-settings=\"{&quot;background_background&quot;:&quot;classic&quot;}\">\n\t\t\t\t\t\t<div class=\"elementor-container elementor-column-gap-default\">\n\t\t\t\t\t<div class=\"elementor-column elementor-col-100 elementor-top-column elementor-element elementor-element-817a4ba\" data-id=\"817a4ba\" data-element_type=\"column\" data-e-type=\"column\">\n\t\t\t<div class=\"elementor-widget-wrap elementor-element-populated\">\n\t\t\t\t\t\t<div class=\"elementor-element elementor-element-fdad891 elementor-widget elementor-widget-text-editor\" data-id=\"fdad891\" data-element_type=\"widget\" data-e-type=\"widget\" data-widget_type=\"text-editor.default\">\n\t\t\t\t<div class=\"elementor-widget-container\">\n\t\t\t\t\t\t\t\t\t<p><strong>Tecnologia para economia de energia, \u00f3leo e manuten\u00e7\u00e3o. Limpeza mais avan\u00e7ada em m\u00e1quinas circulares de grande di\u00e2metro<\/strong><\/p>\n\t\t\t\t\t\t\t\t<\/div>\n\t\t\t\t<\/div>\n\t\t\t\t\t<\/div>\n\t\t<\/div>\n\t\t\t\t\t<\/div>\n\t\t<\/section>\n\t\t\t\t<section class=\"elementor-section elementor-top-section elementor-element elementor-element-587a5c8 elementor-section-boxed elementor-section-height-default elementor-section-height-default\" data-id=\"587a5c8\" data-element_type=\"section\" data-e-type=\"section\" data-settings=\"{&quot;background_background&quot;:&quot;classic&quot;}\">\n\t\t\t\t\t\t<div class=\"elementor-container elementor-column-gap-default\">\n\t\t\t\t\t<div class=\"elementor-column elementor-col-25 elementor-top-column elementor-element elementor-element-43b788b\" data-id=\"43b788b\" data-element_type=\"column\" data-e-type=\"column\">\n\t\t\t<div class=\"elementor-widget-wrap\">\n\t\t\t\t\t\t\t<\/div>\n\t\t<\/div>\n\t\t\t\t<div class=\"elementor-column elementor-col-50 elementor-top-column elementor-element elementor-element-7b7bfaf\" data-id=\"7b7bfaf\" data-element_type=\"column\" data-e-type=\"column\">\n\t\t\t<div class=\"elementor-widget-wrap elementor-element-populated\">\n\t\t\t\t\t\t<div class=\"elementor-element elementor-element-5b2581d elementor-widget elementor-widget-image\" data-id=\"5b2581d\" data-element_type=\"widget\" data-e-type=\"widget\" data-widget_type=\"image.default\">\n\t\t\t\t<div class=\"elementor-widget-container\">\n\t\t\t\t\t\t\t\t\t\t\t\t\t\t\t<img decoding=\"async\" width=\"75\" height=\"75\" src=\"https:\/\/lazarointernacional.com\/wp-content\/uploads\/2022\/11\/green.png\" class=\"attachment-full size-full wp-image-15708\" alt=\"\" \/>\t\t\t\t\t\t\t\t\t\t\t\t\t\t\t<\/div>\n\t\t\t\t<\/div>\n\t\t\t\t\t<\/div>\n\t\t<\/div>\n\t\t\t\t<div class=\"elementor-column elementor-col-25 elementor-top-column elementor-element elementor-element-87a9b82\" data-id=\"87a9b82\" data-element_type=\"column\" data-e-type=\"column\">\n\t\t\t<div class=\"elementor-widget-wrap\">\n\t\t\t\t\t\t\t<\/div>\n\t\t<\/div>\n\t\t\t\t\t<\/div>\n\t\t<\/section>\n\t\t\t\t<section class=\"elementor-section elementor-top-section elementor-element elementor-element-c4e86c6 elementor-section-boxed elementor-section-height-default elementor-section-height-default\" data-id=\"c4e86c6\" data-element_type=\"section\" data-e-type=\"section\">\n\t\t\t\t\t\t<div class=\"elementor-container elementor-column-gap-default\">\n\t\t\t\t\t<div class=\"elementor-column elementor-col-100 elementor-top-column elementor-element elementor-element-c2b7a46\" data-id=\"c2b7a46\" data-element_type=\"column\" data-e-type=\"column\">\n\t\t\t<div class=\"elementor-widget-wrap elementor-element-populated\">\n\t\t\t\t\t\t<div class=\"elementor-element elementor-element-b51ceff elementor-widget elementor-widget-text-editor\" data-id=\"b51ceff\" data-element_type=\"widget\" data-e-type=\"widget\" data-widget_type=\"text-editor.default\">\n\t\t\t\t<div class=\"elementor-widget-container\">\n\t\t\t\t\t\t\t\t\t<p>M\u00e1quina de jersey para a produ\u00e7\u00e3o de pontos b\u00e1sicos com 4 pistas de cames.<\/p>\n<p><strong><u>A tecnologia que economiza a manuten\u00e7\u00e3o da limpeza.<\/u><\/strong><\/p>\n<p>Gra\u00e7as a um sistema patenteado de autolimpeza, na aus\u00eancia total de dispositivos externos, a m\u00e1quina \u00e9 capaz de expulsar o ac\u00famulo de fibras e contamina\u00e7\u00f5es t\u00edpicas da cabe\u00e7a textil de produ\u00e7\u00e3o de tric\u00f4.<\/p>\n<p>A m\u00e1quina, portanto, <strong><u>n\u00e3o requer manuten\u00e7\u00e3o programada<\/u><\/strong>, permitindo economizar tempo e evitar complica\u00e7\u00f5es decorrentes desta opera\u00e7\u00e3o.<\/p>\n\t\t\t\t\t\t\t\t<\/div>\n\t\t\t\t<\/div>\n\t\t\t\t\t<\/div>\n\t\t<\/div>\n\t\t\t\t\t<\/div>\n\t\t<\/section>\n\t\t\t\t<section class=\"elementor-section elementor-top-section elementor-element elementor-element-9629cd0 elementor-section-boxed elementor-section-height-default elementor-section-height-default\" data-id=\"9629cd0\" data-element_type=\"section\" data-e-type=\"section\">\n\t\t\t\t\t\t<div class=\"elementor-container elementor-column-gap-default\">\n\t\t\t\t\t<div class=\"elementor-column elementor-col-33 elementor-top-column elementor-element elementor-element-2fbb10a\" data-id=\"2fbb10a\" data-element_type=\"column\" data-e-type=\"column\">\n\t\t\t<div class=\"elementor-widget-wrap elementor-element-populated\">\n\t\t\t\t\t\t<div class=\"elementor-element elementor-element-f42fe27 elementor-widget elementor-widget-text-editor\" data-id=\"f42fe27\" data-element_type=\"widget\" data-e-type=\"widget\" data-widget_type=\"text-editor.default\">\n\t\t\t\t<div class=\"elementor-widget-container\">\n\t\t\t\t\t\t\t\t\t<p><strong>Condi\u00e7\u00e3o de trabalho t\u00edpica (m\u00e1quina tradicional) com fibras natural ap\u00f3s cerca de dois meses de exerc\u00edcio<\/strong><\/p>\n\t\t\t\t\t\t\t\t<\/div>\n\t\t\t\t<\/div>\n\t\t\t\t\t<\/div>\n\t\t<\/div>\n\t\t\t\t<div class=\"elementor-column elementor-col-33 elementor-top-column elementor-element elementor-element-b8ac792\" data-id=\"b8ac792\" data-element_type=\"column\" data-e-type=\"column\">\n\t\t\t<div class=\"elementor-widget-wrap elementor-element-populated\">\n\t\t\t\t\t\t<div class=\"elementor-element elementor-element-dc44130 elementor-widget elementor-widget-image\" data-id=\"dc44130\" data-element_type=\"widget\" data-e-type=\"widget\" data-widget_type=\"image.default\">\n\t\t\t\t<div class=\"elementor-widget-container\">\n\t\t\t\t\t\t\t\t\t\t\t\t\t\t\t<img decoding=\"async\" width=\"300\" height=\"250\" src=\"https:\/\/lazarointernacional.com\/wp-content\/uploads\/2022\/11\/condiciones-de-trabajo.png\" class=\"attachment-large size-large wp-image-15736\" alt=\"\" srcset=\"https:\/\/lazarointernacional.com\/wp-content\/uploads\/2022\/11\/condiciones-de-trabajo.png 300w, https:\/\/lazarointernacional.com\/wp-content\/uploads\/2022\/11\/condiciones-de-trabajo-285x238.png 285w, https:\/\/lazarointernacional.com\/wp-content\/uploads\/2022\/11\/condiciones-de-trabajo-150x125.png 150w\" sizes=\"(max-width: 300px) 100vw, 300px\" \/>\t\t\t\t\t\t\t\t\t\t\t\t\t\t\t<\/div>\n\t\t\t\t<\/div>\n\t\t\t\t\t<\/div>\n\t\t<\/div>\n\t\t\t\t<div class=\"elementor-column elementor-col-33 elementor-top-column elementor-element elementor-element-352da42\" data-id=\"352da42\" data-element_type=\"column\" data-e-type=\"column\">\n\t\t\t<div class=\"elementor-widget-wrap\">\n\t\t\t\t\t\t\t<\/div>\n\t\t<\/div>\n\t\t\t\t\t<\/div>\n\t\t<\/section>\n\t\t\t\t<section class=\"elementor-section elementor-top-section elementor-element elementor-element-d59243d elementor-section-boxed elementor-section-height-default elementor-section-height-default\" data-id=\"d59243d\" data-element_type=\"section\" data-e-type=\"section\">\n\t\t\t\t\t\t<div class=\"elementor-container elementor-column-gap-default\">\n\t\t\t\t\t<div class=\"elementor-column elementor-col-100 elementor-top-column elementor-element elementor-element-0a16a9b\" data-id=\"0a16a9b\" data-element_type=\"column\" data-e-type=\"column\">\n\t\t\t<div class=\"elementor-widget-wrap elementor-element-populated\">\n\t\t\t\t\t\t<div class=\"elementor-element elementor-element-a8672fd elementor-widget elementor-widget-text-editor\" data-id=\"a8672fd\" data-element_type=\"widget\" data-e-type=\"widget\" data-widget_type=\"text-editor.default\">\n\t\t\t\t<div class=\"elementor-widget-container\">\n\t\t\t\t\t\t\t\t\t<p><strong><u>A tecnologia que permite aumentar a efici\u00eancia energ\u00e9tica.<\/u><\/strong><\/p>\n<p><strong><u>Qualidade superior da malha no vanis\u00e9.<\/u><\/strong><\/p>\n<p><strong><u>A autolimpeza constante da cabe\u00e7a t\u00eaxtil gera um importante benef\u00edcio econ\u00f4mico<\/u><\/strong> com uma impacto decisivo nos seguintes aspectos:<\/p>\n<ul>\n<li><strong>Consumo de energia constante<\/strong> (o consumo de energia, para uma m\u00e1quina tradicional, aumenta diretamente proporcional \u00e0 contamina\u00e7\u00e3o).<\/li>\n<li><strong>Maior vida \u00fatil da agulha<\/strong> (na aus\u00eancia de sujeira o desempenho \u00e9 maior enquanto o desgaste \u00e9 menor).<\/li>\n<li><strong>Aus\u00eancia de linhas de \u00f3leo no tecido.<\/strong><\/li>\n<li><strong>Redu\u00e7\u00e3o do consumo de \u00f3leo em at\u00e9 50%.<\/strong><\/li>\n<li><strong>Menor temperatura de opera\u00e7\u00e3o.<\/strong><\/li>\n<li><strong>Qualidade superior<\/strong> da malha \/ vanis\u00e8.<\/li>\n<li><strong>Aus\u00eancia total de limpeza da cabe\u00e7a textil.<\/strong><\/li>\n<\/ul>\n<p>O uso de agulhas e platinas especiais projetadas exclusivamente pela <strong>Groz-Beckert<\/strong> para Santoni Innotas e cames e setores &#8220;autolimpantes&#8221;, s\u00e3o estados fundamentais para atingir os objetivos desejados.<\/p>\n<p>Testes com fios sint\u00e9ticos, que por natureza n\u00e3o contaminam, constataram a aus\u00eancia de linhas de \u00f3leo.<\/p>\n\t\t\t\t\t\t\t\t<\/div>\n\t\t\t\t<\/div>\n\t\t\t\t\t<\/div>\n\t\t<\/div>\n\t\t\t\t\t<\/div>\n\t\t<\/section>\n\t\t\t\t<section class=\"elementor-section elementor-top-section elementor-element elementor-element-c6f26bc elementor-section-boxed elementor-section-height-default elementor-section-height-default\" data-id=\"c6f26bc\" data-element_type=\"section\" data-e-type=\"section\">\n\t\t\t\t\t\t<div class=\"elementor-container elementor-column-gap-default\">\n\t\t\t\t\t<div class=\"elementor-column elementor-col-25 elementor-top-column elementor-element elementor-element-58d3227\" data-id=\"58d3227\" data-element_type=\"column\" data-e-type=\"column\">\n\t\t\t<div class=\"elementor-widget-wrap\">\n\t\t\t\t\t\t\t<\/div>\n\t\t<\/div>\n\t\t\t\t<div class=\"elementor-column elementor-col-25 elementor-top-column elementor-element elementor-element-cfd8ba0\" data-id=\"cfd8ba0\" data-element_type=\"column\" data-e-type=\"column\">\n\t\t\t<div class=\"elementor-widget-wrap elementor-element-populated\">\n\t\t\t\t\t\t<div class=\"elementor-element elementor-element-94ca39d elementor-widget elementor-widget-image\" data-id=\"94ca39d\" data-element_type=\"widget\" data-e-type=\"widget\" data-widget_type=\"image.default\">\n\t\t\t\t<div class=\"elementor-widget-container\">\n\t\t\t\t\t\t\t\t\t\t\t\t\t\t\t<img loading=\"lazy\" decoding=\"async\" width=\"450\" height=\"248\" src=\"https:\/\/lazarointernacional.com\/wp-content\/uploads\/2022\/11\/ZENIT-INNOTAS-1.jpg\" class=\"attachment-full size-full wp-image-15744\" alt=\"\" srcset=\"https:\/\/lazarointernacional.com\/wp-content\/uploads\/2022\/11\/ZENIT-INNOTAS-1.jpg 450w, https:\/\/lazarointernacional.com\/wp-content\/uploads\/2022\/11\/ZENIT-INNOTAS-1-300x165.jpg 300w, https:\/\/lazarointernacional.com\/wp-content\/uploads\/2022\/11\/ZENIT-INNOTAS-1-285x157.jpg 285w, https:\/\/lazarointernacional.com\/wp-content\/uploads\/2022\/11\/ZENIT-INNOTAS-1-150x83.jpg 150w\" sizes=\"(max-width: 450px) 100vw, 450px\" \/>\t\t\t\t\t\t\t\t\t\t\t\t\t\t\t<\/div>\n\t\t\t\t<\/div>\n\t\t\t\t\t<\/div>\n\t\t<\/div>\n\t\t\t\t<div class=\"elementor-column elementor-col-25 elementor-top-column elementor-element elementor-element-51f1028\" data-id=\"51f1028\" data-element_type=\"column\" data-e-type=\"column\">\n\t\t\t<div class=\"elementor-widget-wrap elementor-element-populated\">\n\t\t\t\t\t\t<div class=\"elementor-element elementor-element-aba9788 elementor-widget elementor-widget-image\" data-id=\"aba9788\" data-element_type=\"widget\" data-e-type=\"widget\" data-widget_type=\"image.default\">\n\t\t\t\t<div class=\"elementor-widget-container\">\n\t\t\t\t\t\t\t\t\t\t\t\t\t\t\t<img loading=\"lazy\" decoding=\"async\" width=\"450\" height=\"248\" src=\"https:\/\/lazarointernacional.com\/wp-content\/uploads\/2022\/11\/ZENIT-INNOTAS-2.jpg\" class=\"attachment-full size-full wp-image-15748\" alt=\"\" srcset=\"https:\/\/lazarointernacional.com\/wp-content\/uploads\/2022\/11\/ZENIT-INNOTAS-2.jpg 450w, https:\/\/lazarointernacional.com\/wp-content\/uploads\/2022\/11\/ZENIT-INNOTAS-2-300x165.jpg 300w, https:\/\/lazarointernacional.com\/wp-content\/uploads\/2022\/11\/ZENIT-INNOTAS-2-285x157.jpg 285w, https:\/\/lazarointernacional.com\/wp-content\/uploads\/2022\/11\/ZENIT-INNOTAS-2-150x83.jpg 150w\" sizes=\"(max-width: 450px) 100vw, 450px\" \/>\t\t\t\t\t\t\t\t\t\t\t\t\t\t\t<\/div>\n\t\t\t\t<\/div>\n\t\t\t\t\t<\/div>\n\t\t<\/div>\n\t\t\t\t<div class=\"elementor-column elementor-col-25 elementor-top-column elementor-element elementor-element-a8b7bf5\" data-id=\"a8b7bf5\" data-element_type=\"column\" data-e-type=\"column\">\n\t\t\t<div class=\"elementor-widget-wrap\">\n\t\t\t\t\t\t\t<\/div>\n\t\t<\/div>\n\t\t\t\t\t<\/div>\n\t\t<\/section>\n\t\t\t\t<section class=\"elementor-section elementor-top-section elementor-element elementor-element-62e32da elementor-section-boxed elementor-section-height-default elementor-section-height-default\" data-id=\"62e32da\" data-element_type=\"section\" data-e-type=\"section\">\n\t\t\t\t\t\t<div class=\"elementor-container elementor-column-gap-default\">\n\t\t\t\t\t<div class=\"elementor-column elementor-col-16 elementor-top-column elementor-element elementor-element-091985f\" data-id=\"091985f\" data-element_type=\"column\" data-e-type=\"column\">\n\t\t\t<div class=\"elementor-widget-wrap\">\n\t\t\t\t\t\t\t<\/div>\n\t\t<\/div>\n\t\t\t\t<div class=\"elementor-column elementor-col-66 elementor-top-column elementor-element elementor-element-65df509\" data-id=\"65df509\" data-element_type=\"column\" data-e-type=\"column\">\n\t\t\t<div class=\"elementor-widget-wrap elementor-element-populated\">\n\t\t\t\t\t\t<div class=\"elementor-element elementor-element-5ff6ee6 elementor-widget elementor-widget-image\" data-id=\"5ff6ee6\" data-element_type=\"widget\" data-e-type=\"widget\" data-widget_type=\"image.default\">\n\t\t\t\t<div class=\"elementor-widget-container\">\n\t\t\t\t\t\t\t\t\t\t\t\t\t\t\t<img loading=\"lazy\" decoding=\"async\" width=\"1186\" height=\"534\" src=\"https:\/\/lazarointernacional.com\/wp-content\/uploads\/2022\/11\/ZENIT-INNOTAS-3.jpg\" class=\"attachment-full size-full wp-image-15752\" alt=\"\" srcset=\"https:\/\/lazarointernacional.com\/wp-content\/uploads\/2022\/11\/ZENIT-INNOTAS-3.jpg 1186w, https:\/\/lazarointernacional.com\/wp-content\/uploads\/2022\/11\/ZENIT-INNOTAS-3-300x135.jpg 300w, https:\/\/lazarointernacional.com\/wp-content\/uploads\/2022\/11\/ZENIT-INNOTAS-3-1024x461.jpg 1024w, https:\/\/lazarointernacional.com\/wp-content\/uploads\/2022\/11\/ZENIT-INNOTAS-3-768x346.jpg 768w, https:\/\/lazarointernacional.com\/wp-content\/uploads\/2022\/11\/ZENIT-INNOTAS-3-285x128.jpg 285w, https:\/\/lazarointernacional.com\/wp-content\/uploads\/2022\/11\/ZENIT-INNOTAS-3-660x297.jpg 660w, https:\/\/lazarointernacional.com\/wp-content\/uploads\/2022\/11\/ZENIT-INNOTAS-3-150x68.jpg 150w\" sizes=\"(max-width: 1186px) 100vw, 1186px\" \/>\t\t\t\t\t\t\t\t\t\t\t\t\t\t\t<\/div>\n\t\t\t\t<\/div>\n\t\t\t\t\t<\/div>\n\t\t<\/div>\n\t\t\t\t<div class=\"elementor-column elementor-col-16 elementor-top-column elementor-element elementor-element-81a3b29\" data-id=\"81a3b29\" data-element_type=\"column\" data-e-type=\"column\">\n\t\t\t<div class=\"elementor-widget-wrap\">\n\t\t\t\t\t\t\t<\/div>\n\t\t<\/div>\n\t\t\t\t\t<\/div>\n\t\t<\/section>\n\t\t\t\t<section class=\"elementor-section elementor-top-section elementor-element elementor-element-34a717b elementor-section-boxed elementor-section-height-default elementor-section-height-default\" data-id=\"34a717b\" data-element_type=\"section\" data-e-type=\"section\">\n\t\t\t\t\t\t<div class=\"elementor-container elementor-column-gap-default\">\n\t\t\t\t\t<div class=\"elementor-column elementor-col-100 elementor-top-column elementor-element elementor-element-c319172\" data-id=\"c319172\" data-element_type=\"column\" data-e-type=\"column\">\n\t\t\t<div class=\"elementor-widget-wrap elementor-element-populated\">\n\t\t\t\t\t\t<div class=\"elementor-element elementor-element-c8287af elementor-widget elementor-widget-text-editor\" data-id=\"c8287af\" data-element_type=\"widget\" data-e-type=\"widget\" data-widget_type=\"text-editor.default\">\n\t\t\t\t<div class=\"elementor-widget-container\">\n\t\t\t\t\t\t\t\t\t<p><strong>Zenit Innotas.<\/strong> Imagem da cabe\u00e7a t\u00eaxtil ap\u00f3s 90 toneladas de produto (algod\u00e3o)<\/p>\n\t\t\t\t\t\t\t\t<\/div>\n\t\t\t\t<\/div>\n\t\t\t\t\t<\/div>\n\t\t<\/div>\n\t\t\t\t\t<\/div>\n\t\t<\/section>\n\t\t\t\t<section class=\"elementor-section elementor-top-section elementor-element elementor-element-0756397 elementor-section-boxed elementor-section-height-default elementor-section-height-default\" data-id=\"0756397\" data-element_type=\"section\" data-e-type=\"section\">\n\t\t\t\t\t\t<div class=\"elementor-container elementor-column-gap-default\">\n\t\t\t\t\t<div class=\"elementor-column elementor-col-25 elementor-top-column elementor-element elementor-element-2ee08f0\" data-id=\"2ee08f0\" data-element_type=\"column\" data-e-type=\"column\">\n\t\t\t<div class=\"elementor-widget-wrap\">\n\t\t\t\t\t\t\t<\/div>\n\t\t<\/div>\n\t\t\t\t<div class=\"elementor-column elementor-col-50 elementor-top-column elementor-element elementor-element-f63e756\" data-id=\"f63e756\" data-element_type=\"column\" data-e-type=\"column\">\n\t\t\t<div class=\"elementor-widget-wrap elementor-element-populated\">\n\t\t\t\t\t\t<div class=\"elementor-element elementor-element-9bf886b elementor-widget elementor-widget-image\" data-id=\"9bf886b\" data-element_type=\"widget\" data-e-type=\"widget\" data-widget_type=\"image.default\">\n\t\t\t\t<div class=\"elementor-widget-container\">\n\t\t\t\t\t\t\t\t\t\t\t\t\t\t\t<img loading=\"lazy\" decoding=\"async\" width=\"940\" height=\"712\" src=\"https:\/\/lazarointernacional.com\/wp-content\/uploads\/2022\/11\/FOTO-INNOTAS-1024x776.jpg\" class=\"attachment-large size-large wp-image-15662\" alt=\"\" srcset=\"https:\/\/lazarointernacional.com\/wp-content\/uploads\/2022\/11\/FOTO-INNOTAS-1024x776.jpg 1024w, https:\/\/lazarointernacional.com\/wp-content\/uploads\/2022\/11\/FOTO-INNOTAS-300x227.jpg 300w, https:\/\/lazarointernacional.com\/wp-content\/uploads\/2022\/11\/FOTO-INNOTAS-768x582.jpg 768w, https:\/\/lazarointernacional.com\/wp-content\/uploads\/2022\/11\/FOTO-INNOTAS-285x216.jpg 285w, https:\/\/lazarointernacional.com\/wp-content\/uploads\/2022\/11\/FOTO-INNOTAS-660x500.jpg 660w, https:\/\/lazarointernacional.com\/wp-content\/uploads\/2022\/11\/FOTO-INNOTAS-150x114.jpg 150w, https:\/\/lazarointernacional.com\/wp-content\/uploads\/2022\/11\/FOTO-INNOTAS.jpg 1113w\" sizes=\"(max-width: 940px) 100vw, 940px\" \/>\t\t\t\t\t\t\t\t\t\t\t\t\t\t\t<\/div>\n\t\t\t\t<\/div>\n\t\t\t\t\t<\/div>\n\t\t<\/div>\n\t\t\t\t<div class=\"elementor-column elementor-col-25 elementor-top-column elementor-element elementor-element-2022a5d\" data-id=\"2022a5d\" data-element_type=\"column\" data-e-type=\"column\">\n\t\t\t<div class=\"elementor-widget-wrap\">\n\t\t\t\t\t\t\t<\/div>\n\t\t<\/div>\n\t\t\t\t\t<\/div>\n\t\t<\/section>\n\t\t\t\t<\/div>\n\t\t","protected":false},"excerpt":{"rendered":"<p>NOVIDADE! ZENIT INNOTAS Tecnologia para economia de energia, \u00f3leo e manuten\u00e7\u00e3o. Limpeza mais avan\u00e7ada em m\u00e1quinas circulares de&#8230;<\/p>\n","protected":false},"author":1,"featured_media":15662,"parent":0,"menu_order":0,"comment_status":"closed","ping_status":"closed","template":"elementor_header_footer","meta":{"_acf_changed":false,"footnotes":""},"class_list":["post-18109","page","type-page","status-publish","has-post-thumbnail","hentry"],"acf":[],"_links":{"self":[{"href":"https:\/\/lazarointernacional.com\/pt-pt\/wp-json\/wp\/v2\/pages\/18109","targetHints":{"allow":["GET"]}}],"collection":[{"href":"https:\/\/lazarointernacional.com\/pt-pt\/wp-json\/wp\/v2\/pages"}],"about":[{"href":"https:\/\/lazarointernacional.com\/pt-pt\/wp-json\/wp\/v2\/types\/page"}],"author":[{"embeddable":true,"href":"https:\/\/lazarointernacional.com\/pt-pt\/wp-json\/wp\/v2\/users\/1"}],"replies":[{"embeddable":true,"href":"https:\/\/lazarointernacional.com\/pt-pt\/wp-json\/wp\/v2\/comments?post=18109"}],"version-history":[{"count":1,"href":"https:\/\/lazarointernacional.com\/pt-pt\/wp-json\/wp\/v2\/pages\/18109\/revisions"}],"predecessor-version":[{"id":18110,"href":"https:\/\/lazarointernacional.com\/pt-pt\/wp-json\/wp\/v2\/pages\/18109\/revisions\/18110"}],"wp:featuredmedia":[{"embeddable":true,"href":"https:\/\/lazarointernacional.com\/pt-pt\/wp-json\/wp\/v2\/media\/15662"}],"wp:attachment":[{"href":"https:\/\/lazarointernacional.com\/pt-pt\/wp-json\/wp\/v2\/media?parent=18109"}],"curies":[{"name":"wp","href":"https:\/\/api.w.org\/{rel}","templated":true}]}}