{"id":18069,"date":"2022-12-16T11:51:11","date_gmt":"2022-12-16T10:51:11","guid":{"rendered":"https:\/\/lazarointernacional.com\/maquina-de-tingir-mageba-para-duas-fitas\/"},"modified":"2022-12-16T11:55:19","modified_gmt":"2022-12-16T10:55:19","slug":"mageba-maquina-tingir-para-fitas","status":"publish","type":"page","link":"https:\/\/lazarointernacional.com\/pt-pt\/mageba-maquina-tingir-para-fitas\/","title":{"rendered":"M\u00c1QUINA DE TINGIR MAGEBA PARA DUAS FITAS"},"content":{"rendered":"\t\t<div data-elementor-type=\"wp-page\" data-elementor-id=\"18069\" class=\"elementor elementor-18069 elementor-15261\" data-elementor-post-type=\"page\">\n\t\t\t\t\t\t<section class=\"elementor-section elementor-top-section elementor-element elementor-element-eae3246 elementor-section-boxed elementor-section-height-default elementor-section-height-default\" data-id=\"eae3246\" data-element_type=\"section\" data-e-type=\"section\">\n\t\t\t\t\t\t<div class=\"elementor-container elementor-column-gap-default\">\n\t\t\t\t\t<div class=\"elementor-column elementor-col-100 elementor-top-column elementor-element elementor-element-14b1ef6\" data-id=\"14b1ef6\" data-element_type=\"column\" data-e-type=\"column\">\n\t\t\t<div class=\"elementor-widget-wrap elementor-element-populated\">\n\t\t\t\t\t\t<div class=\"elementor-element elementor-element-3a66998 elementor-widget elementor-widget-text-editor\" data-id=\"3a66998\" data-element_type=\"widget\" data-e-type=\"widget\" data-widget_type=\"text-editor.default\">\n\t\t\t\t<div class=\"elementor-widget-container\">\n\t\t\t\t\t\t\t\t\t<h4><strong><u>M\u00c1QUINA DE TINGIR MAGEBA PARA DUAS FITAS<\/u><\/strong><\/h4>\n<p>A m\u00e1quina de tingimento em banda Dual End Series \u00e9 a escolha perfeita para pequenos lotes ou situa\u00e7\u00f5es onde o espa\u00e7o \u00e9 limitado.<\/p>\n<p>Oferece a op\u00e7\u00e3o de tingimento cont\u00ednuo de no m\u00e1ximo duas fitas de at\u00e9 40 mm de largura cada.<\/p>\n<p>As mais altas exig\u00eancias de solidez da cor e resist\u00eancia ao atrito n\u00e3o s\u00e3o um problema para esses sistemas, mesmo com cores escuras.<\/p>\n<p>As fitas el\u00e1sticas podem ser tingidas t\u00e3o suavemente quanto as r\u00edgidas.<\/p>\n<ul>\n<li>Dual End Steam : processo Pad Steam.<\/li>\n<li>Dual End Steam HT: processo Pad Dry Steam<\/li>\n<li>Dual End Zipper HT : processo Pad Dry Steam para z\u00edperes.<\/li>\n<\/ul>\n\t\t\t\t\t\t\t\t<\/div>\n\t\t\t\t<\/div>\n\t\t\t\t<div class=\"elementor-element elementor-element-7551cab elementor-button-info elementor-widget elementor-widget-button\" data-id=\"7551cab\" data-element_type=\"widget\" data-e-type=\"widget\" data-widget_type=\"button.default\">\n\t\t\t\t<div class=\"elementor-widget-container\">\n\t\t\t\t\t\t\t\t\t<div class=\"elementor-button-wrapper\">\n\t\t\t\t\t<a class=\"elementor-button elementor-button-link elementor-size-md\" href=\"mailto:contact@lazarointernacional.com\" target=\"_blank\">\n\t\t\t\t\t\t<span class=\"elementor-button-content-wrapper\">\n\t\t\t\t\t\t<span class=\"elementor-button-icon\">\n\t\t\t\t<i aria-hidden=\"true\" class=\"fas fa-arrow-right\"><\/i>\t\t\t<\/span>\n\t\t\t\t\t\t\t\t\t<span class=\"elementor-button-text\">SOLICITE MAIS INFORMA\u00c7\u00d5ES<\/span>\n\t\t\t\t\t<\/span>\n\t\t\t\t\t<\/a>\n\t\t\t\t<\/div>\n\t\t\t\t\t\t\t\t<\/div>\n\t\t\t\t<\/div>\n\t\t\t\t\t<\/div>\n\t\t<\/div>\n\t\t\t\t\t<\/div>\n\t\t<\/section>\n\t\t\t\t<section class=\"elementor-section elementor-top-section elementor-element elementor-element-bba6568 elementor-section-boxed elementor-section-height-default elementor-section-height-default\" data-id=\"bba6568\" data-element_type=\"section\" data-e-type=\"section\">\n\t\t\t\t\t\t<div class=\"elementor-container elementor-column-gap-default\">\n\t\t\t\t\t<div class=\"elementor-column elementor-col-66 elementor-top-column elementor-element elementor-element-d481d16\" data-id=\"d481d16\" data-element_type=\"column\" data-e-type=\"column\">\n\t\t\t<div class=\"elementor-widget-wrap elementor-element-populated\">\n\t\t\t\t\t\t<div class=\"elementor-element elementor-element-5cf703d elementor-widget elementor-widget-image\" data-id=\"5cf703d\" data-element_type=\"widget\" data-e-type=\"widget\" data-widget_type=\"image.default\">\n\t\t\t\t<div class=\"elementor-widget-container\">\n\t\t\t\t\t\t\t\t\t\t\t\t\t\t\t<img fetchpriority=\"high\" decoding=\"async\" width=\"768\" height=\"576\" src=\"https:\/\/lazarointernacional.com\/wp-content\/uploads\/2022\/11\/mageba-dyeing-machine-for-two-ribbons-768x576.png\" class=\"attachment-medium_large size-medium_large wp-image-15104\" alt=\"\" srcset=\"https:\/\/lazarointernacional.com\/wp-content\/uploads\/2022\/11\/mageba-dyeing-machine-for-two-ribbons-768x576.png 768w, https:\/\/lazarointernacional.com\/wp-content\/uploads\/2022\/11\/mageba-dyeing-machine-for-two-ribbons-300x225.png 300w, https:\/\/lazarointernacional.com\/wp-content\/uploads\/2022\/11\/mageba-dyeing-machine-for-two-ribbons-285x214.png 285w, https:\/\/lazarointernacional.com\/wp-content\/uploads\/2022\/11\/mageba-dyeing-machine-for-two-ribbons-800x600.png 800w, https:\/\/lazarointernacional.com\/wp-content\/uploads\/2022\/11\/mageba-dyeing-machine-for-two-ribbons-660x495.png 660w, https:\/\/lazarointernacional.com\/wp-content\/uploads\/2022\/11\/mageba-dyeing-machine-for-two-ribbons-150x113.png 150w, https:\/\/lazarointernacional.com\/wp-content\/uploads\/2022\/11\/mageba-dyeing-machine-for-two-ribbons.png 900w\" sizes=\"(max-width: 768px) 100vw, 768px\" \/>\t\t\t\t\t\t\t\t\t\t\t\t\t\t\t<\/div>\n\t\t\t\t<\/div>\n\t\t\t\t\t<\/div>\n\t\t<\/div>\n\t\t\t\t<div class=\"elementor-column elementor-col-33 elementor-top-column elementor-element elementor-element-cc47173\" data-id=\"cc47173\" data-element_type=\"column\" data-e-type=\"column\">\n\t\t\t<div class=\"elementor-widget-wrap\">\n\t\t\t\t\t\t\t<\/div>\n\t\t<\/div>\n\t\t\t\t\t<\/div>\n\t\t<\/section>\n\t\t\t\t<\/div>\n\t\t","protected":false},"excerpt":{"rendered":"<p>M\u00c1QUINA DE TINGIR MAGEBA PARA DUAS FITAS A m\u00e1quina de tingimento em banda Dual End Series \u00e9 a&#8230;<\/p>\n","protected":false},"author":1,"featured_media":15104,"parent":0,"menu_order":0,"comment_status":"closed","ping_status":"closed","template":"elementor_header_footer","meta":{"_acf_changed":false,"footnotes":""},"class_list":["post-18069","page","type-page","status-publish","has-post-thumbnail","hentry"],"acf":[],"_links":{"self":[{"href":"https:\/\/lazarointernacional.com\/pt-pt\/wp-json\/wp\/v2\/pages\/18069","targetHints":{"allow":["GET"]}}],"collection":[{"href":"https:\/\/lazarointernacional.com\/pt-pt\/wp-json\/wp\/v2\/pages"}],"about":[{"href":"https:\/\/lazarointernacional.com\/pt-pt\/wp-json\/wp\/v2\/types\/page"}],"author":[{"embeddable":true,"href":"https:\/\/lazarointernacional.com\/pt-pt\/wp-json\/wp\/v2\/users\/1"}],"replies":[{"embeddable":true,"href":"https:\/\/lazarointernacional.com\/pt-pt\/wp-json\/wp\/v2\/comments?post=18069"}],"version-history":[{"count":2,"href":"https:\/\/lazarointernacional.com\/pt-pt\/wp-json\/wp\/v2\/pages\/18069\/revisions"}],"predecessor-version":[{"id":18073,"href":"https:\/\/lazarointernacional.com\/pt-pt\/wp-json\/wp\/v2\/pages\/18069\/revisions\/18073"}],"wp:featuredmedia":[{"embeddable":true,"href":"https:\/\/lazarointernacional.com\/pt-pt\/wp-json\/wp\/v2\/media\/15104"}],"wp:attachment":[{"href":"https:\/\/lazarointernacional.com\/pt-pt\/wp-json\/wp\/v2\/media?parent=18069"}],"curies":[{"name":"wp","href":"https:\/\/api.w.org\/{rel}","templated":true}]}}