{"id":18054,"date":"2022-12-16T11:23:26","date_gmt":"2022-12-16T10:23:26","guid":{"rendered":"https:\/\/lazarointernacional.com\/tek-ind-rotoscreen-b-2c\/"},"modified":"2023-01-05T09:39:14","modified_gmt":"2023-01-05T08:39:14","slug":"tek-ind-rotoscreen-b-2c","status":"publish","type":"page","link":"https:\/\/lazarointernacional.com\/pt-pt\/tek-ind-rotoscreen-b-2c\/","title":{"rendered":"TEK-IND ROTOSCREEN B-2C"},"content":{"rendered":"\t\t<div data-elementor-type=\"wp-page\" data-elementor-id=\"18054\" class=\"elementor elementor-18054 elementor-15269\" data-elementor-post-type=\"page\">\n\t\t\t\t\t\t<section class=\"elementor-section elementor-top-section elementor-element elementor-element-fe39b08 elementor-section-boxed elementor-section-height-default elementor-section-height-default\" data-id=\"fe39b08\" data-element_type=\"section\" data-e-type=\"section\">\n\t\t\t\t\t\t<div class=\"elementor-container elementor-column-gap-default\">\n\t\t\t\t\t<div class=\"elementor-column elementor-col-100 elementor-top-column elementor-element elementor-element-2d1bd4f\" data-id=\"2d1bd4f\" data-element_type=\"column\" data-e-type=\"column\">\n\t\t\t<div class=\"elementor-widget-wrap elementor-element-populated\">\n\t\t\t\t\t\t<div class=\"elementor-element elementor-element-3b8577d elementor-widget elementor-widget-text-editor\" data-id=\"3b8577d\" data-element_type=\"widget\" data-e-type=\"widget\" data-widget_type=\"text-editor.default\">\n\t\t\t\t<div class=\"elementor-widget-container\">\n\t\t\t\t\t\t\t\t\t<h4><strong><u>TEK-IND ROTOSCREEN B-2C <\/u><\/strong><\/h4>\n<p><strong>Serigrafia cont\u00ednua em ribbons. 2 cores.<\/strong><\/p>\n<p>M\u00e1quina de impress\u00e3o bicolor Rotoscreen que permite impress\u00e3o bicolor independente.<\/p>\n<p>Ap\u00f3s a primeira cor existe uma capa de secagem intermedi\u00e1ria que permite a impress\u00e3o sobreposta com a segunda cor.<\/p>\n<p>Esta m\u00e1quina est\u00e1 dispon\u00edvel nos seguintes formatos: 400 mm, 800 mm, 1200 mm, 1600 mm.<\/p>\n<p>Os ajustes podem ser feitos em ambos os cilindros de impress\u00e3o.<\/p>\n<p>Possui barra dupla na entrada que permite regular a tens\u00e3o da fita antes de aderir ao tapete, na sa\u00edda possui um misturador de fric\u00e7\u00e3o que facilita o desprendimento da fita do tapete adesivo.<\/p>\n<p>O Rotoscreen bicolor requer um m\u00f3dulo de entrada modelo INT-01; uma estufa de secagem de tinta 01; um forno de secagem de tinta Delta e uma sa\u00edda EXT-01 para caixas ou bobinas. B Delta e uma sa\u00edda para caixas ou bobinas EXT-01.<\/p>\n\t\t\t\t\t\t\t\t<\/div>\n\t\t\t\t<\/div>\n\t\t\t\t<div class=\"elementor-element elementor-element-b457f14 elementor-button-info elementor-widget elementor-widget-button\" data-id=\"b457f14\" data-element_type=\"widget\" data-e-type=\"widget\" data-widget_type=\"button.default\">\n\t\t\t\t<div class=\"elementor-widget-container\">\n\t\t\t\t\t\t\t\t\t<div class=\"elementor-button-wrapper\">\n\t\t\t\t\t<a class=\"elementor-button elementor-button-link elementor-size-md\" href=\"https:\/\/www.tek-ind.it\/wp-content\/uploads\/2021\/12\/Narrow-Fabric_10-11.pdf\" target=\"_blank\">\n\t\t\t\t\t\t<span class=\"elementor-button-content-wrapper\">\n\t\t\t\t\t\t<span class=\"elementor-button-icon\">\n\t\t\t\t<i aria-hidden=\"true\" class=\"fas fa-arrow-right\"><\/i>\t\t\t<\/span>\n\t\t\t\t\t\t\t\t\t<span class=\"elementor-button-text\">Baixar cat\u00e1logo<\/span>\n\t\t\t\t\t<\/span>\n\t\t\t\t\t<\/a>\n\t\t\t\t<\/div>\n\t\t\t\t\t\t\t\t<\/div>\n\t\t\t\t<\/div>\n\t\t\t\t\t<\/div>\n\t\t<\/div>\n\t\t\t\t\t<\/div>\n\t\t<\/section>\n\t\t\t\t<section class=\"elementor-section elementor-top-section elementor-element elementor-element-44f330a elementor-section-boxed elementor-section-height-default elementor-section-height-default\" data-id=\"44f330a\" data-element_type=\"section\" data-e-type=\"section\">\n\t\t\t\t\t\t<div class=\"elementor-container elementor-column-gap-default\">\n\t\t\t\t\t<div class=\"elementor-column elementor-col-66 elementor-top-column elementor-element elementor-element-9dfcfac\" data-id=\"9dfcfac\" data-element_type=\"column\" data-e-type=\"column\">\n\t\t\t<div class=\"elementor-widget-wrap elementor-element-populated\">\n\t\t\t\t\t\t<div data-over-color=\"\" data-over=\"overlay\" class=\"elementor-element elementor-element-1df90f8 elementor-widget elementor-widget-video\" data-id=\"1df90f8\" data-element_type=\"widget\" data-e-type=\"widget\" data-settings=\"{&quot;youtube_url&quot;:&quot;https:\\\/\\\/www.youtube.com\\\/watch?v=QQNXyOn3uBc&amp;t=1s&quot;,&quot;video_type&quot;:&quot;youtube&quot;,&quot;controls&quot;:&quot;yes&quot;}\" data-widget_type=\"video.default\">\n\t\t\t\t<div class=\"elementor-widget-container\">\n\t\t\t\t\t\t\t<div class=\"elementor-wrapper elementor-open-inline\">\n\t\t\t<div class=\"elementor-video\"><\/div>\t\t<\/div>\n\t\t\t\t\t\t<\/div>\n\t\t\t\t<\/div>\n\t\t\t\t\t<\/div>\n\t\t<\/div>\n\t\t\t\t<div class=\"elementor-column elementor-col-33 elementor-top-column elementor-element elementor-element-16df043\" data-id=\"16df043\" data-element_type=\"column\" data-e-type=\"column\">\n\t\t\t<div class=\"elementor-widget-wrap\">\n\t\t\t\t\t\t\t<\/div>\n\t\t<\/div>\n\t\t\t\t\t<\/div>\n\t\t<\/section>\n\t\t\t\t<\/div>\n\t\t","protected":false},"excerpt":{"rendered":"<p>TEK-IND ROTOSCREEN B-2C Serigrafia cont\u00ednua em ribbons. 2 cores. M\u00e1quina de impress\u00e3o bicolor Rotoscreen que permite impress\u00e3o bicolor&#8230;<\/p>\n","protected":false},"author":1,"featured_media":18631,"parent":0,"menu_order":0,"comment_status":"closed","ping_status":"closed","template":"elementor_header_footer","meta":{"_acf_changed":false,"footnotes":""},"class_list":["post-18054","page","type-page","status-publish","has-post-thumbnail","hentry"],"acf":[],"_links":{"self":[{"href":"https:\/\/lazarointernacional.com\/pt-pt\/wp-json\/wp\/v2\/pages\/18054","targetHints":{"allow":["GET"]}}],"collection":[{"href":"https:\/\/lazarointernacional.com\/pt-pt\/wp-json\/wp\/v2\/pages"}],"about":[{"href":"https:\/\/lazarointernacional.com\/pt-pt\/wp-json\/wp\/v2\/types\/page"}],"author":[{"embeddable":true,"href":"https:\/\/lazarointernacional.com\/pt-pt\/wp-json\/wp\/v2\/users\/1"}],"replies":[{"embeddable":true,"href":"https:\/\/lazarointernacional.com\/pt-pt\/wp-json\/wp\/v2\/comments?post=18054"}],"version-history":[{"count":3,"href":"https:\/\/lazarointernacional.com\/pt-pt\/wp-json\/wp\/v2\/pages\/18054\/revisions"}],"predecessor-version":[{"id":18638,"href":"https:\/\/lazarointernacional.com\/pt-pt\/wp-json\/wp\/v2\/pages\/18054\/revisions\/18638"}],"wp:featuredmedia":[{"embeddable":true,"href":"https:\/\/lazarointernacional.com\/pt-pt\/wp-json\/wp\/v2\/media\/18631"}],"wp:attachment":[{"href":"https:\/\/lazarointernacional.com\/pt-pt\/wp-json\/wp\/v2\/media?parent=18054"}],"curies":[{"name":"wp","href":"https:\/\/api.w.org\/{rel}","templated":true}]}}