{"id":18031,"date":"2022-12-16T11:06:59","date_gmt":"2022-12-16T10:06:59","guid":{"rendered":"https:\/\/lazarointernacional.com\/mec-mor-cmp\/"},"modified":"2022-12-16T11:14:46","modified_gmt":"2022-12-16T10:14:46","slug":"mec-mor-cmp","status":"publish","type":"page","link":"https:\/\/lazarointernacional.com\/pt-pt\/mec-mor-cmp\/","title":{"rendered":"MEC-MOR CMP"},"content":{"rendered":"\t\t<div data-elementor-type=\"wp-page\" data-elementor-id=\"18031\" class=\"elementor elementor-18031 elementor-15277\" data-elementor-post-type=\"page\">\n\t\t\t\t\t\t<section class=\"elementor-section elementor-top-section elementor-element elementor-element-bed3a95 elementor-section-boxed elementor-section-height-default elementor-section-height-default\" data-id=\"bed3a95\" data-element_type=\"section\" data-e-type=\"section\">\n\t\t\t\t\t\t<div class=\"elementor-container elementor-column-gap-default\">\n\t\t\t\t\t<div class=\"elementor-column elementor-col-100 elementor-top-column elementor-element elementor-element-3c96be9\" data-id=\"3c96be9\" data-element_type=\"column\" data-e-type=\"column\">\n\t\t\t<div class=\"elementor-widget-wrap elementor-element-populated\">\n\t\t\t\t\t\t<div class=\"elementor-element elementor-element-efc08ed elementor-widget elementor-widget-text-editor\" data-id=\"efc08ed\" data-element_type=\"widget\" data-e-type=\"widget\" data-widget_type=\"text-editor.default\">\n\t\t\t\t<div class=\"elementor-widget-container\">\n\t\t\t\t\t\t\t\t\t<h2><strong><u>OPORTUNIDADE USADA<\/u><\/strong><\/h2>\n<h4><strong><u>MEC-MOR CMP<\/u><\/strong><\/h4>\n<p>Dispomos de m\u00e1quinas MEC-MOR modelo CMP Gg. 14 com largura vari\u00e1vel (sistema variatex) para produ\u00e7\u00e3o de malhas e cal\u00e7ados.<\/p>\n<p>As m\u00e1quinas possuem doze alimentadores bidirecionais para oferecer uma grande variedade de tipos de pontos e alta performance.<\/p>\n<p>As m\u00e1quinas t\u00eam apenas amostras desenvolvidas e podem ser consideradas como novas.<\/p>\n<p>Eles est\u00e3o dispon\u00edveis em nossa sede em Pineda de Mar-Barcelona.<\/p>\n\t\t\t\t\t\t\t\t<\/div>\n\t\t\t\t<\/div>\n\t\t\t\t<div class=\"elementor-element elementor-element-78483b5 elementor-button-info elementor-widget elementor-widget-button\" data-id=\"78483b5\" data-element_type=\"widget\" data-e-type=\"widget\" data-widget_type=\"button.default\">\n\t\t\t\t<div class=\"elementor-widget-container\">\n\t\t\t\t\t\t\t\t\t<div class=\"elementor-button-wrapper\">\n\t\t\t\t\t<a class=\"elementor-button elementor-button-link elementor-size-md\" href=\"mailto:contact@lazarointernacional.com\" target=\"_blank\">\n\t\t\t\t\t\t<span class=\"elementor-button-content-wrapper\">\n\t\t\t\t\t\t<span class=\"elementor-button-icon\">\n\t\t\t\t<i aria-hidden=\"true\" class=\"fas fa-arrow-right\"><\/i>\t\t\t<\/span>\n\t\t\t\t\t\t\t\t\t<span class=\"elementor-button-text\">Mais informa\u00e7\u00e3o<\/span>\n\t\t\t\t\t<\/span>\n\t\t\t\t\t<\/a>\n\t\t\t\t<\/div>\n\t\t\t\t\t\t\t\t<\/div>\n\t\t\t\t<\/div>\n\t\t\t\t\t<\/div>\n\t\t<\/div>\n\t\t\t\t\t<\/div>\n\t\t<\/section>\n\t\t\t\t<section class=\"elementor-section elementor-top-section elementor-element elementor-element-14f4701 elementor-section-boxed elementor-section-height-default elementor-section-height-default\" data-id=\"14f4701\" data-element_type=\"section\" data-e-type=\"section\">\n\t\t\t\t\t\t<div class=\"elementor-container elementor-column-gap-default\">\n\t\t\t\t\t<div class=\"elementor-column elementor-col-66 elementor-top-column elementor-element elementor-element-1fbd3d4\" data-id=\"1fbd3d4\" data-element_type=\"column\" data-e-type=\"column\">\n\t\t\t<div class=\"elementor-widget-wrap elementor-element-populated\">\n\t\t\t\t\t\t<div data-over-color=\"\" data-over=\"overlay\" class=\"elementor-element elementor-element-8c80573 elementor-widget elementor-widget-video\" data-id=\"8c80573\" data-element_type=\"widget\" data-e-type=\"widget\" data-settings=\"{&quot;youtube_url&quot;:&quot;https:\\\/\\\/youtu.be\\\/iWT8ecZfKm8&quot;,&quot;video_type&quot;:&quot;youtube&quot;,&quot;controls&quot;:&quot;yes&quot;}\" data-widget_type=\"video.default\">\n\t\t\t\t<div class=\"elementor-widget-container\">\n\t\t\t\t\t\t\t<div class=\"elementor-wrapper elementor-open-inline\">\n\t\t\t<div class=\"elementor-video\"><\/div>\t\t<\/div>\n\t\t\t\t\t\t<\/div>\n\t\t\t\t<\/div>\n\t\t\t\t\t<\/div>\n\t\t<\/div>\n\t\t\t\t<div class=\"elementor-column elementor-col-33 elementor-top-column elementor-element elementor-element-3f43c8b\" data-id=\"3f43c8b\" data-element_type=\"column\" data-e-type=\"column\">\n\t\t\t<div class=\"elementor-widget-wrap\">\n\t\t\t\t\t\t\t<\/div>\n\t\t<\/div>\n\t\t\t\t\t<\/div>\n\t\t<\/section>\n\t\t\t\t<section class=\"elementor-section elementor-top-section elementor-element elementor-element-3090b46 elementor-section-boxed elementor-section-height-default elementor-section-height-default\" data-id=\"3090b46\" data-element_type=\"section\" data-e-type=\"section\">\n\t\t\t\t\t\t<div class=\"elementor-container elementor-column-gap-default\">\n\t\t\t\t\t<div class=\"elementor-column elementor-col-100 elementor-top-column elementor-element elementor-element-505319b\" data-id=\"505319b\" data-element_type=\"column\" data-e-type=\"column\">\n\t\t\t<div class=\"elementor-widget-wrap elementor-element-populated\">\n\t\t\t\t\t\t<div class=\"elementor-element elementor-element-42491c4 elementor-widget elementor-widget-image-gallery\" data-id=\"42491c4\" data-element_type=\"widget\" data-e-type=\"widget\" data-widget_type=\"image-gallery.default\">\n\t\t\t\t<div class=\"elementor-widget-container\">\n\t\t\t\t\t\t\t<div class=\"elementor-image-gallery\">\n\t\t\t<div id='gallery-1' class='gallery galleryid-18031 gallery-columns-2 gallery-size-full'><figure class='gallery-item'>\n\t\t\t<div class='gallery-icon portrait'>\n\t\t\t\t<a data-elementor-open-lightbox=\"yes\" data-elementor-lightbox-slideshow=\"42491c4\" data-elementor-lightbox-title=\"MEC-MOR-CMP-1\" data-e-action-hash=\"#elementor-action%3Aaction%3Dlightbox%26settings%3DeyJpZCI6MTUwMzUsInVybCI6Imh0dHBzOlwvXC9sYXphcm9pbnRlcm5hY2lvbmFsLmNvbVwvd3AtY29udGVudFwvdXBsb2Fkc1wvMjAyMlwvMTFcL01FQy1NT1ItQ01QLTEuanBnIiwic2xpZGVzaG93IjoiNDI0OTFjNCJ9\" href='https:\/\/lazarointernacional.com\/wp-content\/uploads\/2022\/11\/MEC-MOR-CMP-1.jpg'><img fetchpriority=\"high\" decoding=\"async\" width=\"450\" height=\"600\" src=\"https:\/\/lazarointernacional.com\/wp-content\/uploads\/2022\/11\/MEC-MOR-CMP-1.jpg\" class=\"attachment-full size-full\" alt=\"\" srcset=\"https:\/\/lazarointernacional.com\/wp-content\/uploads\/2022\/11\/MEC-MOR-CMP-1.jpg 450w, https:\/\/lazarointernacional.com\/wp-content\/uploads\/2022\/11\/MEC-MOR-CMP-1-225x300.jpg 225w, https:\/\/lazarointernacional.com\/wp-content\/uploads\/2022\/11\/MEC-MOR-CMP-1-285x380.jpg 285w, https:\/\/lazarointernacional.com\/wp-content\/uploads\/2022\/11\/MEC-MOR-CMP-1-113x150.jpg 113w\" sizes=\"(max-width: 450px) 100vw, 450px\" \/><\/a>\n\t\t\t<\/div><\/figure><figure class='gallery-item'>\n\t\t\t<div class='gallery-icon portrait'>\n\t\t\t\t<a data-elementor-open-lightbox=\"yes\" data-elementor-lightbox-slideshow=\"42491c4\" data-elementor-lightbox-title=\"MEC-MOR-CMP-2\" data-e-action-hash=\"#elementor-action%3Aaction%3Dlightbox%26settings%3DeyJpZCI6MTUwMzksInVybCI6Imh0dHBzOlwvXC9sYXphcm9pbnRlcm5hY2lvbmFsLmNvbVwvd3AtY29udGVudFwvdXBsb2Fkc1wvMjAyMlwvMTFcL01FQy1NT1ItQ01QLTIuanBnIiwic2xpZGVzaG93IjoiNDI0OTFjNCJ9\" href='https:\/\/lazarointernacional.com\/wp-content\/uploads\/2022\/11\/MEC-MOR-CMP-2.jpg'><img decoding=\"async\" width=\"450\" height=\"600\" src=\"https:\/\/lazarointernacional.com\/wp-content\/uploads\/2022\/11\/MEC-MOR-CMP-2.jpg\" class=\"attachment-full size-full\" alt=\"\" srcset=\"https:\/\/lazarointernacional.com\/wp-content\/uploads\/2022\/11\/MEC-MOR-CMP-2.jpg 450w, https:\/\/lazarointernacional.com\/wp-content\/uploads\/2022\/11\/MEC-MOR-CMP-2-225x300.jpg 225w, https:\/\/lazarointernacional.com\/wp-content\/uploads\/2022\/11\/MEC-MOR-CMP-2-285x380.jpg 285w, https:\/\/lazarointernacional.com\/wp-content\/uploads\/2022\/11\/MEC-MOR-CMP-2-113x150.jpg 113w\" sizes=\"(max-width: 450px) 100vw, 450px\" \/><\/a>\n\t\t\t<\/div><\/figure><figure class='gallery-item'>\n\t\t\t<div class='gallery-icon portrait'>\n\t\t\t\t<a data-elementor-open-lightbox=\"yes\" data-elementor-lightbox-slideshow=\"42491c4\" data-elementor-lightbox-title=\"MEC-MOR-CMP-3\" data-e-action-hash=\"#elementor-action%3Aaction%3Dlightbox%26settings%3DeyJpZCI6MTUwNDMsInVybCI6Imh0dHBzOlwvXC9sYXphcm9pbnRlcm5hY2lvbmFsLmNvbVwvd3AtY29udGVudFwvdXBsb2Fkc1wvMjAyMlwvMTFcL01FQy1NT1ItQ01QLTMuanBnIiwic2xpZGVzaG93IjoiNDI0OTFjNCJ9\" href='https:\/\/lazarointernacional.com\/wp-content\/uploads\/2022\/11\/MEC-MOR-CMP-3.jpg'><img decoding=\"async\" width=\"450\" height=\"600\" src=\"https:\/\/lazarointernacional.com\/wp-content\/uploads\/2022\/11\/MEC-MOR-CMP-3.jpg\" class=\"attachment-full size-full\" alt=\"\" srcset=\"https:\/\/lazarointernacional.com\/wp-content\/uploads\/2022\/11\/MEC-MOR-CMP-3.jpg 450w, https:\/\/lazarointernacional.com\/wp-content\/uploads\/2022\/11\/MEC-MOR-CMP-3-225x300.jpg 225w, https:\/\/lazarointernacional.com\/wp-content\/uploads\/2022\/11\/MEC-MOR-CMP-3-285x380.jpg 285w, https:\/\/lazarointernacional.com\/wp-content\/uploads\/2022\/11\/MEC-MOR-CMP-3-113x150.jpg 113w\" sizes=\"(max-width: 450px) 100vw, 450px\" \/><\/a>\n\t\t\t<\/div><\/figure><figure class='gallery-item'>\n\t\t\t<div class='gallery-icon portrait'>\n\t\t\t\t<a data-elementor-open-lightbox=\"yes\" data-elementor-lightbox-slideshow=\"42491c4\" data-elementor-lightbox-title=\"MEC-MOR-CMP-4\" data-e-action-hash=\"#elementor-action%3Aaction%3Dlightbox%26settings%3DeyJpZCI6MTUwNDcsInVybCI6Imh0dHBzOlwvXC9sYXphcm9pbnRlcm5hY2lvbmFsLmNvbVwvd3AtY29udGVudFwvdXBsb2Fkc1wvMjAyMlwvMTFcL01FQy1NT1ItQ01QLTQuanBnIiwic2xpZGVzaG93IjoiNDI0OTFjNCJ9\" href='https:\/\/lazarointernacional.com\/wp-content\/uploads\/2022\/11\/MEC-MOR-CMP-4.jpg'><img loading=\"lazy\" decoding=\"async\" width=\"450\" height=\"600\" src=\"https:\/\/lazarointernacional.com\/wp-content\/uploads\/2022\/11\/MEC-MOR-CMP-4.jpg\" class=\"attachment-full size-full\" alt=\"\" srcset=\"https:\/\/lazarointernacional.com\/wp-content\/uploads\/2022\/11\/MEC-MOR-CMP-4.jpg 450w, https:\/\/lazarointernacional.com\/wp-content\/uploads\/2022\/11\/MEC-MOR-CMP-4-225x300.jpg 225w, https:\/\/lazarointernacional.com\/wp-content\/uploads\/2022\/11\/MEC-MOR-CMP-4-285x380.jpg 285w, https:\/\/lazarointernacional.com\/wp-content\/uploads\/2022\/11\/MEC-MOR-CMP-4-113x150.jpg 113w\" sizes=\"(max-width: 450px) 100vw, 450px\" \/><\/a>\n\t\t\t<\/div><\/figure>\n\t\t<\/div>\n\t\t<\/div>\n\t\t\t\t\t\t<\/div>\n\t\t\t\t<\/div>\n\t\t\t\t\t<\/div>\n\t\t<\/div>\n\t\t\t\t\t<\/div>\n\t\t<\/section>\n\t\t\t\t<\/div>\n\t\t","protected":false},"excerpt":{"rendered":"<p>OPORTUNIDADE USADA MEC-MOR CMP Dispomos de m\u00e1quinas MEC-MOR modelo CMP Gg. 14 com largura vari\u00e1vel (sistema variatex) para&#8230;<\/p>\n","protected":false},"author":1,"featured_media":0,"parent":0,"menu_order":0,"comment_status":"closed","ping_status":"closed","template":"elementor_header_footer","meta":{"_acf_changed":false,"footnotes":""},"class_list":["post-18031","page","type-page","status-publish","hentry"],"acf":[],"_links":{"self":[{"href":"https:\/\/lazarointernacional.com\/pt-pt\/wp-json\/wp\/v2\/pages\/18031","targetHints":{"allow":["GET"]}}],"collection":[{"href":"https:\/\/lazarointernacional.com\/pt-pt\/wp-json\/wp\/v2\/pages"}],"about":[{"href":"https:\/\/lazarointernacional.com\/pt-pt\/wp-json\/wp\/v2\/types\/page"}],"author":[{"embeddable":true,"href":"https:\/\/lazarointernacional.com\/pt-pt\/wp-json\/wp\/v2\/users\/1"}],"replies":[{"embeddable":true,"href":"https:\/\/lazarointernacional.com\/pt-pt\/wp-json\/wp\/v2\/comments?post=18031"}],"version-history":[{"count":3,"href":"https:\/\/lazarointernacional.com\/pt-pt\/wp-json\/wp\/v2\/pages\/18031\/revisions"}],"predecessor-version":[{"id":18037,"href":"https:\/\/lazarointernacional.com\/pt-pt\/wp-json\/wp\/v2\/pages\/18031\/revisions\/18037"}],"wp:attachment":[{"href":"https:\/\/lazarointernacional.com\/pt-pt\/wp-json\/wp\/v2\/media?parent=18031"}],"curies":[{"name":"wp","href":"https:\/\/api.w.org\/{rel}","templated":true}]}}