{"id":17983,"date":"2022-12-16T10:24:31","date_gmt":"2022-12-16T09:24:31","guid":{"rendered":"https:\/\/lazarointernacional.com\/irmac-maquinas-e-pecas-de-reposicao\/"},"modified":"2023-01-05T09:25:10","modified_gmt":"2023-01-05T08:25:10","slug":"irmac-maquinas-e-pecas-de-reposicao","status":"publish","type":"page","link":"https:\/\/lazarointernacional.com\/pt-pt\/irmac-maquinas-e-pecas-de-reposicao\/","title":{"rendered":"IRMAC- M\u00e1quinas e pe\u00e7as de reposi\u00e7\u00e3o"},"content":{"rendered":"\t\t<div data-elementor-type=\"wp-page\" data-elementor-id=\"17983\" class=\"elementor elementor-17983\" data-elementor-post-type=\"page\">\n\t\t\t\t\t\t<section class=\"elementor-section elementor-top-section elementor-element elementor-element-a77394d elementor-section-boxed elementor-section-height-default elementor-section-height-default\" data-id=\"a77394d\" data-element_type=\"section\" data-e-type=\"section\">\n\t\t\t\t\t\t<div class=\"elementor-container elementor-column-gap-default\">\n\t\t\t\t\t<div class=\"elementor-column elementor-col-100 elementor-top-column elementor-element elementor-element-15ff44f\" data-id=\"15ff44f\" data-element_type=\"column\" data-e-type=\"column\">\n\t\t\t<div class=\"elementor-widget-wrap elementor-element-populated\">\n\t\t\t\t\t\t<div class=\"elementor-element elementor-element-5a4901d elementor-widget elementor-widget-text-editor\" data-id=\"5a4901d\" data-element_type=\"widget\" data-e-type=\"widget\" data-widget_type=\"text-editor.default\">\n\t\t\t\t<div class=\"elementor-widget-container\">\n\t\t\t\t\t\t\t\t\t<h4><strong><u>IRMAC <\/u><\/strong><\/h4>\n<h4>M\u00e1quinas e pe\u00e7as de reposi\u00e7\u00e3o para a ind\u00fastria de meias, chap\u00e9us, len\u00e7os e tecidos tubulares de qualquer tipo.<\/h4>\n<p>Desde 1947 a IRMAC TEX \u00e9 especializada na distribui\u00e7\u00e3o de m\u00e1quinas e servi\u00e7os para a ind\u00fastria de meias e tecidos tubulares para fins m\u00e9dicos, t\u00e9cnicos e personalizados de acordo com as demandas.<\/p>\n\t\t\t\t\t\t\t\t<\/div>\n\t\t\t\t<\/div>\n\t\t\t\t<div class=\"elementor-element elementor-element-ef84396 elementor-widget elementor-widget-image\" data-id=\"ef84396\" data-element_type=\"widget\" data-e-type=\"widget\" data-widget_type=\"image.default\">\n\t\t\t\t<div class=\"elementor-widget-container\">\n\t\t\t\t\t\t\t\t\t\t\t\t\t\t\t<img decoding=\"async\" width=\"195\" height=\"100\" src=\"https:\/\/lazarointernacional.com\/wp-content\/uploads\/2021\/04\/irmactexlogo.png\" class=\"attachment-full size-full wp-image-10061\" alt=\"\" srcset=\"https:\/\/lazarointernacional.com\/wp-content\/uploads\/2021\/04\/irmactexlogo.png 195w, https:\/\/lazarointernacional.com\/wp-content\/uploads\/2021\/04\/irmactexlogo-150x77.png 150w\" sizes=\"(max-width: 195px) 100vw, 195px\" \/>\t\t\t\t\t\t\t\t\t\t\t\t\t\t\t<\/div>\n\t\t\t\t<\/div>\n\t\t\t\t\t<\/div>\n\t\t<\/div>\n\t\t\t\t\t<\/div>\n\t\t<\/section>\n\t\t\t\t<\/div>\n\t\t","protected":false},"excerpt":{"rendered":"<p>IRMAC M\u00e1quinas e pe\u00e7as de reposi\u00e7\u00e3o para a ind\u00fastria de meias, chap\u00e9us, len\u00e7os e tecidos tubulares de qualquer&#8230;<\/p>\n","protected":false},"author":1,"featured_media":0,"parent":0,"menu_order":0,"comment_status":"closed","ping_status":"closed","template":"elementor_header_footer","meta":{"_acf_changed":false,"footnotes":""},"class_list":["post-17983","page","type-page","status-publish","hentry"],"acf":[],"_links":{"self":[{"href":"https:\/\/lazarointernacional.com\/pt-pt\/wp-json\/wp\/v2\/pages\/17983","targetHints":{"allow":["GET"]}}],"collection":[{"href":"https:\/\/lazarointernacional.com\/pt-pt\/wp-json\/wp\/v2\/pages"}],"about":[{"href":"https:\/\/lazarointernacional.com\/pt-pt\/wp-json\/wp\/v2\/types\/page"}],"author":[{"embeddable":true,"href":"https:\/\/lazarointernacional.com\/pt-pt\/wp-json\/wp\/v2\/users\/1"}],"replies":[{"embeddable":true,"href":"https:\/\/lazarointernacional.com\/pt-pt\/wp-json\/wp\/v2\/comments?post=17983"}],"version-history":[{"count":1,"href":"https:\/\/lazarointernacional.com\/pt-pt\/wp-json\/wp\/v2\/pages\/17983\/revisions"}],"predecessor-version":[{"id":17984,"href":"https:\/\/lazarointernacional.com\/pt-pt\/wp-json\/wp\/v2\/pages\/17983\/revisions\/17984"}],"wp:attachment":[{"href":"https:\/\/lazarointernacional.com\/pt-pt\/wp-json\/wp\/v2\/media?parent=17983"}],"curies":[{"name":"wp","href":"https:\/\/api.w.org\/{rel}","templated":true}]}}