{"id":17947,"date":"2022-12-16T09:53:21","date_gmt":"2022-12-16T08:53:21","guid":{"rendered":"https:\/\/lazarointernacional.com\/nautilus-dinema\/"},"modified":"2022-12-16T10:04:01","modified_gmt":"2022-12-16T09:04:01","slug":"nautilus-dinema","status":"publish","type":"page","link":"https:\/\/lazarointernacional.com\/pt-pt\/nautilus-dinema\/","title":{"rendered":"NAUTILUS-DINEMA"},"content":{"rendered":"\t\t<div data-elementor-type=\"wp-page\" data-elementor-id=\"17947\" class=\"elementor elementor-17947 elementor-15301\" data-elementor-post-type=\"page\">\n\t\t\t\t\t\t<section class=\"elementor-section elementor-top-section elementor-element elementor-element-561f171 elementor-section-boxed elementor-section-height-default elementor-section-height-default\" data-id=\"561f171\" data-element_type=\"section\" data-e-type=\"section\">\n\t\t\t\t\t\t<div class=\"elementor-container elementor-column-gap-default\">\n\t\t\t\t\t<div class=\"elementor-column elementor-col-100 elementor-top-column elementor-element elementor-element-088ace4\" data-id=\"088ace4\" data-element_type=\"column\" data-e-type=\"column\">\n\t\t\t<div class=\"elementor-widget-wrap elementor-element-populated\">\n\t\t\t\t\t\t<div class=\"elementor-element elementor-element-2fe062e elementor-widget elementor-widget-text-editor\" data-id=\"2fe062e\" data-element_type=\"widget\" data-e-type=\"widget\" data-widget_type=\"text-editor.default\">\n\t\t\t\t<div class=\"elementor-widget-container\">\n\t\t\t\t\t\t\t\t\t<h4><strong><u>NAUTILUS-DINEMA<\/u><\/strong><\/h4>\n<p>O Nautilus \u00e9 um sistema de coleta de dados que conecta todas as m\u00e1quinas por meio de placas dedicadas e cabos Ethernet padr\u00e3o.<\/p>\n<p>A interface do software oferece controle visual completo do status da sala de m\u00e1quinas no n\u00edvel de sala\/grupo\/m\u00e1quina individual. A NAUTILUS, al\u00e9m de coletar dados, pode intervir no planejamento da produ\u00e7\u00e3o.<\/p>\n\t\t\t\t\t\t\t\t<\/div>\n\t\t\t\t<\/div>\n\t\t\t\t<div class=\"elementor-element elementor-element-c13e29f elementor-button-info elementor-widget elementor-widget-button\" data-id=\"c13e29f\" data-element_type=\"widget\" data-e-type=\"widget\" data-widget_type=\"button.default\">\n\t\t\t\t<div class=\"elementor-widget-container\">\n\t\t\t\t\t\t\t\t\t<div class=\"elementor-button-wrapper\">\n\t\t\t\t\t<a class=\"elementor-button elementor-button-link elementor-size-md\" href=\"https:\/\/www.dinema.it\/uploads\/2019-9-6\/scheda-tecnica_nautilus.pdf\" target=\"_blank\">\n\t\t\t\t\t\t<span class=\"elementor-button-content-wrapper\">\n\t\t\t\t\t\t<span class=\"elementor-button-icon\">\n\t\t\t\t<i aria-hidden=\"true\" class=\"fas fa-file-download\"><\/i>\t\t\t<\/span>\n\t\t\t\t\t\t\t\t\t<span class=\"elementor-button-text\">CATALOGO DINEMA NAUTILUS<\/span>\n\t\t\t\t\t<\/span>\n\t\t\t\t\t<\/a>\n\t\t\t\t<\/div>\n\t\t\t\t\t\t\t\t<\/div>\n\t\t\t\t<\/div>\n\t\t\t\t<div class=\"elementor-element elementor-element-c85c3fd elementor-widget elementor-widget-text-editor\" data-id=\"c85c3fd\" data-element_type=\"widget\" data-e-type=\"widget\" data-widget_type=\"text-editor.default\">\n\t\t\t\t<div class=\"elementor-widget-container\">\n\t\t\t\t\t\t\t\t\t<h4><strong><u>NAUTILUS LIGHT<\/u><\/strong><\/h4>\n<p>O NAUTILUS Light \u00e9 um sistema de controle de produ\u00e7\u00e3o dedicado a pequenas e m\u00e9dias empresas.<\/p>\n<p>Voc\u00ea poder\u00e1 obter benef\u00edcios na produ\u00e7\u00e3o, pois ter\u00e1 total rastreabilidade da produ\u00e7\u00e3o e controles de qualidade, poder\u00e1 obter informa\u00e7\u00f5es sobre tend\u00eancias e fazer corre\u00e7\u00f5es para otimizar a efici\u00eancia dos processos.<\/p>\n\t\t\t\t\t\t\t\t<\/div>\n\t\t\t\t<\/div>\n\t\t\t\t<div class=\"elementor-element elementor-element-fd761b9 elementor-button-info elementor-widget elementor-widget-button\" data-id=\"fd761b9\" data-element_type=\"widget\" data-e-type=\"widget\" data-widget_type=\"button.default\">\n\t\t\t\t<div class=\"elementor-widget-container\">\n\t\t\t\t\t\t\t\t\t<div class=\"elementor-button-wrapper\">\n\t\t\t\t\t<a class=\"elementor-button elementor-button-link elementor-size-md\" href=\"https:\/\/www.dinema.it\/uploads\/2019-9-6\/scheda-tecnica_nautilus-light.pdf\" target=\"_blank\">\n\t\t\t\t\t\t<span class=\"elementor-button-content-wrapper\">\n\t\t\t\t\t\t<span class=\"elementor-button-icon\">\n\t\t\t\t<i aria-hidden=\"true\" class=\"fas fa-file-download\"><\/i>\t\t\t<\/span>\n\t\t\t\t\t\t\t\t\t<span class=\"elementor-button-text\">CATALOGO DINEMA NAUTILUS LIGHT<\/span>\n\t\t\t\t\t<\/span>\n\t\t\t\t\t<\/a>\n\t\t\t\t<\/div>\n\t\t\t\t\t\t\t\t<\/div>\n\t\t\t\t<\/div>\n\t\t\t\t\t<\/div>\n\t\t<\/div>\n\t\t\t\t\t<\/div>\n\t\t<\/section>\n\t\t\t\t<section class=\"elementor-section elementor-top-section elementor-element elementor-element-beda193 elementor-section-boxed elementor-section-height-default elementor-section-height-default\" data-id=\"beda193\" data-element_type=\"section\" data-e-type=\"section\">\n\t\t\t\t\t\t<div class=\"elementor-container elementor-column-gap-default\">\n\t\t\t\t\t<div class=\"elementor-column elementor-col-66 elementor-top-column elementor-element elementor-element-bbcb9a5\" data-id=\"bbcb9a5\" data-element_type=\"column\" data-e-type=\"column\">\n\t\t\t<div class=\"elementor-widget-wrap elementor-element-populated\">\n\t\t\t\t\t\t<div class=\"elementor-element elementor-element-dc6cd0e elementor-widget elementor-widget-image\" data-id=\"dc6cd0e\" data-element_type=\"widget\" data-e-type=\"widget\" data-widget_type=\"image.default\">\n\t\t\t\t<div class=\"elementor-widget-container\">\n\t\t\t\t\t\t\t\t\t\t\t\t\t\t\t<img fetchpriority=\"high\" decoding=\"async\" width=\"940\" height=\"705\" src=\"https:\/\/lazarointernacional.com\/wp-content\/uploads\/2022\/11\/DINEMA-nautilus.jpg\" class=\"attachment-large size-large wp-image-14804\" alt=\"\" srcset=\"https:\/\/lazarointernacional.com\/wp-content\/uploads\/2022\/11\/DINEMA-nautilus.jpg 940w, https:\/\/lazarointernacional.com\/wp-content\/uploads\/2022\/11\/DINEMA-nautilus-300x225.jpg 300w, https:\/\/lazarointernacional.com\/wp-content\/uploads\/2022\/11\/DINEMA-nautilus-768x576.jpg 768w, https:\/\/lazarointernacional.com\/wp-content\/uploads\/2022\/11\/DINEMA-nautilus-285x214.jpg 285w, https:\/\/lazarointernacional.com\/wp-content\/uploads\/2022\/11\/DINEMA-nautilus-800x600.jpg 800w, https:\/\/lazarointernacional.com\/wp-content\/uploads\/2022\/11\/DINEMA-nautilus-660x495.jpg 660w, https:\/\/lazarointernacional.com\/wp-content\/uploads\/2022\/11\/DINEMA-nautilus-150x113.jpg 150w\" sizes=\"(max-width: 940px) 100vw, 940px\" \/>\t\t\t\t\t\t\t\t\t\t\t\t\t\t\t<\/div>\n\t\t\t\t<\/div>\n\t\t\t\t\t<\/div>\n\t\t<\/div>\n\t\t\t\t<div class=\"elementor-column elementor-col-33 elementor-top-column elementor-element elementor-element-a36ef38\" data-id=\"a36ef38\" data-element_type=\"column\" data-e-type=\"column\">\n\t\t\t<div class=\"elementor-widget-wrap\">\n\t\t\t\t\t\t\t<\/div>\n\t\t<\/div>\n\t\t\t\t\t<\/div>\n\t\t<\/section>\n\t\t\t\t<\/div>\n\t\t","protected":false},"excerpt":{"rendered":"<p>NAUTILUS-DINEMA O Nautilus \u00e9 um sistema de coleta de dados que conecta todas as m\u00e1quinas por meio de&#8230;<\/p>\n","protected":false},"author":1,"featured_media":14804,"parent":0,"menu_order":0,"comment_status":"closed","ping_status":"closed","template":"elementor_header_footer","meta":{"_acf_changed":false,"footnotes":""},"class_list":["post-17947","page","type-page","status-publish","has-post-thumbnail","hentry"],"acf":[],"_links":{"self":[{"href":"https:\/\/lazarointernacional.com\/pt-pt\/wp-json\/wp\/v2\/pages\/17947","targetHints":{"allow":["GET"]}}],"collection":[{"href":"https:\/\/lazarointernacional.com\/pt-pt\/wp-json\/wp\/v2\/pages"}],"about":[{"href":"https:\/\/lazarointernacional.com\/pt-pt\/wp-json\/wp\/v2\/types\/page"}],"author":[{"embeddable":true,"href":"https:\/\/lazarointernacional.com\/pt-pt\/wp-json\/wp\/v2\/users\/1"}],"replies":[{"embeddable":true,"href":"https:\/\/lazarointernacional.com\/pt-pt\/wp-json\/wp\/v2\/comments?post=17947"}],"version-history":[{"count":2,"href":"https:\/\/lazarointernacional.com\/pt-pt\/wp-json\/wp\/v2\/pages\/17947\/revisions"}],"predecessor-version":[{"id":17958,"href":"https:\/\/lazarointernacional.com\/pt-pt\/wp-json\/wp\/v2\/pages\/17947\/revisions\/17958"}],"wp:featuredmedia":[{"embeddable":true,"href":"https:\/\/lazarointernacional.com\/pt-pt\/wp-json\/wp\/v2\/media\/14804"}],"wp:attachment":[{"href":"https:\/\/lazarointernacional.com\/pt-pt\/wp-json\/wp\/v2\/media?parent=17947"}],"curies":[{"name":"wp","href":"https:\/\/api.w.org\/{rel}","templated":true}]}}