{"id":17929,"date":"2022-12-16T09:29:02","date_gmt":"2022-12-16T08:29:02","guid":{"rendered":"https:\/\/lazarointernacional.com\/232-digimax-complett-ks\/"},"modified":"2022-12-16T09:29:02","modified_gmt":"2022-12-16T08:29:02","slug":"232-digimax-complett-ks","status":"publish","type":"page","link":"https:\/\/lazarointernacional.com\/pt-pt\/232-digimax-complett-ks\/","title":{"rendered":"232 DIGIMAX \u2013 Complett K&#038;S"},"content":{"rendered":"\t\t<div data-elementor-type=\"wp-page\" data-elementor-id=\"17929\" class=\"elementor elementor-17929 elementor-15306\" data-elementor-post-type=\"page\">\n\t\t\t\t\t\t<section class=\"elementor-section elementor-top-section elementor-element elementor-element-5dbb052 elementor-section-boxed elementor-section-height-default elementor-section-height-default\" data-id=\"5dbb052\" data-element_type=\"section\" data-e-type=\"section\">\n\t\t\t\t\t\t<div class=\"elementor-container elementor-column-gap-default\">\n\t\t\t\t\t<div class=\"elementor-column elementor-col-100 elementor-top-column elementor-element elementor-element-e77d1a0\" data-id=\"e77d1a0\" data-element_type=\"column\" data-e-type=\"column\">\n\t\t\t<div class=\"elementor-widget-wrap elementor-element-populated\">\n\t\t\t\t\t\t<div class=\"elementor-element elementor-element-c4b7e0f elementor-widget elementor-widget-text-editor\" data-id=\"c4b7e0f\" data-element_type=\"widget\" data-e-type=\"widget\" data-widget_type=\"text-editor.default\">\n\t\t\t\t<div class=\"elementor-widget-container\">\n\t\t\t\t\t\t\t\t\t<h4><strong><u>232 DIGIMAX \u2013Complett K&amp;S<\/u><\/strong><\/h4>\n<p><strong><u>Costura eletr\u00f4nica integral para fechamento de meias<\/u><\/strong><\/p>\n<p>O baix\u00edssimo consumo de energia: 140 WATTS (equivalente ao consumo de uma l\u00e2mpada de uso dom\u00e9stico) A aus\u00eancia de vibra\u00e7\u00f5es, o sil\u00eancio do exerc\u00edcio, aliados \u00e0 alta velocidade e qualidade da costura fazem da 232 a esta\u00e7\u00e3o de trabalho ideal para benef\u00edcios, produtividade e ergonomia.<\/p>\n<p>M\u00e1quina rec\u00e9m-concebida que tira partido da tecnologia \u00abALU-SPEED\u00bb: a nova patente Complet sobre os movimentos das cabe\u00e7as de costura. Menos atrito, massas m\u00f3veis reduzidas e equilibradas e lubrifica\u00e7\u00e3o perfeita permitem atingir maior velocidade com praticamente nenhum desgaste das pe\u00e7as.<\/p>\n\t\t\t\t\t\t\t\t<\/div>\n\t\t\t\t<\/div>\n\t\t\t\t<div class=\"elementor-element elementor-element-91d0896 elementor-button-info elementor-widget elementor-widget-button\" data-id=\"91d0896\" data-element_type=\"widget\" data-e-type=\"widget\" data-widget_type=\"button.default\">\n\t\t\t\t<div class=\"elementor-widget-container\">\n\t\t\t\t\t\t\t\t\t<div class=\"elementor-button-wrapper\">\n\t\t\t\t\t<a class=\"elementor-button elementor-button-link elementor-size-md\" href=\"http:\/\/www.complett.it\/en\/socks\/232-digimax-18\" target=\"_blank\">\n\t\t\t\t\t\t<span class=\"elementor-button-content-wrapper\">\n\t\t\t\t\t\t<span class=\"elementor-button-icon\">\n\t\t\t\t<i aria-hidden=\"true\" class=\"fas fa-arrow-right\"><\/i>\t\t\t<\/span>\n\t\t\t\t\t\t\t\t\t<span class=\"elementor-button-text\">Outras caracter\u00edsticas<\/span>\n\t\t\t\t\t<\/span>\n\t\t\t\t\t<\/a>\n\t\t\t\t<\/div>\n\t\t\t\t\t\t\t\t<\/div>\n\t\t\t\t<\/div>\n\t\t\t\t\t<\/div>\n\t\t<\/div>\n\t\t\t\t\t<\/div>\n\t\t<\/section>\n\t\t\t\t<section class=\"elementor-section elementor-top-section elementor-element elementor-element-9bc10b9 elementor-section-boxed elementor-section-height-default elementor-section-height-default\" data-id=\"9bc10b9\" data-element_type=\"section\" data-e-type=\"section\">\n\t\t\t\t\t\t<div class=\"elementor-container elementor-column-gap-default\">\n\t\t\t\t\t<div class=\"elementor-column elementor-col-66 elementor-top-column elementor-element elementor-element-ada06de\" data-id=\"ada06de\" data-element_type=\"column\" data-e-type=\"column\">\n\t\t\t<div class=\"elementor-widget-wrap elementor-element-populated\">\n\t\t\t\t\t\t<div data-over-color=\"\" data-over=\"overlay\" class=\"elementor-element elementor-element-baffdb0 elementor-widget elementor-widget-video\" data-id=\"baffdb0\" data-element_type=\"widget\" data-e-type=\"widget\" data-settings=\"{&quot;youtube_url&quot;:&quot;https:\\\/\\\/youtu.be\\\/IRMonp5bT-8&quot;,&quot;video_type&quot;:&quot;youtube&quot;,&quot;controls&quot;:&quot;yes&quot;}\" data-widget_type=\"video.default\">\n\t\t\t\t<div class=\"elementor-widget-container\">\n\t\t\t\t\t\t\t<div class=\"elementor-wrapper elementor-open-inline\">\n\t\t\t<div class=\"elementor-video\"><\/div>\t\t<\/div>\n\t\t\t\t\t\t<\/div>\n\t\t\t\t<\/div>\n\t\t\t\t\t<\/div>\n\t\t<\/div>\n\t\t\t\t<div class=\"elementor-column elementor-col-33 elementor-top-column elementor-element elementor-element-f80d9d4\" data-id=\"f80d9d4\" data-element_type=\"column\" data-e-type=\"column\">\n\t\t\t<div class=\"elementor-widget-wrap\">\n\t\t\t\t\t\t\t<\/div>\n\t\t<\/div>\n\t\t\t\t\t<\/div>\n\t\t<\/section>\n\t\t\t\t<section class=\"elementor-section elementor-top-section elementor-element elementor-element-93100ae elementor-section-boxed elementor-section-height-default elementor-section-height-default\" data-id=\"93100ae\" data-element_type=\"section\" data-e-type=\"section\">\n\t\t\t\t\t\t<div class=\"elementor-container elementor-column-gap-default\">\n\t\t\t\t\t<div class=\"elementor-column elementor-col-66 elementor-top-column elementor-element elementor-element-d20b994\" data-id=\"d20b994\" data-element_type=\"column\" data-e-type=\"column\">\n\t\t\t<div class=\"elementor-widget-wrap elementor-element-populated\">\n\t\t\t\t\t\t<div class=\"elementor-element elementor-element-e7c32ca elementor-widget elementor-widget-image-gallery\" data-id=\"e7c32ca\" data-element_type=\"widget\" data-e-type=\"widget\" data-widget_type=\"image-gallery.default\">\n\t\t\t\t<div class=\"elementor-widget-container\">\n\t\t\t\t\t\t\t<div class=\"elementor-image-gallery\">\n\t\t\t<div id='gallery-1' class='gallery galleryid-17929 gallery-columns-4 gallery-size-thumbnail'><figure class='gallery-item'>\n\t\t\t<div class='gallery-icon landscape'>\n\t\t\t\t<a data-elementor-open-lightbox=\"yes\" data-elementor-lightbox-slideshow=\"e7c32ca\" data-elementor-lightbox-title=\"232-digimax-1\" data-e-action-hash=\"#elementor-action%3Aaction%3Dlightbox%26settings%3DeyJpZCI6MTY1MTksInVybCI6Imh0dHBzOlwvXC9sYXphcm9pbnRlcm5hY2lvbmFsLmNvbVwvd3AtY29udGVudFwvdXBsb2Fkc1wvMjAyMlwvMTFcLzIzMi1kaWdpbWF4LTEuanBnIiwic2xpZGVzaG93IjoiZTdjMzJjYSJ9\" href='https:\/\/lazarointernacional.com\/wp-content\/uploads\/2022\/11\/232-digimax-1.jpg'><img decoding=\"async\" width=\"150\" height=\"150\" src=\"https:\/\/lazarointernacional.com\/wp-content\/uploads\/2022\/11\/232-digimax-1-150x150.jpg\" class=\"attachment-thumbnail size-thumbnail\" alt=\"\" srcset=\"https:\/\/lazarointernacional.com\/wp-content\/uploads\/2022\/11\/232-digimax-1-150x150.jpg 150w, https:\/\/lazarointernacional.com\/wp-content\/uploads\/2022\/11\/232-digimax-1-270x270.jpg 270w, https:\/\/lazarointernacional.com\/wp-content\/uploads\/2022\/11\/232-digimax-1-540x540.jpg 540w\" sizes=\"(max-width: 150px) 100vw, 150px\" \/><\/a>\n\t\t\t<\/div><\/figure><figure class='gallery-item'>\n\t\t\t<div class='gallery-icon landscape'>\n\t\t\t\t<a data-elementor-open-lightbox=\"yes\" data-elementor-lightbox-slideshow=\"e7c32ca\" data-elementor-lightbox-title=\"232-digimax-2\" data-e-action-hash=\"#elementor-action%3Aaction%3Dlightbox%26settings%3DeyJpZCI6MTY1MjMsInVybCI6Imh0dHBzOlwvXC9sYXphcm9pbnRlcm5hY2lvbmFsLmNvbVwvd3AtY29udGVudFwvdXBsb2Fkc1wvMjAyMlwvMTFcLzIzMi1kaWdpbWF4LTIuanBnIiwic2xpZGVzaG93IjoiZTdjMzJjYSJ9\" href='https:\/\/lazarointernacional.com\/wp-content\/uploads\/2022\/11\/232-digimax-2.jpg'><img decoding=\"async\" width=\"150\" height=\"150\" src=\"https:\/\/lazarointernacional.com\/wp-content\/uploads\/2022\/11\/232-digimax-2-150x150.jpg\" class=\"attachment-thumbnail size-thumbnail\" alt=\"\" srcset=\"https:\/\/lazarointernacional.com\/wp-content\/uploads\/2022\/11\/232-digimax-2-150x150.jpg 150w, https:\/\/lazarointernacional.com\/wp-content\/uploads\/2022\/11\/232-digimax-2-270x270.jpg 270w, https:\/\/lazarointernacional.com\/wp-content\/uploads\/2022\/11\/232-digimax-2-540x540.jpg 540w\" sizes=\"(max-width: 150px) 100vw, 150px\" \/><\/a>\n\t\t\t<\/div><\/figure><figure class='gallery-item'>\n\t\t\t<div class='gallery-icon landscape'>\n\t\t\t\t<a data-elementor-open-lightbox=\"yes\" data-elementor-lightbox-slideshow=\"e7c32ca\" data-elementor-lightbox-title=\"232-digimax-3\" data-e-action-hash=\"#elementor-action%3Aaction%3Dlightbox%26settings%3DeyJpZCI6MTY1MjcsInVybCI6Imh0dHBzOlwvXC9sYXphcm9pbnRlcm5hY2lvbmFsLmNvbVwvd3AtY29udGVudFwvdXBsb2Fkc1wvMjAyMlwvMTFcLzIzMi1kaWdpbWF4LTMuanBnIiwic2xpZGVzaG93IjoiZTdjMzJjYSJ9\" href='https:\/\/lazarointernacional.com\/wp-content\/uploads\/2022\/11\/232-digimax-3.jpg'><img decoding=\"async\" width=\"150\" height=\"150\" src=\"https:\/\/lazarointernacional.com\/wp-content\/uploads\/2022\/11\/232-digimax-3-150x150.jpg\" class=\"attachment-thumbnail size-thumbnail\" alt=\"\" srcset=\"https:\/\/lazarointernacional.com\/wp-content\/uploads\/2022\/11\/232-digimax-3-150x150.jpg 150w, https:\/\/lazarointernacional.com\/wp-content\/uploads\/2022\/11\/232-digimax-3-270x270.jpg 270w, https:\/\/lazarointernacional.com\/wp-content\/uploads\/2022\/11\/232-digimax-3-540x540.jpg 540w\" sizes=\"(max-width: 150px) 100vw, 150px\" \/><\/a>\n\t\t\t<\/div><\/figure><figure class='gallery-item'>\n\t\t\t<div class='gallery-icon portrait'>\n\t\t\t\t<a data-elementor-open-lightbox=\"yes\" data-elementor-lightbox-slideshow=\"e7c32ca\" data-elementor-lightbox-title=\"232-digimax-4\" data-e-action-hash=\"#elementor-action%3Aaction%3Dlightbox%26settings%3DeyJpZCI6MTY1MzEsInVybCI6Imh0dHBzOlwvXC9sYXphcm9pbnRlcm5hY2lvbmFsLmNvbVwvd3AtY29udGVudFwvdXBsb2Fkc1wvMjAyMlwvMTFcLzIzMi1kaWdpbWF4LTQuanBnIiwic2xpZGVzaG93IjoiZTdjMzJjYSJ9\" href='https:\/\/lazarointernacional.com\/wp-content\/uploads\/2022\/11\/232-digimax-4.jpg'><img loading=\"lazy\" decoding=\"async\" width=\"150\" height=\"150\" src=\"https:\/\/lazarointernacional.com\/wp-content\/uploads\/2022\/11\/232-digimax-4-150x150.jpg\" class=\"attachment-thumbnail size-thumbnail\" alt=\"\" srcset=\"https:\/\/lazarointernacional.com\/wp-content\/uploads\/2022\/11\/232-digimax-4-150x150.jpg 150w, https:\/\/lazarointernacional.com\/wp-content\/uploads\/2022\/11\/232-digimax-4-270x270.jpg 270w, https:\/\/lazarointernacional.com\/wp-content\/uploads\/2022\/11\/232-digimax-4-540x540.jpg 540w\" sizes=\"(max-width: 150px) 100vw, 150px\" \/><\/a>\n\t\t\t<\/div><\/figure>\n\t\t<\/div>\n\t\t<\/div>\n\t\t\t\t\t\t<\/div>\n\t\t\t\t<\/div>\n\t\t\t\t\t<\/div>\n\t\t<\/div>\n\t\t\t\t<div class=\"elementor-column elementor-col-33 elementor-top-column elementor-element elementor-element-200adc5\" data-id=\"200adc5\" data-element_type=\"column\" data-e-type=\"column\">\n\t\t\t<div class=\"elementor-widget-wrap\">\n\t\t\t\t\t\t\t<\/div>\n\t\t<\/div>\n\t\t\t\t\t<\/div>\n\t\t<\/section>\n\t\t\t\t<\/div>\n\t\t","protected":false},"excerpt":{"rendered":"<p>232 DIGIMAX \u2013Complett K&amp;S Costura eletr\u00f4nica integral para fechamento de meias O baix\u00edssimo consumo de energia: 140 WATTS&#8230;<\/p>\n","protected":false},"author":1,"featured_media":0,"parent":0,"menu_order":0,"comment_status":"closed","ping_status":"closed","template":"elementor_header_footer","meta":{"_acf_changed":false,"footnotes":""},"class_list":["post-17929","page","type-page","status-publish","hentry"],"acf":[],"_links":{"self":[{"href":"https:\/\/lazarointernacional.com\/pt-pt\/wp-json\/wp\/v2\/pages\/17929","targetHints":{"allow":["GET"]}}],"collection":[{"href":"https:\/\/lazarointernacional.com\/pt-pt\/wp-json\/wp\/v2\/pages"}],"about":[{"href":"https:\/\/lazarointernacional.com\/pt-pt\/wp-json\/wp\/v2\/types\/page"}],"author":[{"embeddable":true,"href":"https:\/\/lazarointernacional.com\/pt-pt\/wp-json\/wp\/v2\/users\/1"}],"replies":[{"embeddable":true,"href":"https:\/\/lazarointernacional.com\/pt-pt\/wp-json\/wp\/v2\/comments?post=17929"}],"version-history":[{"count":1,"href":"https:\/\/lazarointernacional.com\/pt-pt\/wp-json\/wp\/v2\/pages\/17929\/revisions"}],"predecessor-version":[{"id":17930,"href":"https:\/\/lazarointernacional.com\/pt-pt\/wp-json\/wp\/v2\/pages\/17929\/revisions\/17930"}],"wp:attachment":[{"href":"https:\/\/lazarointernacional.com\/pt-pt\/wp-json\/wp\/v2\/media?parent=17929"}],"curies":[{"name":"wp","href":"https:\/\/api.w.org\/{rel}","templated":true}]}}