{"id":17619,"date":"2022-12-14T12:04:15","date_gmt":"2022-12-14T11:04:15","guid":{"rendered":"https:\/\/lazarointernacional.com\/fiacao\/"},"modified":"2025-06-09T09:17:39","modified_gmt":"2025-06-09T07:17:39","slug":"laboratorio","status":"publish","type":"page","link":"https:\/\/lazarointernacional.com\/pt-pt\/laboratorio\/","title":{"rendered":"Laborat\u00f3rio"},"content":{"rendered":"\t\t<div data-elementor-type=\"wp-page\" data-elementor-id=\"17619\" class=\"elementor elementor-17619 elementor-15969\" data-elementor-post-type=\"page\">\n\t\t\t\t\t\t<section class=\"elementor-section elementor-top-section elementor-element elementor-element-e73d7a9 elementor-section-boxed elementor-section-height-default elementor-section-height-default\" data-id=\"e73d7a9\" data-element_type=\"section\" data-e-type=\"section\" data-settings=\"{&quot;background_background&quot;:&quot;classic&quot;}\">\n\t\t\t\t\t\t<div class=\"elementor-container elementor-column-gap-default\">\n\t\t\t\t\t<div class=\"elementor-column elementor-col-25 elementor-top-column elementor-element elementor-element-08b0879\" data-id=\"08b0879\" data-element_type=\"column\" data-e-type=\"column\">\n\t\t\t<div class=\"elementor-widget-wrap elementor-element-populated\">\n\t\t\t\t\t\t<div class=\"elementor-element elementor-element-0d4e3dc elementor-widget elementor-widget-text-editor\" data-id=\"0d4e3dc\" data-element_type=\"widget\" data-e-type=\"widget\" data-widget_type=\"text-editor.default\">\n\t\t\t\t<div class=\"elementor-widget-container\">\n\t\t\t\t\t\t\t\t\t<h3>LAZARO INTERNACIONAL, S.A.<\/h3>\n<p>Fornecemos todas as informa\u00e7\u00f5es relacionadas \u00e0 produ\u00e7\u00e3o das m\u00e1quinas que oferecemos.<\/p>\n\t\t\t\t\t\t\t\t<\/div>\n\t\t\t\t<\/div>\n\t\t\t\t\t<\/div>\n\t\t<\/div>\n\t\t\t\t<div class=\"elementor-column elementor-col-50 elementor-top-column elementor-element elementor-element-26f6ce4\" data-id=\"26f6ce4\" data-element_type=\"column\" data-e-type=\"column\">\n\t\t\t<div class=\"elementor-widget-wrap elementor-element-populated\">\n\t\t\t\t\t\t<div class=\"elementor-element elementor-element-dac1ebe elementor-hidden-tablet elementor-hidden-mobile elementor-widget elementor-widget-image\" data-id=\"dac1ebe\" data-element_type=\"widget\" data-e-type=\"widget\" data-widget_type=\"image.default\">\n\t\t\t\t<div class=\"elementor-widget-container\">\n\t\t\t\t\t\t\t\t\t\t\t\t\t\t\t<img decoding=\"async\" width=\"125\" height=\"125\" src=\"https:\/\/lazarointernacional.com\/wp-content\/uploads\/2022\/10\/world.png\" class=\"attachment-full size-full wp-image-13816\" alt=\"\" \/>\t\t\t\t\t\t\t\t\t\t\t\t\t\t\t<\/div>\n\t\t\t\t<\/div>\n\t\t\t\t\t<\/div>\n\t\t<\/div>\n\t\t\t\t<div class=\"elementor-column elementor-col-25 elementor-top-column elementor-element elementor-element-1609bfd\" data-id=\"1609bfd\" data-element_type=\"column\" data-e-type=\"column\">\n\t\t\t<div class=\"elementor-widget-wrap elementor-element-populated\">\n\t\t\t\t\t\t<div class=\"elementor-element elementor-element-0c03b98 elementor-widget elementor-widget-text-editor\" data-id=\"0c03b98\" data-element_type=\"widget\" data-e-type=\"widget\" data-widget_type=\"text-editor.default\">\n\t\t\t\t<div class=\"elementor-widget-container\">\n\t\t\t\t\t\t\t\t\t<p>Com\u00e9rcio e distribui\u00e7\u00e3o de m\u00e1quinas novas para laborat\u00f3rios t\u00eaxteis.<\/p>\n\t\t\t\t\t\t\t\t<\/div>\n\t\t\t\t<\/div>\n\t\t\t\t\t<\/div>\n\t\t<\/div>\n\t\t\t\t\t<\/div>\n\t\t<\/section>\n\t\t\t\t<section class=\"elementor-section elementor-top-section elementor-element elementor-element-b2e7e49 elementor-section-boxed elementor-section-height-default elementor-section-height-default\" data-id=\"b2e7e49\" data-element_type=\"section\" data-e-type=\"section\" data-settings=\"{&quot;background_background&quot;:&quot;classic&quot;}\">\n\t\t\t\t\t\t<div class=\"elementor-container elementor-column-gap-default\">\n\t\t\t\t\t<div class=\"elementor-column elementor-col-100 elementor-top-column elementor-element elementor-element-3d10ba8\" data-id=\"3d10ba8\" data-element_type=\"column\" data-e-type=\"column\">\n\t\t\t<div class=\"elementor-widget-wrap elementor-element-populated\">\n\t\t\t\t\t\t<section class=\"elementor-section elementor-inner-section elementor-element elementor-element-4b22a78 elementor-section-height-min-height elementor-section-boxed elementor-section-height-default\" data-id=\"4b22a78\" data-element_type=\"section\" data-e-type=\"section\">\n\t\t\t\t\t\t<div class=\"elementor-container elementor-column-gap-default\">\n\t\t\t\t\t<div class=\"elementor-column elementor-col-50 elementor-inner-column elementor-element elementor-element-6176bfd\" data-id=\"6176bfd\" data-element_type=\"column\" data-e-type=\"column\" data-settings=\"{&quot;background_background&quot;:&quot;classic&quot;}\">\n\t\t\t<div class=\"elementor-widget-wrap elementor-element-populated\">\n\t\t\t\t\t\t<div class=\"elementor-element elementor-element-119510a elementor-widget elementor-widget-heading\" data-id=\"119510a\" data-element_type=\"widget\" data-e-type=\"widget\" data-widget_type=\"heading.default\">\n\t\t\t\t<div class=\"elementor-widget-container\">\n\t\t\t\t\t<p class=\"elementor-heading-title elementor-size-default elementor-heading-title elementor-align-after-center\">M\u00c1QUINAS NOVAS <\/p>\t\t\t\t<\/div>\n\t\t\t\t<\/div>\n\t\t\t\t<div class=\"elementor-element elementor-element-049582e elementor-widget elementor-widget-text-editor\" data-id=\"049582e\" data-element_type=\"widget\" data-e-type=\"widget\" data-widget_type=\"text-editor.default\">\n\t\t\t\t<div class=\"elementor-widget-container\">\n\t\t\t\t\t\t\t\t\t<p style=\"text-align: center;\"><strong><span style=\"color: #ffffff;\">AS NOSSAS MARCAS REPRESENTADAS<\/span><\/strong><\/p>\n<p><\/p>\n<p style=\"text-align: center;\"><strong><span style=\"color: #ffffff;\">Espanha e Portugal<\/span><\/strong><\/p>\n<p><\/p>\n<p style=\"text-align: center;\"><strong><a href=\"https:\/\/www.roaches.co.uk\/\"><img decoding=\"async\" class=\"wp-image-23628 aligncenter\" src=\"https:\/\/lazarointernacional.com\/wp-content\/uploads\/2025\/06\/roaches_international_limited_logo.jpeg\" alt=\"\" width=\"115\" height=\"115\" srcset=\"https:\/\/lazarointernacional.com\/wp-content\/uploads\/2025\/06\/roaches_international_limited_logo.jpeg 200w, https:\/\/lazarointernacional.com\/wp-content\/uploads\/2025\/06\/roaches_international_limited_logo-150x150.jpeg 150w\" sizes=\"(max-width: 115px) 100vw, 115px\" \/><\/a><\/strong><\/p>\n\t\t\t\t\t\t\t\t<\/div>\n\t\t\t\t<\/div>\n\t\t\t\t\t<\/div>\n\t\t<\/div>\n\t\t\t\t<div class=\"elementor-column elementor-col-50 elementor-inner-column elementor-element elementor-element-1f42632\" data-id=\"1f42632\" data-element_type=\"column\" data-e-type=\"column\" data-settings=\"{&quot;background_background&quot;:&quot;classic&quot;}\">\n\t\t\t<div class=\"elementor-widget-wrap elementor-element-populated\">\n\t\t\t\t\t\t<div class=\"elementor-element elementor-element-c21fc8a elementor-widget elementor-widget-heading\" data-id=\"c21fc8a\" data-element_type=\"widget\" data-e-type=\"widget\" data-widget_type=\"heading.default\">\n\t\t\t\t<div class=\"elementor-widget-container\">\n\t\t\t\t\t<p class=\"elementor-heading-title elementor-size-default elementor-heading-title elementor-align-after-center\">PE\u00c7AS DE REPOSI\u00c7\u00c3O<\/p>\t\t\t\t<\/div>\n\t\t\t\t<\/div>\n\t\t\t\t<div class=\"elementor-element elementor-element-741eff5 elementor-widget elementor-widget-text-editor\" data-id=\"741eff5\" data-element_type=\"widget\" data-e-type=\"widget\" data-widget_type=\"text-editor.default\">\n\t\t\t\t<div class=\"elementor-widget-container\">\n\t\t\t\t\t\t\t\t\t<p>Nosso estoque de pe\u00e7as de reposi\u00e7\u00e3o, com mais de 10.000 refer\u00eancias, garante um abastecimento r\u00e1pido e eficiente.<\/p>\n<p>Temos dois escrit\u00f3rios dedicados ao fornecimento de pe\u00e7as de reposi\u00e7\u00e3o de forma r\u00e1pida e profissional.<\/p>\n<p>Contacte-nos<\/p>\n\t\t\t\t\t\t\t\t<\/div>\n\t\t\t\t<\/div>\n\t\t\t\t<div class=\"elementor-element elementor-element-2873273 elementor-icon-list--layout-traditional elementor-list-item-link-full_width elementor-widget elementor-widget-icon-list\" data-id=\"2873273\" data-element_type=\"widget\" data-e-type=\"widget\" data-widget_type=\"icon-list.default\">\n\t\t\t\t<div class=\"elementor-widget-container\">\n\t\t\t\t\t\t\t<ul class=\"elementor-icon-list-items\">\n\t\t\t\t\t\t\t<li class=\"elementor-icon-list-item\">\n\t\t\t\t\t\t\t\t\t\t\t<a href=\"mailto:recambios@lazarointernacional.com\">\n\n\t\t\t\t\t\t\t\t\t\t\t\t<span class=\"elementor-icon-list-icon\">\n\t\t\t\t\t\t\t<i aria-hidden=\"true\" class=\"fas fa-envelope\"><\/i>\t\t\t\t\t\t<\/span>\n\t\t\t\t\t\t\t\t\t\t<span class=\"elementor-icon-list-text\">Departamento Espanha<\/span>\n\t\t\t\t\t\t\t\t\t\t\t<\/a>\n\t\t\t\t\t\t\t\t\t<\/li>\n\t\t\t\t\t\t\t\t<li class=\"elementor-icon-list-item\">\n\t\t\t\t\t\t\t\t\t\t\t<a href=\"mailto:pecas.vtxservice@gmail.com\">\n\n\t\t\t\t\t\t\t\t\t\t\t\t<span class=\"elementor-icon-list-icon\">\n\t\t\t\t\t\t\t<i aria-hidden=\"true\" class=\"fas fa-envelope\"><\/i>\t\t\t\t\t\t<\/span>\n\t\t\t\t\t\t\t\t\t\t<span class=\"elementor-icon-list-text\">Departamento Portugal<\/span>\n\t\t\t\t\t\t\t\t\t\t\t<\/a>\n\t\t\t\t\t\t\t\t\t<\/li>\n\t\t\t\t\t\t<\/ul>\n\t\t\t\t\t\t<\/div>\n\t\t\t\t<\/div>\n\t\t\t\t\t<\/div>\n\t\t<\/div>\n\t\t\t\t\t<\/div>\n\t\t<\/section>\n\t\t\t\t\t<\/div>\n\t\t<\/div>\n\t\t\t\t\t<\/div>\n\t\t<\/section>\n\t\t\t\t<section class=\"elementor-section elementor-top-section elementor-element elementor-element-a6cee50 elementor-section-boxed elementor-section-height-default elementor-section-height-default\" data-id=\"a6cee50\" data-element_type=\"section\" data-e-type=\"section\">\n\t\t\t\t\t\t<div class=\"elementor-container elementor-column-gap-default\">\n\t\t\t\t\t<div class=\"elementor-column elementor-col-50 elementor-top-column elementor-element elementor-element-b177edf\" data-id=\"b177edf\" data-element_type=\"column\" data-e-type=\"column\">\n\t\t\t<div class=\"elementor-widget-wrap elementor-element-populated\">\n\t\t\t\t\t\t<section class=\"elementor-section elementor-inner-section elementor-element elementor-element-1446d6c elementor-section-boxed elementor-section-height-default elementor-section-height-default\" data-id=\"1446d6c\" data-element_type=\"section\" data-e-type=\"section\">\n\t\t\t\t\t\t<div class=\"elementor-container elementor-column-gap-default\">\n\t\t\t\t\t<div class=\"elementor-column elementor-col-100 elementor-inner-column elementor-element elementor-element-5d9b011\" data-id=\"5d9b011\" data-element_type=\"column\" data-e-type=\"column\">\n\t\t\t<div class=\"elementor-widget-wrap elementor-element-populated\">\n\t\t\t\t\t\t<div class=\"elementor-element elementor-element-7d76212 elementor-widget elementor-widget-text-editor\" data-id=\"7d76212\" data-element_type=\"widget\" data-e-type=\"widget\" data-widget_type=\"text-editor.default\">\n\t\t\t\t<div class=\"elementor-widget-container\">\n\t\t\t\t\t\t\t\t\t<p>A <strong>Roaches International<\/strong>, fabricante brit\u00e2nico de renome mundial, junta-se \u00e0 empresa como a nossa mais recente marca representada em <strong>Espanha e Portugal<\/strong>. Especializada em <strong>equipamentos para laborat\u00f3rios, testes e controlo de qualidade t\u00eaxteis<\/strong>, a Roaches oferece solu\u00e7\u00f5es fi\u00e1veis \u200b\u200be de alto desempenho para a ind\u00fastria t\u00eaxtil e centros de investiga\u00e7\u00e3o.<\/p>\n<p>As suas tecnologias est\u00e3o presentes em todo o mundo, desde empresas, centros de investiga\u00e7\u00e3o e universidades europeias a institui\u00e7\u00f5es militares e projetos sociais, garantindo padr\u00f5es exigentes em testes como <strong>solidez \u00e0 lavagem, tingimento em laborat\u00f3rio e an\u00e1lise f\u00edsica de tecidos.<\/strong><\/p>\n<p>Com um claro foco na <strong>inova\u00e7\u00e3o e no desenvolvimento cont\u00ednuo<\/strong>, a Roaches trabalha em estreita colabora\u00e7\u00e3o com clientes, fornecedores e centros de investiga\u00e7\u00e3o para oferecer equipamentos mais eficientes, intuitivos e espec\u00edficos para a ind\u00fastria.<\/p>\n\t\t\t\t\t\t\t\t<\/div>\n\t\t\t\t<\/div>\n\t\t\t\t\t<\/div>\n\t\t<\/div>\n\t\t\t\t\t<\/div>\n\t\t<\/section>\n\t\t\t\t\t<\/div>\n\t\t<\/div>\n\t\t\t\t<div class=\"elementor-column elementor-col-50 elementor-top-column elementor-element elementor-element-4ca7398\" data-id=\"4ca7398\" data-element_type=\"column\" data-e-type=\"column\">\n\t\t\t<div class=\"elementor-widget-wrap elementor-element-populated\">\n\t\t\t\t\t\t<div data-over-color=\"\" data-over=\"overlay\" class=\"elementor-element elementor-element-305020f elementor-widget elementor-widget-video\" data-id=\"305020f\" data-element_type=\"widget\" data-e-type=\"widget\" data-settings=\"{&quot;youtube_url&quot;:&quot;https:\\\/\\\/youtu.be\\\/6D0AAHgTQCE?si=SkWVBvQ2PtEP9HSy&quot;,&quot;video_type&quot;:&quot;youtube&quot;,&quot;controls&quot;:&quot;yes&quot;}\" data-widget_type=\"video.default\">\n\t\t\t\t<div class=\"elementor-widget-container\">\n\t\t\t\t\t\t\t<div class=\"elementor-wrapper elementor-open-inline\">\n\t\t\t<div class=\"elementor-video\"><\/div>\t\t<\/div>\n\t\t\t\t\t\t<\/div>\n\t\t\t\t<\/div>\n\t\t\t\t\t<\/div>\n\t\t<\/div>\n\t\t\t\t\t<\/div>\n\t\t<\/section>\n\t\t\t\t<section class=\"elementor-section elementor-top-section elementor-element elementor-element-5ad1b92 elementor-section-boxed elementor-section-height-default elementor-section-height-default\" data-id=\"5ad1b92\" data-element_type=\"section\" data-e-type=\"section\">\n\t\t\t\t\t\t<div class=\"elementor-container elementor-column-gap-default\">\n\t\t\t\t\t<div class=\"elementor-column elementor-col-100 elementor-top-column elementor-element elementor-element-315033c\" data-id=\"315033c\" data-element_type=\"column\" data-e-type=\"column\">\n\t\t\t<div class=\"elementor-widget-wrap\">\n\t\t\t\t\t\t\t<\/div>\n\t\t<\/div>\n\t\t\t\t\t<\/div>\n\t\t<\/section>\n\t\t\t\t<section class=\"elementor-section elementor-top-section elementor-element elementor-element-95efde5 elementor-section-boxed elementor-section-height-default elementor-section-height-default\" data-id=\"95efde5\" data-element_type=\"section\" data-e-type=\"section\">\n\t\t\t\t\t\t<div class=\"elementor-container elementor-column-gap-default\">\n\t\t\t\t\t<div class=\"elementor-column elementor-col-50 elementor-top-column elementor-element elementor-element-112428e\" data-id=\"112428e\" data-element_type=\"column\" data-e-type=\"column\">\n\t\t\t<div class=\"elementor-widget-wrap elementor-element-populated\">\n\t\t\t\t\t\t<div class=\"elementor-element elementor-element-d229d26 elementor-widget elementor-widget-text-editor\" data-id=\"d229d26\" data-element_type=\"widget\" data-e-type=\"widget\" data-widget_type=\"text-editor.default\">\n\t\t\t\t<div class=\"elementor-widget-container\">\n\t\t\t\t\t\t\t\t\t<p data-start=\"51\" data-end=\"68\"><strong data-start=\"55\" data-end=\"66\">Sentire<\/strong><\/p>\n<p><strong>Medidor de Toque T\u00eaxtil<\/strong><\/p>\n<p>Compreender as complexidades da sensa\u00e7\u00e3o t\u00e1til dos materiais \u00e9 fundamental em diversos setores, desde o t\u00eaxtil e vestu\u00e1rio ao mobili\u00e1rio e autom\u00f3vel. O Sentire foi desenvolvido para criar uma linguagem comum para comunicar a <strong>experi\u00eancia t\u00e1til dos tecidos<\/strong>.<\/p>\n<p data-start=\"98\" data-end=\"425\"><img fetchpriority=\"high\" decoding=\"async\" class=\"size-medium wp-image-23674 aligncenter\" src=\"https:\/\/lazarointernacional.com\/wp-content\/uploads\/2025\/06\/Sentire-01-1-300x179.jpg\" alt=\"\" width=\"300\" height=\"179\" srcset=\"https:\/\/lazarointernacional.com\/wp-content\/uploads\/2025\/06\/Sentire-01-1-300x179.jpg 300w, https:\/\/lazarointernacional.com\/wp-content\/uploads\/2025\/06\/Sentire-01-1-1024x613.jpg 1024w, https:\/\/lazarointernacional.com\/wp-content\/uploads\/2025\/06\/Sentire-01-1-768x459.jpg 768w, https:\/\/lazarointernacional.com\/wp-content\/uploads\/2025\/06\/Sentire-01-1-285x170.jpg 285w, https:\/\/lazarointernacional.com\/wp-content\/uploads\/2025\/06\/Sentire-01-1-660x395.jpg 660w, https:\/\/lazarointernacional.com\/wp-content\/uploads\/2025\/06\/Sentire-01-1-150x90.jpg 150w, https:\/\/lazarointernacional.com\/wp-content\/uploads\/2025\/06\/Sentire-01-1.jpg 1120w\" sizes=\"(max-width: 300px) 100vw, 300px\" \/><\/p>\n<p><\/p>\n<p data-start=\"98\" data-end=\"425\">\n\t\t\t\t\t\t\t\t<\/div>\n\t\t\t\t<\/div>\n\t\t\t\t\t<\/div>\n\t\t<\/div>\n\t\t\t\t<div class=\"elementor-column elementor-col-50 elementor-top-column elementor-element elementor-element-e5ba07a\" data-id=\"e5ba07a\" data-element_type=\"column\" data-e-type=\"column\">\n\t\t\t<div class=\"elementor-widget-wrap elementor-element-populated\">\n\t\t\t\t\t\t<div data-over-color=\"\" data-over=\"overlay\" class=\"elementor-element elementor-element-318fa6c elementor-widget elementor-widget-video\" data-id=\"318fa6c\" data-element_type=\"widget\" data-e-type=\"widget\" data-settings=\"{&quot;youtube_url&quot;:&quot;https:\\\/\\\/youtu.be\\\/nufyVpqyE40&quot;,&quot;video_type&quot;:&quot;youtube&quot;,&quot;controls&quot;:&quot;yes&quot;}\" data-widget_type=\"video.default\">\n\t\t\t\t<div class=\"elementor-widget-container\">\n\t\t\t\t\t\t\t<div class=\"elementor-wrapper elementor-open-inline\">\n\t\t\t<div class=\"elementor-video\"><\/div>\t\t<\/div>\n\t\t\t\t\t\t<\/div>\n\t\t\t\t<\/div>\n\t\t\t\t\t<\/div>\n\t\t<\/div>\n\t\t\t\t\t<\/div>\n\t\t<\/section>\n\t\t\t\t<section class=\"elementor-section elementor-top-section elementor-element elementor-element-b1d187b elementor-section-boxed elementor-section-height-default elementor-section-height-default\" data-id=\"b1d187b\" data-element_type=\"section\" data-e-type=\"section\">\n\t\t\t\t\t\t<div class=\"elementor-container elementor-column-gap-default\">\n\t\t\t\t\t<div class=\"elementor-column elementor-col-50 elementor-top-column elementor-element elementor-element-7b1977f\" data-id=\"7b1977f\" data-element_type=\"column\" data-e-type=\"column\">\n\t\t\t<div class=\"elementor-widget-wrap\">\n\t\t\t\t\t\t\t<\/div>\n\t\t<\/div>\n\t\t\t\t<div class=\"elementor-column elementor-col-50 elementor-top-column elementor-element elementor-element-5e06413\" data-id=\"5e06413\" data-element_type=\"column\" data-e-type=\"column\">\n\t\t\t<div class=\"elementor-widget-wrap\">\n\t\t\t\t\t\t\t<\/div>\n\t\t<\/div>\n\t\t\t\t\t<\/div>\n\t\t<\/section>\n\t\t\t\t<\/div>\n\t\t","protected":false},"excerpt":{"rendered":"<p>LAZARO INTERNACIONAL, S.A. Fornecemos todas as informa\u00e7\u00f5es relacionadas \u00e0 produ\u00e7\u00e3o das m\u00e1quinas que oferecemos. Com\u00e9rcio e distribui\u00e7\u00e3o de&#8230;<\/p>\n","protected":false},"author":1,"featured_media":23653,"parent":0,"menu_order":0,"comment_status":"closed","ping_status":"closed","template":"elementor_header_footer","meta":{"_acf_changed":false,"footnotes":""},"class_list":["post-17619","page","type-page","status-publish","has-post-thumbnail","hentry"],"acf":[],"_links":{"self":[{"href":"https:\/\/lazarointernacional.com\/pt-pt\/wp-json\/wp\/v2\/pages\/17619","targetHints":{"allow":["GET"]}}],"collection":[{"href":"https:\/\/lazarointernacional.com\/pt-pt\/wp-json\/wp\/v2\/pages"}],"about":[{"href":"https:\/\/lazarointernacional.com\/pt-pt\/wp-json\/wp\/v2\/types\/page"}],"author":[{"embeddable":true,"href":"https:\/\/lazarointernacional.com\/pt-pt\/wp-json\/wp\/v2\/users\/1"}],"replies":[{"embeddable":true,"href":"https:\/\/lazarointernacional.com\/pt-pt\/wp-json\/wp\/v2\/comments?post=17619"}],"version-history":[{"count":7,"href":"https:\/\/lazarointernacional.com\/pt-pt\/wp-json\/wp\/v2\/pages\/17619\/revisions"}],"predecessor-version":[{"id":23704,"href":"https:\/\/lazarointernacional.com\/pt-pt\/wp-json\/wp\/v2\/pages\/17619\/revisions\/23704"}],"wp:featuredmedia":[{"embeddable":true,"href":"https:\/\/lazarointernacional.com\/pt-pt\/wp-json\/wp\/v2\/media\/23653"}],"wp:attachment":[{"href":"https:\/\/lazarointernacional.com\/pt-pt\/wp-json\/wp\/v2\/media?parent=17619"}],"curies":[{"name":"wp","href":"https:\/\/api.w.org\/{rel}","templated":true}]}}