{"id":17190,"date":"2022-12-13T14:41:33","date_gmt":"2022-12-13T13:41:33","guid":{"rendered":"https:\/\/lazarointernacional.com\/calcados\/"},"modified":"2023-12-23T07:33:35","modified_gmt":"2023-12-23T06:33:35","slug":"maquina-de-tecido-para-calcado","status":"publish","type":"page","link":"https:\/\/lazarointernacional.com\/pt-pt\/maquina-de-tecido-para-calcado\/","title":{"rendered":"Cal\u00e7ados"},"content":{"rendered":"\t\t<div data-elementor-type=\"wp-page\" data-elementor-id=\"17190\" class=\"elementor elementor-17190 elementor-14899\" data-elementor-post-type=\"page\">\n\t\t\t\t\t\t<section class=\"elementor-section elementor-top-section elementor-element elementor-element-6caad41 elementor-section-boxed elementor-section-height-default elementor-section-height-default\" data-id=\"6caad41\" data-element_type=\"section\" data-e-type=\"section\" data-settings=\"{&quot;background_background&quot;:&quot;classic&quot;}\">\n\t\t\t\t\t\t<div class=\"elementor-container elementor-column-gap-default\">\n\t\t\t\t\t<div class=\"elementor-column elementor-col-25 elementor-top-column elementor-element elementor-element-a2e73d2\" data-id=\"a2e73d2\" data-element_type=\"column\" data-e-type=\"column\">\n\t\t\t<div class=\"elementor-widget-wrap elementor-element-populated\">\n\t\t\t\t\t\t<div class=\"elementor-element elementor-element-06e86d9 elementor-widget elementor-widget-text-editor\" data-id=\"06e86d9\" data-element_type=\"widget\" data-e-type=\"widget\" data-widget_type=\"text-editor.default\">\n\t\t\t\t<div class=\"elementor-widget-container\">\n\t\t\t\t\t\t\t\t\t<h3>LAZARO INTERNACIONAL, S.A.<\/h3>\n<p>Oferecemos aos nossos clientes um servi\u00e7o de p\u00f3s-venda no qual priorizamos a agilidade e qualidade no atendimento.<\/p>\n\t\t\t\t\t\t\t\t<\/div>\n\t\t\t\t<\/div>\n\t\t\t\t\t<\/div>\n\t\t<\/div>\n\t\t\t\t<div class=\"elementor-column elementor-col-50 elementor-top-column elementor-element elementor-element-5f6bbff\" data-id=\"5f6bbff\" data-element_type=\"column\" data-e-type=\"column\">\n\t\t\t<div class=\"elementor-widget-wrap elementor-element-populated\">\n\t\t\t\t\t\t<div class=\"elementor-element elementor-element-bdc57bc elementor-hidden-tablet elementor-hidden-mobile elementor-widget elementor-widget-image\" data-id=\"bdc57bc\" data-element_type=\"widget\" data-e-type=\"widget\" data-widget_type=\"image.default\">\n\t\t\t\t<div class=\"elementor-widget-container\">\n\t\t\t\t\t\t\t\t\t\t\t\t\t\t\t<img decoding=\"async\" width=\"125\" height=\"125\" src=\"https:\/\/lazarointernacional.com\/wp-content\/uploads\/2022\/10\/world.png\" class=\"attachment-full size-full wp-image-13816\" alt=\"\" \/>\t\t\t\t\t\t\t\t\t\t\t\t\t\t\t<\/div>\n\t\t\t\t<\/div>\n\t\t\t\t\t<\/div>\n\t\t<\/div>\n\t\t\t\t<div class=\"elementor-column elementor-col-25 elementor-top-column elementor-element elementor-element-2d92739\" data-id=\"2d92739\" data-element_type=\"column\" data-e-type=\"column\">\n\t\t\t<div class=\"elementor-widget-wrap elementor-element-populated\">\n\t\t\t\t\t\t<div class=\"elementor-element elementor-element-8432d02 elementor-widget elementor-widget-text-editor\" data-id=\"8432d02\" data-element_type=\"widget\" data-e-type=\"widget\" data-widget_type=\"text-editor.default\">\n\t\t\t\t<div class=\"elementor-widget-container\">\n\t\t\t\t\t\t\t\t\t<p>Venda e distribui\u00e7\u00e3o de m\u00e1quinas novas e usadas para a fabrica\u00e7\u00e3o de tecidos para cal\u00e7ados.<\/p>\n\t\t\t\t\t\t\t\t<\/div>\n\t\t\t\t<\/div>\n\t\t\t\t\t<\/div>\n\t\t<\/div>\n\t\t\t\t\t<\/div>\n\t\t<\/section>\n\t\t\t\t<section class=\"elementor-section elementor-top-section elementor-element elementor-element-edca1a9 elementor-section-boxed elementor-section-height-default elementor-section-height-default\" data-id=\"edca1a9\" data-element_type=\"section\" data-e-type=\"section\" data-settings=\"{&quot;background_background&quot;:&quot;classic&quot;}\">\n\t\t\t\t\t\t<div class=\"elementor-container elementor-column-gap-default\">\n\t\t\t\t\t<div class=\"elementor-column elementor-col-100 elementor-top-column elementor-element elementor-element-0ec3453\" data-id=\"0ec3453\" data-element_type=\"column\" data-e-type=\"column\">\n\t\t\t<div class=\"elementor-widget-wrap elementor-element-populated\">\n\t\t\t\t\t\t<section class=\"elementor-section elementor-inner-section elementor-element elementor-element-2462618 elementor-section-height-min-height elementor-section-boxed elementor-section-height-default\" data-id=\"2462618\" data-element_type=\"section\" data-e-type=\"section\">\n\t\t\t\t\t\t<div class=\"elementor-container elementor-column-gap-default\">\n\t\t\t\t\t<div class=\"elementor-column elementor-col-33 elementor-inner-column elementor-element elementor-element-2b52ca0\" data-id=\"2b52ca0\" data-element_type=\"column\" data-e-type=\"column\" data-settings=\"{&quot;background_background&quot;:&quot;classic&quot;}\">\n\t\t\t<div class=\"elementor-widget-wrap elementor-element-populated\">\n\t\t\t\t\t\t<div class=\"elementor-element elementor-element-768286f elementor-widget elementor-widget-heading\" data-id=\"768286f\" data-element_type=\"widget\" data-e-type=\"widget\" data-widget_type=\"heading.default\">\n\t\t\t\t<div class=\"elementor-widget-container\">\n\t\t\t\t\t<p class=\"elementor-heading-title elementor-size-default elementor-heading-title elementor-align-after-center\">M\u00c1QUINAS NOVAS<\/p>\t\t\t\t<\/div>\n\t\t\t\t<\/div>\n\t\t\t\t<div class=\"elementor-element elementor-element-bac7c23 elementor-widget elementor-widget-text-editor\" data-id=\"bac7c23\" data-element_type=\"widget\" data-e-type=\"widget\" data-widget_type=\"text-editor.default\">\n\t\t\t\t<div class=\"elementor-widget-container\">\n\t\t\t\t\t\t\t\t\t<p style=\"text-align: center;\"><strong>AS NOSSAS MARCAS REPRESENTADAS em Espanha e Portugal<\/strong><\/p>\n\t\t\t\t\t\t\t\t<\/div>\n\t\t\t\t<\/div>\n\t\t\t\t<div class=\"elementor-element elementor-element-99c8ce2 elementor-widget elementor-widget-image\" data-id=\"99c8ce2\" data-element_type=\"widget\" data-e-type=\"widget\" data-widget_type=\"image.default\">\n\t\t\t\t<div class=\"elementor-widget-container\">\n\t\t\t\t\t\t\t\t\t\t\t\t\t\t\t\t<a href=\"https:\/\/www.lonati.com\/\" target=\"_blank\">\n\t\t\t\t\t\t\t<img decoding=\"async\" width=\"208\" height=\"117\" src=\"https:\/\/lazarointernacional.com\/wp-content\/uploads\/2021\/05\/logo-01.jpg\" class=\"attachment-full size-full wp-image-10247\" alt=\"\" srcset=\"https:\/\/lazarointernacional.com\/wp-content\/uploads\/2021\/05\/logo-01.jpg 208w, https:\/\/lazarointernacional.com\/wp-content\/uploads\/2021\/05\/logo-01-150x84.jpg 150w\" sizes=\"(max-width: 208px) 100vw, 208px\" \/>\t\t\t\t\t\t\t\t<\/a>\n\t\t\t\t\t\t\t\t\t\t\t\t\t\t\t<\/div>\n\t\t\t\t<\/div>\n\t\t\t\t<div class=\"elementor-element elementor-element-7ad09da elementor-widget elementor-widget-image\" data-id=\"7ad09da\" data-element_type=\"widget\" data-e-type=\"widget\" data-widget_type=\"image.default\">\n\t\t\t\t<div class=\"elementor-widget-container\">\n\t\t\t\t\t\t\t\t\t\t\t\t\t\t\t\t<a href=\"https:\/\/www.santoni.com\/\" target=\"_blank\">\n\t\t\t\t\t\t\t<img decoding=\"async\" width=\"208\" height=\"117\" src=\"https:\/\/lazarointernacional.com\/wp-content\/uploads\/2021\/05\/logo-03.jpg\" class=\"attachment-full size-full wp-image-10253\" alt=\"\" srcset=\"https:\/\/lazarointernacional.com\/wp-content\/uploads\/2021\/05\/logo-03.jpg 208w, https:\/\/lazarointernacional.com\/wp-content\/uploads\/2021\/05\/logo-03-150x84.jpg 150w\" sizes=\"(max-width: 208px) 100vw, 208px\" \/>\t\t\t\t\t\t\t\t<\/a>\n\t\t\t\t\t\t\t\t\t\t\t\t\t\t\t<\/div>\n\t\t\t\t<\/div>\n\t\t\t\t\t<\/div>\n\t\t<\/div>\n\t\t\t\t<div class=\"elementor-column elementor-col-33 elementor-inner-column elementor-element elementor-element-d11e2df\" data-id=\"d11e2df\" data-element_type=\"column\" data-e-type=\"column\" data-settings=\"{&quot;background_background&quot;:&quot;classic&quot;}\">\n\t\t\t<div class=\"elementor-widget-wrap elementor-element-populated\">\n\t\t\t\t\t\t<div class=\"elementor-element elementor-element-bb24289 elementor-widget elementor-widget-heading\" data-id=\"bb24289\" data-element_type=\"widget\" data-e-type=\"widget\" data-widget_type=\"heading.default\">\n\t\t\t\t<div class=\"elementor-widget-container\">\n\t\t\t\t\t<p class=\"elementor-heading-title elementor-size-default elementor-heading-title elementor-align-after-center\">M\u00c1QUINAS USADAS<\/p>\t\t\t\t<\/div>\n\t\t\t\t<\/div>\n\t\t\t\t<div class=\"elementor-element elementor-element-2f5a108 elementor-widget elementor-widget-text-editor\" data-id=\"2f5a108\" data-element_type=\"widget\" data-e-type=\"widget\" data-widget_type=\"text-editor.default\">\n\t\t\t\t<div class=\"elementor-widget-container\">\n\t\t\t\t\t\t\t\t\t<p>Mundialmente, comercializamos m\u00e1quinas usadas <strong>para fabrica\u00e7\u00e3o de tecido para cal\u00e7ados<\/strong> revisadas por nossa equipe t\u00e9cnica, que realiza o comissionamento, revis\u00f5es t\u00e9cnicas e eletr\u00f4nicas que nos permitem entregar as m\u00e1quinas completamente revisadas e testadas, garantindo seu bom funcionamento.<\/p>\n<p><strong>Consulte as m\u00e1quinas usadas dispon\u00edveis para o setor:<\/strong><\/p>\n\t\t\t\t\t\t\t\t<\/div>\n\t\t\t\t<\/div>\n\t\t\t\t<div class=\"elementor-element elementor-element-765bcbc elementor-align-center elementor-widget elementor-widget-button\" data-id=\"765bcbc\" data-element_type=\"widget\" data-e-type=\"widget\" data-widget_type=\"button.default\">\n\t\t\t\t<div class=\"elementor-widget-container\">\n\t\t\t\t\t\t\t\t\t<div class=\"elementor-button-wrapper\">\n\t\t\t\t\t<a class=\"elementor-button elementor-button-link elementor-size-sm\" href=\"https:\/\/lazarointernacional.com\/pt-pt\/categoria-produto\/calcados\/\">\n\t\t\t\t\t\t<span class=\"elementor-button-content-wrapper\">\n\t\t\t\t\t\t<span class=\"elementor-button-icon\">\n\t\t\t\t<i aria-hidden=\"true\" class=\"fas fa-arrow-right\"><\/i>\t\t\t<\/span>\n\t\t\t\t\t\t\t\t\t<span class=\"elementor-button-text\">M\u00e1quinas usadas dispon\u00edveis<\/span>\n\t\t\t\t\t<\/span>\n\t\t\t\t\t<\/a>\n\t\t\t\t<\/div>\n\t\t\t\t\t\t\t\t<\/div>\n\t\t\t\t<\/div>\n\t\t\t\t\t<\/div>\n\t\t<\/div>\n\t\t\t\t<div class=\"elementor-column elementor-col-33 elementor-inner-column elementor-element elementor-element-e04888c\" data-id=\"e04888c\" data-element_type=\"column\" data-e-type=\"column\" data-settings=\"{&quot;background_background&quot;:&quot;classic&quot;}\">\n\t\t\t<div class=\"elementor-widget-wrap elementor-element-populated\">\n\t\t\t\t\t\t<div class=\"elementor-element elementor-element-b70fdb8 elementor-widget elementor-widget-heading\" data-id=\"b70fdb8\" data-element_type=\"widget\" data-e-type=\"widget\" data-widget_type=\"heading.default\">\n\t\t\t\t<div class=\"elementor-widget-container\">\n\t\t\t\t\t<p class=\"elementor-heading-title elementor-size-default elementor-heading-title elementor-align-after-center\">PE\u00c7AS DE REPOSI\u00c7\u00c3O<\/p>\t\t\t\t<\/div>\n\t\t\t\t<\/div>\n\t\t\t\t<div class=\"elementor-element elementor-element-1563f28 elementor-widget elementor-widget-text-editor\" data-id=\"1563f28\" data-element_type=\"widget\" data-e-type=\"widget\" data-widget_type=\"text-editor.default\">\n\t\t\t\t<div class=\"elementor-widget-container\">\n\t\t\t\t\t\t\t\t\t<p>Nosso estoque de pe\u00e7as de reposi\u00e7\u00e3o, com mais de 10.000 refer\u00eancias, garante um abastecimento r\u00e1pido e eficiente.<\/p>\n<p>Temos dois escrit\u00f3rios dedicados ao fornecimento de pe\u00e7as de reposi\u00e7\u00e3o de forma r\u00e1pida e profissional.<\/p>\n<p>Contacte-nos<\/p>\n\t\t\t\t\t\t\t\t<\/div>\n\t\t\t\t<\/div>\n\t\t\t\t<div class=\"elementor-element elementor-element-de2d6af elementor-icon-list--layout-traditional elementor-list-item-link-full_width elementor-widget elementor-widget-icon-list\" data-id=\"de2d6af\" data-element_type=\"widget\" data-e-type=\"widget\" data-widget_type=\"icon-list.default\">\n\t\t\t\t<div class=\"elementor-widget-container\">\n\t\t\t\t\t\t\t<ul class=\"elementor-icon-list-items\">\n\t\t\t\t\t\t\t<li class=\"elementor-icon-list-item\">\n\t\t\t\t\t\t\t\t\t\t\t<a href=\"mailto:recambios@lazarointernacional.com\">\n\n\t\t\t\t\t\t\t\t\t\t\t\t<span class=\"elementor-icon-list-icon\">\n\t\t\t\t\t\t\t<i aria-hidden=\"true\" class=\"fas fa-envelope\"><\/i>\t\t\t\t\t\t<\/span>\n\t\t\t\t\t\t\t\t\t\t<span class=\"elementor-icon-list-text\">Departamento Espanha<\/span>\n\t\t\t\t\t\t\t\t\t\t\t<\/a>\n\t\t\t\t\t\t\t\t\t<\/li>\n\t\t\t\t\t\t\t\t<li class=\"elementor-icon-list-item\">\n\t\t\t\t\t\t\t\t\t\t\t<a href=\"mailto:pecas.vtxservice@gmail.com\">\n\n\t\t\t\t\t\t\t\t\t\t\t\t<span class=\"elementor-icon-list-icon\">\n\t\t\t\t\t\t\t<i aria-hidden=\"true\" class=\"fas fa-envelope\"><\/i>\t\t\t\t\t\t<\/span>\n\t\t\t\t\t\t\t\t\t\t<span class=\"elementor-icon-list-text\">Departamento Portugal<\/span>\n\t\t\t\t\t\t\t\t\t\t\t<\/a>\n\t\t\t\t\t\t\t\t\t<\/li>\n\t\t\t\t\t\t<\/ul>\n\t\t\t\t\t\t<\/div>\n\t\t\t\t<\/div>\n\t\t\t\t\t<\/div>\n\t\t<\/div>\n\t\t\t\t\t<\/div>\n\t\t<\/section>\n\t\t\t\t\t<\/div>\n\t\t<\/div>\n\t\t\t\t\t<\/div>\n\t\t<\/section>\n\t\t\t\t<section class=\"elementor-section elementor-top-section elementor-element elementor-element-5b67e9e elementor-section-boxed elementor-section-height-default elementor-section-height-default\" data-id=\"5b67e9e\" data-element_type=\"section\" data-e-type=\"section\">\n\t\t\t\t\t\t<div class=\"elementor-container elementor-column-gap-default\">\n\t\t\t\t\t<div class=\"elementor-column elementor-col-50 elementor-top-column elementor-element elementor-element-238da43\" data-id=\"238da43\" data-element_type=\"column\" data-e-type=\"column\" data-settings=\"{&quot;background_background&quot;:&quot;classic&quot;}\">\n\t\t\t<div class=\"elementor-widget-wrap elementor-element-populated\">\n\t\t\t\t\t\t<div class=\"elementor-element elementor-element-7a972c0 elementor-widget elementor-widget-image\" data-id=\"7a972c0\" data-element_type=\"widget\" data-e-type=\"widget\" data-widget_type=\"image.default\">\n\t\t\t\t<div class=\"elementor-widget-container\">\n\t\t\t\t\t\t\t\t\t\t\t\t\t\t\t\t<a href=\"https:\/\/lazarointernacional.com\/pt-pt\/meias-ultimas-tecnologias\/\">\n\t\t\t\t\t\t\t<img loading=\"lazy\" decoding=\"async\" width=\"1920\" height=\"800\" src=\"https:\/\/lazarointernacional.com\/wp-content\/uploads\/2022\/11\/banners-home-02.jpg\" class=\"attachment-full size-full wp-image-14559\" alt=\"\" srcset=\"https:\/\/lazarointernacional.com\/wp-content\/uploads\/2022\/11\/banners-home-02.jpg 1920w, https:\/\/lazarointernacional.com\/wp-content\/uploads\/2022\/11\/banners-home-02-300x125.jpg 300w, https:\/\/lazarointernacional.com\/wp-content\/uploads\/2022\/11\/banners-home-02-1024x427.jpg 1024w, https:\/\/lazarointernacional.com\/wp-content\/uploads\/2022\/11\/banners-home-02-768x320.jpg 768w, https:\/\/lazarointernacional.com\/wp-content\/uploads\/2022\/11\/banners-home-02-1536x640.jpg 1536w, https:\/\/lazarointernacional.com\/wp-content\/uploads\/2022\/11\/banners-home-02-285x119.jpg 285w, https:\/\/lazarointernacional.com\/wp-content\/uploads\/2022\/11\/banners-home-02-1600x667.jpg 1600w, https:\/\/lazarointernacional.com\/wp-content\/uploads\/2022\/11\/banners-home-02-660x275.jpg 660w, https:\/\/lazarointernacional.com\/wp-content\/uploads\/2022\/11\/banners-home-02-150x63.jpg 150w\" sizes=\"(max-width: 1920px) 100vw, 1920px\" \/>\t\t\t\t\t\t\t\t<\/a>\n\t\t\t\t\t\t\t\t\t\t\t\t\t\t\t<\/div>\n\t\t\t\t<\/div>\n\t\t\t\t<div class=\"elementor-element elementor-element-cd1f7b2 elementor-widget elementor-widget-text-editor\" data-id=\"cd1f7b2\" data-element_type=\"widget\" data-e-type=\"widget\" data-widget_type=\"text-editor.default\">\n\t\t\t\t<div class=\"elementor-widget-container\">\n\t\t\t\t\t\t\t\t\t<h4><a href=\"https:\/\/lazarointernacional.com\/pt-pt\/meias-ultimas-tecnologias\/\"><strong><u>Exposi\u00e7\u00e3o privada dedicada ao setor das meias e cal\u00e7ado.<\/u><\/strong><\/a><\/h4>\r\nNos dias 12, 13 e 14 de outubro de 2022, realizamos, na nossa sede da Vtx-Service Portugal, uma exposi\u00e7\u00e3o privada de m\u00e1quinas&#8230;\r\n<span style=\"color: #2d96c0;\"><a style=\"color: #00ccff;\" href=\"https:\/\/lazarointernacional.com\/pt-pt\/meias-ultimas-tecnologias\/\">Ler mais<\/a><\/span>\t\t\t\t\t\t\t\t<\/div>\n\t\t\t\t<\/div>\n\t\t\t\t\t<\/div>\n\t\t<\/div>\n\t\t\t\t<div class=\"elementor-column elementor-col-50 elementor-top-column elementor-element elementor-element-0afb177\" data-id=\"0afb177\" data-element_type=\"column\" data-e-type=\"column\" data-settings=\"{&quot;background_background&quot;:&quot;classic&quot;}\">\n\t\t\t<div class=\"elementor-widget-wrap elementor-element-populated\">\n\t\t\t\t\t\t<div class=\"elementor-element elementor-element-2bcde63 elementor-widget elementor-widget-image\" data-id=\"2bcde63\" data-element_type=\"widget\" data-e-type=\"widget\" data-widget_type=\"image.default\">\n\t\t\t\t<div class=\"elementor-widget-container\">\n\t\t\t\t\t\t\t\t\t\t\t\t\t\t\t\t<a href=\"https:\/\/lazarointernacional.com\/pt-pt\/lonati-dc88-x\/\">\n\t\t\t\t\t\t\t<img loading=\"lazy\" decoding=\"async\" width=\"950\" height=\"650\" src=\"https:\/\/lazarointernacional.com\/wp-content\/uploads\/2022\/11\/zapatos-lonati-DC88-X-E1530XS.jpg\" class=\"attachment-full size-full wp-image-14915\" alt=\"\" srcset=\"https:\/\/lazarointernacional.com\/wp-content\/uploads\/2022\/11\/zapatos-lonati-DC88-X-E1530XS.jpg 950w, https:\/\/lazarointernacional.com\/wp-content\/uploads\/2022\/11\/zapatos-lonati-DC88-X-E1530XS-300x205.jpg 300w, https:\/\/lazarointernacional.com\/wp-content\/uploads\/2022\/11\/zapatos-lonati-DC88-X-E1530XS-768x525.jpg 768w, https:\/\/lazarointernacional.com\/wp-content\/uploads\/2022\/11\/zapatos-lonati-DC88-X-E1530XS-285x195.jpg 285w, https:\/\/lazarointernacional.com\/wp-content\/uploads\/2022\/11\/zapatos-lonati-DC88-X-E1530XS-660x452.jpg 660w, https:\/\/lazarointernacional.com\/wp-content\/uploads\/2022\/11\/zapatos-lonati-DC88-X-E1530XS-150x103.jpg 150w\" sizes=\"(max-width: 950px) 100vw, 950px\" \/>\t\t\t\t\t\t\t\t<\/a>\n\t\t\t\t\t\t\t\t\t\t\t\t\t\t\t<\/div>\n\t\t\t\t<\/div>\n\t\t\t\t<div class=\"elementor-element elementor-element-3529440 elementor-widget elementor-widget-text-editor\" data-id=\"3529440\" data-element_type=\"widget\" data-e-type=\"widget\" data-widget_type=\"text-editor.default\">\n\t\t\t\t<div class=\"elementor-widget-container\">\n\t\t\t\t\t\t\t\t\t<h4><a href=\"https:\/\/lazarointernacional.com\/pt-pt\/lonati-dc88-x\/\"><strong><u>LONATI DC88-X<\/u><\/strong><\/a><\/h4>\n<p>M\u00e1quina de duplo cilindro de alta velocidade para a fabrica\u00e7\u00e3o de cabedais sem costura.\u00a0Sele\u00e7\u00e3o agulha por agulha do tipo mono\u00edm\u00e3 para diferentes tipos de pontos e modelos 3D&#8230;<br \/>\n<span style=\"color: #2d96c0;\"><a style=\"color: #00ccff;\" href=\"https:\/\/lazarointernacional.com\/pt-pt\/lonati-dc88-x\/\">Ler mais<\/a><\/span><\/p>\n\t\t\t\t\t\t\t\t<\/div>\n\t\t\t\t<\/div>\n\t\t\t\t\t<\/div>\n\t\t<\/div>\n\t\t\t\t\t<\/div>\n\t\t<\/section>\n\t\t\t\t<section class=\"elementor-section elementor-top-section elementor-element elementor-element-43c1269 elementor-section-boxed elementor-section-height-default elementor-section-height-default\" data-id=\"43c1269\" data-element_type=\"section\" data-e-type=\"section\">\n\t\t\t\t\t\t<div class=\"elementor-container elementor-column-gap-default\">\n\t\t\t\t\t<div class=\"elementor-column elementor-col-50 elementor-top-column elementor-element elementor-element-80d2214\" data-id=\"80d2214\" data-element_type=\"column\" data-e-type=\"column\" data-settings=\"{&quot;background_background&quot;:&quot;classic&quot;}\">\n\t\t\t<div class=\"elementor-widget-wrap elementor-element-populated\">\n\t\t\t\t\t\t<div class=\"elementor-element elementor-element-a0e9fac elementor-widget elementor-widget-image\" data-id=\"a0e9fac\" data-element_type=\"widget\" data-e-type=\"widget\" data-widget_type=\"image.default\">\n\t\t\t\t<div class=\"elementor-widget-container\">\n\t\t\t\t\t\t\t\t\t\t\t\t\t\t\t\t<a href=\"https:\/\/lazarointernacional.com\/pt-pt\/santoni-x-machine\/\">\n\t\t\t\t\t\t\t<img loading=\"lazy\" decoding=\"async\" width=\"950\" height=\"650\" src=\"https:\/\/lazarointernacional.com\/wp-content\/uploads\/2022\/11\/calzado-santoni-x-machine.jpg\" class=\"attachment-full size-full wp-image-14922\" alt=\"\" srcset=\"https:\/\/lazarointernacional.com\/wp-content\/uploads\/2022\/11\/calzado-santoni-x-machine.jpg 950w, https:\/\/lazarointernacional.com\/wp-content\/uploads\/2022\/11\/calzado-santoni-x-machine-300x205.jpg 300w, https:\/\/lazarointernacional.com\/wp-content\/uploads\/2022\/11\/calzado-santoni-x-machine-768x525.jpg 768w, https:\/\/lazarointernacional.com\/wp-content\/uploads\/2022\/11\/calzado-santoni-x-machine-285x195.jpg 285w, https:\/\/lazarointernacional.com\/wp-content\/uploads\/2022\/11\/calzado-santoni-x-machine-660x452.jpg 660w, https:\/\/lazarointernacional.com\/wp-content\/uploads\/2022\/11\/calzado-santoni-x-machine-150x103.jpg 150w\" sizes=\"(max-width: 950px) 100vw, 950px\" \/>\t\t\t\t\t\t\t\t<\/a>\n\t\t\t\t\t\t\t\t\t\t\t\t\t\t\t<\/div>\n\t\t\t\t<\/div>\n\t\t\t\t<div class=\"elementor-element elementor-element-bf83d53 elementor-widget elementor-widget-text-editor\" data-id=\"bf83d53\" data-element_type=\"widget\" data-e-type=\"widget\" data-widget_type=\"text-editor.default\">\n\t\t\t\t<div class=\"elementor-widget-container\">\n\t\t\t\t\t\t\t\t\t<h4><a href=\"https:\/\/lazarointernacional.com\/pt-pt\/santoni-x-machine\/\"><strong><u>SANTONI X MACHINE<\/u><\/strong><\/a><\/h4>\n<p>Tecelagem eletr\u00f4nica INTARSIA monocil\u00edndrica com 4 alimentadores alternativos e 2 pontos de sele\u00e7\u00e3o (3 pistas t\u00e9cnicas) por alimentador e por dire\u00e7\u00e3o de rota\u00e7\u00e3o&#8230;<br \/>\n<span style=\"color: #2d96c0;\"><a style=\"color: #00ccff;\" href=\"https:\/\/lazarointernacional.com\/pt-pt\/santoni-x-machine\/\">Ler mais<\/a><\/span><\/p>\n\t\t\t\t\t\t\t\t<\/div>\n\t\t\t\t<\/div>\n\t\t\t\t\t<\/div>\n\t\t<\/div>\n\t\t\t\t<div class=\"elementor-column elementor-col-50 elementor-top-column elementor-element elementor-element-2e11806\" data-id=\"2e11806\" data-element_type=\"column\" data-e-type=\"column\" data-settings=\"{&quot;background_background&quot;:&quot;classic&quot;}\">\n\t\t\t<div class=\"elementor-widget-wrap elementor-element-populated\">\n\t\t\t\t\t\t<div data-over-color=\"\" data-over=\"overlay\" class=\"elementor-element elementor-element-6199bbb elementor-widget elementor-widget-video\" data-id=\"6199bbb\" data-element_type=\"widget\" data-e-type=\"widget\" data-settings=\"{&quot;youtube_url&quot;:&quot;https:\\\/\\\/youtu.be\\\/iWT8ecZfKm8&quot;,&quot;video_type&quot;:&quot;youtube&quot;,&quot;controls&quot;:&quot;yes&quot;}\" data-widget_type=\"video.default\">\n\t\t\t\t<div class=\"elementor-widget-container\">\n\t\t\t\t\t\t\t<div class=\"elementor-wrapper elementor-open-inline\">\n\t\t\t<div class=\"elementor-video\"><\/div>\t\t<\/div>\n\t\t\t\t\t\t<\/div>\n\t\t\t\t<\/div>\n\t\t\t\t<div class=\"elementor-element elementor-element-b4cee0c elementor-widget elementor-widget-text-editor\" data-id=\"b4cee0c\" data-element_type=\"widget\" data-e-type=\"widget\" data-widget_type=\"text-editor.default\">\n\t\t\t\t<div class=\"elementor-widget-container\">\n\t\t\t\t\t\t\t\t\t<h4><strong><u><a href=\"https:\/\/lazarointernacional.com\/pt-pt\/mec-mor-cmp\/\">MEC-MOR CMP<\/a><br \/>\n<\/u><\/strong><\/h4>\n<p><span style=\"color: #993300;\"><strong>OPORTUNIDADE USADA<\/strong><\/span><\/p>\n<p>Dispomos de m\u00e1quinas MEC-MOR modelo CMP Gg. 14 com largura vari\u00e1vel (sistema variatex) para produ\u00e7\u00e3o de malhas e cal\u00e7ados&#8230;<br \/>\n<span style=\"color: #2d96c0;\"><a style=\"color: #00ccff;\" href=\"https:\/\/lazarointernacional.com\/pt-pt\/mec-mor-cmp\/\">Ler mais<\/a><\/span><\/p>\n\t\t\t\t\t\t\t\t<\/div>\n\t\t\t\t<\/div>\n\t\t\t\t\t<\/div>\n\t\t<\/div>\n\t\t\t\t\t<\/div>\n\t\t<\/section>\n\t\t\t\t<section class=\"elementor-section elementor-top-section elementor-element elementor-element-220d0b2 elementor-section-boxed elementor-section-height-default elementor-section-height-default\" data-id=\"220d0b2\" data-element_type=\"section\" data-e-type=\"section\">\n\t\t\t\t\t\t<div class=\"elementor-container elementor-column-gap-default\">\n\t\t\t\t\t<div class=\"elementor-column elementor-col-100 elementor-top-column elementor-element elementor-element-0c685af\" data-id=\"0c685af\" data-element_type=\"column\" data-e-type=\"column\">\n\t\t\t<div class=\"elementor-widget-wrap elementor-element-populated\">\n\t\t\t\t\t\t<div class=\"elementor-element elementor-element-cbeb51c elementor-button-info elementor-align-center elementor-widget elementor-widget-button\" data-id=\"cbeb51c\" data-element_type=\"widget\" data-e-type=\"widget\" data-widget_type=\"button.default\">\n\t\t\t\t<div class=\"elementor-widget-container\">\n\t\t\t\t\t\t\t\t\t<div class=\"elementor-button-wrapper\">\n\t\t\t\t\t<a class=\"elementor-button elementor-button-link elementor-size-md\" href=\"https:\/\/lazarointernacional.com\/pt-pt\/\">\n\t\t\t\t\t\t<span class=\"elementor-button-content-wrapper\">\n\t\t\t\t\t\t<span class=\"elementor-button-icon\">\n\t\t\t\t<i aria-hidden=\"true\" class=\"fas fa-home\"><\/i>\t\t\t<\/span>\n\t\t\t\t\t\t\t\t\t<span class=\"elementor-button-text\">De volta \u00e0 In\u00edcio<\/span>\n\t\t\t\t\t<\/span>\n\t\t\t\t\t<\/a>\n\t\t\t\t<\/div>\n\t\t\t\t\t\t\t\t<\/div>\n\t\t\t\t<\/div>\n\t\t\t\t\t<\/div>\n\t\t<\/div>\n\t\t\t\t\t<\/div>\n\t\t<\/section>\n\t\t\t\t<\/div>\n\t\t","protected":false},"excerpt":{"rendered":"<p>LAZARO INTERNACIONAL, S.A. Oferecemos aos nossos clientes um servi\u00e7o de p\u00f3s-venda no qual priorizamos a agilidade e qualidade&#8230;<\/p>\n","protected":false},"author":1,"featured_media":10289,"parent":0,"menu_order":0,"comment_status":"closed","ping_status":"closed","template":"elementor_header_footer","meta":{"_acf_changed":false,"footnotes":""},"class_list":["post-17190","page","type-page","status-publish","has-post-thumbnail","hentry"],"acf":[],"_links":{"self":[{"href":"https:\/\/lazarointernacional.com\/pt-pt\/wp-json\/wp\/v2\/pages\/17190","targetHints":{"allow":["GET"]}}],"collection":[{"href":"https:\/\/lazarointernacional.com\/pt-pt\/wp-json\/wp\/v2\/pages"}],"about":[{"href":"https:\/\/lazarointernacional.com\/pt-pt\/wp-json\/wp\/v2\/types\/page"}],"author":[{"embeddable":true,"href":"https:\/\/lazarointernacional.com\/pt-pt\/wp-json\/wp\/v2\/users\/1"}],"replies":[{"embeddable":true,"href":"https:\/\/lazarointernacional.com\/pt-pt\/wp-json\/wp\/v2\/comments?post=17190"}],"version-history":[{"count":33,"href":"https:\/\/lazarointernacional.com\/pt-pt\/wp-json\/wp\/v2\/pages\/17190\/revisions"}],"predecessor-version":[{"id":21559,"href":"https:\/\/lazarointernacional.com\/pt-pt\/wp-json\/wp\/v2\/pages\/17190\/revisions\/21559"}],"wp:featuredmedia":[{"embeddable":true,"href":"https:\/\/lazarointernacional.com\/pt-pt\/wp-json\/wp\/v2\/media\/10289"}],"wp:attachment":[{"href":"https:\/\/lazarointernacional.com\/pt-pt\/wp-json\/wp\/v2\/media?parent=17190"}],"curies":[{"name":"wp","href":"https:\/\/api.w.org\/{rel}","templated":true}]}}