{"id":10590,"date":"2021-07-02T10:01:52","date_gmt":"2021-07-02T08:01:52","guid":{"rendered":"http:\/\/lazarointernacional.com\/politica-de-privacidade\/"},"modified":"2021-07-14T11:12:07","modified_gmt":"2021-07-14T09:12:07","slug":"politica-de-privacidade","status":"publish","type":"page","link":"https:\/\/lazarointernacional.com\/pt-pt\/politica-de-privacidade\/","title":{"rendered":"Pol\u00edtica de privacidade"},"content":{"rendered":"\t\t<div data-elementor-type=\"wp-page\" data-elementor-id=\"10590\" class=\"elementor elementor-10590 elementor-3\" data-elementor-post-type=\"page\">\n\t\t\t\t\t\t<section class=\"elementor-section elementor-top-section elementor-element elementor-element-4a1e812 elementor-section-boxed elementor-section-height-default elementor-section-height-default\" data-id=\"4a1e812\" data-element_type=\"section\" data-e-type=\"section\">\n\t\t\t\t\t\t<div class=\"elementor-container elementor-column-gap-default\">\n\t\t\t\t\t<div class=\"elementor-column elementor-col-100 elementor-top-column elementor-element elementor-element-15b16f58\" data-id=\"15b16f58\" data-element_type=\"column\" data-e-type=\"column\">\n\t\t\t<div class=\"elementor-widget-wrap elementor-element-populated\">\n\t\t\t\t\t\t<div class=\"elementor-element elementor-element-15e4b0f6 elementor-widget elementor-widget-text-editor\" data-id=\"15e4b0f6\" data-element_type=\"widget\" data-e-type=\"widget\" data-widget_type=\"text-editor.default\">\n\t\t\t\t<div class=\"elementor-widget-container\">\n\t\t\t\t\t\t\t\t\t<h3>Pol\u00edtica de privacidade<\/h3>\n<p><strong>RESPONS\u00c1VEL PELO TRATAMENTO<\/strong><\/p>\n<p><strong>Identidade: L\u00e1zaro Internacional, S.A. <\/strong>(Tamb\u00e9m o provedor)<br \/>\n<strong>Cif:<\/strong> A58070400<br \/>\n<strong>Endere\u00e7o postal:<\/strong> Juan de la Cierva, 14, 08397 PINEDA DE MAR, (Barcelona)<br \/>\n<strong>Correio eletr\u00f4nico:<\/strong> contact@lazarointernacional.com<\/p>\n<p><strong>L\u00e1zaro Internacional, S.A.<\/strong>, como respons\u00e1vel pelo Site, de acordo com as disposi\u00e7\u00f5es do Regulamento (UE) 2016\/679 de 27 de abril de 2016 (RGPD) relativo \u00e0 prote\u00e7\u00e3o de pessoas singulares no que diz respeito ao tratamento de dados pessoais e \u00e0 livre circula\u00e7\u00e3o desses dados e demais regulamentos em vigor sobre a prote\u00e7\u00e3o de dados pessoais, e pela Lei 34\/2002, de 11 de julho, sobre Servi\u00e7os da Sociedade da Informa\u00e7\u00e3o e Com\u00e9rcio Eletr\u00f4nico (LSSICE), informa que implementou as medidas de seguran\u00e7a Necess\u00e1rias, de natureza t\u00e9cnica e organizacional, para garantir e proteger a confidencialidade, integridade e disponibilidade dos dados inseridos.<\/p>\n<p><strong>OBJETIVO DO TRATAMENTO<\/strong><\/p>\n<p>Seus dados pessoais ser\u00e3o usados \u200b\u200bapenas para os seguintes fins:<\/p>\n<p>&#8211; Realizar os tr\u00e2mites comerciais e administrativos necess\u00e1rios junto aos usu\u00e1rios da web;<\/p>\n<p>&#8211; Enviar comunica\u00e7\u00f5es publicit\u00e1rias comerciais por email, fax, SMS, MMS, comunidades sociais ou qualquer outro meio eletr\u00f3nico ou f\u00edsico, desde que o Utilizador tenha expressamente consentido o envio de comunica\u00e7\u00f5es comerciais eletronicamente ao subscrever a NEWSLETTER;<\/p>\n<p>&#8211; Responder a d\u00favidas e \/ ou fornecer informa\u00e7\u00f5es solicitadas pelo Usu\u00e1rio;<\/p>\n<p>&#8211; Efetuar a presta\u00e7\u00e3o dos servi\u00e7os e \/ ou produtos contratados ou subscritos pelo Utilizador<\/p>\n<p>&#8211; Use seus dados para entrar em contato com voc\u00ea, eletronicamente e n\u00e3o eletronicamente, para obter sua opini\u00e3o sobre o servi\u00e7o prestado e,<\/p>\n<p>&#8211; Notifique-me sobre altera\u00e7\u00f5es, desenvolvimentos importantes na pol\u00edtica de privacidade, aviso legal ou pol\u00edtica de cookies.<\/p>\n<p>&#8211; Ser\u00e3o realizadas an\u00e1lises de perfis e usabilidade.<\/p>\n<p>&#8211; Os dados de clientes e \/ ou fornecedores ser\u00e3o tratados, no \u00e2mbito da rela\u00e7\u00e3o contratual que os vincula ao respons\u00e1vel, em cumprimento das obriga\u00e7\u00f5es administrativas, fiscais, contabil\u00edsticas e laborais que se imp\u00f5em nos termos da legisla\u00e7\u00e3o em vigor.<\/p>\n<p>Voc\u00ea pode revogar seu consentimento a qualquer momento, enviando uma carta com o assunto &#8220;Cancelar inscri\u00e7\u00e3o&#8221; para contact@lazarointernacional.com.<\/p>\n<p>De acordo com o LSSICE, L\u00e1zaro Internacional, S.A. n\u00e3o realiza pr\u00e1ticas de SPAM, portanto, n\u00e3o envia e-mails comerciais que n\u00e3o tenham sido previamente solicitados ou autorizados pelo Usu\u00e1rio. Consequentemente, em todas as comunica\u00e7\u00f5es que o provedor venha a receber, o usu\u00e1rio tem a possibilidade de cancelar seu consentimento expresso para receber nossas comunica\u00e7\u00f5es. N\u00e3o processaremos seus dados pessoais para qualquer outra finalidade al\u00e9m das descritas, exceto por obriga\u00e7\u00e3o legal ou exig\u00eancia judicial.<\/p>\n<p><strong> CONSERVA\u00c7\u00c3O DE SEUS DADOS <\/strong><\/p>\n<p>Seus dados ser\u00e3o mantidos durante a rela\u00e7\u00e3o comercial conosco ou exercer seu direito de cancelamento ou oposi\u00e7\u00e3o, ou limita\u00e7\u00e3o de tratamento. No entanto, manteremos determinados dados de identifica\u00e7\u00e3o pessoal e de tr\u00e1fego por um per\u00edodo m\u00e1ximo de 2 anos, caso sejam exigidos pelos Ju\u00edzes e Tribunais ou para iniciar a\u00e7\u00f5es internas derivadas do uso indevido do site.<\/p>\n<p>N\u00e3o ser\u00e1 objeto de decis\u00f5es baseadas em tratamentos automatizados que produzem efeitos em seus dados.<\/p>\n<p><strong> LEGITIMA\u00c7\u00c3O DO TRATAMENTO <\/strong><\/p>\n<p>A base legal para o tratamento dos dados \u00e9 o seu consentimento concedido para a realiza\u00e7\u00e3o dos fins acima descritos, o qual ser\u00e1 solicitado no momento da marca\u00e7\u00e3o do campo correspondente na recolha dos seus dados.<\/p>\n<p>O n\u00e3o fornecimento dos dados pessoais solicitados ou a n\u00e3o aceita\u00e7\u00e3o desta pol\u00edtica de prote\u00e7\u00e3o de dados significa que \u00e9 imposs\u00edvel subscrever, registar ou receber informa\u00e7\u00f5es sobre os produtos e servi\u00e7os do Fornecedor.<\/p>\n<p>Nos casos em que haja rela\u00e7\u00e3o contratual anterior entre as partes, a legitimidade para o desenvolvimento das obriga\u00e7\u00f5es administrativas, fiscais, cont\u00e1beis e trabalhistas que se fizerem necess\u00e1rias nos termos da legisla\u00e7\u00e3o em vigor ser\u00e1 a exist\u00eancia pr\u00e9via da rela\u00e7\u00e3o comercial estabelecida entre as partes. Nos casos em que haja rela\u00e7\u00e3o contratual anterior entre as partes, a legitimidade para o desenvolvimento das obriga\u00e7\u00f5es administrativas, fiscais, cont\u00e1beis e trabalhistas que se fizerem necess\u00e1rias nos termos da legisla\u00e7\u00e3o em vigor ser\u00e1 a exist\u00eancia pr\u00e9via da rela\u00e7\u00e3o comercial estabelecida entre as partes.<\/p>\n<p><strong> COMUNICA\u00c7\u00d5ES <\/strong><\/p>\n<p>Qualquer comunica\u00e7\u00e3o enviada ser\u00e1 incorporada nos sistemas de informa\u00e7\u00e3o de L\u00e1zaro Internacional, S.A. Ao aceitar estas condi\u00e7\u00f5es, termos e pol\u00edticas, o Utilizador consente expressamente que L\u00e1zaro Internacional, S.A. realizar as seguintes atividades e \/ ou a\u00e7\u00f5es, a menos que o usu\u00e1rio indique o contr\u00e1rio:<\/p>\n<ul>\n<li> Envio de comunica\u00e7\u00f5es comerciais e \/ ou promocionais por qualquer meio habilitado, informando os Usu\u00e1rios das atividades, servi\u00e7os, promo\u00e7\u00f5es, an\u00fancios, not\u00edcias, ofertas e mais informa\u00e7\u00f5es sobre os servi\u00e7os e produtos relacionados com a atividade. <\/li>\n<li> Caso o Utilizador tenha consentido expressamente com o envio de comunica\u00e7\u00f5es comerciais por via electr\u00f3nica atrav\u00e9s da subscri\u00e7\u00e3o da NEWSLETTER, o envio dessas comunica\u00e7\u00f5es por via electr\u00f3nica informando os Utilizadores das actividades, servi\u00e7os, promo\u00e7\u00f5es, publicidade, not\u00edcias, ofertas e mais informa\u00e7\u00e3o sobre os servi\u00e7os e produtos da L\u00e1zaro Internacional, SA iguais ou semelhantes aos que foram inicialmente contratados ou do interesse do Utilizador. <\/li>\n<li> A conserva\u00e7\u00e3o dos dados durante os per\u00edodos previstos nas disposi\u00e7\u00f5es aplic\u00e1veis. <\/li>\n<\/ul>\n<p><strong> M\u00cdDIA OFICIAL DE COMUNICA\u00c7\u00c3O <\/strong><\/p>\n<p>O usu\u00e1rio \u00e9 informado que os meios que a empresa disponibiliza para se comunicar com os clientes e demais afetados s\u00e3o o telefone corporativo, o celular da empresa e o e-mail corporativo.<\/p>\n<p>Caso envie informa\u00e7\u00f5es pessoais por meio de comunica\u00e7\u00e3o diferente dos indicados nesta se\u00e7\u00e3o, a EMPRESA isenta-se de qualquer responsabilidade em rela\u00e7\u00e3o \u00e0s medidas de seguran\u00e7a proporcionadas pelo meio em quest\u00e3o.<\/p>\n<p><strong> DESTINAT\u00c1RIOS DE CESS\u00d5ES OU TRANSFER\u00caNCIAS <\/strong><\/p>\n<p>L\u00e1zaro Internacional, S.A. n\u00e3o realiza qualquer transfer\u00eancia ou comunica\u00e7\u00e3o de dados, a menos que haja uma necessidade razo\u00e1vel de cumprir um procedimento judicial, obriga\u00e7\u00e3o legal ou ap\u00f3s a obten\u00e7\u00e3o do consentimento do usu\u00e1rio.<\/p>\n<p>Nem as transfer\u00eancias internacionais dos seus dados pessoais ser\u00e3o feitas sem o seu consentimento pr\u00e9vio, sem preju\u00edzo de poder bloquear ou cancelar a sua conta se houver ind\u00edcios da pr\u00e1tica de um crime por parte do usu\u00e1rio. As informa\u00e7\u00f5es fornecidas ser\u00e3o apenas aquelas dispon\u00edveis para o provedor naquele momento.<\/p>\n<p>L\u00e1zaro Internacional, S.A. n\u00e3o ir\u00e1 transferir os dados coletados a terceiros, a menos que haja uma necessidade razo\u00e1vel de cumprir um procedimento judicial, obriga\u00e7\u00e3o legal ou ap\u00f3s obter o consentimento do usu\u00e1rio. As informa\u00e7\u00f5es que voc\u00ea nos fornece por meio deste site e do aplicativo ser\u00e3o hospedadas nos servidores da SW Hosting &#038; amp; Communications Technologies SL, com CIF ESB17659301 e endere\u00e7o fiscal em C \/ Ponent 13-15 (Pol\u00edgono industrial Mas Llado II) Fornells de la Selva, 17458 (Girona). O tratamento dos dados desta entidade \u00e9 regulado por meio de um contrato do respons\u00e1vel pelo tratamento entre o prestador e esta empresa. Em nenhum caso este respons\u00e1vel pelo tratamento subcontratar\u00e1 servi\u00e7os que impliquem qualquer processamento de dados por terceiros sem o nosso consentimento pr\u00e9vio.<\/p>\n<p><strong> DIREITOS DAS PARTES INTERESSADAS <\/strong><\/p>\n<p>Como usu\u00e1rio interessado, voc\u00ea pode solicitar o exerc\u00edcio dos seguintes direitos perante L\u00e1zaro Internacional, S.A. presentando un escrito a la direcci\u00f3n postal del encabezamiento o enviando un correo electr\u00f3nico a contact@lazarointernacional.com, indicando como Asunto: &#8220;PROTECCION DE DATOS: DERECHOS AFECTADOS&#8221;, y adjuntando fotocopia de su DNI o cualquier medio an\u00e1logo en derecho, tal como indica a lei.<\/p>\n<p><strong> Direitos: <\/strong><\/p>\n<ul>\n<li> <strong> Direito de acesso: <\/strong> permite ao interessado conhecer e obter informa\u00e7\u00f5es sobre os seus dados pessoais sujeitos a tratamento. <\/li>\n<li> <strong> Direito de retifica\u00e7\u00e3o ou exclus\u00e3o: <\/strong> permite que voc\u00ea corrija os erros e modifique os dados que se revelaram imprecisos ou incompletos. <\/li>\n<li> <strong> Direito de cancelamento: <\/strong> permite que dados que se revelem inadequados ou excessivos sejam exclu\u00eddos. <\/li>\n<li> <strong> Direito de oposi\u00e7\u00e3o: <\/strong> direito do interessado de n\u00e3o proceder ao tratamento dos seus dados pessoais ou de o impedir. <\/li>\n<li> <strong> Limita\u00e7\u00e3o do tratamento: <\/strong> envolve o mercado dos dados pessoais conservados, a fim de limitar seu tratamento futuro. <\/li>\n<li> <strong> Portabilidade dos dados: <\/strong> facilita\u00e7\u00e3o dos dados objeto de tratamento ao interessado, para que os transmita a outro respons\u00e1vel, sem impedimentos. <\/li>\n<li> <strong> Direito de n\u00e3o estar sujeito a decis\u00f5es individuais automatizadas (incluindo cria\u00e7\u00e3o de perfil): <\/strong> direito de n\u00e3o estar sujeito a uma decis\u00e3o com base em processamento automatizado que produz efeitos ou afete significativamente. <\/ li>\n<\/ul>\n<p>Como usu\u00e1rio, voc\u00ea tem o direito de retirar o consentimento dado a qualquer momento. A retirada do consentimento n\u00e3o afetar\u00e1 a legalidade do tratamento realizado antes da retirada do consentimento.<\/p>\n<p>Voc\u00ea tamb\u00e9m tem o direito de registrar uma reclama\u00e7\u00e3o junto \u00e0 autoridade supervisora \u200b\u200bse considerar que seus direitos podem ter sido violados em rela\u00e7\u00e3o \u00e0 prote\u00e7\u00e3o de seus dados (agpd.es).<\/p>\n<p><strong> INFORMA\u00c7\u00d5ES ADICIONAIS <\/strong><\/p>\n<p><strong> INFORMA\u00c7\u00d5ES QUE COLETAMOS: <\/strong><\/p>\n<p>Os dados recolhidos pelo respons\u00e1vel s\u00e3o os seguintes:<\/p>\n<p>&#8211; Aqueles que os usu\u00e1rios fornecem por meio dos diferentes servi\u00e7os oferecidos no site<\/p>\n<p>&#8211; Os inclu\u00eddos nos diferentes formul\u00e1rios disponibilizados no site<\/p>\n<p>&#8211; Dados coletados por meio de &#8220;cookies&#8221; para melhorar a experi\u00eancia de navega\u00e7\u00e3o conforme informado na pol\u00edtica de cookies.<\/p>\n<p>A recusa de fornecimento dos dados obrigat\u00f3rios impossibilitar\u00e1 o atendimento do pedido espec\u00edfico em quest\u00e3o. Voc\u00ea declara que as informa\u00e7\u00f5es e dados que voc\u00ea nos fornece s\u00e3o precisos, atuais e verdadeiros. Solicitamos que, em caso de modifica\u00e7\u00e3o, comunique imediatamente para que a informa\u00e7\u00e3o em processamento seja sempre atualizada e n\u00e3o contenha erros. Se voc\u00ea contratar o servi\u00e7o \/ adquirir o produto atrav\u00e9s de nosso site, solicitaremos que nos forne\u00e7a informa\u00e7\u00f5es sobre voc\u00ea, incluindo seu nome, informa\u00e7\u00f5es de contato e informa\u00e7\u00f5es sobre um cart\u00e3o de cr\u00e9dito ou d\u00e9bito.<\/p>\n<p>Atrav\u00e9s desta Pol\u00edtica de Privacidade informamos que as fotografias que veiculam na web s\u00e3o propriedade de L\u00e1zaro Internacional, SA, incluindo as de menores, devendo, para a sua obten\u00e7\u00e3o, o consentimento pr\u00e9vio dos pais, tutores ou representantes legais assinando os formul\u00e1rios elaborados para o efeito pelos centros de acolhimento dos menores. No entanto, os pais, tutores ou representantes dos menores, como titulares do exerc\u00edcio dos seus direitos, e sempre a pedido formal por escrito, podem indicar a recusa de utiliza\u00e7\u00e3o da imagem do menor; neste caso, a imagem ser\u00e1 exibida #pixelated.<\/p>\n<p><strong> REDES SOCIAIS <\/strong><\/p>\n<p>Informamos que L\u00e1zaro Internacional, S.A. Voc\u00ea pode marcar presen\u00e7a nas redes sociais. O tratamento dos dados que se realiza sobre as pessoas que se tornam seguidoras nas redes sociais (e \/ ou realizam alguma a\u00e7\u00e3o de link ou conex\u00e3o atrav\u00e9s das redes sociais) das p\u00e1ginas oficiais de L\u00e1zaro Internacional, S.A. Ser\u00e1 regido por esta se\u00e7\u00e3o, bem como por aquelas condi\u00e7\u00f5es de uso, pol\u00edticas de privacidade e regulamentos de acesso pertencentes \u00e0 rede social que sejam apropriados em cada caso e previamente aceitos pelo usu\u00e1rio.<\/p>\n<p>L\u00e1zaro Internacional, S.A. ir\u00e1 processar os seus dados com o prop\u00f3sito de gerir correctamente a sua presen\u00e7a na rede social, informando-o das actividades, produtos ou servi\u00e7os do fornecedor, bem como para quaisquer outros fins que os regulamentos das Redes Sociais permitam. A publica\u00e7\u00e3o de conte\u00fado \u00e9 proibida:<\/p>\n<p>&#8211; Que s\u00e3o alegadamente ilegais pelas regulamenta\u00e7\u00f5es nacionais, comunit\u00e1rias ou internacionais ou que realizam atividades alegadamente ilegais ou que infringem os princ\u00edpios da boa f\u00e9.<\/p>\n<p>&#8211; Que violem os direitos fundamentais das pessoas, a falta de cortesia na rede, incomodem ou possam gerar opini\u00f5es negativas nos nossos utilizadores ou terceiros e em geral qualquer que seja o conte\u00fado que L\u00e1zaro Internacional, S.A. considerar impr\u00f3prio.<\/p>\n<p>&#8211; E em geral que violem os princ\u00edpios de legalidade, honestidade, responsabilidade, prote\u00e7\u00e3o da dignidade humana, prote\u00e7\u00e3o de menores, prote\u00e7\u00e3o da ordem p\u00fablica, prote\u00e7\u00e3o da privacidade, prote\u00e7\u00e3o do consumidor e direitos de propriedade intelectual e industrial.<\/p>\n<p>Da mesma forma, L\u00e1zaro Internacional, S.A. reserva-se o direito de retirar, sem pr\u00e9vio aviso do site ou da rede social corporativa, os conte\u00fados considerados inadequados.<\/p>\n<p>As comunica\u00e7\u00f5es enviadas atrav\u00e9s das redes sociais ser\u00e3o incorporadas num arquivo propriedade de L\u00e1zaro Internacional, S.A., podendo enviar-lhe informa\u00e7\u00f5es de interesse.<\/p>\n<p>Poder\u00e1 aceder a mais informa\u00e7\u00f5es, bem como consultar as empresas que integram o L\u00e1zaro Internacional, S.A., atrav\u00e9s do seguinte link: www.lazarointernacional.com\/pt-pt\/politica-de-privacidade\/.<\/p>\n<p>Em qualquer caso, se enviar dados pessoais atrav\u00e9s da rede social, L\u00e1zaro Internacional, S.A. ficar\u00e1 isento de qualquer responsabilidade quanto \u00e0s medidas de seguran\u00e7a aplic\u00e1veis \u200b\u200ba esta plataforma, devendo o utilizador conhecer as mesmas, consultar as correspondentes condi\u00e7\u00f5es particulares da rede em causa.<\/p>\n<p><strong> MEDIDAS DE SEGURAN\u00c7A: <\/strong><\/p>\n<p>Os dados que voc\u00ea nos fornecer ser\u00e3o tratados de forma confidencial. O Provedor tem adotado todas as medidas t\u00e9cnicas e organizacionais e todos os n\u00edveis de prote\u00e7\u00e3o necess\u00e1rios para garantir a seguran\u00e7a no tratamento dos dados e evitar sua altera\u00e7\u00e3o, perda, furto, tratamento ou acesso n\u00e3o autorizado, de acordo com o estado da tecnologia e natureza dos os dados armazenados. Da mesma forma, \u00e9 tamb\u00e9m garantido que o tratamento e registo em ficheiros, programas, sistemas ou equipamentos, instala\u00e7\u00f5es e centros cumprem os requisitos e condi\u00e7\u00f5es de integridade e seguran\u00e7a estabelecidas na regulamenta\u00e7\u00e3o em vigor.<\/p>\n<p><strong> LANGUAGE <\/strong><\/p>\n<p>O idioma aplic\u00e1vel a esta Pol\u00edtica de Privacidade \u00e9 o espanhol. Portanto, se houver alguma contradi\u00e7\u00e3o em qualquer uma das vers\u00f5es fornecidas em outros idiomas, a vers\u00e3o em espanhol prevalecer\u00e1.<\/p>\n<p><strong> ENVIAR CV <\/strong><\/p>\n<p>No caso de o utilizador enviar o seu CV atrav\u00e9s do nosso site, informamos-lhe que os dados disponibilizados ser\u00e3o processados \u200b\u200bde forma a que participe nos processos seletivos que porventura existam, procedendo a uma an\u00e1lise do perfil do candidato sol para a sele\u00e7\u00e3o o melhor candidato para o cargo vago de Gerente. Informamos que este \u00e9 o \u00fanico procedimento oficial para aceita\u00e7\u00e3o do seu curr\u00edculo, portanto, curr\u00edculos enviados por outro procedimento n\u00e3o ser\u00e3o aceitos. Em caso de qualquer modifica\u00e7\u00e3o nos dados, por favor, avise-nos por escrito o mais r\u00e1pido poss\u00edvel, a fim de mant\u00ea-los devidamente atualizados.<\/p>\n<p>Os dados ser\u00e3o guardados por um per\u00edodo m\u00e1ximo de um ano, ap\u00f3s o qual os dados ser\u00e3o apagados, garantindo-se total respeito \u00e0 confidencialidade tanto no tratamento como na sua posterior destrui\u00e7\u00e3o. Nesse sentido, transcorrido esse prazo, e caso deseje continuar participando dos processos seletivos do Respons\u00e1vel, envie-nos novamente o seu CV.<\/p>\n<p>Os dados poder\u00e3o ser processados \u200b\u200be \/ ou comunicados \u00e0s empresas integrantes do nosso grupo durante o per\u00edodo de conserva\u00e7\u00e3o do seu curr\u00edculo e para os mesmos fins anteriormente comunicados.<\/p>\n<p><strong> ASSINATURA NO BLOG <\/strong><\/p>\n<p>No caso de o usu\u00e1rio se inscrever no blog, informamos que os dados fornecidos ser\u00e3o processados \u200b\u200bpara gerenciar sua inscri\u00e7\u00e3o no blog informativo com um aviso de atualiza\u00e7\u00e3o e que ser\u00e3o mantidos enquanto houver interesse m\u00fatuo em manter o fim do tratamento. Quando deixar de ser necess\u00e1rio para o efeito, ser\u00e3o eliminados com medidas de seguran\u00e7a adequadas para garantir a pseudonimiza\u00e7\u00e3o dos dados ou a sua total destrui\u00e7\u00e3o. Os dados n\u00e3o ser\u00e3o comunicados a terceiros, salvo obriga\u00e7\u00e3o legal.<\/p>\n<p><strong> PARTICIPA\u00c7\u00c3O EM F\u00d3RUNS <\/strong><\/p>\n<p>Caso o usu\u00e1rio deseje participar dos f\u00f3runs web, informamos que os dados fornecidos ser\u00e3o processados \u200b\u200bpara regular a participa\u00e7\u00e3o nos mesmos. Qualquer registo ou transmiss\u00e3o de dados pessoais que o utilizador deste f\u00f3rum facilite implica o conhecimento e aceita\u00e7\u00e3o inequ\u00edvoca do Aviso Legal e da Pol\u00edtica de Privacidade apresentados no site. Os dados ser\u00e3o mantidos enquanto houver interesse m\u00fatuo em manter o t\u00e9rmino do tratamento e quando n\u00e3o for mais necess\u00e1rio para tal, ser\u00e3o exclu\u00eddos com medidas de seguran\u00e7a adequadas para garantir o pseudonimato dos dados ou a destrui\u00e7\u00e3o total dos o mesmo. As postagens ser\u00e3o exibidas publicamente aos usu\u00e1rios do f\u00f3rum online.<\/p>\n<p><strong> PUBLICA\u00c7\u00c3O DO SEU TESTEMUNHO <\/strong><\/p>\n<p>Caso o usu\u00e1rio queira publicar sua opini\u00e3o na web, informamos que os dados fornecidos ser\u00e3o processados \u200b\u200bpara atender \u00e0s propostas de sugest\u00f5es, experi\u00eancias ou opini\u00f5es sobre os produtos e \/ ou servi\u00e7os a serem publicados na p\u00e1gina web e assim ser capaz de ajudar outros usu\u00e1rios. Os dados ser\u00e3o mantidos enquanto houver interesse m\u00fatuo em manter o t\u00e9rmino do tratamento e quando n\u00e3o for mais necess\u00e1rio para tal, ser\u00e3o exclu\u00eddos com medidas de seguran\u00e7a adequadas para garantir o pseudonimato dos dados ou a destrui\u00e7\u00e3o total dos o mesmo. As testemunhas ser\u00e3o publicadas em nosso site. As \u00fanicas informa\u00e7\u00f5es pessoais que ser\u00e3o publicadas sobre a testemunha ser\u00e3o o seu nome.<\/p>\n<p><strong> ALTERA\u00c7\u00d5ES A ESTA POL\u00cdTICA DE PRIVACIDADE <\/strong><\/p>\n<p>L\u00e1zaro Internacional, S.A. reserva-se o direito de modificar esta pol\u00edtica para adapt\u00e1-la a nova legisla\u00e7\u00e3o ou jurisprud\u00eancia.<\/p>\n<p><strong> LEGISLA\u00c7\u00c3O <\/strong><\/p>\n<p>Em geral, as rela\u00e7\u00f5es entre L\u00e1zaro Internacional, S.A. com os Utilizadores dos seus servi\u00e7os telem\u00e1ticos, presentes neste site, est\u00e3o sujeitos \u00e0 legisla\u00e7\u00e3o espanhola e \u00e0 jurisdi\u00e7\u00e3o a que as partes se submetem expressamente, sendo competentes para dirimir todos os lit\u00edgios surgidos ou relacionados com a sua utiliza\u00e7\u00e3o nos Tribunais e Foros de Barcelona.<\/p>\n\t\t\t\t\t\t\t\t<\/div>\n\t\t\t\t<\/div>\n\t\t\t\t\t<\/div>\n\t\t<\/div>\n\t\t\t\t\t<\/div>\n\t\t<\/section>\n\t\t\t\t<\/div>\n\t\t","protected":false},"excerpt":{"rendered":"<p>Pol\u00edtica de privacidade RESPONS\u00c1VEL PELO TRATAMENTO Identidade: L\u00e1zaro Internacional, S.A. (Tamb\u00e9m o provedor) Cif: A58070400 Endere\u00e7o postal: Juan&#8230;<\/p>\n","protected":false},"author":1,"featured_media":0,"parent":0,"menu_order":0,"comment_status":"closed","ping_status":"open","template":"elementor_header_footer","meta":{"_acf_changed":false,"footnotes":""},"class_list":["post-10590","page","type-page","status-publish","hentry"],"acf":[],"_links":{"self":[{"href":"https:\/\/lazarointernacional.com\/pt-pt\/wp-json\/wp\/v2\/pages\/10590","targetHints":{"allow":["GET"]}}],"collection":[{"href":"https:\/\/lazarointernacional.com\/pt-pt\/wp-json\/wp\/v2\/pages"}],"about":[{"href":"https:\/\/lazarointernacional.com\/pt-pt\/wp-json\/wp\/v2\/types\/page"}],"author":[{"embeddable":true,"href":"https:\/\/lazarointernacional.com\/pt-pt\/wp-json\/wp\/v2\/users\/1"}],"replies":[{"embeddable":true,"href":"https:\/\/lazarointernacional.com\/pt-pt\/wp-json\/wp\/v2\/comments?post=10590"}],"version-history":[{"count":0,"href":"https:\/\/lazarointernacional.com\/pt-pt\/wp-json\/wp\/v2\/pages\/10590\/revisions"}],"wp:attachment":[{"href":"https:\/\/lazarointernacional.com\/pt-pt\/wp-json\/wp\/v2\/media?parent=10590"}],"curies":[{"name":"wp","href":"https:\/\/api.w.org\/{rel}","templated":true}]}}