{"id":18468,"date":"2022-12-17T10:02:01","date_gmt":"2022-12-17T09:02:01","guid":{"rendered":"https:\/\/lazarointernacional.com\/systemes-de-revetement-pour-tissu-mageba\/"},"modified":"2022-12-17T10:02:01","modified_gmt":"2022-12-17T09:02:01","slug":"systemes-de-revetement-pour-tissu-mageba","status":"publish","type":"page","link":"https:\/\/lazarointernacional.com\/fr\/systemes-de-revetement-pour-tissu-mageba\/","title":{"rendered":"Syst\u00e8mes de rev\u00eatement pour tissu Mageba"},"content":{"rendered":"\t\t<div data-elementor-type=\"wp-page\" data-elementor-id=\"18468\" class=\"elementor elementor-18468 elementor-15902\" data-elementor-post-type=\"page\">\n\t\t\t\t\t\t<section class=\"elementor-section elementor-top-section elementor-element elementor-element-a5d6c69 elementor-section-boxed elementor-section-height-default elementor-section-height-default\" data-id=\"a5d6c69\" data-element_type=\"section\" data-e-type=\"section\">\n\t\t\t\t\t\t<div class=\"elementor-container elementor-column-gap-default\">\n\t\t\t\t\t<div class=\"elementor-column elementor-col-100 elementor-top-column elementor-element elementor-element-7bab21d\" data-id=\"7bab21d\" data-element_type=\"column\" data-e-type=\"column\">\n\t\t\t<div class=\"elementor-widget-wrap elementor-element-populated\">\n\t\t\t\t\t\t<div class=\"elementor-element elementor-element-9b7e1a8 elementor-widget elementor-widget-text-editor\" data-id=\"9b7e1a8\" data-element_type=\"widget\" data-e-type=\"widget\" data-widget_type=\"text-editor.default\">\n\t\t\t\t<div class=\"elementor-widget-container\">\n\t\t\t\t\t\t\t\t\t<h4><strong><u>Syst\u00e8mes de rev\u00eatement pour tissu Mageba.<br \/>\nFinition continue de tissus \u00e9troits<\/u><\/strong><\/h4>\n<p>Les syst\u00e8mes de rev\u00eatement de tissus Mageba Silicone Series sont excellents pour le rev\u00eatement de tissus \u00e9troits, comme les bandages \u00a0m\u00e9dicaux, entre autres.<\/p>\n<p>Les tissus jusqu&#8217;\u00e0 100 mm de large peuvent \u00eatre enduits et s\u00e9ch\u00e9s en continu pour une meilleure qualit\u00e9 de tissu.<\/p>\n<p>Des silicones sans \u00e9tain peuvent \u00eatre utilis\u00e9es.<\/p>\n\t\t\t\t\t\t\t\t<\/div>\n\t\t\t\t<\/div>\n\t\t\t\t\t<\/div>\n\t\t<\/div>\n\t\t\t\t\t<\/div>\n\t\t<\/section>\n\t\t\t\t<section class=\"elementor-section elementor-top-section elementor-element elementor-element-691b74a elementor-section-boxed elementor-section-height-default elementor-section-height-default\" data-id=\"691b74a\" data-element_type=\"section\" data-e-type=\"section\">\n\t\t\t\t\t\t<div class=\"elementor-container elementor-column-gap-default\">\n\t\t\t\t\t<div class=\"elementor-column elementor-col-66 elementor-top-column elementor-element elementor-element-00535fe\" data-id=\"00535fe\" data-element_type=\"column\" data-e-type=\"column\">\n\t\t\t<div class=\"elementor-widget-wrap elementor-element-populated\">\n\t\t\t\t\t\t<div class=\"elementor-element elementor-element-54060a6 elementor-widget elementor-widget-image\" data-id=\"54060a6\" data-element_type=\"widget\" data-e-type=\"widget\" data-widget_type=\"image.default\">\n\t\t\t\t<div class=\"elementor-widget-container\">\n\t\t\t\t\t\t\t\t\t\t\t\t\t\t\t<img fetchpriority=\"high\" decoding=\"async\" width=\"1200\" height=\"675\" src=\"https:\/\/lazarointernacional.com\/wp-content\/uploads\/2022\/11\/medical-bandages-mageba.jpg\" class=\"attachment-full size-full wp-image-15863\" alt=\"\" srcset=\"https:\/\/lazarointernacional.com\/wp-content\/uploads\/2022\/11\/medical-bandages-mageba.jpg 1200w, https:\/\/lazarointernacional.com\/wp-content\/uploads\/2022\/11\/medical-bandages-mageba-300x169.jpg 300w, https:\/\/lazarointernacional.com\/wp-content\/uploads\/2022\/11\/medical-bandages-mageba-1024x576.jpg 1024w, https:\/\/lazarointernacional.com\/wp-content\/uploads\/2022\/11\/medical-bandages-mageba-768x432.jpg 768w, https:\/\/lazarointernacional.com\/wp-content\/uploads\/2022\/11\/medical-bandages-mageba-285x160.jpg 285w, https:\/\/lazarointernacional.com\/wp-content\/uploads\/2022\/11\/medical-bandages-mageba-660x371.jpg 660w, https:\/\/lazarointernacional.com\/wp-content\/uploads\/2022\/11\/medical-bandages-mageba-150x84.jpg 150w\" sizes=\"(max-width: 1200px) 100vw, 1200px\" \/>\t\t\t\t\t\t\t\t\t\t\t\t\t\t\t<\/div>\n\t\t\t\t<\/div>\n\t\t\t\t\t<\/div>\n\t\t<\/div>\n\t\t\t\t<div class=\"elementor-column elementor-col-33 elementor-top-column elementor-element elementor-element-c6ade5c\" data-id=\"c6ade5c\" data-element_type=\"column\" data-e-type=\"column\">\n\t\t\t<div class=\"elementor-widget-wrap\">\n\t\t\t\t\t\t\t<\/div>\n\t\t<\/div>\n\t\t\t\t\t<\/div>\n\t\t<\/section>\n\t\t\t\t<\/div>\n\t\t","protected":false},"excerpt":{"rendered":"<p>Syst\u00e8mes de rev\u00eatement pour tissu Mageba. Finition continue de tissus \u00e9troits Les syst\u00e8mes de rev\u00eatement de tissus Mageba&#8230;<\/p>\n","protected":false},"author":1,"featured_media":0,"parent":0,"menu_order":0,"comment_status":"closed","ping_status":"closed","template":"elementor_header_footer","meta":{"_acf_changed":false,"footnotes":""},"class_list":["post-18468","page","type-page","status-publish","hentry"],"acf":[],"_links":{"self":[{"href":"https:\/\/lazarointernacional.com\/fr\/wp-json\/wp\/v2\/pages\/18468","targetHints":{"allow":["GET"]}}],"collection":[{"href":"https:\/\/lazarointernacional.com\/fr\/wp-json\/wp\/v2\/pages"}],"about":[{"href":"https:\/\/lazarointernacional.com\/fr\/wp-json\/wp\/v2\/types\/page"}],"author":[{"embeddable":true,"href":"https:\/\/lazarointernacional.com\/fr\/wp-json\/wp\/v2\/users\/1"}],"replies":[{"embeddable":true,"href":"https:\/\/lazarointernacional.com\/fr\/wp-json\/wp\/v2\/comments?post=18468"}],"version-history":[{"count":1,"href":"https:\/\/lazarointernacional.com\/fr\/wp-json\/wp\/v2\/pages\/18468\/revisions"}],"predecessor-version":[{"id":18469,"href":"https:\/\/lazarointernacional.com\/fr\/wp-json\/wp\/v2\/pages\/18468\/revisions\/18469"}],"wp:attachment":[{"href":"https:\/\/lazarointernacional.com\/fr\/wp-json\/wp\/v2\/media?parent=18468"}],"curies":[{"name":"wp","href":"https:\/\/api.w.org\/{rel}","templated":true}]}}