{"id":18437,"date":"2022-12-17T09:36:35","date_gmt":"2022-12-17T08:36:35","guid":{"rendered":"https:\/\/lazarointernacional.com\/machine-pour-bas-de-compression\/"},"modified":"2023-01-05T10:45:13","modified_gmt":"2023-01-05T09:45:13","slug":"maquina-pour-bas-de-compression-lonati","status":"publish","type":"page","link":"https:\/\/lazarointernacional.com\/fr\/maquina-pour-bas-de-compression-lonati\/","title":{"rendered":"Machine pour bas de compression"},"content":{"rendered":"\t\t<div data-elementor-type=\"wp-page\" data-elementor-id=\"18437\" class=\"elementor elementor-18437 elementor-15885\" data-elementor-post-type=\"page\">\n\t\t\t\t\t\t<section class=\"elementor-section elementor-top-section elementor-element elementor-element-0c7c89f elementor-section-boxed elementor-section-height-default elementor-section-height-default\" data-id=\"0c7c89f\" data-element_type=\"section\" data-e-type=\"section\">\n\t\t\t\t\t\t<div class=\"elementor-container elementor-column-gap-default\">\n\t\t\t\t\t<div class=\"elementor-column elementor-col-100 elementor-top-column elementor-element elementor-element-f92e12b\" data-id=\"f92e12b\" data-element_type=\"column\" data-e-type=\"column\">\n\t\t\t<div class=\"elementor-widget-wrap elementor-element-populated\">\n\t\t\t\t\t\t<div class=\"elementor-element elementor-element-01184b5 elementor-widget elementor-widget-text-editor\" data-id=\"01184b5\" data-element_type=\"widget\" data-e-type=\"widget\" data-widget_type=\"text-editor.default\">\n\t\t\t\t<div class=\"elementor-widget-container\">\n\t\t\t\t\t\t\t\t\t<h4><strong><u>MACHINE POUR BAS DE COMPRESSION \u2013 MONO CYLINDRE \u2013<br \/>\nLONATI LB40ME \u2013 LB45ME \u2013 LB50ME \u2013 LB55ME \u2013 LB60ME<br \/>\n<\/u><\/strong><\/h4>\n<p>Machine pour la production de bas de compression et d&#8217;articles de compression de classe 1, 2 et 3.<\/p>\n<ul>\n<li>Machine monocylindre \u00e0 4 alimentations<\/li>\n<li>Deux groupes de s\u00e9lection \u00e9lectronique pour chaque alimentation<\/li>\n<li>Mouvement des cames de formation de 5 mailles avec moteur pas \u00e0 pas<\/li>\n<li>Couvercle de plaque motoris\u00e9 avec 2 moteurs<\/li>\n<li>Nombre total de guide-fils 26<\/li>\n<li>Programmation \u00e9lectronique totale du cycle de production. Diff\u00e9rents articles de 8 tailles chacun peuvent \u00eatre stock\u00e9s dans la m\u00e9moire de la machine.<\/li>\n<li>Dispositif \u00e9lectronique pour maintenir la sculpture \u00e0 n&#8217;importe quelle temp\u00e9rature de la machine.<\/li>\n<\/ul>\n<p>&nbsp;<\/p>\n<p><strong><u>APPAREILS STANDARDS<\/u><\/strong><\/p>\n<ul>\n<li>Cantre m\u00e9dical ou cantre de fil 40 ou 26 bobines;<\/li>\n<li>Capot d&#8217;\u00e9jection de chaussette;<\/li>\n<li>Filtre \u00e0 d\u00e9chets de fil;<\/li>\n<li>Vanne d&#8217;aspiration command\u00e9e par moteur pas \u00e0 pas;<\/li>\n<li>Dispositif anti-torsion rotatif ou fixe;<\/li>\n<li>5 unit\u00e9s de couture motoris\u00e9es;<\/li>\n<li>Pr\u00e9-arrangement pour 4 alimentations m\u00e9dicales;<\/li>\n<li>Pr\u00e9-arrangement YOYO;<\/li>\n<li>Cadran montant motoris\u00e9;<\/li>\n<li>Coupe-fil motoris\u00e9;<\/li>\n<li>Unit\u00e9 d&#8217;aspiration de 9 pinces (plaques, crochets et coupe-pic);<\/li>\n<li>8 capteurs de glissement de fil;<\/li>\n<\/ul>\n<p>&nbsp;<\/p>\n<p><strong><u>SYST\u00c8MES OPTIONNELS<br \/>\n<\/u><\/strong><a href=\"https:\/\/lonati.com\/uploads\/2022-7-22\/LON-LB40ME%20-%20LB45ME%20-%20LB50ME%20-%20LB55ME%20-%20LB60ME-ESP.pdf\" target=\"_blank\" rel=\"noopener\">(consulter le catalogue)<\/a><\/p>\n\t\t\t\t\t\t\t\t<\/div>\n\t\t\t\t<\/div>\n\t\t\t\t<div class=\"elementor-element elementor-element-b3b9c2c elementor-button-info elementor-widget elementor-widget-button\" data-id=\"b3b9c2c\" data-element_type=\"widget\" data-e-type=\"widget\" data-widget_type=\"button.default\">\n\t\t\t\t<div class=\"elementor-widget-container\">\n\t\t\t\t\t\t\t\t\t<div class=\"elementor-button-wrapper\">\n\t\t\t\t\t<a class=\"elementor-button elementor-button-link elementor-size-md\" href=\"https:\/\/www.lonati.com\/uploads\/2022-7-22\/LON-LB40ME%20-%20LB45ME%20-%20LB50ME%20-%20LB55ME%20-%20LB60ME-ENG(1).pdf\" target=\"_blank\">\n\t\t\t\t\t\t<span class=\"elementor-button-content-wrapper\">\n\t\t\t\t\t\t<span class=\"elementor-button-icon\">\n\t\t\t\t<i aria-hidden=\"true\" class=\"fas fa-arrow-right\"><\/i>\t\t\t<\/span>\n\t\t\t\t\t\t\t\t\t<span class=\"elementor-button-text\">T\u00e9l\u00e9charger le catalogue<\/span>\n\t\t\t\t\t<\/span>\n\t\t\t\t\t<\/a>\n\t\t\t\t<\/div>\n\t\t\t\t\t\t\t\t<\/div>\n\t\t\t\t<\/div>\n\t\t\t\t\t<\/div>\n\t\t<\/div>\n\t\t\t\t\t<\/div>\n\t\t<\/section>\n\t\t\t\t<section class=\"elementor-section elementor-top-section elementor-element elementor-element-b0021b3 elementor-section-boxed elementor-section-height-default elementor-section-height-default\" data-id=\"b0021b3\" data-element_type=\"section\" data-e-type=\"section\">\n\t\t\t\t\t\t<div class=\"elementor-container elementor-column-gap-default\">\n\t\t\t\t\t<div class=\"elementor-column elementor-col-66 elementor-top-column elementor-element elementor-element-5b8e1af\" data-id=\"5b8e1af\" data-element_type=\"column\" data-e-type=\"column\">\n\t\t\t<div class=\"elementor-widget-wrap elementor-element-populated\">\n\t\t\t\t\t\t<div class=\"elementor-element elementor-element-1ec6c78 elementor-widget elementor-widget-image\" data-id=\"1ec6c78\" data-element_type=\"widget\" data-e-type=\"widget\" data-widget_type=\"image.default\">\n\t\t\t\t<div class=\"elementor-widget-container\">\n\t\t\t\t\t\t\t\t\t\t\t\t\t\t\t<img fetchpriority=\"high\" decoding=\"async\" width=\"940\" height=\"629\" src=\"https:\/\/lazarointernacional.com\/wp-content\/uploads\/2022\/11\/LON-LB40ME-LB45ME-LB50ME-LB55ME-LB60ME-ESP-1024x685.jpg\" class=\"attachment-large size-large wp-image-15859\" alt=\"\" srcset=\"https:\/\/lazarointernacional.com\/wp-content\/uploads\/2022\/11\/LON-LB40ME-LB45ME-LB50ME-LB55ME-LB60ME-ESP-1024x685.jpg 1024w, https:\/\/lazarointernacional.com\/wp-content\/uploads\/2022\/11\/LON-LB40ME-LB45ME-LB50ME-LB55ME-LB60ME-ESP-300x201.jpg 300w, https:\/\/lazarointernacional.com\/wp-content\/uploads\/2022\/11\/LON-LB40ME-LB45ME-LB50ME-LB55ME-LB60ME-ESP-768x513.jpg 768w, https:\/\/lazarointernacional.com\/wp-content\/uploads\/2022\/11\/LON-LB40ME-LB45ME-LB50ME-LB55ME-LB60ME-ESP-1536x1027.jpg 1536w, https:\/\/lazarointernacional.com\/wp-content\/uploads\/2022\/11\/LON-LB40ME-LB45ME-LB50ME-LB55ME-LB60ME-ESP-285x191.jpg 285w, https:\/\/lazarointernacional.com\/wp-content\/uploads\/2022\/11\/LON-LB40ME-LB45ME-LB50ME-LB55ME-LB60ME-ESP-1600x1070.jpg 1600w, https:\/\/lazarointernacional.com\/wp-content\/uploads\/2022\/11\/LON-LB40ME-LB45ME-LB50ME-LB55ME-LB60ME-ESP-660x441.jpg 660w, https:\/\/lazarointernacional.com\/wp-content\/uploads\/2022\/11\/LON-LB40ME-LB45ME-LB50ME-LB55ME-LB60ME-ESP-150x100.jpg 150w, https:\/\/lazarointernacional.com\/wp-content\/uploads\/2022\/11\/LON-LB40ME-LB45ME-LB50ME-LB55ME-LB60ME-ESP.jpg 1750w\" sizes=\"(max-width: 940px) 100vw, 940px\" \/>\t\t\t\t\t\t\t\t\t\t\t\t\t\t\t<\/div>\n\t\t\t\t<\/div>\n\t\t\t\t\t<\/div>\n\t\t<\/div>\n\t\t\t\t<div class=\"elementor-column elementor-col-33 elementor-top-column elementor-element elementor-element-bdb271d\" data-id=\"bdb271d\" data-element_type=\"column\" data-e-type=\"column\">\n\t\t\t<div class=\"elementor-widget-wrap\">\n\t\t\t\t\t\t\t<\/div>\n\t\t<\/div>\n\t\t\t\t\t<\/div>\n\t\t<\/section>\n\t\t\t\t<\/div>\n\t\t","protected":false},"excerpt":{"rendered":"<p>MACHINE POUR BAS DE COMPRESSION \u2013 MONO CYLINDRE \u2013 LONATI LB40ME \u2013 LB45ME \u2013 LB50ME \u2013 LB55ME \u2013&#8230;<\/p>\n","protected":false},"author":1,"featured_media":18724,"parent":0,"menu_order":0,"comment_status":"closed","ping_status":"closed","template":"elementor_header_footer","meta":{"_acf_changed":false,"footnotes":""},"class_list":["post-18437","page","type-page","status-publish","has-post-thumbnail","hentry"],"acf":[],"_links":{"self":[{"href":"https:\/\/lazarointernacional.com\/fr\/wp-json\/wp\/v2\/pages\/18437","targetHints":{"allow":["GET"]}}],"collection":[{"href":"https:\/\/lazarointernacional.com\/fr\/wp-json\/wp\/v2\/pages"}],"about":[{"href":"https:\/\/lazarointernacional.com\/fr\/wp-json\/wp\/v2\/types\/page"}],"author":[{"embeddable":true,"href":"https:\/\/lazarointernacional.com\/fr\/wp-json\/wp\/v2\/users\/1"}],"replies":[{"embeddable":true,"href":"https:\/\/lazarointernacional.com\/fr\/wp-json\/wp\/v2\/comments?post=18437"}],"version-history":[{"count":7,"href":"https:\/\/lazarointernacional.com\/fr\/wp-json\/wp\/v2\/pages\/18437\/revisions"}],"predecessor-version":[{"id":18730,"href":"https:\/\/lazarointernacional.com\/fr\/wp-json\/wp\/v2\/pages\/18437\/revisions\/18730"}],"wp:featuredmedia":[{"embeddable":true,"href":"https:\/\/lazarointernacional.com\/fr\/wp-json\/wp\/v2\/media\/18724"}],"wp:attachment":[{"href":"https:\/\/lazarointernacional.com\/fr\/wp-json\/wp\/v2\/media?parent=18437"}],"curies":[{"name":"wp","href":"https:\/\/api.w.org\/{rel}","templated":true}]}}