{"id":18402,"date":"2022-12-17T09:07:45","date_gmt":"2022-12-17T08:07:45","guid":{"rendered":"https:\/\/lazarointernacional.com\/repasseuse-pour-bas-medicaux-tecnopea-sm12\/"},"modified":"2023-01-05T10:16:51","modified_gmt":"2023-01-05T09:16:51","slug":"machine-a-repasser-bas-medicaux-tecnopea","status":"publish","type":"page","link":"https:\/\/lazarointernacional.com\/fr\/machine-a-repasser-bas-medicaux-tecnopea\/","title":{"rendered":"Repasseuse pour bas m\u00e9dicaux TECNOPEA- SM12"},"content":{"rendered":"\t\t<div data-elementor-type=\"wp-page\" data-elementor-id=\"18402\" class=\"elementor elementor-18402 elementor-15877\" data-elementor-post-type=\"page\">\n\t\t\t\t\t\t<section class=\"elementor-section elementor-top-section elementor-element elementor-element-18fafdf elementor-section-boxed elementor-section-height-default elementor-section-height-default\" data-id=\"18fafdf\" data-element_type=\"section\" data-e-type=\"section\">\n\t\t\t\t\t\t<div class=\"elementor-container elementor-column-gap-default\">\n\t\t\t\t\t<div class=\"elementor-column elementor-col-100 elementor-top-column elementor-element elementor-element-06668f2\" data-id=\"06668f2\" data-element_type=\"column\" data-e-type=\"column\">\n\t\t\t<div class=\"elementor-widget-wrap elementor-element-populated\">\n\t\t\t\t\t\t<div class=\"elementor-element elementor-element-0467a16 elementor-widget elementor-widget-text-editor\" data-id=\"0467a16\" data-element_type=\"widget\" data-e-type=\"widget\" data-widget_type=\"text-editor.default\">\n\t\t\t\t<div class=\"elementor-widget-container\">\n\t\t\t\t\t\t\t\t\t<h4><strong><u>REPASSEUSE POUR BAS MEDICAUX TECNOPEA-SM12<\/u><\/strong><\/h4>\n<p>Machine \u00e0 repasser pour fixer \u00e0 la vapeur les chaussettes et les bas m\u00e9dicaux.<\/p>\n<p>La machine vaporise et s\u00e8che sur la forme, applique une \u00e9tiquette de transfert de cire, coupe le bas (dans le sens de la longueur pour cr\u00e9er un espace et appliquer un elastique), puis d\u00e9pose chaque bas sur le carrousel de collecte.<\/p>\n<p>Chaque bas est charg\u00e9 sur chaque forme par un op\u00e9rateur.<\/p>\n<p>12 planches \u00e0 repasser aux dimensions maximales : mm 190 x 1400<\/p>\n\t\t\t\t\t\t\t\t<\/div>\n\t\t\t\t<\/div>\n\t\t\t\t<div class=\"elementor-element elementor-element-563b4c5 elementor-button-info elementor-widget elementor-widget-button\" data-id=\"563b4c5\" data-element_type=\"widget\" data-e-type=\"widget\" data-widget_type=\"button.default\">\n\t\t\t\t<div class=\"elementor-widget-container\">\n\t\t\t\t\t\t\t\t\t<div class=\"elementor-button-wrapper\">\n\t\t\t\t\t<a class=\"elementor-button elementor-button-link elementor-size-md\" href=\"https:\/\/www.tecnopea.com\/uploads\/prodotti\/25-84-SM12.pdf\" target=\"_blank\">\n\t\t\t\t\t\t<span class=\"elementor-button-content-wrapper\">\n\t\t\t\t\t\t<span class=\"elementor-button-icon\">\n\t\t\t\t<i aria-hidden=\"true\" class=\"fas fa-arrow-right\"><\/i>\t\t\t<\/span>\n\t\t\t\t\t\t\t\t\t<span class=\"elementor-button-text\">T\u00e9l\u00e9charger le catalogue<\/span>\n\t\t\t\t\t<\/span>\n\t\t\t\t\t<\/a>\n\t\t\t\t<\/div>\n\t\t\t\t\t\t\t\t<\/div>\n\t\t\t\t<\/div>\n\t\t\t\t\t<\/div>\n\t\t<\/div>\n\t\t\t\t\t<\/div>\n\t\t<\/section>\n\t\t\t\t<section class=\"elementor-section elementor-top-section elementor-element elementor-element-2ac3e68 elementor-section-boxed elementor-section-height-default elementor-section-height-default\" data-id=\"2ac3e68\" data-element_type=\"section\" data-e-type=\"section\">\n\t\t\t\t\t\t<div class=\"elementor-container elementor-column-gap-default\">\n\t\t\t\t\t<div class=\"elementor-column elementor-col-66 elementor-top-column elementor-element elementor-element-cfb1cee\" data-id=\"cfb1cee\" data-element_type=\"column\" data-e-type=\"column\">\n\t\t\t<div class=\"elementor-widget-wrap elementor-element-populated\">\n\t\t\t\t\t\t<div data-over-color=\"\" data-over=\"overlay\" class=\"elementor-element elementor-element-b8a0393 elementor-widget elementor-widget-video\" data-id=\"b8a0393\" data-element_type=\"widget\" data-e-type=\"widget\" data-settings=\"{&quot;youtube_url&quot;:&quot;https:\\\/\\\/youtu.be\\\/51-f5dAu6oU&quot;,&quot;video_type&quot;:&quot;youtube&quot;,&quot;controls&quot;:&quot;yes&quot;}\" data-widget_type=\"video.default\">\n\t\t\t\t<div class=\"elementor-widget-container\">\n\t\t\t\t\t\t\t<div class=\"elementor-wrapper elementor-open-inline\">\n\t\t\t<div class=\"elementor-video\"><\/div>\t\t<\/div>\n\t\t\t\t\t\t<\/div>\n\t\t\t\t<\/div>\n\t\t\t\t\t<\/div>\n\t\t<\/div>\n\t\t\t\t<div class=\"elementor-column elementor-col-33 elementor-top-column elementor-element elementor-element-566856a\" data-id=\"566856a\" data-element_type=\"column\" data-e-type=\"column\">\n\t\t\t<div class=\"elementor-widget-wrap\">\n\t\t\t\t\t\t\t<\/div>\n\t\t<\/div>\n\t\t\t\t\t<\/div>\n\t\t<\/section>\n\t\t\t\t<\/div>\n\t\t","protected":false},"excerpt":{"rendered":"<p>REPASSEUSE POUR BAS MEDICAUX TECNOPEA-SM12 Machine \u00e0 repasser pour fixer \u00e0 la vapeur les chaussettes et les bas&#8230;<\/p>\n","protected":false},"author":1,"featured_media":18690,"parent":0,"menu_order":0,"comment_status":"closed","ping_status":"closed","template":"elementor_header_footer","meta":{"_acf_changed":false,"footnotes":""},"class_list":["post-18402","page","type-page","status-publish","has-post-thumbnail","hentry"],"acf":[],"_links":{"self":[{"href":"https:\/\/lazarointernacional.com\/fr\/wp-json\/wp\/v2\/pages\/18402","targetHints":{"allow":["GET"]}}],"collection":[{"href":"https:\/\/lazarointernacional.com\/fr\/wp-json\/wp\/v2\/pages"}],"about":[{"href":"https:\/\/lazarointernacional.com\/fr\/wp-json\/wp\/v2\/types\/page"}],"author":[{"embeddable":true,"href":"https:\/\/lazarointernacional.com\/fr\/wp-json\/wp\/v2\/users\/1"}],"replies":[{"embeddable":true,"href":"https:\/\/lazarointernacional.com\/fr\/wp-json\/wp\/v2\/comments?post=18402"}],"version-history":[{"count":3,"href":"https:\/\/lazarointernacional.com\/fr\/wp-json\/wp\/v2\/pages\/18402\/revisions"}],"predecessor-version":[{"id":18706,"href":"https:\/\/lazarointernacional.com\/fr\/wp-json\/wp\/v2\/pages\/18402\/revisions\/18706"}],"wp:featuredmedia":[{"embeddable":true,"href":"https:\/\/lazarointernacional.com\/fr\/wp-json\/wp\/v2\/media\/18690"}],"wp:attachment":[{"href":"https:\/\/lazarointernacional.com\/fr\/wp-json\/wp\/v2\/media?parent=18402"}],"curies":[{"name":"wp","href":"https:\/\/api.w.org\/{rel}","templated":true}]}}