{"id":18251,"date":"2022-12-16T17:04:29","date_gmt":"2022-12-16T16:04:29","guid":{"rendered":"https:\/\/lazarointernacional.com\/plancheuses-pour-seamless-tecnopea\/"},"modified":"2023-01-05T09:56:44","modified_gmt":"2023-01-05T08:56:44","slug":"presses-pour-seamless-tecnopea","status":"publish","type":"page","link":"https:\/\/lazarointernacional.com\/fr\/presses-pour-seamless-tecnopea\/","title":{"rendered":"PLANCHEUSES  POUR SEAMLESS \u2013 TECNOPEA"},"content":{"rendered":"\t\t<div data-elementor-type=\"wp-page\" data-elementor-id=\"18251\" class=\"elementor elementor-18251 elementor-15637\" data-elementor-post-type=\"page\">\n\t\t\t\t\t\t<section class=\"elementor-section elementor-top-section elementor-element elementor-element-cfbbff1 elementor-section-boxed elementor-section-height-default elementor-section-height-default\" data-id=\"cfbbff1\" data-element_type=\"section\" data-e-type=\"section\">\n\t\t\t\t\t\t<div class=\"elementor-container elementor-column-gap-default\">\n\t\t\t\t\t<div class=\"elementor-column elementor-col-100 elementor-top-column elementor-element elementor-element-e98c7f3\" data-id=\"e98c7f3\" data-element_type=\"column\" data-e-type=\"column\">\n\t\t\t<div class=\"elementor-widget-wrap elementor-element-populated\">\n\t\t\t\t\t\t<div class=\"elementor-element elementor-element-af82bff elementor-widget elementor-widget-text-editor\" data-id=\"af82bff\" data-element_type=\"widget\" data-e-type=\"widget\" data-widget_type=\"text-editor.default\">\n\t\t\t\t<div class=\"elementor-widget-container\">\n\t\t\t\t\t\t\t\t\t<h4><strong><u>PLANCHEUSES POUR SEAMLESS \u2013 TECNOPEA<\/u><\/strong><\/h4>\n<p><strong>Presses pour Seamless (haute efficacit\u00e9 \u00e9nerg\u00e9tique et de production).<\/strong><\/p>\n\t\t\t\t\t\t\t\t<\/div>\n\t\t\t\t<\/div>\n\t\t\t\t\t<\/div>\n\t\t<\/div>\n\t\t\t\t\t<\/div>\n\t\t<\/section>\n\t\t\t\t<section class=\"elementor-section elementor-top-section elementor-element elementor-element-3c1e9a5 elementor-section-boxed elementor-section-height-default elementor-section-height-default\" data-id=\"3c1e9a5\" data-element_type=\"section\" data-e-type=\"section\">\n\t\t\t\t\t\t<div class=\"elementor-container elementor-column-gap-default\">\n\t\t\t\t\t<div class=\"elementor-column elementor-col-50 elementor-top-column elementor-element elementor-element-2fdc8d7\" data-id=\"2fdc8d7\" data-element_type=\"column\" data-e-type=\"column\">\n\t\t\t<div class=\"elementor-widget-wrap elementor-element-populated\">\n\t\t\t\t\t\t<div class=\"elementor-element elementor-element-46fb2af elementor-widget elementor-widget-heading\" data-id=\"46fb2af\" data-element_type=\"widget\" data-e-type=\"widget\" data-widget_type=\"heading.default\">\n\t\t\t\t<div class=\"elementor-widget-container\">\n\t\t\t\t\t<h2 class=\"elementor-heading-title elementor-size-default elementor-heading-title elementor-align-after-center\">REVOLUTION<\/h2>\t\t\t\t<\/div>\n\t\t\t\t<\/div>\n\t\t\t\t<div class=\"elementor-element elementor-element-39a92ca elementor-widget elementor-widget-image\" data-id=\"39a92ca\" data-element_type=\"widget\" data-e-type=\"widget\" data-widget_type=\"image.default\">\n\t\t\t\t<div class=\"elementor-widget-container\">\n\t\t\t\t\t\t\t\t\t\t\t\t\t\t\t<img fetchpriority=\"high\" decoding=\"async\" width=\"550\" height=\"389\" src=\"https:\/\/lazarointernacional.com\/wp-content\/uploads\/2022\/11\/Planchas-para-Seamless-01.jpg\" class=\"attachment-full size-full wp-image-15822\" alt=\"\" srcset=\"https:\/\/lazarointernacional.com\/wp-content\/uploads\/2022\/11\/Planchas-para-Seamless-01.jpg 550w, https:\/\/lazarointernacional.com\/wp-content\/uploads\/2022\/11\/Planchas-para-Seamless-01-300x212.jpg 300w, https:\/\/lazarointernacional.com\/wp-content\/uploads\/2022\/11\/Planchas-para-Seamless-01-285x202.jpg 285w, https:\/\/lazarointernacional.com\/wp-content\/uploads\/2022\/11\/Planchas-para-Seamless-01-150x106.jpg 150w\" sizes=\"(max-width: 550px) 100vw, 550px\" \/>\t\t\t\t\t\t\t\t\t\t\t\t\t\t\t<\/div>\n\t\t\t\t<\/div>\n\t\t\t\t<div class=\"elementor-element elementor-element-7d1c7b9 elementor-widget elementor-widget-text-editor\" data-id=\"7d1c7b9\" data-element_type=\"widget\" data-e-type=\"widget\" data-widget_type=\"text-editor.default\">\n\t\t\t\t<div class=\"elementor-widget-container\">\n\t\t\t\t\t\t\t\t\t<p><strong><u>Machine \u00e0 repasser \u00e0 pr\u00e9r\u00e9glage \u00e0 air chaud pour sans couture.<\/u><\/strong><\/p>\n<p>La grande diffusion des produits sans couture en polyester a n\u00e9cessit\u00e9 le d\u00e9veloppement d&#8217;une machine d\u00e9di\u00e9e \u00e0 ce type de fil mais capable de s&#8217;adapter \u00e9galement au repassage des v\u00eatements traditionnels.<\/p>\n<p>Le contr\u00f4le minutieux des hautes temp\u00e9ratures de traitement requises par ce type de mat\u00e9riau dans la chambre de repassage permet une r\u00e9gulation appropri\u00e9e du fil.<\/p>\n<p><strong>REVOLUTION<\/strong>, donne au v\u00eatement une grande douceur, stabilit\u00e9 et une excellente pr\u00e9sentation, r\u00e9solvant les probl\u00e8mes de plis lat\u00e9raux, d&#8217;ombrage et de bords incurv\u00e9s.<\/p>\n<ul>\n<li>\u00c9cran tactile pour les param\u00e8tres de fonctionnement.<\/li>\n<li>Autodiagnostic \u00e9lectronique avec erreurs ou messages visuels de dysfonctionnement<\/li>\n<li>Formes multi-tailles avec ajustement coulissant<\/li>\n<li>Contr\u00f4le de la temp\u00e9rature avec 3 positions de surveillance.<\/li>\n<li>Rotation du v\u00eatement contr\u00f4l\u00e9e \u00e9lectroniquement en fonction de la taille trait\u00e9e et du temps de cycle.<\/li>\n<li>Station de refroidissement pour am\u00e9liorer les r\u00e9glages du fil et r\u00e9duire les temp\u00e9ratures du cadre d&#8217;exp\u00e9dition.<\/li>\n<li>La machine fonctionne sans air comprim\u00e9.<\/li>\n<\/ul>\n<p><strong><br \/>\nOption:<\/strong><\/p>\n<ul>\n<li>Formes r\u00e9glables en largeur;<\/li>\n<li>\u00c9limination du co\u00fbt de la vapeur et de l&#8217;air comprim\u00e9.<\/li>\n<\/ul>\n\t\t\t\t\t\t\t\t<\/div>\n\t\t\t\t<\/div>\n\t\t\t\t\t<\/div>\n\t\t<\/div>\n\t\t\t\t<div class=\"elementor-column elementor-col-50 elementor-top-column elementor-element elementor-element-8546943\" data-id=\"8546943\" data-element_type=\"column\" data-e-type=\"column\">\n\t\t\t<div class=\"elementor-widget-wrap elementor-element-populated\">\n\t\t\t\t\t\t<div class=\"elementor-element elementor-element-d8a8239 elementor-widget elementor-widget-heading\" data-id=\"d8a8239\" data-element_type=\"widget\" data-e-type=\"widget\" data-widget_type=\"heading.default\">\n\t\t\t\t<div class=\"elementor-widget-container\">\n\t\t\t\t\t<h2 class=\"elementor-heading-title elementor-size-default elementor-heading-title elementor-align-after-center\">GHIBLI XSL<\/h2>\t\t\t\t<\/div>\n\t\t\t\t<\/div>\n\t\t\t\t<div class=\"elementor-element elementor-element-b9b1dcb elementor-widget elementor-widget-image\" data-id=\"b9b1dcb\" data-element_type=\"widget\" data-e-type=\"widget\" data-widget_type=\"image.default\">\n\t\t\t\t<div class=\"elementor-widget-container\">\n\t\t\t\t\t\t\t\t\t\t\t\t\t\t\t<img decoding=\"async\" width=\"550\" height=\"389\" src=\"https:\/\/lazarointernacional.com\/wp-content\/uploads\/2022\/11\/Planchas-para-Seamless-02.jpg\" class=\"attachment-full size-full wp-image-15826\" alt=\"\" srcset=\"https:\/\/lazarointernacional.com\/wp-content\/uploads\/2022\/11\/Planchas-para-Seamless-02.jpg 550w, https:\/\/lazarointernacional.com\/wp-content\/uploads\/2022\/11\/Planchas-para-Seamless-02-300x212.jpg 300w, https:\/\/lazarointernacional.com\/wp-content\/uploads\/2022\/11\/Planchas-para-Seamless-02-285x202.jpg 285w, https:\/\/lazarointernacional.com\/wp-content\/uploads\/2022\/11\/Planchas-para-Seamless-02-150x106.jpg 150w\" sizes=\"(max-width: 550px) 100vw, 550px\" \/>\t\t\t\t\t\t\t\t\t\t\t\t\t\t\t<\/div>\n\t\t\t\t<\/div>\n\t\t\t\t<div class=\"elementor-element elementor-element-98f850c elementor-widget elementor-widget-text-editor\" data-id=\"98f850c\" data-element_type=\"widget\" data-e-type=\"widget\" data-widget_type=\"text-editor.default\">\n\t\t\t\t<div class=\"elementor-widget-container\">\n\t\t\t\t\t\t\t\t\t<p><strong><u>Machine pour fixer \u00e0 la vapeur des v\u00eatements sans couture.<\/u><\/strong><\/p>\n<p>Machine pour fixer \u00e0 la vapeur de grands v\u00eatements tubulaires sans couture.<\/p>\n<p>La machine est disponible en deux versions : version standard et version avec presse \u00e9lectrique.<\/p>\n<ul>\n<li>Structure en acier trait\u00e9<\/li>\n<li>Un seul op\u00e9rateur<\/li>\n<li>14 formes sp\u00e9ciales en aluminium (hauteur 130 cm)<\/li>\n<li>Changement de forme pneumatique rapide<\/li>\n<li>Chambre \u00e0 vapeur 3 bars avec fermeture pneumatique<\/li>\n<li>N\u00e9buliseur d&#8217;eau<\/li>\n<li>Presse \u00e9lectrique r\u00e9glable et temp\u00e9rature max. 250\u00ba<\/li>\n<li>Tunnel avec mouvement d&#8217;air chaud max. 200\u00baC<\/li>\n<li>Possibilit\u00e9 de s\u00e9lectionner des v\u00eatements imparfaits<\/li>\n<li>Extracteur et empileur automatique de v\u00eatements<\/li>\n<li>Consommation r\u00e9duite et production \u00e9lev\u00e9e<\/li>\n<li>PLC pour contr\u00f4ler les fonctions de repassage et d&#8217;autodiagnostic.<\/li>\n<\/ul>\n<p><strong><br \/>\nOption:<\/strong><\/p>\n<ul>\n<li>Logiciel en \u00e9tat de m\u00e9moriser les diff\u00e9rents items ;<\/li>\n<li>Formes fabriqu\u00e9es selon des conceptions sp\u00e9ciales requises par le client\u00a0;<\/li>\n<li>1 extracteur avec syst\u00e8me de courroie et mouvement m\u00e9canique. Le v\u00eatement est d\u00e9pos\u00e9 sur la bande transporteuse sp\u00e9ciale, permettant d&#8217;obtenir des productions \u00e9lev\u00e9es avec un seul op\u00e9rateur.<\/li>\n<\/ul>\n\t\t\t\t\t\t\t\t<\/div>\n\t\t\t\t<\/div>\n\t\t\t\t\t<\/div>\n\t\t<\/div>\n\t\t\t\t\t<\/div>\n\t\t<\/section>\n\t\t\t\t<section class=\"elementor-section elementor-top-section elementor-element elementor-element-5b0bf7f elementor-section-boxed elementor-section-height-default elementor-section-height-default\" data-id=\"5b0bf7f\" data-element_type=\"section\" data-e-type=\"section\">\n\t\t\t\t\t\t<div class=\"elementor-container elementor-column-gap-default\">\n\t\t\t\t\t<div class=\"elementor-column elementor-col-50 elementor-top-column elementor-element elementor-element-09e8e8e\" data-id=\"09e8e8e\" data-element_type=\"column\" data-e-type=\"column\">\n\t\t\t<div class=\"elementor-widget-wrap elementor-element-populated\">\n\t\t\t\t\t\t<div class=\"elementor-element elementor-element-64148d2 elementor-button-info elementor-align-center elementor-widget elementor-widget-button\" data-id=\"64148d2\" data-element_type=\"widget\" data-e-type=\"widget\" data-widget_type=\"button.default\">\n\t\t\t\t<div class=\"elementor-widget-container\">\n\t\t\t\t\t\t\t\t\t<div class=\"elementor-button-wrapper\">\n\t\t\t\t\t<a class=\"elementor-button elementor-button-link elementor-size-md\" href=\"https:\/\/www.tecnopea.com\/uploads\/prodotti\/47-21-Revolution.pdf\" target=\"_blank\">\n\t\t\t\t\t\t<span class=\"elementor-button-content-wrapper\">\n\t\t\t\t\t\t<span class=\"elementor-button-icon\">\n\t\t\t\t<i aria-hidden=\"true\" class=\"fas fa-arrow-right\"><\/i>\t\t\t<\/span>\n\t\t\t\t\t\t\t\t\t<span class=\"elementor-button-text\">T\u00e9l\u00e9charger le catalogue<\/span>\n\t\t\t\t\t<\/span>\n\t\t\t\t\t<\/a>\n\t\t\t\t<\/div>\n\t\t\t\t\t\t\t\t<\/div>\n\t\t\t\t<\/div>\n\t\t\t\t<div data-over-color=\"\" data-over=\"overlay\" class=\"elementor-element elementor-element-2edc50f elementor-widget elementor-widget-video\" data-id=\"2edc50f\" data-element_type=\"widget\" data-e-type=\"widget\" data-settings=\"{&quot;youtube_url&quot;:&quot;https:\\\/\\\/www.youtube.com\\\/watch?v=bEuWgQUm9P0&quot;,&quot;video_type&quot;:&quot;youtube&quot;,&quot;controls&quot;:&quot;yes&quot;}\" data-widget_type=\"video.default\">\n\t\t\t\t<div class=\"elementor-widget-container\">\n\t\t\t\t\t\t\t<div class=\"elementor-wrapper elementor-open-inline\">\n\t\t\t<div class=\"elementor-video\"><\/div>\t\t<\/div>\n\t\t\t\t\t\t<\/div>\n\t\t\t\t<\/div>\n\t\t\t\t\t<\/div>\n\t\t<\/div>\n\t\t\t\t<div class=\"elementor-column elementor-col-50 elementor-top-column elementor-element elementor-element-45cbada\" data-id=\"45cbada\" data-element_type=\"column\" data-e-type=\"column\">\n\t\t\t<div class=\"elementor-widget-wrap elementor-element-populated\">\n\t\t\t\t\t\t<div class=\"elementor-element elementor-element-4ea7772 elementor-button-info elementor-align-center elementor-widget elementor-widget-button\" data-id=\"4ea7772\" data-element_type=\"widget\" data-e-type=\"widget\" data-widget_type=\"button.default\">\n\t\t\t\t<div class=\"elementor-widget-container\">\n\t\t\t\t\t\t\t\t\t<div class=\"elementor-button-wrapper\">\n\t\t\t\t\t<a class=\"elementor-button elementor-button-link elementor-size-md\" href=\"https:\/\/www.tecnopea.com\/uploads\/prodotti\/50-10-GHIBLI%20XSL%20-%20GHIBLI%20SL.pdf\" target=\"_blank\">\n\t\t\t\t\t\t<span class=\"elementor-button-content-wrapper\">\n\t\t\t\t\t\t<span class=\"elementor-button-icon\">\n\t\t\t\t<i aria-hidden=\"true\" class=\"fas fa-arrow-right\"><\/i>\t\t\t<\/span>\n\t\t\t\t\t\t\t\t\t<span class=\"elementor-button-text\">T\u00e9l\u00e9charger le catalogue<\/span>\n\t\t\t\t\t<\/span>\n\t\t\t\t\t<\/a>\n\t\t\t\t<\/div>\n\t\t\t\t\t\t\t\t<\/div>\n\t\t\t\t<\/div>\n\t\t\t\t<div data-over-color=\"\" data-over=\"overlay\" class=\"elementor-element elementor-element-e80f4d1 elementor-widget elementor-widget-video\" data-id=\"e80f4d1\" data-element_type=\"widget\" data-e-type=\"widget\" data-settings=\"{&quot;youtube_url&quot;:&quot;https:\\\/\\\/www.youtube.com\\\/watch?v=YLEyxShq7E8&quot;,&quot;video_type&quot;:&quot;youtube&quot;,&quot;controls&quot;:&quot;yes&quot;}\" data-widget_type=\"video.default\">\n\t\t\t\t<div class=\"elementor-widget-container\">\n\t\t\t\t\t\t\t<div class=\"elementor-wrapper elementor-open-inline\">\n\t\t\t<div class=\"elementor-video\"><\/div>\t\t<\/div>\n\t\t\t\t\t\t<\/div>\n\t\t\t\t<\/div>\n\t\t\t\t\t<\/div>\n\t\t<\/div>\n\t\t\t\t\t<\/div>\n\t\t<\/section>\n\t\t\t\t<\/div>\n\t\t","protected":false},"excerpt":{"rendered":"<p>PLANCHEUSES POUR SEAMLESS \u2013 TECNOPEA Presses pour Seamless (haute efficacit\u00e9 \u00e9nerg\u00e9tique et de production). REVOLUTION Machine \u00e0 repasser&#8230;<\/p>\n","protected":false},"author":1,"featured_media":0,"parent":0,"menu_order":0,"comment_status":"closed","ping_status":"closed","template":"elementor_header_footer","meta":{"_acf_changed":false,"footnotes":""},"class_list":["post-18251","page","type-page","status-publish","hentry"],"acf":[],"_links":{"self":[{"href":"https:\/\/lazarointernacional.com\/fr\/wp-json\/wp\/v2\/pages\/18251","targetHints":{"allow":["GET"]}}],"collection":[{"href":"https:\/\/lazarointernacional.com\/fr\/wp-json\/wp\/v2\/pages"}],"about":[{"href":"https:\/\/lazarointernacional.com\/fr\/wp-json\/wp\/v2\/types\/page"}],"author":[{"embeddable":true,"href":"https:\/\/lazarointernacional.com\/fr\/wp-json\/wp\/v2\/users\/1"}],"replies":[{"embeddable":true,"href":"https:\/\/lazarointernacional.com\/fr\/wp-json\/wp\/v2\/comments?post=18251"}],"version-history":[{"count":3,"href":"https:\/\/lazarointernacional.com\/fr\/wp-json\/wp\/v2\/pages\/18251\/revisions"}],"predecessor-version":[{"id":18670,"href":"https:\/\/lazarointernacional.com\/fr\/wp-json\/wp\/v2\/pages\/18251\/revisions\/18670"}],"wp:attachment":[{"href":"https:\/\/lazarointernacional.com\/fr\/wp-json\/wp\/v2\/media?parent=18251"}],"curies":[{"name":"wp","href":"https:\/\/api.w.org\/{rel}","templated":true}]}}