{"id":18222,"date":"2022-12-16T16:27:59","date_gmt":"2022-12-16T15:27:59","guid":{"rendered":"https:\/\/lazarointernacional.com\/santoni-sm8-top4j\/"},"modified":"2023-01-05T09:52:20","modified_gmt":"2023-01-05T08:52:20","slug":"santoni-sm8-top4j","status":"publish","type":"page","link":"https:\/\/lazarointernacional.com\/fr\/santoni-sm8-top4j\/","title":{"rendered":"SANTONI SM8-TOP4J"},"content":{"rendered":"\t\t<div data-elementor-type=\"wp-page\" data-elementor-id=\"18222\" class=\"elementor elementor-18222 elementor-15615\" data-elementor-post-type=\"page\">\n\t\t\t\t\t\t<section class=\"elementor-section elementor-top-section elementor-element elementor-element-1f3f335 elementor-section-boxed elementor-section-height-default elementor-section-height-default\" data-id=\"1f3f335\" data-element_type=\"section\" data-e-type=\"section\">\n\t\t\t\t\t\t<div class=\"elementor-container elementor-column-gap-default\">\n\t\t\t\t\t<div class=\"elementor-column elementor-col-100 elementor-top-column elementor-element elementor-element-21266e0\" data-id=\"21266e0\" data-element_type=\"column\" data-e-type=\"column\">\n\t\t\t<div class=\"elementor-widget-wrap elementor-element-populated\">\n\t\t\t\t\t\t<div class=\"elementor-element elementor-element-12e99a5 elementor-widget elementor-widget-text-editor\" data-id=\"12e99a5\" data-element_type=\"widget\" data-e-type=\"widget\" data-widget_type=\"text-editor.default\">\n\t\t\t\t<div class=\"elementor-widget-container\">\n\t\t\t\t\t\t\t\t\t<h4><strong>SANTONI SM8-TOP4J<\/strong><\/h4>\n<p>Machine circulaire \u00e9lectronique single jersey avec 8 alimentateurs, en diam\u00e8tres de 12\u201d \u00e0 22\u201d , avec 4 points de s\u00e9lection d\u2019aiguille \u00e0 aiguille dans chaque alimentation de tricot, pour la production de v\u00eatements sans couture uniques pour sous-v\u00eatements, v\u00eatements d\u2019ext\u00e9rieur, maillots de bain, v\u00eatements de sport, sanitaires, avec la possibilit\u00e9 d\u2019obtenir diff\u00e9rentes structures de tissu et diff\u00e9rentes couleurs dans le m\u00eame cours.<\/p>\n<p>Sur demande\u00a0: possibilit\u00e9 de terry.<\/p>\n\t\t\t\t\t\t\t\t<\/div>\n\t\t\t\t<\/div>\n\t\t\t\t<div class=\"elementor-element elementor-element-3493b9b elementor-button-info elementor-widget elementor-widget-button\" data-id=\"3493b9b\" data-element_type=\"widget\" data-e-type=\"widget\" data-widget_type=\"button.default\">\n\t\t\t\t<div class=\"elementor-widget-container\">\n\t\t\t\t\t\t\t\t\t<div class=\"elementor-button-wrapper\">\n\t\t\t\t\t<a class=\"elementor-button elementor-button-link elementor-size-md\" href=\"https:\/\/www.santoni.com\/uploads\/2022-6-29\/SM8-TOP4J(1).pdf\" target=\"_blank\">\n\t\t\t\t\t\t<span class=\"elementor-button-content-wrapper\">\n\t\t\t\t\t\t<span class=\"elementor-button-icon\">\n\t\t\t\t<i aria-hidden=\"true\" class=\"fas fa-arrow-right\"><\/i>\t\t\t<\/span>\n\t\t\t\t\t\t\t\t\t<span class=\"elementor-button-text\">T\u00e9l\u00e9charger le catalogue<\/span>\n\t\t\t\t\t<\/span>\n\t\t\t\t\t<\/a>\n\t\t\t\t<\/div>\n\t\t\t\t\t\t\t\t<\/div>\n\t\t\t\t<\/div>\n\t\t\t\t\t<\/div>\n\t\t<\/div>\n\t\t\t\t\t<\/div>\n\t\t<\/section>\n\t\t\t\t<section class=\"elementor-section elementor-top-section elementor-element elementor-element-83934d6 elementor-section-boxed elementor-section-height-default elementor-section-height-default\" data-id=\"83934d6\" data-element_type=\"section\" data-e-type=\"section\">\n\t\t\t\t\t\t<div class=\"elementor-container elementor-column-gap-default\">\n\t\t\t\t\t<div class=\"elementor-column elementor-col-66 elementor-top-column elementor-element elementor-element-ed3d187\" data-id=\"ed3d187\" data-element_type=\"column\" data-e-type=\"column\">\n\t\t\t<div class=\"elementor-widget-wrap elementor-element-populated\">\n\t\t\t\t\t\t<div class=\"elementor-element elementor-element-3417e4d elementor-widget elementor-widget-image\" data-id=\"3417e4d\" data-element_type=\"widget\" data-e-type=\"widget\" data-widget_type=\"image.default\">\n\t\t\t\t<div class=\"elementor-widget-container\">\n\t\t\t\t\t\t\t\t\t\t\t\t\t\t\t<img fetchpriority=\"high\" decoding=\"async\" width=\"940\" height=\"666\" src=\"https:\/\/lazarointernacional.com\/wp-content\/uploads\/2022\/11\/SM8-TOP4J-1024x725.jpg\" class=\"attachment-large size-large wp-image-15594\" alt=\"\" srcset=\"https:\/\/lazarointernacional.com\/wp-content\/uploads\/2022\/11\/SM8-TOP4J-1024x725.jpg 1024w, https:\/\/lazarointernacional.com\/wp-content\/uploads\/2022\/11\/SM8-TOP4J-300x213.jpg 300w, https:\/\/lazarointernacional.com\/wp-content\/uploads\/2022\/11\/SM8-TOP4J-768x544.jpg 768w, https:\/\/lazarointernacional.com\/wp-content\/uploads\/2022\/11\/SM8-TOP4J-285x202.jpg 285w, https:\/\/lazarointernacional.com\/wp-content\/uploads\/2022\/11\/SM8-TOP4J-660x468.jpg 660w, https:\/\/lazarointernacional.com\/wp-content\/uploads\/2022\/11\/SM8-TOP4J-150x106.jpg 150w, https:\/\/lazarointernacional.com\/wp-content\/uploads\/2022\/11\/SM8-TOP4J.jpg 1200w\" sizes=\"(max-width: 940px) 100vw, 940px\" \/>\t\t\t\t\t\t\t\t\t\t\t\t\t\t\t<\/div>\n\t\t\t\t<\/div>\n\t\t\t\t\t<\/div>\n\t\t<\/div>\n\t\t\t\t<div class=\"elementor-column elementor-col-33 elementor-top-column elementor-element elementor-element-d98dd11\" data-id=\"d98dd11\" data-element_type=\"column\" data-e-type=\"column\">\n\t\t\t<div class=\"elementor-widget-wrap\">\n\t\t\t\t\t\t\t<\/div>\n\t\t<\/div>\n\t\t\t\t\t<\/div>\n\t\t<\/section>\n\t\t\t\t<\/div>\n\t\t","protected":false},"excerpt":{"rendered":"<p>SANTONI SM8-TOP4J Machine circulaire \u00e9lectronique single jersey avec 8 alimentateurs, en diam\u00e8tres de 12\u201d \u00e0 22\u201d , avec&#8230;<\/p>\n","protected":false},"author":1,"featured_media":0,"parent":0,"menu_order":0,"comment_status":"closed","ping_status":"closed","template":"elementor_header_footer","meta":{"_acf_changed":false,"footnotes":""},"class_list":["post-18222","page","type-page","status-publish","hentry"],"acf":[],"_links":{"self":[{"href":"https:\/\/lazarointernacional.com\/fr\/wp-json\/wp\/v2\/pages\/18222","targetHints":{"allow":["GET"]}}],"collection":[{"href":"https:\/\/lazarointernacional.com\/fr\/wp-json\/wp\/v2\/pages"}],"about":[{"href":"https:\/\/lazarointernacional.com\/fr\/wp-json\/wp\/v2\/types\/page"}],"author":[{"embeddable":true,"href":"https:\/\/lazarointernacional.com\/fr\/wp-json\/wp\/v2\/users\/1"}],"replies":[{"embeddable":true,"href":"https:\/\/lazarointernacional.com\/fr\/wp-json\/wp\/v2\/comments?post=18222"}],"version-history":[{"count":3,"href":"https:\/\/lazarointernacional.com\/fr\/wp-json\/wp\/v2\/pages\/18222\/revisions"}],"predecessor-version":[{"id":18658,"href":"https:\/\/lazarointernacional.com\/fr\/wp-json\/wp\/v2\/pages\/18222\/revisions\/18658"}],"wp:attachment":[{"href":"https:\/\/lazarointernacional.com\/fr\/wp-json\/wp\/v2\/media?parent=18222"}],"curies":[{"name":"wp","href":"https:\/\/api.w.org\/{rel}","templated":true}]}}