{"id":18162,"date":"2022-12-16T15:25:58","date_gmt":"2022-12-16T14:25:58","guid":{"rendered":"https:\/\/lazarointernacional.com\/tek-ind-alfa-digital\/"},"modified":"2022-12-16T15:25:58","modified_gmt":"2022-12-16T14:25:58","slug":"tek-ind-alfa-digital","status":"publish","type":"page","link":"https:\/\/lazarointernacional.com\/fr\/tek-ind-alfa-digital\/","title":{"rendered":"TEK-IND: ALFA DIGITAL"},"content":{"rendered":"\t\t<div data-elementor-type=\"wp-page\" data-elementor-id=\"18162\" class=\"elementor elementor-18162 elementor-15528\" data-elementor-post-type=\"page\">\n\t\t\t\t\t\t<section class=\"elementor-section elementor-top-section elementor-element elementor-element-c6c3bd1 elementor-section-boxed elementor-section-height-default elementor-section-height-default\" data-id=\"c6c3bd1\" data-element_type=\"section\" data-e-type=\"section\">\n\t\t\t\t\t\t<div class=\"elementor-container elementor-column-gap-default\">\n\t\t\t\t\t<div class=\"elementor-column elementor-col-100 elementor-top-column elementor-element elementor-element-444c791\" data-id=\"444c791\" data-element_type=\"column\" data-e-type=\"column\">\n\t\t\t<div class=\"elementor-widget-wrap elementor-element-populated\">\n\t\t\t\t\t\t<div class=\"elementor-element elementor-element-aecab3d elementor-widget elementor-widget-text-editor\" data-id=\"aecab3d\" data-element_type=\"widget\" data-e-type=\"widget\" data-widget_type=\"text-editor.default\">\n\t\t\t\t<div class=\"elementor-widget-container\">\n\t\t\t\t\t\t\t\t\t<h4><strong><u>TEK-IND: ALFA DIGITAL<\/u><\/strong><\/h4>\n<p>Alfa digital est une unit\u00e9 d&#8217;impression suppl\u00e9mentaire qui permet l&#8217;impression num\u00e9rique directe sur tissu avec des couleurs \u00e0 base de pigments. Sa fonction est de pouvoir combiner les techniques de s\u00e9rigraphie avec celle du Digital, permettant la cr\u00e9ation d&#8217;un produit complet, gr\u00e2ce aux diverses possibilit\u00e9s de la s\u00e9rigraphie, et avec une haute qualit\u00e9 d&#8217;impression garantie par le num\u00e9rique.<\/p>\n<p>Il peut \u00eatre int\u00e9gr\u00e9 \u00e0 la plupart des machines d&#8217;impression circulaires et ovales existantes, \u00e0 tous points de vue (programme, logiciel, automatisation, conception), Alfa Digital fonctionne automatiquement et ne n\u00e9cessite pas d&#8217;op\u00e9rateur pour son fonctionnement, juste une mise en route \u00a0initiale.<\/p>\n\t\t\t\t\t\t\t\t<\/div>\n\t\t\t\t<\/div>\n\t\t\t\t<div class=\"elementor-element elementor-element-04bfc27 elementor-button-info elementor-widget elementor-widget-button\" data-id=\"04bfc27\" data-element_type=\"widget\" data-e-type=\"widget\" data-widget_type=\"button.default\">\n\t\t\t\t<div class=\"elementor-widget-container\">\n\t\t\t\t\t\t\t\t\t<div class=\"elementor-button-wrapper\">\n\t\t\t\t\t<a class=\"elementor-button elementor-button-link elementor-size-md\" href=\"https:\/\/www.tek-ind.it\/wp-content\/uploads\/2021\/12\/Textile_10-11.pdf\" target=\"_blank\">\n\t\t\t\t\t\t<span class=\"elementor-button-content-wrapper\">\n\t\t\t\t\t\t<span class=\"elementor-button-icon\">\n\t\t\t\t<i aria-hidden=\"true\" class=\"fas fa-arrow-right\"><\/i>\t\t\t<\/span>\n\t\t\t\t\t\t\t\t\t<span class=\"elementor-button-text\">T\u00e9l\u00e9charger le catalogue<\/span>\n\t\t\t\t\t<\/span>\n\t\t\t\t\t<\/a>\n\t\t\t\t<\/div>\n\t\t\t\t\t\t\t\t<\/div>\n\t\t\t\t<\/div>\n\t\t\t\t\t<\/div>\n\t\t<\/div>\n\t\t\t\t\t<\/div>\n\t\t<\/section>\n\t\t\t\t<section class=\"elementor-section elementor-top-section elementor-element elementor-element-56be9e1 elementor-section-boxed elementor-section-height-default elementor-section-height-default\" data-id=\"56be9e1\" data-element_type=\"section\" data-e-type=\"section\">\n\t\t\t\t\t\t<div class=\"elementor-container elementor-column-gap-default\">\n\t\t\t\t\t<div class=\"elementor-column elementor-col-66 elementor-top-column elementor-element elementor-element-680beb4\" data-id=\"680beb4\" data-element_type=\"column\" data-e-type=\"column\">\n\t\t\t<div class=\"elementor-widget-wrap elementor-element-populated\">\n\t\t\t\t\t\t<div data-over-color=\"\" data-over=\"overlay\" class=\"elementor-element elementor-element-e1fd767 elementor-widget elementor-widget-video\" data-id=\"e1fd767\" data-element_type=\"widget\" data-e-type=\"widget\" data-settings=\"{&quot;youtube_url&quot;:&quot;https:\\\/\\\/youtu.be\\\/Jq8mngjTxho&quot;,&quot;video_type&quot;:&quot;youtube&quot;,&quot;controls&quot;:&quot;yes&quot;}\" data-widget_type=\"video.default\">\n\t\t\t\t<div class=\"elementor-widget-container\">\n\t\t\t\t\t\t\t<div class=\"elementor-wrapper elementor-open-inline\">\n\t\t\t<div class=\"elementor-video\"><\/div>\t\t<\/div>\n\t\t\t\t\t\t<\/div>\n\t\t\t\t<\/div>\n\t\t\t\t\t<\/div>\n\t\t<\/div>\n\t\t\t\t<div class=\"elementor-column elementor-col-33 elementor-top-column elementor-element elementor-element-3a07635\" data-id=\"3a07635\" data-element_type=\"column\" data-e-type=\"column\">\n\t\t\t<div class=\"elementor-widget-wrap\">\n\t\t\t\t\t\t\t<\/div>\n\t\t<\/div>\n\t\t\t\t\t<\/div>\n\t\t<\/section>\n\t\t\t\t<\/div>\n\t\t","protected":false},"excerpt":{"rendered":"<p>TEK-IND: ALFA DIGITAL Alfa digital est une unit\u00e9 d&#8217;impression suppl\u00e9mentaire qui permet l&#8217;impression num\u00e9rique directe sur tissu avec&#8230;<\/p>\n","protected":false},"author":1,"featured_media":0,"parent":0,"menu_order":0,"comment_status":"closed","ping_status":"closed","template":"elementor_header_footer","meta":{"_acf_changed":false,"footnotes":""},"class_list":["post-18162","page","type-page","status-publish","hentry"],"acf":[],"_links":{"self":[{"href":"https:\/\/lazarointernacional.com\/fr\/wp-json\/wp\/v2\/pages\/18162","targetHints":{"allow":["GET"]}}],"collection":[{"href":"https:\/\/lazarointernacional.com\/fr\/wp-json\/wp\/v2\/pages"}],"about":[{"href":"https:\/\/lazarointernacional.com\/fr\/wp-json\/wp\/v2\/types\/page"}],"author":[{"embeddable":true,"href":"https:\/\/lazarointernacional.com\/fr\/wp-json\/wp\/v2\/users\/1"}],"replies":[{"embeddable":true,"href":"https:\/\/lazarointernacional.com\/fr\/wp-json\/wp\/v2\/comments?post=18162"}],"version-history":[{"count":1,"href":"https:\/\/lazarointernacional.com\/fr\/wp-json\/wp\/v2\/pages\/18162\/revisions"}],"predecessor-version":[{"id":18163,"href":"https:\/\/lazarointernacional.com\/fr\/wp-json\/wp\/v2\/pages\/18162\/revisions\/18163"}],"wp:attachment":[{"href":"https:\/\/lazarointernacional.com\/fr\/wp-json\/wp\/v2\/media?parent=18162"}],"curies":[{"name":"wp","href":"https:\/\/api.w.org\/{rel}","templated":true}]}}