{"id":18067,"date":"2022-12-16T11:49:14","date_gmt":"2022-12-16T10:49:14","guid":{"rendered":"https:\/\/lazarointernacional.com\/machine-de-teinture-mageba-pour-deux-rubans\/"},"modified":"2022-12-16T11:55:00","modified_gmt":"2022-12-16T10:55:00","slug":"mageba-machine-teinture-pour-rubans","status":"publish","type":"page","link":"https:\/\/lazarointernacional.com\/fr\/mageba-machine-teinture-pour-rubans\/","title":{"rendered":"MACHINE DE TEINTURE MAGEBA POUR DEUX RUBANS"},"content":{"rendered":"\t\t<div data-elementor-type=\"wp-page\" data-elementor-id=\"18067\" class=\"elementor elementor-18067 elementor-15261\" data-elementor-post-type=\"page\">\n\t\t\t\t\t\t<section class=\"elementor-section elementor-top-section elementor-element elementor-element-eae3246 elementor-section-boxed elementor-section-height-default elementor-section-height-default\" data-id=\"eae3246\" data-element_type=\"section\" data-e-type=\"section\">\n\t\t\t\t\t\t<div class=\"elementor-container elementor-column-gap-default\">\n\t\t\t\t\t<div class=\"elementor-column elementor-col-100 elementor-top-column elementor-element elementor-element-14b1ef6\" data-id=\"14b1ef6\" data-element_type=\"column\" data-e-type=\"column\">\n\t\t\t<div class=\"elementor-widget-wrap elementor-element-populated\">\n\t\t\t\t\t\t<div class=\"elementor-element elementor-element-3a66998 elementor-widget elementor-widget-text-editor\" data-id=\"3a66998\" data-element_type=\"widget\" data-e-type=\"widget\" data-widget_type=\"text-editor.default\">\n\t\t\t\t<div class=\"elementor-widget-container\">\n\t\t\t\t\t\t\t\t\t<h4><strong><u>MACHINE DE TEINTURE MAGEBA POUR DEUX RUBANS<\/u><\/strong><\/h4>\n<p>La machine de teinture Dual End Series est le choix parfait pour les petits lots ou les situations o\u00f9 l&#8217;espace est limit\u00e9.<\/p>\n<p>Il offre la possibilit\u00e9 de teindre en continu un maximum de deux rubans jusqu&#8217;\u00e0 une largeur de 40 mm chacun.<\/p>\n<p>Les exigences les plus \u00e9lev\u00e9es en mati\u00e8re de solidit\u00e9 des couleurs et de r\u00e9sistance au frottement ne sont pas un probl\u00e8me pour ces syst\u00e8mes, m\u00eame avec des couleurs sombres.<\/p>\n<p>Les rubans \u00e9lastiques peuvent \u00eatre teints aussi doucement que les rigides.<\/p>\n<ul>\n<li>Dual End Steam : processus Pad Steam.<\/li>\n<li>Dual End Steam HT: processus Pad Dry Steam<\/li>\n<li>Dual End Zipper HT : processus Pad Dry Steam pour zip.<\/li>\n<\/ul>\n\t\t\t\t\t\t\t\t<\/div>\n\t\t\t\t<\/div>\n\t\t\t\t<div class=\"elementor-element elementor-element-7551cab elementor-button-info elementor-widget elementor-widget-button\" data-id=\"7551cab\" data-element_type=\"widget\" data-e-type=\"widget\" data-widget_type=\"button.default\">\n\t\t\t\t<div class=\"elementor-widget-container\">\n\t\t\t\t\t\t\t\t\t<div class=\"elementor-button-wrapper\">\n\t\t\t\t\t<a class=\"elementor-button elementor-button-link elementor-size-md\" href=\"mailto:contact@lazarointernacional.com\" target=\"_blank\">\n\t\t\t\t\t\t<span class=\"elementor-button-content-wrapper\">\n\t\t\t\t\t\t<span class=\"elementor-button-icon\">\n\t\t\t\t<i aria-hidden=\"true\" class=\"fas fa-arrow-right\"><\/i>\t\t\t<\/span>\n\t\t\t\t\t\t\t\t\t<span class=\"elementor-button-text\">DEMANDEZ PLUS D'INFORMATIONS<\/span>\n\t\t\t\t\t<\/span>\n\t\t\t\t\t<\/a>\n\t\t\t\t<\/div>\n\t\t\t\t\t\t\t\t<\/div>\n\t\t\t\t<\/div>\n\t\t\t\t\t<\/div>\n\t\t<\/div>\n\t\t\t\t\t<\/div>\n\t\t<\/section>\n\t\t\t\t<section class=\"elementor-section elementor-top-section elementor-element elementor-element-bba6568 elementor-section-boxed elementor-section-height-default elementor-section-height-default\" data-id=\"bba6568\" data-element_type=\"section\" data-e-type=\"section\">\n\t\t\t\t\t\t<div class=\"elementor-container elementor-column-gap-default\">\n\t\t\t\t\t<div class=\"elementor-column elementor-col-66 elementor-top-column elementor-element elementor-element-d481d16\" data-id=\"d481d16\" data-element_type=\"column\" data-e-type=\"column\">\n\t\t\t<div class=\"elementor-widget-wrap elementor-element-populated\">\n\t\t\t\t\t\t<div class=\"elementor-element elementor-element-5cf703d elementor-widget elementor-widget-image\" data-id=\"5cf703d\" data-element_type=\"widget\" data-e-type=\"widget\" data-widget_type=\"image.default\">\n\t\t\t\t<div class=\"elementor-widget-container\">\n\t\t\t\t\t\t\t\t\t\t\t\t\t\t\t<img fetchpriority=\"high\" decoding=\"async\" width=\"768\" height=\"576\" src=\"https:\/\/lazarointernacional.com\/wp-content\/uploads\/2022\/11\/mageba-dyeing-machine-for-two-ribbons-768x576.png\" class=\"attachment-medium_large size-medium_large wp-image-15103\" alt=\"\" srcset=\"https:\/\/lazarointernacional.com\/wp-content\/uploads\/2022\/11\/mageba-dyeing-machine-for-two-ribbons-768x576.png 768w, https:\/\/lazarointernacional.com\/wp-content\/uploads\/2022\/11\/mageba-dyeing-machine-for-two-ribbons-300x225.png 300w, https:\/\/lazarointernacional.com\/wp-content\/uploads\/2022\/11\/mageba-dyeing-machine-for-two-ribbons-285x214.png 285w, https:\/\/lazarointernacional.com\/wp-content\/uploads\/2022\/11\/mageba-dyeing-machine-for-two-ribbons-800x600.png 800w, https:\/\/lazarointernacional.com\/wp-content\/uploads\/2022\/11\/mageba-dyeing-machine-for-two-ribbons-660x495.png 660w, https:\/\/lazarointernacional.com\/wp-content\/uploads\/2022\/11\/mageba-dyeing-machine-for-two-ribbons-150x113.png 150w, https:\/\/lazarointernacional.com\/wp-content\/uploads\/2022\/11\/mageba-dyeing-machine-for-two-ribbons.png 900w\" sizes=\"(max-width: 768px) 100vw, 768px\" \/>\t\t\t\t\t\t\t\t\t\t\t\t\t\t\t<\/div>\n\t\t\t\t<\/div>\n\t\t\t\t\t<\/div>\n\t\t<\/div>\n\t\t\t\t<div class=\"elementor-column elementor-col-33 elementor-top-column elementor-element elementor-element-cc47173\" data-id=\"cc47173\" data-element_type=\"column\" data-e-type=\"column\">\n\t\t\t<div class=\"elementor-widget-wrap\">\n\t\t\t\t\t\t\t<\/div>\n\t\t<\/div>\n\t\t\t\t\t<\/div>\n\t\t<\/section>\n\t\t\t\t<\/div>\n\t\t","protected":false},"excerpt":{"rendered":"<p>MACHINE DE TEINTURE MAGEBA POUR DEUX RUBANS La machine de teinture Dual End Series est le choix parfait&#8230;<\/p>\n","protected":false},"author":1,"featured_media":15103,"parent":0,"menu_order":0,"comment_status":"closed","ping_status":"closed","template":"elementor_header_footer","meta":{"_acf_changed":false,"footnotes":""},"class_list":["post-18067","page","type-page","status-publish","has-post-thumbnail","hentry"],"acf":[],"_links":{"self":[{"href":"https:\/\/lazarointernacional.com\/fr\/wp-json\/wp\/v2\/pages\/18067","targetHints":{"allow":["GET"]}}],"collection":[{"href":"https:\/\/lazarointernacional.com\/fr\/wp-json\/wp\/v2\/pages"}],"about":[{"href":"https:\/\/lazarointernacional.com\/fr\/wp-json\/wp\/v2\/types\/page"}],"author":[{"embeddable":true,"href":"https:\/\/lazarointernacional.com\/fr\/wp-json\/wp\/v2\/users\/1"}],"replies":[{"embeddable":true,"href":"https:\/\/lazarointernacional.com\/fr\/wp-json\/wp\/v2\/comments?post=18067"}],"version-history":[{"count":2,"href":"https:\/\/lazarointernacional.com\/fr\/wp-json\/wp\/v2\/pages\/18067\/revisions"}],"predecessor-version":[{"id":18072,"href":"https:\/\/lazarointernacional.com\/fr\/wp-json\/wp\/v2\/pages\/18067\/revisions\/18072"}],"wp:featuredmedia":[{"embeddable":true,"href":"https:\/\/lazarointernacional.com\/fr\/wp-json\/wp\/v2\/media\/15103"}],"wp:attachment":[{"href":"https:\/\/lazarointernacional.com\/fr\/wp-json\/wp\/v2\/media?parent=18067"}],"curies":[{"name":"wp","href":"https:\/\/api.w.org\/{rel}","templated":true}]}}