{"id":17981,"date":"2022-12-16T10:23:30","date_gmt":"2022-12-16T09:23:30","guid":{"rendered":"https:\/\/lazarointernacional.com\/irmac-machines-et-pieces-de-rechange\/"},"modified":"2023-01-05T09:25:10","modified_gmt":"2023-01-05T08:25:10","slug":"irmac-machines-et-pieces-de-rechange","status":"publish","type":"page","link":"https:\/\/lazarointernacional.com\/fr\/irmac-machines-et-pieces-de-rechange\/","title":{"rendered":"IRMAC- Machines et pi\u00e8ces de rechange"},"content":{"rendered":"\t\t<div data-elementor-type=\"wp-page\" data-elementor-id=\"17981\" class=\"elementor elementor-17981\" data-elementor-post-type=\"page\">\n\t\t\t\t\t\t<section class=\"elementor-section elementor-top-section elementor-element elementor-element-a77394d elementor-section-boxed elementor-section-height-default elementor-section-height-default\" data-id=\"a77394d\" data-element_type=\"section\" data-e-type=\"section\">\n\t\t\t\t\t\t<div class=\"elementor-container elementor-column-gap-default\">\n\t\t\t\t\t<div class=\"elementor-column elementor-col-100 elementor-top-column elementor-element elementor-element-15ff44f\" data-id=\"15ff44f\" data-element_type=\"column\" data-e-type=\"column\">\n\t\t\t<div class=\"elementor-widget-wrap elementor-element-populated\">\n\t\t\t\t\t\t<div class=\"elementor-element elementor-element-5a4901d elementor-widget elementor-widget-text-editor\" data-id=\"5a4901d\" data-element_type=\"widget\" data-e-type=\"widget\" data-widget_type=\"text-editor.default\">\n\t\t\t\t<div class=\"elementor-widget-container\">\n\t\t\t\t\t\t\t\t\t<h4><strong><u>IRMAC <\/u><\/strong><\/h4>\n<h4>Machines et pi\u00e8ces de rechange pour l&#8217;industrie de la bonneterie, bonnets, \u00e9charpes et tissus tubulaires de toutes sortes.<\/h4>\n<p>Depuis 1947, IRMAC TEX s&#8217;est sp\u00e9cialis\u00e9e dans la distribution de machines et de services pour l&#8217;industrie de la bonneterie et des tissus tubulaires \u00e0 usage m\u00e9dical, technique et personnalis\u00e9 selon les demandes.<\/p>\n\t\t\t\t\t\t\t\t<\/div>\n\t\t\t\t<\/div>\n\t\t\t\t<div class=\"elementor-element elementor-element-ef84396 elementor-widget elementor-widget-image\" data-id=\"ef84396\" data-element_type=\"widget\" data-e-type=\"widget\" data-widget_type=\"image.default\">\n\t\t\t\t<div class=\"elementor-widget-container\">\n\t\t\t\t\t\t\t\t\t\t\t\t\t\t\t<img decoding=\"async\" width=\"195\" height=\"100\" src=\"https:\/\/lazarointernacional.com\/wp-content\/uploads\/2021\/04\/irmactexlogo.png\" class=\"attachment-full size-full wp-image-10060\" alt=\"\" srcset=\"https:\/\/lazarointernacional.com\/wp-content\/uploads\/2021\/04\/irmactexlogo.png 195w, https:\/\/lazarointernacional.com\/wp-content\/uploads\/2021\/04\/irmactexlogo-150x77.png 150w\" sizes=\"(max-width: 195px) 100vw, 195px\" \/>\t\t\t\t\t\t\t\t\t\t\t\t\t\t\t<\/div>\n\t\t\t\t<\/div>\n\t\t\t\t\t<\/div>\n\t\t<\/div>\n\t\t\t\t\t<\/div>\n\t\t<\/section>\n\t\t\t\t<\/div>\n\t\t","protected":false},"excerpt":{"rendered":"<p>IRMAC Machines et pi\u00e8ces de rechange pour l&#8217;industrie de la bonneterie, bonnets, \u00e9charpes et tissus tubulaires de toutes&#8230;<\/p>\n","protected":false},"author":1,"featured_media":0,"parent":0,"menu_order":0,"comment_status":"closed","ping_status":"closed","template":"elementor_header_footer","meta":{"_acf_changed":false,"footnotes":""},"class_list":["post-17981","page","type-page","status-publish","hentry"],"acf":[],"_links":{"self":[{"href":"https:\/\/lazarointernacional.com\/fr\/wp-json\/wp\/v2\/pages\/17981","targetHints":{"allow":["GET"]}}],"collection":[{"href":"https:\/\/lazarointernacional.com\/fr\/wp-json\/wp\/v2\/pages"}],"about":[{"href":"https:\/\/lazarointernacional.com\/fr\/wp-json\/wp\/v2\/types\/page"}],"author":[{"embeddable":true,"href":"https:\/\/lazarointernacional.com\/fr\/wp-json\/wp\/v2\/users\/1"}],"replies":[{"embeddable":true,"href":"https:\/\/lazarointernacional.com\/fr\/wp-json\/wp\/v2\/comments?post=17981"}],"version-history":[{"count":1,"href":"https:\/\/lazarointernacional.com\/fr\/wp-json\/wp\/v2\/pages\/17981\/revisions"}],"predecessor-version":[{"id":17982,"href":"https:\/\/lazarointernacional.com\/fr\/wp-json\/wp\/v2\/pages\/17981\/revisions\/17982"}],"wp:attachment":[{"href":"https:\/\/lazarointernacional.com\/fr\/wp-json\/wp\/v2\/media?parent=17981"}],"curies":[{"name":"wp","href":"https:\/\/api.w.org\/{rel}","templated":true}]}}