{"id":17945,"date":"2022-12-16T09:52:34","date_gmt":"2022-12-16T08:52:34","guid":{"rendered":"https:\/\/lazarointernacional.com\/nautilus-dinema\/"},"modified":"2022-12-16T10:05:23","modified_gmt":"2022-12-16T09:05:23","slug":"nautilus-dinema","status":"publish","type":"page","link":"https:\/\/lazarointernacional.com\/fr\/nautilus-dinema\/","title":{"rendered":"NAUTILUS-DINEMA"},"content":{"rendered":"\t\t<div data-elementor-type=\"wp-page\" data-elementor-id=\"17945\" class=\"elementor elementor-17945 elementor-15301\" data-elementor-post-type=\"page\">\n\t\t\t\t\t\t<section class=\"elementor-section elementor-top-section elementor-element elementor-element-561f171 elementor-section-boxed elementor-section-height-default elementor-section-height-default\" data-id=\"561f171\" data-element_type=\"section\" data-e-type=\"section\">\n\t\t\t\t\t\t<div class=\"elementor-container elementor-column-gap-default\">\n\t\t\t\t\t<div class=\"elementor-column elementor-col-100 elementor-top-column elementor-element elementor-element-088ace4\" data-id=\"088ace4\" data-element_type=\"column\" data-e-type=\"column\">\n\t\t\t<div class=\"elementor-widget-wrap elementor-element-populated\">\n\t\t\t\t\t\t<div class=\"elementor-element elementor-element-2fe062e elementor-widget elementor-widget-text-editor\" data-id=\"2fe062e\" data-element_type=\"widget\" data-e-type=\"widget\" data-widget_type=\"text-editor.default\">\n\t\t\t\t<div class=\"elementor-widget-container\">\n\t\t\t\t\t\t\t\t\t<h4><strong><u>NAUTILUS-DINEMA<\/u><\/strong><\/h4>\n<p>Nautilus est un syst\u00e8me de collecte de donn\u00e9es qui connecte toutes les machines via des cartes d\u00e9di\u00e9es et des c\u00e2bles Ethernet standard.<\/p>\n<p>L&#8217;interface logicielle offre un contr\u00f4le visuel complet de l&#8217;\u00e9tat de la salle des machines au niveau de la salle individuelle\/du groupe\/de la machine. NAUTILUS, en plus de collecter des donn\u00e9es, peut intervenir dans la planification de la production.<\/p>\n\t\t\t\t\t\t\t\t<\/div>\n\t\t\t\t<\/div>\n\t\t\t\t<div class=\"elementor-element elementor-element-c13e29f elementor-button-info elementor-widget elementor-widget-button\" data-id=\"c13e29f\" data-element_type=\"widget\" data-e-type=\"widget\" data-widget_type=\"button.default\">\n\t\t\t\t<div class=\"elementor-widget-container\">\n\t\t\t\t\t\t\t\t\t<div class=\"elementor-button-wrapper\">\n\t\t\t\t\t<a class=\"elementor-button elementor-button-link elementor-size-md\" href=\"https:\/\/www.dinema.it\/uploads\/2019-9-6\/scheda-tecnica_nautilus.pdf\" target=\"_blank\">\n\t\t\t\t\t\t<span class=\"elementor-button-content-wrapper\">\n\t\t\t\t\t\t<span class=\"elementor-button-icon\">\n\t\t\t\t<i aria-hidden=\"true\" class=\"fas fa-file-download\"><\/i>\t\t\t<\/span>\n\t\t\t\t\t\t\t\t\t<span class=\"elementor-button-text\">CATALOGUE DINEMA NAUTILUS<\/span>\n\t\t\t\t\t<\/span>\n\t\t\t\t\t<\/a>\n\t\t\t\t<\/div>\n\t\t\t\t\t\t\t\t<\/div>\n\t\t\t\t<\/div>\n\t\t\t\t<div class=\"elementor-element elementor-element-c85c3fd elementor-widget elementor-widget-text-editor\" data-id=\"c85c3fd\" data-element_type=\"widget\" data-e-type=\"widget\" data-widget_type=\"text-editor.default\">\n\t\t\t\t<div class=\"elementor-widget-container\">\n\t\t\t\t\t\t\t\t\t<h4><strong><u>NAUTILUS LIGHT<\/u><\/strong><\/h4>\n<p>NAUTILUS Light est un syst\u00e8me de contr\u00f4le de production d\u00e9di\u00e9 aux petites et moyennes entreprises.<\/p>\n<p>Vous pourrez obtenir des avantages en production puisque vous aurez une tra\u00e7abilit\u00e9 compl\u00e8te de la production et des contr\u00f4les de qualit\u00e9, vous pourrez obtenir des informations sur les tendances et apporter des corrections pour optimiser l&#8217;efficacit\u00e9 des processus.<\/p>\n\t\t\t\t\t\t\t\t<\/div>\n\t\t\t\t<\/div>\n\t\t\t\t<div class=\"elementor-element elementor-element-fd761b9 elementor-button-info elementor-widget elementor-widget-button\" data-id=\"fd761b9\" data-element_type=\"widget\" data-e-type=\"widget\" data-widget_type=\"button.default\">\n\t\t\t\t<div class=\"elementor-widget-container\">\n\t\t\t\t\t\t\t\t\t<div class=\"elementor-button-wrapper\">\n\t\t\t\t\t<a class=\"elementor-button elementor-button-link elementor-size-md\" href=\"https:\/\/www.dinema.it\/uploads\/2019-9-6\/scheda-tecnica_nautilus-light.pdf\" target=\"_blank\">\n\t\t\t\t\t\t<span class=\"elementor-button-content-wrapper\">\n\t\t\t\t\t\t<span class=\"elementor-button-icon\">\n\t\t\t\t<i aria-hidden=\"true\" class=\"fas fa-file-download\"><\/i>\t\t\t<\/span>\n\t\t\t\t\t\t\t\t\t<span class=\"elementor-button-text\">CATALOGUE DINEMA NAUTILUS LIGHT<\/span>\n\t\t\t\t\t<\/span>\n\t\t\t\t\t<\/a>\n\t\t\t\t<\/div>\n\t\t\t\t\t\t\t\t<\/div>\n\t\t\t\t<\/div>\n\t\t\t\t\t<\/div>\n\t\t<\/div>\n\t\t\t\t\t<\/div>\n\t\t<\/section>\n\t\t\t\t<section class=\"elementor-section elementor-top-section elementor-element elementor-element-beda193 elementor-section-boxed elementor-section-height-default elementor-section-height-default\" data-id=\"beda193\" data-element_type=\"section\" data-e-type=\"section\">\n\t\t\t\t\t\t<div class=\"elementor-container elementor-column-gap-default\">\n\t\t\t\t\t<div class=\"elementor-column elementor-col-66 elementor-top-column elementor-element elementor-element-bbcb9a5\" data-id=\"bbcb9a5\" data-element_type=\"column\" data-e-type=\"column\">\n\t\t\t<div class=\"elementor-widget-wrap elementor-element-populated\">\n\t\t\t\t\t\t<div class=\"elementor-element elementor-element-dc6cd0e elementor-widget elementor-widget-image\" data-id=\"dc6cd0e\" data-element_type=\"widget\" data-e-type=\"widget\" data-widget_type=\"image.default\">\n\t\t\t\t<div class=\"elementor-widget-container\">\n\t\t\t\t\t\t\t\t\t\t\t\t\t\t\t<img fetchpriority=\"high\" decoding=\"async\" width=\"940\" height=\"705\" src=\"https:\/\/lazarointernacional.com\/wp-content\/uploads\/2022\/11\/DINEMA-nautilus.jpg\" class=\"attachment-large size-large wp-image-14803\" alt=\"\" srcset=\"https:\/\/lazarointernacional.com\/wp-content\/uploads\/2022\/11\/DINEMA-nautilus.jpg 940w, https:\/\/lazarointernacional.com\/wp-content\/uploads\/2022\/11\/DINEMA-nautilus-300x225.jpg 300w, https:\/\/lazarointernacional.com\/wp-content\/uploads\/2022\/11\/DINEMA-nautilus-768x576.jpg 768w, https:\/\/lazarointernacional.com\/wp-content\/uploads\/2022\/11\/DINEMA-nautilus-285x214.jpg 285w, https:\/\/lazarointernacional.com\/wp-content\/uploads\/2022\/11\/DINEMA-nautilus-800x600.jpg 800w, https:\/\/lazarointernacional.com\/wp-content\/uploads\/2022\/11\/DINEMA-nautilus-660x495.jpg 660w, https:\/\/lazarointernacional.com\/wp-content\/uploads\/2022\/11\/DINEMA-nautilus-150x113.jpg 150w\" sizes=\"(max-width: 940px) 100vw, 940px\" \/>\t\t\t\t\t\t\t\t\t\t\t\t\t\t\t<\/div>\n\t\t\t\t<\/div>\n\t\t\t\t\t<\/div>\n\t\t<\/div>\n\t\t\t\t<div class=\"elementor-column elementor-col-33 elementor-top-column elementor-element elementor-element-a36ef38\" data-id=\"a36ef38\" data-element_type=\"column\" data-e-type=\"column\">\n\t\t\t<div class=\"elementor-widget-wrap\">\n\t\t\t\t\t\t\t<\/div>\n\t\t<\/div>\n\t\t\t\t\t<\/div>\n\t\t<\/section>\n\t\t\t\t<\/div>\n\t\t","protected":false},"excerpt":{"rendered":"<p>NAUTILUS-DINEMA Nautilus est un syst\u00e8me de collecte de donn\u00e9es qui connecte toutes les machines via des cartes d\u00e9di\u00e9es&#8230;<\/p>\n","protected":false},"author":1,"featured_media":14803,"parent":0,"menu_order":0,"comment_status":"closed","ping_status":"closed","template":"elementor_header_footer","meta":{"_acf_changed":false,"footnotes":""},"class_list":["post-17945","page","type-page","status-publish","has-post-thumbnail","hentry"],"acf":[],"_links":{"self":[{"href":"https:\/\/lazarointernacional.com\/fr\/wp-json\/wp\/v2\/pages\/17945","targetHints":{"allow":["GET"]}}],"collection":[{"href":"https:\/\/lazarointernacional.com\/fr\/wp-json\/wp\/v2\/pages"}],"about":[{"href":"https:\/\/lazarointernacional.com\/fr\/wp-json\/wp\/v2\/types\/page"}],"author":[{"embeddable":true,"href":"https:\/\/lazarointernacional.com\/fr\/wp-json\/wp\/v2\/users\/1"}],"replies":[{"embeddable":true,"href":"https:\/\/lazarointernacional.com\/fr\/wp-json\/wp\/v2\/comments?post=17945"}],"version-history":[{"count":4,"href":"https:\/\/lazarointernacional.com\/fr\/wp-json\/wp\/v2\/pages\/17945\/revisions"}],"predecessor-version":[{"id":17962,"href":"https:\/\/lazarointernacional.com\/fr\/wp-json\/wp\/v2\/pages\/17945\/revisions\/17962"}],"wp:featuredmedia":[{"embeddable":true,"href":"https:\/\/lazarointernacional.com\/fr\/wp-json\/wp\/v2\/media\/14803"}],"wp:attachment":[{"href":"https:\/\/lazarointernacional.com\/fr\/wp-json\/wp\/v2\/media?parent=17945"}],"curies":[{"name":"wp","href":"https:\/\/api.w.org\/{rel}","templated":true}]}}