{"id":17234,"date":"2022-12-13T15:27:58","date_gmt":"2022-12-13T14:27:58","guid":{"rendered":"https:\/\/lazarointernacional.com\/circulaire-grand-diametre\/"},"modified":"2024-08-16T08:20:51","modified_gmt":"2024-08-16T06:20:51","slug":"machines-circulaires-grand-diametre","status":"publish","type":"page","link":"https:\/\/lazarointernacional.com\/fr\/machines-circulaires-grand-diametre\/","title":{"rendered":"Circulaire Grand Diam\u00e8tre"},"content":{"rendered":"\t\t<div data-elementor-type=\"wp-page\" data-elementor-id=\"17234\" class=\"elementor elementor-17234 elementor-15651\" data-elementor-post-type=\"page\">\n\t\t\t\t\t\t<section class=\"elementor-section elementor-top-section elementor-element elementor-element-13fd071 elementor-section-boxed elementor-section-height-default elementor-section-height-default\" data-id=\"13fd071\" data-element_type=\"section\" data-e-type=\"section\" data-settings=\"{&quot;background_background&quot;:&quot;classic&quot;}\">\n\t\t\t\t\t\t<div class=\"elementor-container elementor-column-gap-default\">\n\t\t\t\t\t<div class=\"elementor-column elementor-col-25 elementor-top-column elementor-element elementor-element-ddcf7d0\" data-id=\"ddcf7d0\" data-element_type=\"column\" data-e-type=\"column\">\n\t\t\t<div class=\"elementor-widget-wrap elementor-element-populated\">\n\t\t\t\t\t\t<div class=\"elementor-element elementor-element-114a39b elementor-widget elementor-widget-text-editor\" data-id=\"114a39b\" data-element_type=\"widget\" data-e-type=\"widget\" data-widget_type=\"text-editor.default\">\n\t\t\t\t<div class=\"elementor-widget-container\">\n\t\t\t\t\t\t\t\t\t<h3>LAZARO INTERNACIONAL, S.A.<\/h3>\n<p>Nous avons du personnel sp\u00e9cialis\u00e9 pour mettre en service les machines que nous offrons.<\/p>\n\t\t\t\t\t\t\t\t<\/div>\n\t\t\t\t<\/div>\n\t\t\t\t\t<\/div>\n\t\t<\/div>\n\t\t\t\t<div class=\"elementor-column elementor-col-50 elementor-top-column elementor-element elementor-element-0ed5ed8\" data-id=\"0ed5ed8\" data-element_type=\"column\" data-e-type=\"column\">\n\t\t\t<div class=\"elementor-widget-wrap elementor-element-populated\">\n\t\t\t\t\t\t<div class=\"elementor-element elementor-element-07a9703 elementor-hidden-tablet elementor-hidden-mobile elementor-widget elementor-widget-image\" data-id=\"07a9703\" data-element_type=\"widget\" data-e-type=\"widget\" data-widget_type=\"image.default\">\n\t\t\t\t<div class=\"elementor-widget-container\">\n\t\t\t\t\t\t\t\t\t\t\t\t\t\t\t<img decoding=\"async\" width=\"125\" height=\"125\" src=\"https:\/\/lazarointernacional.com\/wp-content\/uploads\/2022\/10\/world.png\" class=\"attachment-full size-full wp-image-13815\" alt=\"\" \/>\t\t\t\t\t\t\t\t\t\t\t\t\t\t\t<\/div>\n\t\t\t\t<\/div>\n\t\t\t\t\t<\/div>\n\t\t<\/div>\n\t\t\t\t<div class=\"elementor-column elementor-col-25 elementor-top-column elementor-element elementor-element-b8a9516\" data-id=\"b8a9516\" data-element_type=\"column\" data-e-type=\"column\">\n\t\t\t<div class=\"elementor-widget-wrap elementor-element-populated\">\n\t\t\t\t\t\t<div class=\"elementor-element elementor-element-bafc480 elementor-widget elementor-widget-text-editor\" data-id=\"bafc480\" data-element_type=\"widget\" data-e-type=\"widget\" data-widget_type=\"text-editor.default\">\n\t\t\t\t<div class=\"elementor-widget-container\">\n\t\t\t\t\t\t\t\t\t<p>Vente et distribution de machines machines circulaires de grand diam\u00e9tre neuves et d&#8217;occasion.<\/p>\n\t\t\t\t\t\t\t\t<\/div>\n\t\t\t\t<\/div>\n\t\t\t\t\t<\/div>\n\t\t<\/div>\n\t\t\t\t\t<\/div>\n\t\t<\/section>\n\t\t\t\t<section class=\"elementor-section elementor-top-section elementor-element elementor-element-69d15c6 elementor-section-boxed elementor-section-height-default elementor-section-height-default\" data-id=\"69d15c6\" data-element_type=\"section\" data-e-type=\"section\" data-settings=\"{&quot;background_background&quot;:&quot;classic&quot;}\">\n\t\t\t\t\t\t<div class=\"elementor-container elementor-column-gap-default\">\n\t\t\t\t\t<div class=\"elementor-column elementor-col-100 elementor-top-column elementor-element elementor-element-e6a759c\" data-id=\"e6a759c\" data-element_type=\"column\" data-e-type=\"column\">\n\t\t\t<div class=\"elementor-widget-wrap elementor-element-populated\">\n\t\t\t\t\t\t<section class=\"elementor-section elementor-inner-section elementor-element elementor-element-b58ad47 elementor-section-height-min-height elementor-section-boxed elementor-section-height-default\" data-id=\"b58ad47\" data-element_type=\"section\" data-e-type=\"section\">\n\t\t\t\t\t\t<div class=\"elementor-container elementor-column-gap-default\">\n\t\t\t\t\t<div class=\"elementor-column elementor-col-33 elementor-inner-column elementor-element elementor-element-cb61373\" data-id=\"cb61373\" data-element_type=\"column\" data-e-type=\"column\" data-settings=\"{&quot;background_background&quot;:&quot;classic&quot;}\">\n\t\t\t<div class=\"elementor-widget-wrap elementor-element-populated\">\n\t\t\t\t\t\t<div class=\"elementor-element elementor-element-f02f7f1 elementor-widget elementor-widget-heading\" data-id=\"f02f7f1\" data-element_type=\"widget\" data-e-type=\"widget\" data-widget_type=\"heading.default\">\n\t\t\t\t<div class=\"elementor-widget-container\">\n\t\t\t\t\t<p class=\"elementor-heading-title elementor-size-default elementor-heading-title elementor-align-after-center\">NOUVELLES MACHINES<\/p>\t\t\t\t<\/div>\n\t\t\t\t<\/div>\n\t\t\t\t<div class=\"elementor-element elementor-element-c5fbe7f elementor-widget elementor-widget-text-editor\" data-id=\"c5fbe7f\" data-element_type=\"widget\" data-e-type=\"widget\" data-widget_type=\"text-editor.default\">\n\t\t\t\t<div class=\"elementor-widget-container\">\n\t\t\t\t\t\t\t\t\t<p style=\"text-align: center;\"><strong>NOS MARQUES REPR\u00c9SENT\u00c9ES en Espagne<\/strong><\/p>\t\t\t\t\t\t\t\t<\/div>\n\t\t\t\t<\/div>\n\t\t\t\t<div class=\"elementor-element elementor-element-5229c1b elementor-widget elementor-widget-image\" data-id=\"5229c1b\" data-element_type=\"widget\" data-e-type=\"widget\" data-widget_type=\"image.default\">\n\t\t\t\t<div class=\"elementor-widget-container\">\n\t\t\t\t\t\t\t\t\t\t\t\t\t\t\t\t<a href=\"http:\/\/www.jingmeimachinery.com\/\" target=\"_blank\">\n\t\t\t\t\t\t\t<img decoding=\"async\" width=\"208\" height=\"117\" src=\"https:\/\/lazarointernacional.com\/wp-content\/uploads\/2021\/05\/logo-06.jpg\" class=\"attachment-full size-full wp-image-10261\" alt=\"\" srcset=\"https:\/\/lazarointernacional.com\/wp-content\/uploads\/2021\/05\/logo-06.jpg 208w, https:\/\/lazarointernacional.com\/wp-content\/uploads\/2021\/05\/logo-06-150x84.jpg 150w\" sizes=\"(max-width: 208px) 100vw, 208px\" \/>\t\t\t\t\t\t\t\t<\/a>\n\t\t\t\t\t\t\t\t\t\t\t\t\t\t\t<\/div>\n\t\t\t\t<\/div>\n\t\t\t\t<div class=\"elementor-element elementor-element-a7f0a51 elementor-widget elementor-widget-image\" data-id=\"a7f0a51\" data-element_type=\"widget\" data-e-type=\"widget\" data-widget_type=\"image.default\">\n\t\t\t\t<div class=\"elementor-widget-container\">\n\t\t\t\t\t\t\t\t\t\t\t\t\t\t\t\t<a href=\"https:\/\/www.santoni.com\/\" target=\"_blank\">\n\t\t\t\t\t\t\t<img decoding=\"async\" width=\"208\" height=\"117\" src=\"https:\/\/lazarointernacional.com\/wp-content\/uploads\/2021\/05\/logo-03.jpg\" class=\"attachment-full size-full wp-image-10252\" alt=\"\" srcset=\"https:\/\/lazarointernacional.com\/wp-content\/uploads\/2021\/05\/logo-03.jpg 208w, https:\/\/lazarointernacional.com\/wp-content\/uploads\/2021\/05\/logo-03-150x84.jpg 150w\" sizes=\"(max-width: 208px) 100vw, 208px\" \/>\t\t\t\t\t\t\t\t<\/a>\n\t\t\t\t\t\t\t\t\t\t\t\t\t\t\t<\/div>\n\t\t\t\t<\/div>\n\t\t\t\t<div class=\"elementor-element elementor-element-72c1f55 elementor-widget elementor-widget-text-editor\" data-id=\"72c1f55\" data-element_type=\"widget\" data-e-type=\"widget\" data-widget_type=\"text-editor.default\">\n\t\t\t\t<div class=\"elementor-widget-container\">\n\t\t\t\t\t\t\t\t\t<p><strong>Portugal<\/strong><\/p>\t\t\t\t\t\t\t\t<\/div>\n\t\t\t\t<\/div>\n\t\t\t\t<div class=\"elementor-element elementor-element-9aa985e elementor-widget elementor-widget-image\" data-id=\"9aa985e\" data-element_type=\"widget\" data-e-type=\"widget\" data-widget_type=\"image.default\">\n\t\t\t\t<div class=\"elementor-widget-container\">\n\t\t\t\t\t\t\t\t\t\t\t\t\t\t\t\t<a href=\"https:\/\/terrot.de\/en\/\" target=\"_blank\">\n\t\t\t\t\t\t\t<img loading=\"lazy\" decoding=\"async\" width=\"536\" height=\"192\" src=\"https:\/\/lazarointernacional.com\/wp-content\/uploads\/2024\/04\/logo-terrot-2x.jpg\" class=\"attachment-full size-full wp-image-22435\" alt=\"\" srcset=\"https:\/\/lazarointernacional.com\/wp-content\/uploads\/2024\/04\/logo-terrot-2x.jpg 536w, https:\/\/lazarointernacional.com\/wp-content\/uploads\/2024\/04\/logo-terrot-2x-300x107.jpg 300w, https:\/\/lazarointernacional.com\/wp-content\/uploads\/2024\/04\/logo-terrot-2x-285x102.jpg 285w, https:\/\/lazarointernacional.com\/wp-content\/uploads\/2024\/04\/logo-terrot-2x-150x54.jpg 150w\" sizes=\"(max-width: 536px) 100vw, 536px\" \/>\t\t\t\t\t\t\t\t<\/a>\n\t\t\t\t\t\t\t\t\t\t\t\t\t\t\t<\/div>\n\t\t\t\t<\/div>\n\t\t\t\t\t<\/div>\n\t\t<\/div>\n\t\t\t\t<div class=\"elementor-column elementor-col-33 elementor-inner-column elementor-element elementor-element-6682fae\" data-id=\"6682fae\" data-element_type=\"column\" data-e-type=\"column\" data-settings=\"{&quot;background_background&quot;:&quot;classic&quot;}\">\n\t\t\t<div class=\"elementor-widget-wrap elementor-element-populated\">\n\t\t\t\t\t\t<div class=\"elementor-element elementor-element-33cb5d0 elementor-widget elementor-widget-heading\" data-id=\"33cb5d0\" data-element_type=\"widget\" data-e-type=\"widget\" data-widget_type=\"heading.default\">\n\t\t\t\t<div class=\"elementor-widget-container\">\n\t\t\t\t\t<p class=\"elementor-heading-title elementor-size-default elementor-heading-title elementor-align-after-center\">MACHINES D'OCCASION<\/p>\t\t\t\t<\/div>\n\t\t\t\t<\/div>\n\t\t\t\t<div class=\"elementor-element elementor-element-67a30a6 elementor-widget elementor-widget-text-editor\" data-id=\"67a30a6\" data-element_type=\"widget\" data-e-type=\"widget\" data-widget_type=\"text-editor.default\">\n\t\t\t\t<div class=\"elementor-widget-container\">\n\t\t\t\t\t\t\t\t\t<p>Dans le monde entier, <strong>nous vendons des machines circulaires de grand diam\u00e8tre \u00a0d&#8217;occasion<\/strong> r\u00e9vis\u00e9es par notre \u00e9quipe technique, qui effectue les mises en service, les revues techniques et \u00e9lectroniques qui nous permettent de livrer les machines enti\u00e8rement r\u00e9vis\u00e9es et test\u00e9es, garantissant leur bon fonctionnement.<\/p>\n<p><strong>Consultez les machines d&#8217;occasion disponibles pour le secteur:<\/strong><\/p>\n\t\t\t\t\t\t\t\t<\/div>\n\t\t\t\t<\/div>\n\t\t\t\t<div class=\"elementor-element elementor-element-5e2c221 elementor-align-center elementor-widget elementor-widget-button\" data-id=\"5e2c221\" data-element_type=\"widget\" data-e-type=\"widget\" data-widget_type=\"button.default\">\n\t\t\t\t<div class=\"elementor-widget-container\">\n\t\t\t\t\t\t\t\t\t<div class=\"elementor-button-wrapper\">\n\t\t\t\t\t<a class=\"elementor-button elementor-button-link elementor-size-sm\" href=\"https:\/\/lazarointernacional.com\/fr\/categorie-produit\/circulaires-de-grand-diametre\/\">\n\t\t\t\t\t\t<span class=\"elementor-button-content-wrapper\">\n\t\t\t\t\t\t<span class=\"elementor-button-icon\">\n\t\t\t\t<i aria-hidden=\"true\" class=\"fas fa-arrow-right\"><\/i>\t\t\t<\/span>\n\t\t\t\t\t\t\t\t\t<span class=\"elementor-button-text\">Machines d\u2019occasion disponibles<\/span>\n\t\t\t\t\t<\/span>\n\t\t\t\t\t<\/a>\n\t\t\t\t<\/div>\n\t\t\t\t\t\t\t\t<\/div>\n\t\t\t\t<\/div>\n\t\t\t\t\t<\/div>\n\t\t<\/div>\n\t\t\t\t<div class=\"elementor-column elementor-col-33 elementor-inner-column elementor-element elementor-element-5d1740c\" data-id=\"5d1740c\" data-element_type=\"column\" data-e-type=\"column\" data-settings=\"{&quot;background_background&quot;:&quot;classic&quot;}\">\n\t\t\t<div class=\"elementor-widget-wrap elementor-element-populated\">\n\t\t\t\t\t\t<div class=\"elementor-element elementor-element-d3b835a elementor-widget elementor-widget-heading\" data-id=\"d3b835a\" data-element_type=\"widget\" data-e-type=\"widget\" data-widget_type=\"heading.default\">\n\t\t\t\t<div class=\"elementor-widget-container\">\n\t\t\t\t\t<p class=\"elementor-heading-title elementor-size-default elementor-heading-title elementor-align-after-center\">PI\u00c8CES DE RECHANGE<\/p>\t\t\t\t<\/div>\n\t\t\t\t<\/div>\n\t\t\t\t<div class=\"elementor-element elementor-element-f62d14f elementor-widget elementor-widget-text-editor\" data-id=\"f62d14f\" data-element_type=\"widget\" data-e-type=\"widget\" data-widget_type=\"text-editor.default\">\n\t\t\t\t<div class=\"elementor-widget-container\">\n\t\t\t\t\t\t\t\t\t<p>Notre stock de pi\u00e8ces d\u00e9tach\u00e9es, riche de plus de 10 000 r\u00e9f\u00e9rences, garantit un approvisionnement rapide et efficace.<\/p>\n<p>Nous avons deux bureaux d\u00e9di\u00e9s \u00e0 la fourniture rapide et professionnelle de pi\u00e8ces de rechange.<\/p>\n<p>Contactez-nous<\/p>\n\t\t\t\t\t\t\t\t<\/div>\n\t\t\t\t<\/div>\n\t\t\t\t<div class=\"elementor-element elementor-element-5d0448f elementor-icon-list--layout-traditional elementor-list-item-link-full_width elementor-widget elementor-widget-icon-list\" data-id=\"5d0448f\" data-element_type=\"widget\" data-e-type=\"widget\" data-widget_type=\"icon-list.default\">\n\t\t\t\t<div class=\"elementor-widget-container\">\n\t\t\t\t\t\t\t<ul class=\"elementor-icon-list-items\">\n\t\t\t\t\t\t\t<li class=\"elementor-icon-list-item\">\n\t\t\t\t\t\t\t\t\t\t\t<a href=\"mailto:recambios@lazarointernacional.com\">\n\n\t\t\t\t\t\t\t\t\t\t\t\t<span class=\"elementor-icon-list-icon\">\n\t\t\t\t\t\t\t<i aria-hidden=\"true\" class=\"fas fa-envelope\"><\/i>\t\t\t\t\t\t<\/span>\n\t\t\t\t\t\t\t\t\t\t<span class=\"elementor-icon-list-text\">D\u00e9partement Espagne<\/span>\n\t\t\t\t\t\t\t\t\t\t\t<\/a>\n\t\t\t\t\t\t\t\t\t<\/li>\n\t\t\t\t\t\t\t\t<li class=\"elementor-icon-list-item\">\n\t\t\t\t\t\t\t\t\t\t\t<a href=\"mailto:pecas.vtxservice@gmail.com\">\n\n\t\t\t\t\t\t\t\t\t\t\t\t<span class=\"elementor-icon-list-icon\">\n\t\t\t\t\t\t\t<i aria-hidden=\"true\" class=\"fas fa-envelope\"><\/i>\t\t\t\t\t\t<\/span>\n\t\t\t\t\t\t\t\t\t\t<span class=\"elementor-icon-list-text\">D\u00e9partement Portugal <\/span>\n\t\t\t\t\t\t\t\t\t\t\t<\/a>\n\t\t\t\t\t\t\t\t\t<\/li>\n\t\t\t\t\t\t<\/ul>\n\t\t\t\t\t\t<\/div>\n\t\t\t\t<\/div>\n\t\t\t\t\t<\/div>\n\t\t<\/div>\n\t\t\t\t\t<\/div>\n\t\t<\/section>\n\t\t\t\t\t<\/div>\n\t\t<\/div>\n\t\t\t\t\t<\/div>\n\t\t<\/section>\n\t\t\t\t<section class=\"elementor-section elementor-top-section elementor-element elementor-element-1e1cb0a elementor-section-boxed elementor-section-height-default elementor-section-height-default\" data-id=\"1e1cb0a\" data-element_type=\"section\" data-e-type=\"section\">\n\t\t\t\t\t\t<div class=\"elementor-container elementor-column-gap-default\">\n\t\t\t\t\t<div class=\"elementor-column elementor-col-50 elementor-top-column elementor-element elementor-element-9aeeb33\" data-id=\"9aeeb33\" data-element_type=\"column\" data-e-type=\"column\" data-settings=\"{&quot;background_background&quot;:&quot;classic&quot;}\">\n\t\t\t<div class=\"elementor-widget-wrap elementor-element-populated\">\n\t\t\t\t\t\t<div class=\"elementor-element elementor-element-604625c elementor-widget elementor-widget-image\" data-id=\"604625c\" data-element_type=\"widget\" data-e-type=\"widget\" data-widget_type=\"image.default\">\n\t\t\t\t<div class=\"elementor-widget-container\">\n\t\t\t\t\t\t\t\t\t\t\t\t\t\t\t\t<a href=\"https:\/\/lazarointernacional.com\/fr\/santoni-zenit-innotas\/\">\n\t\t\t\t\t\t\t<img loading=\"lazy\" decoding=\"async\" width=\"1113\" height=\"843\" src=\"https:\/\/lazarointernacional.com\/wp-content\/uploads\/2022\/11\/FOTO-INNOTAS.jpg\" class=\"attachment-full size-full wp-image-15661\" alt=\"\" srcset=\"https:\/\/lazarointernacional.com\/wp-content\/uploads\/2022\/11\/FOTO-INNOTAS.jpg 1113w, https:\/\/lazarointernacional.com\/wp-content\/uploads\/2022\/11\/FOTO-INNOTAS-300x227.jpg 300w, https:\/\/lazarointernacional.com\/wp-content\/uploads\/2022\/11\/FOTO-INNOTAS-1024x776.jpg 1024w, https:\/\/lazarointernacional.com\/wp-content\/uploads\/2022\/11\/FOTO-INNOTAS-768x582.jpg 768w, https:\/\/lazarointernacional.com\/wp-content\/uploads\/2022\/11\/FOTO-INNOTAS-285x216.jpg 285w, https:\/\/lazarointernacional.com\/wp-content\/uploads\/2022\/11\/FOTO-INNOTAS-660x500.jpg 660w, https:\/\/lazarointernacional.com\/wp-content\/uploads\/2022\/11\/FOTO-INNOTAS-150x114.jpg 150w\" sizes=\"(max-width: 1113px) 100vw, 1113px\" \/>\t\t\t\t\t\t\t\t<\/a>\n\t\t\t\t\t\t\t\t\t\t\t\t\t\t\t<\/div>\n\t\t\t\t<\/div>\n\t\t\t\t<div class=\"elementor-element elementor-element-0a5cb7e elementor-widget elementor-widget-text-editor\" data-id=\"0a5cb7e\" data-element_type=\"widget\" data-e-type=\"widget\" data-widget_type=\"text-editor.default\">\n\t\t\t\t<div class=\"elementor-widget-container\">\n\t\t\t\t\t\t\t\t\t<h4><a href=\"https:\/\/lazarointernacional.com\/fr\/santoni-zenit-innotas\/\"><strong><u>SANTONI ZENIT INNOTAS<\/u><\/strong><\/a><\/h4>\n<p>Technologie pour les \u00e9conomies d\u2019\u00e9nergie, d\u2019 huile et de maintenance. Nettoyage plus avanc\u00e9 sur machines circulaires de grand diam\u00e8tre&#8230;<br \/>\n<span style=\"color: #2d96c0;\"><a style=\"color: #00ccff;\" href=\"https:\/\/lazarointernacional.com\/fr\/santoni-zenit-innotas\/\">Lire plus<\/a><\/span><\/p>\n\t\t\t\t\t\t\t\t<\/div>\n\t\t\t\t<\/div>\n\t\t\t\t\t<\/div>\n\t\t<\/div>\n\t\t\t\t<div class=\"elementor-column elementor-col-50 elementor-top-column elementor-element elementor-element-98bf138\" data-id=\"98bf138\" data-element_type=\"column\" data-e-type=\"column\" data-settings=\"{&quot;background_background&quot;:&quot;classic&quot;}\">\n\t\t\t<div class=\"elementor-widget-wrap elementor-element-populated\">\n\t\t\t\t\t\t<div data-over-color=\"\" data-over=\"overlay\" class=\"elementor-element elementor-element-c85c6a3 elementor-widget elementor-widget-video\" data-id=\"c85c6a3\" data-element_type=\"widget\" data-e-type=\"widget\" data-settings=\"{&quot;youtube_url&quot;:&quot;https:\\\/\\\/youtu.be\\\/iWT8ecZfKm8&quot;,&quot;video_type&quot;:&quot;youtube&quot;,&quot;controls&quot;:&quot;yes&quot;}\" data-widget_type=\"video.default\">\n\t\t\t\t<div class=\"elementor-widget-container\">\n\t\t\t\t\t\t\t<div class=\"elementor-wrapper elementor-open-inline\">\n\t\t\t<div class=\"elementor-video\"><\/div>\t\t<\/div>\n\t\t\t\t\t\t<\/div>\n\t\t\t\t<\/div>\n\t\t\t\t<div class=\"elementor-element elementor-element-9c4a752 elementor-widget elementor-widget-text-editor\" data-id=\"9c4a752\" data-element_type=\"widget\" data-e-type=\"widget\" data-widget_type=\"text-editor.default\">\n\t\t\t\t<div class=\"elementor-widget-container\">\n\t\t\t\t\t\t\t\t\t<h4><strong><u><a href=\"https:\/\/lazarointernacional.com\/fr\/mec-mor-cmp\/\">MEC-MOR CMP<\/a><br \/>\n<\/u><\/strong><\/h4>\n<p><span style=\"color: #993300;\"><strong>OPPORTUNIT\u00c9 MACHINE OCCASION<\/strong><\/span><\/p>\n<p>Nous disposons de machines MEC-MOR modele CMP en calibre 14 \u00e0 largeur variable (syst\u00e8me variatex) pour la production de tricots et de chaussures&#8230;<br \/>\n<span style=\"color: #2d96c0;\"><a style=\"color: #00ccff;\" href=\"https:\/\/lazarointernacional.com\/fr\/mec-mor-cmp\/\">Lire plus<\/a><\/span><\/p>\n\t\t\t\t\t\t\t\t<\/div>\n\t\t\t\t<\/div>\n\t\t\t\t\t<\/div>\n\t\t<\/div>\n\t\t\t\t\t<\/div>\n\t\t<\/section>\n\t\t\t\t<section class=\"elementor-section elementor-top-section elementor-element elementor-element-5bc158b elementor-section-boxed elementor-section-height-default elementor-section-height-default\" data-id=\"5bc158b\" data-element_type=\"section\" data-e-type=\"section\">\n\t\t\t\t\t\t<div class=\"elementor-container elementor-column-gap-default\">\n\t\t\t\t\t<div class=\"elementor-column elementor-col-100 elementor-top-column elementor-element elementor-element-cae7608\" data-id=\"cae7608\" data-element_type=\"column\" data-e-type=\"column\">\n\t\t\t<div class=\"elementor-widget-wrap elementor-element-populated\">\n\t\t\t\t\t\t<div class=\"elementor-element elementor-element-e733c4e elementor-button-info elementor-align-center elementor-widget elementor-widget-button\" data-id=\"e733c4e\" data-element_type=\"widget\" data-e-type=\"widget\" data-widget_type=\"button.default\">\n\t\t\t\t<div class=\"elementor-widget-container\">\n\t\t\t\t\t\t\t\t\t<div class=\"elementor-button-wrapper\">\n\t\t\t\t\t<a class=\"elementor-button elementor-button-link elementor-size-md\" href=\"https:\/\/lazarointernacional.com\/fr\/\">\n\t\t\t\t\t\t<span class=\"elementor-button-content-wrapper\">\n\t\t\t\t\t\t<span class=\"elementor-button-icon\">\n\t\t\t\t<i aria-hidden=\"true\" class=\"fas fa-home\"><\/i>\t\t\t<\/span>\n\t\t\t\t\t\t\t\t\t<span class=\"elementor-button-text\">Retour \u00e0 l'accueil<\/span>\n\t\t\t\t\t<\/span>\n\t\t\t\t\t<\/a>\n\t\t\t\t<\/div>\n\t\t\t\t\t\t\t\t<\/div>\n\t\t\t\t<\/div>\n\t\t\t\t\t<\/div>\n\t\t<\/div>\n\t\t\t\t\t<\/div>\n\t\t<\/section>\n\t\t\t\t<\/div>\n\t\t","protected":false},"excerpt":{"rendered":"<p>LAZARO INTERNACIONAL, S.A. Nous avons du personnel sp\u00e9cialis\u00e9 pour mettre en service les machines que nous offrons. Vente&#8230;<\/p>\n","protected":false},"author":1,"featured_media":16162,"parent":0,"menu_order":0,"comment_status":"closed","ping_status":"closed","template":"elementor_header_footer","meta":{"_acf_changed":false,"footnotes":""},"class_list":["post-17234","page","type-page","status-publish","has-post-thumbnail","hentry"],"acf":[],"_links":{"self":[{"href":"https:\/\/lazarointernacional.com\/fr\/wp-json\/wp\/v2\/pages\/17234","targetHints":{"allow":["GET"]}}],"collection":[{"href":"https:\/\/lazarointernacional.com\/fr\/wp-json\/wp\/v2\/pages"}],"about":[{"href":"https:\/\/lazarointernacional.com\/fr\/wp-json\/wp\/v2\/types\/page"}],"author":[{"embeddable":true,"href":"https:\/\/lazarointernacional.com\/fr\/wp-json\/wp\/v2\/users\/1"}],"replies":[{"embeddable":true,"href":"https:\/\/lazarointernacional.com\/fr\/wp-json\/wp\/v2\/comments?post=17234"}],"version-history":[{"count":27,"href":"https:\/\/lazarointernacional.com\/fr\/wp-json\/wp\/v2\/pages\/17234\/revisions"}],"predecessor-version":[{"id":23293,"href":"https:\/\/lazarointernacional.com\/fr\/wp-json\/wp\/v2\/pages\/17234\/revisions\/23293"}],"wp:featuredmedia":[{"embeddable":true,"href":"https:\/\/lazarointernacional.com\/fr\/wp-json\/wp\/v2\/media\/16162"}],"wp:attachment":[{"href":"https:\/\/lazarointernacional.com\/fr\/wp-json\/wp\/v2\/media?parent=17234"}],"curies":[{"name":"wp","href":"https:\/\/api.w.org\/{rel}","templated":true}]}}