{"id":10705,"date":"2021-07-07T15:10:51","date_gmt":"2021-07-07T13:10:51","guid":{"rendered":"http:\/\/lazarointernacional.com\/politica-de-cookies\/"},"modified":"2021-07-14T11:21:11","modified_gmt":"2021-07-14T09:21:11","slug":"politique-de-cookies","status":"publish","type":"page","link":"https:\/\/lazarointernacional.com\/fr\/politique-de-cookies\/","title":{"rendered":"Politique de cookies"},"content":{"rendered":"\t\t<div data-elementor-type=\"wp-page\" data-elementor-id=\"10705\" class=\"elementor elementor-10705 elementor-9517\" data-elementor-post-type=\"page\">\n\t\t\t\t\t\t<section class=\"elementor-section elementor-top-section elementor-element elementor-element-be37b28 elementor-section-boxed elementor-section-height-default elementor-section-height-default\" data-id=\"be37b28\" data-element_type=\"section\" data-e-type=\"section\">\n\t\t\t\t\t\t<div class=\"elementor-container elementor-column-gap-default\">\n\t\t\t\t\t<div class=\"elementor-column elementor-col-100 elementor-top-column elementor-element elementor-element-81919fe\" data-id=\"81919fe\" data-element_type=\"column\" data-e-type=\"column\">\n\t\t\t<div class=\"elementor-widget-wrap elementor-element-populated\">\n\t\t\t\t\t\t<div class=\"elementor-element elementor-element-7aec0e8 elementor-widget elementor-widget-text-editor\" data-id=\"7aec0e8\" data-element_type=\"widget\" data-e-type=\"widget\" data-widget_type=\"text-editor.default\">\n\t\t\t\t<div class=\"elementor-widget-container\">\n\t\t\t\t\t\t\t\t\t<h3>Politique de cookies<\/h3>\n<p><strong>L\u00c1ZARO INTERNACIONAL S.A.<\/strong>, \u00c0 travers ce document, il recueille sa politique de collecte et de traitement des cookies, conform\u00e9ment aux dispositions de l&#8217;article 22.2 de la loi 34\/2002 du 11 juillet sur les services de la soci\u00e9t\u00e9 de l&#8217;information et du commerce \u00e9lectronique (LSSI -CE).<\/p>\n<p>Des cookies sont stock\u00e9s sur l&#8217;\u00e9quipement terminal de l&#8217;utilisateur (ordinateur ou appareil mobile) et collectent des informations lors de la visite du site www.lazarointernacional.com, afin d&#8217;am\u00e9liorer sa convivialit\u00e9, de conna\u00eetre les habitudes de navigation ou les besoins des utilisateurs. eux, ainsi que d&#8217;obtenir des informations \u00e0 des fins statistiques. Dans le cas des utilisateurs d\u00e9j\u00e0 clients de L\u00c1ZARO INTERNACIONAL S.A., les informations collect\u00e9es avec les cookies serviront \u00e9galement \u00e0 les identifier lors de l&#8217;acc\u00e8s aux diff\u00e9rents outils que L\u00c1ZARO INTERNACIONAL S.A. met \u00e0 votre disposition pour la gestion des services.<\/p>\n<p>Cette politique de cookies sera applicable aux utilisateurs qui visitent volontairement les pages Web de L\u00c1ZARO INTERNACIONAL S.A., remplissent des formulaires de collecte de donn\u00e9es, acc\u00e8dent aux outils que L\u00c1ZARO INTERNACIONAL S.A. met \u00e0 la disposition de ses clients pour g\u00e9rer leurs services, ou utiliser tout autre service pr\u00e9sent sur le site Web qui implique la communication de donn\u00e9es \u00e0 L\u00c1ZARO INTERNACIONAL S.A., ou l&#8217;acc\u00e8s aux donn\u00e9es par L\u00c1ZARO INTERNACIONAL S.A. pour la prestation de leurs services.<\/p>\n<p>L\u00c1ZARO INTERNACIONAL S.A. informe les utilisateurs de ses pages Web de l&#8217;existence de cookies et met \u00e0 leur disposition la pr\u00e9sente Politique afin de les informer de leur utilisation et de leur finalit\u00e9. Le fait de continuer \u00e0 parcourir ses pages implique la connaissance et l&#8217;acceptation de cette Politique par ces utilisateurs.<\/p>\n<p>L\u00c1ZARO INTERNACIONAL S.A. utilise les types de cookies suivants :<\/p>\n<p><strong>Class\u00e9 selon la propri\u00e9t\u00e9:<\/strong><br \/>\n<strong>*Cookies propres<\/strong>: envoy\u00e9 et g\u00e9r\u00e9 directement par L\u00c1ZARO INTERNACIONAL S.A.<br \/>\n<strong>*Cookies tiers<\/strong>: envoy\u00e9 et g\u00e9r\u00e9 par un tiers ext\u00e9rieur \u00e0 L\u00c1ZARO INTERNACIONAL S.A., de mani\u00e8re anonyme, afin de r\u00e9aliser des \u00e9tudes statistiques de navigation \u00e0 travers les pages Web de L\u00c1ZARO INTERNACIONAL S.A.<\/p>\n<p><strong>Class\u00e9s selon leur destination:<\/strong><\/p>\n<p><strong>*Cookies techniques et\/ou de personnalisation:<\/strong> Ils facilitent la navigation en identifiant la session, en permettant l&#8217;acc\u00e8s \u00e0 des outils \u00e0 acc\u00e8s restreint, ainsi qu&#8217;en personnalisant les options disponibles. Ils permettent de fournir le service pr\u00e9alablement demand\u00e9 par l&#8217;utilisateur.<\/p>\n<p><strong>*Cookies d&#8217;analyse et\/ou publicitaires:<\/strong> Ils permettent de conna\u00eetre le nombre de visites re\u00e7ues dans les diff\u00e9rentes sections des pages Web, les habitudes et les tendances de ses utilisateurs et, par cons\u00e9quent, de pouvoir am\u00e9liorer la navigation et le service offert par L\u00c1ZARO INTERNACIONAL S.A. (fondamentalement, Google Analytics *), ainsi que la gestion des espaces publicitaires inclus dans la page Web visit\u00e9e par l&#8217;utilisateur. Il collecte des donn\u00e9es de mani\u00e8re anonyme afin d&#8217;obtenir les profils de navigation des utilisateurs.<\/p>\n<p><strong>Class\u00e9s selon leur dur\u00e9e:<\/strong><\/p>\n<p><strong>*Cookies de session:<\/strong> collecter et stocker des donn\u00e9es pendant que l&#8217;utilisateur acc\u00e8de au site Web.<br \/>\n<strong>*Cookies persistants:<\/strong> collecter et conserver les donn\u00e9es dans le terminal de l&#8217;utilisateur pendant une dur\u00e9e variable selon la finalit\u00e9 pour laquelle elles ont \u00e9t\u00e9 utilis\u00e9es.<\/p>\n<p>La dur\u00e9e de conservation des cookies d\u00e9pendra du type en question et sera toujours le minimum n\u00e9cessaire pour remplir leur finalit\u00e9.<\/p>\n<p>Dans tous les cas, l&#8217;utilisateur peut configurer son navigateur de mani\u00e8re \u00e0 ce que la r\u00e9ception de tout ou partie des cookies soit d\u00e9sactiv\u00e9e ou bloqu\u00e9e. Le fait de ne pas souhaiter recevoir ces cookies ne constitue pas un obstacle \u00e0 l&#8217;acc\u00e8s aux informations sur les sites Internet de L\u00c1ZARO INTERNACIONAL S.A. m\u00eame si l&#8217;utilisation de certains services peut \u00eatre limit\u00e9e. Si une fois que le consentement \u00e0 la r\u00e9ception de cookies a \u00e9t\u00e9 accord\u00e9, il est souhait\u00e9 de le retirer, les cookies stock\u00e9s sur l&#8217;ordinateur de l&#8217;utilisateur devront \u00eatre \u00e9limin\u00e9s, via les options des diff\u00e9rents navigateurs.<\/p>\n<p>        <div class=\"ct-ultimate-gdpr-container\">\n            <label for=\"ct-ultimate-gdpr-party-filter\"> First or Third Party Filter<\/label>\n            <select name=\"ct-ultimate-gdpr-party-filter\" id=\"ct-ultimate-gdpr-party-filter\">\n                <option value=\"\">Any<\/option>\n                <option value=\"1ere Partie\">1ere Partie<\/option>\n                <option value=\"Tierce partie\">Tierce partie<\/option>\n            <\/select>\n        <\/div>\n        <div id=\"ct-ultimate-gdpr-cookies-table\" class=\"ct-ultimate-gdpr-table-responsive table-responsive\">\n            <table>\n                <thead>\n                    <tr>\n                        <th>\n                            Noms des cookies                        <\/th>\n                        <th>\n                            Type de cookie                        <\/th>\n                        <th>\n                            Premi\u00e8re ou Tierce partie                        <\/th>\n                        <th>\n                            Peut \u00eatre bloqu\u00e9e                        <\/th>\n                        <th>\n                            Session ou persistante                        <\/th>\n                        <th>\n                            Dur\u00e9e d&#039;expiration                        <\/th>\n                        <th>\n                            Objet                        <\/th>\n                    <\/tr>\n                <\/thead>\n                <tbody><\/tbody>\n            <\/table>\n        <\/div>\n\t\t<\/p>\n<p>La mani\u00e8re de configurer les diff\u00e9rents navigateurs pour exercer les actions indiqu\u00e9es dans les paragraphes pr\u00e9c\u00e9dents peut \u00eatre consult\u00e9e \u00e0 l&#8217;adresse :<\/p>\n<p>Explorer: <a href=\"https:\/\/support.microsoft.com\/es-es\/help\/17479\/windows-internet-explorer-11-change-security-privacy-settings\" target=\"_blank\" rel=\"noopener noreferrer\">https:\/\/support.microsoft.com\/es-es\/help\/17479\/windows-internet-explorer-11-change-security-privacy-settings<\/a><br \/>\nChrome: <a href=\"https:\/\/support.google.com\/chrome\/answer\/95647?hl=es\" target=\"_blank\" rel=\"noopener noreferrer\">https:\/\/support.google.com\/chrome\/answer\/95647?hl=es<\/a><br \/>\nFirefox: <a href=\"http:\/\/support.mozilla.org\/es\/kb\/cookies-informacion-que-los-sitios-web-guardan-en-?redirectlocale=en-US&amp;redirectslug=Cookies\" target=\"_blank\" rel=\"noopener noreferrer\">http:\/\/support.mozilla.org\/es\/kb\/cookies-informacion-que-los-sitios-web-guardan-en-?redirectlocale=en-US&amp;redirectslug=Cookies<\/a><br \/>\nSafari: <a href=\"https:\/\/support.apple.com\/kb\/ph21411?locale=es_ES\" target=\"_blank\" rel=\"noopener noreferrer\">https:\/\/support.apple.com\/kb\/ph21411?locale=es_ES<\/a><\/p>\n\t\t\t\t\t\t\t\t<\/div>\n\t\t\t\t<\/div>\n\t\t\t\t\t<\/div>\n\t\t<\/div>\n\t\t\t\t\t<\/div>\n\t\t<\/section>\n\t\t\t\t<\/div>\n\t\t","protected":false},"excerpt":{"rendered":"<p>Politique de cookies L\u00c1ZARO INTERNACIONAL S.A., \u00c0 travers ce document, il recueille sa politique de collecte et de&#8230;<\/p>\n","protected":false},"author":1,"featured_media":0,"parent":0,"menu_order":0,"comment_status":"closed","ping_status":"closed","template":"elementor_header_footer","meta":{"_acf_changed":false,"footnotes":""},"class_list":["post-10705","page","type-page","status-publish","hentry"],"acf":[],"_links":{"self":[{"href":"https:\/\/lazarointernacional.com\/fr\/wp-json\/wp\/v2\/pages\/10705","targetHints":{"allow":["GET"]}}],"collection":[{"href":"https:\/\/lazarointernacional.com\/fr\/wp-json\/wp\/v2\/pages"}],"about":[{"href":"https:\/\/lazarointernacional.com\/fr\/wp-json\/wp\/v2\/types\/page"}],"author":[{"embeddable":true,"href":"https:\/\/lazarointernacional.com\/fr\/wp-json\/wp\/v2\/users\/1"}],"replies":[{"embeddable":true,"href":"https:\/\/lazarointernacional.com\/fr\/wp-json\/wp\/v2\/comments?post=10705"}],"version-history":[{"count":0,"href":"https:\/\/lazarointernacional.com\/fr\/wp-json\/wp\/v2\/pages\/10705\/revisions"}],"wp:attachment":[{"href":"https:\/\/lazarointernacional.com\/fr\/wp-json\/wp\/v2\/media?parent=10705"}],"curies":[{"name":"wp","href":"https:\/\/api.w.org\/{rel}","templated":true}]}}